{"id":100,"date":"2025-06-15T15:54:37","date_gmt":"2025-06-15T13:54:37","guid":{"rendered":"http:\/\/wp2.iesagora.es:60011\/sephora\/?post_type=product&#038;p=100"},"modified":"2025-06-15T16:00:56","modified_gmt":"2025-06-15T14:00:56","slug":"demi-glow-light-highlighter-difusor","status":"publish","type":"product","link":"http:\/\/wp2.iesagora.es:60011\/sephora\/producto\/demi-glow-light-highlighter-difusor\/","title":{"rendered":"Demi&#8217; Glow Light &#8211; Highlighter difusor"},"content":{"rendered":"<p>Un iluminador basado en los tonos de la piel, con un tacto suave y sedoso, infundido con perlas superfinas.<br \/>\nDise\u00f1ado para adaptarse a todos los tonos de piel y conseguir una luminosidad sutil.<\/p>\n<p>Esta f\u00f3rmula de edici\u00f3n limitada, ligera y de larga duraci\u00f3n, ofrece un acabado radiante y natural. Su textura suave y sin grumos se funde con la piel sin alterar el maquillaje. Mejora el aspecto de las l\u00edneas de expresi\u00f3n y resiste el sudor y la humedad.<br \/>\nLas perlas superfinas son delicadas y deben manipularse con cuidado.<\/p>\n<p>Consejos de utilizaci\u00f3n:<\/p>\n<ul>\n<li>Aplica en la parte superior de las mejillas, la nariz y el arco de Cupido.<\/li>\n<\/ul>\n<ul>\n<li>Para una luminosidad natural y uniforme, difum\u00ednalo con la brocha Highlighter Pr\u00e9cision 135<\/li>\n<\/ul>\n<p>Ingredientes:\u00a0 SYNTHETIC FLUORPHLOGOPITE, DIMETHICONE, DIMETHICONE\/VINYL DIMETHICONE CROSSPOLYMER, OCTYLDODECYL STEAROYL STEARATE, TAPIOCA STARCH, OCTYLDODECANOL, BORON NITRIDE, DIISOSTEARYL MALATE, SILICA, CAPRYLYL GLYCOL, 1,2-HEXANEDIOL, CAPRYLIC\/CAPRIC TRIGLYCERIDE, TIN OXIDE, DEHYDROACETIC ACID, MICA, POLYMETHYLSILSESQUIOXANE, LAVANDULA STOECHAS EXTRACT, IRON OXIDES (CI 77491, CI 77492, CI 77499), TITANIUM DIOXIDE (CI 77891).<\/p>\n","protected":false},"excerpt":{"rendered":"<div class=\"ui-dialog ui-corner-all ui-widget ui-widget-content ui-front product-infos-modal-popup\" role=\"dialog\" aria-describedby=\"product-description-dialog-container\" aria-labelledby=\"ui-id-1\">\n<div id=\"product-description-dialog-container\" class=\"dialog-content ui-dialog-content ui-widget-content\">\n<div id=\"product-infos-content\" class=\"infos-block\">\n<div class=\"pdp-description selected-body-content\">\n<div class=\"description-content product-description-box\">\n<div class=\"description-ellipsis-wrapper\">Un iluminador basado en los tonos de la piel, con un tacto suave y sedoso, infundido con perlas superfinas.<br \/>\nDise\u00f1ado para adaptarse a todos los tonos de piel y conseguir una luminosidad sutil.Esta f\u00f3rmula de edici\u00f3n limitada, ligera y de larga duraci\u00f3n, ofrece un acabado radiante y natural. Su textura suave y sin grumos se funde con la piel sin alterar el maquillaje. Mejora el aspecto de las l\u00edneas de expresi\u00f3n y resiste el sudor y la humedad.<br \/>\nLas perlas superfinas son delicadas y deben manipularse con cuidado.<\/p>\n<\/div>\n<\/div>\n<\/div>\n<\/div>\n<\/div>\n<\/div>\n","protected":false},"featured_media":102,"comment_status":"open","ping_status":"closed","template":"","meta":{"_uag_custom_page_level_css":"","site-sidebar-layout":"default","site-content-layout":"","ast-site-content-layout":"default","site-content-style":"default","site-sidebar-style":"default","ast-global-header-display":"","ast-banner-title-visibility":"","ast-main-header-display":"","ast-hfb-above-header-display":"","ast-hfb-below-header-display":"","ast-hfb-mobile-header-display":"","site-post-title":"","ast-breadcrumbs-content":"","ast-featured-img":"","footer-sml-layout":"","theme-transparent-header-meta":"default","adv-header-id-meta":"","stick-header-meta":"","header-above-stick-meta":"","header-main-stick-meta":"","header-below-stick-meta":"","astra-migrate-meta-layouts":"set","ast-page-background-enabled":"default","ast-page-background-meta":{"desktop":{"background-color":"var(--ast-global-color-5)","background-image":"","background-repeat":"repeat","background-position":"center center","background-size":"auto","background-attachment":"scroll","background-type":"","background-media":"","overlay-type":"","overlay-color":"","overlay-opacity":"","overlay-gradient":""},"tablet":{"background-color":"","background-image":"","background-repeat":"repeat","background-position":"center center","background-size":"auto","background-attachment":"scroll","background-type":"","background-media":"","overlay-type":"","overlay-color":"","overlay-opacity":"","overlay-gradient":""},"mobile":{"background-color":"","background-image":"","background-repeat":"repeat","background-position":"center center","background-size":"auto","background-attachment":"scroll","background-type":"","background-media":"","overlay-type":"","overlay-color":"","overlay-opacity":"","overlay-gradient":""}},"ast-content-background-meta":{"desktop":{"background-color":"var(--ast-global-color-4)","background-image":"","background-repeat":"repeat","background-position":"center center","background-size":"auto","background-attachment":"scroll","background-type":"","background-media":"","overlay-type":"","overlay-color":"","overlay-opacity":"","overlay-gradient":""},"tablet":{"background-color":"var(--ast-global-color-4)","background-image":"","background-repeat":"repeat","background-position":"center center","background-size":"auto","background-attachment":"scroll","background-type":"","background-media":"","overlay-type":"","overlay-color":"","overlay-opacity":"","overlay-gradient":""},"mobile":{"background-color":"var(--ast-global-color-4)","background-image":"","background-repeat":"repeat","background-position":"center center","background-size":"auto","background-attachment":"scroll","background-type":"","background-media":"","overlay-type":"","overlay-color":"","overlay-opacity":"","overlay-gradient":""}}},"product_brand":[],"product_cat":[31],"product_tag":[],"class_list":{"0":"post-100","1":"product","2":"type-product","3":"status-publish","4":"has-post-thumbnail","6":"product_cat-maquillaje","7":"desktop-align-left","8":"tablet-align-left","9":"mobile-align-left","11":"first","12":"instock","13":"taxable","14":"shipping-taxable","15":"product-type-variable"},"yoast_head":"<!-- This site is optimized with the Yoast SEO plugin v26.8 - https:\/\/yoast.com\/product\/yoast-seo-wordpress\/ -->\n<title>Demi&#039; Glow Light - Highlighter difusor - Sephora<\/title>\n<meta name=\"robots\" content=\"index, follow, max-snippet:-1, max-image-preview:large, max-video-preview:-1\" \/>\n<link rel=\"canonical\" href=\"http:\/\/wp2.iesagora.es:60011\/sephora\/producto\/demi-glow-light-highlighter-difusor\/\" \/>\n<meta property=\"og:locale\" content=\"es_ES\" \/>\n<meta property=\"og:type\" content=\"article\" \/>\n<meta property=\"og:title\" content=\"Demi&#039; Glow Light - Highlighter difusor - Sephora\" \/>\n<meta property=\"og:description\" content=\"Un iluminador basado en los tonos de la piel, con un tacto suave y sedoso, infundido con perlas superfinas. Dise\u00f1ado para adaptarse a todos los tonos de piel y conseguir una luminosidad sutil.Esta f\u00f3rmula de edici\u00f3n limitada, ligera y de larga duraci\u00f3n, ofrece un acabado radiante y natural. Su textura suave y sin grumos se funde con la piel sin alterar el maquillaje. Mejora el aspecto de las l\u00edneas de expresi\u00f3n y resiste el sudor y la humedad. Las perlas superfinas son delicadas y deben manipularse con cuidado.\" \/>\n<meta property=\"og:url\" content=\"http:\/\/wp2.iesagora.es:60011\/sephora\/producto\/demi-glow-light-highlighter-difusor\/\" \/>\n<meta property=\"og:site_name\" content=\"Sephora\" \/>\n<meta property=\"article:modified_time\" content=\"2025-06-15T14:00:56+00:00\" \/>\n<meta name=\"twitter:card\" content=\"summary_large_image\" \/>\n<meta name=\"twitter:label1\" content=\"Tiempo de lectura\" \/>\n\t<meta name=\"twitter:data1\" content=\"1 minuto\" \/>\n<script type=\"application\/ld+json\" class=\"yoast-schema-graph\">{\"@context\":\"https:\/\/schema.org\",\"@graph\":[{\"@type\":\"WebPage\",\"@id\":\"http:\/\/wp2.iesagora.es:60011\/sephora\/producto\/demi-glow-light-highlighter-difusor\/\",\"url\":\"http:\/\/wp2.iesagora.es:60011\/sephora\/producto\/demi-glow-light-highlighter-difusor\/\",\"name\":\"Demi' Glow Light - Highlighter difusor - Sephora\",\"isPartOf\":{\"@id\":\"http:\/\/wp2.iesagora.es:60011\/sephora\/#website\"},\"primaryImageOfPage\":{\"@id\":\"http:\/\/wp2.iesagora.es:60011\/sephora\/producto\/demi-glow-light-highlighter-difusor\/#primaryimage\"},\"image\":{\"@id\":\"http:\/\/wp2.iesagora.es:60011\/sephora\/producto\/demi-glow-light-highlighter-difusor\/#primaryimage\"},\"thumbnailUrl\":\"http:\/\/wp2.iesagora.es:60011\/sephora\/wp-content\/uploads\/sites\/140\/2025\/06\/330094-media_swatch.avif\",\"datePublished\":\"2025-06-15T13:54:37+00:00\",\"dateModified\":\"2025-06-15T14:00:56+00:00\",\"breadcrumb\":{\"@id\":\"http:\/\/wp2.iesagora.es:60011\/sephora\/producto\/demi-glow-light-highlighter-difusor\/#breadcrumb\"},\"inLanguage\":\"es\",\"potentialAction\":[{\"@type\":\"ReadAction\",\"target\":[\"http:\/\/wp2.iesagora.es:60011\/sephora\/producto\/demi-glow-light-highlighter-difusor\/\"]}]},{\"@type\":\"ImageObject\",\"inLanguage\":\"es\",\"@id\":\"http:\/\/wp2.iesagora.es:60011\/sephora\/producto\/demi-glow-light-highlighter-difusor\/#primaryimage\",\"url\":\"http:\/\/wp2.iesagora.es:60011\/sephora\/wp-content\/uploads\/sites\/140\/2025\/06\/330094-media_swatch.avif\",\"contentUrl\":\"http:\/\/wp2.iesagora.es:60011\/sephora\/wp-content\/uploads\/sites\/140\/2025\/06\/330094-media_swatch.avif\",\"width\":585,\"height\":585},{\"@type\":\"BreadcrumbList\",\"@id\":\"http:\/\/wp2.iesagora.es:60011\/sephora\/producto\/demi-glow-light-highlighter-difusor\/#breadcrumb\",\"itemListElement\":[{\"@type\":\"ListItem\",\"position\":1,\"name\":\"Portada\",\"item\":\"http:\/\/wp2.iesagora.es:60011\/sephora\/\"},{\"@type\":\"ListItem\",\"position\":2,\"name\":\"Tienda\",\"item\":\"http:\/\/wp2.iesagora.es:60011\/sephora\/tienda\/\"},{\"@type\":\"ListItem\",\"position\":3,\"name\":\"Demi&#8217; Glow Light &#8211; Highlighter difusor\"}]},{\"@type\":\"WebSite\",\"@id\":\"http:\/\/wp2.iesagora.es:60011\/sephora\/#website\",\"url\":\"http:\/\/wp2.iesagora.es:60011\/sephora\/\",\"name\":\"Sephora\",\"description\":\"\",\"potentialAction\":[{\"@type\":\"SearchAction\",\"target\":{\"@type\":\"EntryPoint\",\"urlTemplate\":\"http:\/\/wp2.iesagora.es:60011\/sephora\/?s={search_term_string}\"},\"query-input\":{\"@type\":\"PropertyValueSpecification\",\"valueRequired\":true,\"valueName\":\"search_term_string\"}}],\"inLanguage\":\"es\"}]}<\/script>\n<!-- \/ Yoast SEO plugin. -->","yoast_head_json":{"title":"Demi' Glow Light - Highlighter difusor - Sephora","robots":{"index":"index","follow":"follow","max-snippet":"max-snippet:-1","max-image-preview":"max-image-preview:large","max-video-preview":"max-video-preview:-1"},"canonical":"http:\/\/wp2.iesagora.es:60011\/sephora\/producto\/demi-glow-light-highlighter-difusor\/","og_locale":"es_ES","og_type":"article","og_title":"Demi' Glow Light - Highlighter difusor - Sephora","og_description":"Un iluminador basado en los tonos de la piel, con un tacto suave y sedoso, infundido con perlas superfinas. Dise\u00f1ado para adaptarse a todos los tonos de piel y conseguir una luminosidad sutil.Esta f\u00f3rmula de edici\u00f3n limitada, ligera y de larga duraci\u00f3n, ofrece un acabado radiante y natural. Su textura suave y sin grumos se funde con la piel sin alterar el maquillaje. Mejora el aspecto de las l\u00edneas de expresi\u00f3n y resiste el sudor y la humedad. Las perlas superfinas son delicadas y deben manipularse con cuidado.","og_url":"http:\/\/wp2.iesagora.es:60011\/sephora\/producto\/demi-glow-light-highlighter-difusor\/","og_site_name":"Sephora","article_modified_time":"2025-06-15T14:00:56+00:00","twitter_card":"summary_large_image","twitter_misc":{"Tiempo de lectura":"1 minuto"},"schema":{"@context":"https:\/\/schema.org","@graph":[{"@type":"WebPage","@id":"http:\/\/wp2.iesagora.es:60011\/sephora\/producto\/demi-glow-light-highlighter-difusor\/","url":"http:\/\/wp2.iesagora.es:60011\/sephora\/producto\/demi-glow-light-highlighter-difusor\/","name":"Demi' Glow Light - Highlighter difusor - Sephora","isPartOf":{"@id":"http:\/\/wp2.iesagora.es:60011\/sephora\/#website"},"primaryImageOfPage":{"@id":"http:\/\/wp2.iesagora.es:60011\/sephora\/producto\/demi-glow-light-highlighter-difusor\/#primaryimage"},"image":{"@id":"http:\/\/wp2.iesagora.es:60011\/sephora\/producto\/demi-glow-light-highlighter-difusor\/#primaryimage"},"thumbnailUrl":"http:\/\/wp2.iesagora.es:60011\/sephora\/wp-content\/uploads\/sites\/140\/2025\/06\/330094-media_swatch.avif","datePublished":"2025-06-15T13:54:37+00:00","dateModified":"2025-06-15T14:00:56+00:00","breadcrumb":{"@id":"http:\/\/wp2.iesagora.es:60011\/sephora\/producto\/demi-glow-light-highlighter-difusor\/#breadcrumb"},"inLanguage":"es","potentialAction":[{"@type":"ReadAction","target":["http:\/\/wp2.iesagora.es:60011\/sephora\/producto\/demi-glow-light-highlighter-difusor\/"]}]},{"@type":"ImageObject","inLanguage":"es","@id":"http:\/\/wp2.iesagora.es:60011\/sephora\/producto\/demi-glow-light-highlighter-difusor\/#primaryimage","url":"http:\/\/wp2.iesagora.es:60011\/sephora\/wp-content\/uploads\/sites\/140\/2025\/06\/330094-media_swatch.avif","contentUrl":"http:\/\/wp2.iesagora.es:60011\/sephora\/wp-content\/uploads\/sites\/140\/2025\/06\/330094-media_swatch.avif","width":585,"height":585},{"@type":"BreadcrumbList","@id":"http:\/\/wp2.iesagora.es:60011\/sephora\/producto\/demi-glow-light-highlighter-difusor\/#breadcrumb","itemListElement":[{"@type":"ListItem","position":1,"name":"Portada","item":"http:\/\/wp2.iesagora.es:60011\/sephora\/"},{"@type":"ListItem","position":2,"name":"Tienda","item":"http:\/\/wp2.iesagora.es:60011\/sephora\/tienda\/"},{"@type":"ListItem","position":3,"name":"Demi&#8217; Glow Light &#8211; Highlighter difusor"}]},{"@type":"WebSite","@id":"http:\/\/wp2.iesagora.es:60011\/sephora\/#website","url":"http:\/\/wp2.iesagora.es:60011\/sephora\/","name":"Sephora","description":"","potentialAction":[{"@type":"SearchAction","target":{"@type":"EntryPoint","urlTemplate":"http:\/\/wp2.iesagora.es:60011\/sephora\/?s={search_term_string}"},"query-input":{"@type":"PropertyValueSpecification","valueRequired":true,"valueName":"search_term_string"}}],"inLanguage":"es"}]}},"uagb_featured_image_src":{"full":["http:\/\/wp2.iesagora.es:60011\/sephora\/wp-content\/uploads\/sites\/140\/2025\/06\/330094-media_swatch.avif",585,585,false],"thumbnail":["http:\/\/wp2.iesagora.es:60011\/sephora\/wp-content\/uploads\/sites\/140\/2025\/06\/330094-media_swatch-150x150.jpg",150,150,true],"medium":["http:\/\/wp2.iesagora.es:60011\/sephora\/wp-content\/uploads\/sites\/140\/2025\/06\/330094-media_swatch.avif",585,585,false],"medium_large":["http:\/\/wp2.iesagora.es:60011\/sephora\/wp-content\/uploads\/sites\/140\/2025\/06\/330094-media_swatch.avif",585,585,false],"large":["http:\/\/wp2.iesagora.es:60011\/sephora\/wp-content\/uploads\/sites\/140\/2025\/06\/330094-media_swatch.avif",585,585,false],"1536x1536":["http:\/\/wp2.iesagora.es:60011\/sephora\/wp-content\/uploads\/sites\/140\/2025\/06\/330094-media_swatch.avif",585,585,false],"2048x2048":["http:\/\/wp2.iesagora.es:60011\/sephora\/wp-content\/uploads\/sites\/140\/2025\/06\/330094-media_swatch.avif",585,585,false],"woocommerce_thumbnail":["http:\/\/wp2.iesagora.es:60011\/sephora\/wp-content\/uploads\/sites\/140\/2025\/06\/330094-media_swatch-300x300.jpg",300,300,true],"woocommerce_single":["http:\/\/wp2.iesagora.es:60011\/sephora\/wp-content\/uploads\/sites\/140\/2025\/06\/330094-media_swatch.avif",585,585,false],"woocommerce_gallery_thumbnail":["http:\/\/wp2.iesagora.es:60011\/sephora\/wp-content\/uploads\/sites\/140\/2025\/06\/330094-media_swatch-100x100.jpg",100,100,true]},"uagb_author_info":{"display_name":"mfernandezc80","author_link":"http:\/\/wp2.iesagora.es:60011\/sephora\/author\/"},"uagb_comment_info":0,"uagb_excerpt":"Un iluminador basado en los tonos de la piel, con un tacto suave y sedoso, infundido con perlas superfinas. Dise\u00f1ado para adaptarse a todos los tonos de piel y conseguir una luminosidad sutil.Esta f\u00f3rmula de edici\u00f3n limitada, ligera y de larga duraci\u00f3n, ofrece un acabado radiante y natural. Su textura suave y sin grumos se&hellip;","_links":{"self":[{"href":"http:\/\/wp2.iesagora.es:60011\/sephora\/wp-json\/wp\/v2\/product\/100","targetHints":{"allow":["GET"]}}],"collection":[{"href":"http:\/\/wp2.iesagora.es:60011\/sephora\/wp-json\/wp\/v2\/product"}],"about":[{"href":"http:\/\/wp2.iesagora.es:60011\/sephora\/wp-json\/wp\/v2\/types\/product"}],"replies":[{"embeddable":true,"href":"http:\/\/wp2.iesagora.es:60011\/sephora\/wp-json\/wp\/v2\/comments?post=100"}],"version-history":[{"count":5,"href":"http:\/\/wp2.iesagora.es:60011\/sephora\/wp-json\/wp\/v2\/product\/100\/revisions"}],"predecessor-version":[{"id":112,"href":"http:\/\/wp2.iesagora.es:60011\/sephora\/wp-json\/wp\/v2\/product\/100\/revisions\/112"}],"wp:featuredmedia":[{"embeddable":true,"href":"http:\/\/wp2.iesagora.es:60011\/sephora\/wp-json\/wp\/v2\/media\/102"}],"wp:attachment":[{"href":"http:\/\/wp2.iesagora.es:60011\/sephora\/wp-json\/wp\/v2\/media?parent=100"}],"wp:term":[{"taxonomy":"product_brand","embeddable":true,"href":"http:\/\/wp2.iesagora.es:60011\/sephora\/wp-json\/wp\/v2\/product_brand?post=100"},{"taxonomy":"product_cat","embeddable":true,"href":"http:\/\/wp2.iesagora.es:60011\/sephora\/wp-json\/wp\/v2\/product_cat?post=100"},{"taxonomy":"product_tag","embeddable":true,"href":"http:\/\/wp2.iesagora.es:60011\/sephora\/wp-json\/wp\/v2\/product_tag?post=100"}],"curies":[{"name":"wp","href":"https:\/\/api.w.org\/{rel}","templated":true}]}}