{"id":184,"date":"2025-06-20T13:40:50","date_gmt":"2025-06-20T11:40:50","guid":{"rendered":"http:\/\/wp2.iesagora.es:60011\/sephora\/?page_id=184"},"modified":"2025-06-24T21:25:10","modified_gmt":"2025-06-24T19:25:10","slug":"blog","status":"publish","type":"page","link":"http:\/\/wp2.iesagora.es:60011\/sephora\/blog\/","title":{"rendered":"Blog"},"content":{"rendered":"\t\t<div data-elementor-type=\"wp-page\" data-elementor-id=\"184\" class=\"elementor elementor-184\" data-elementor-post-type=\"page\">\n\t\t\t\t<div class=\"elementor-element elementor-element-06e5eb3 e-con-full e-flex e-con e-parent\" data-id=\"06e5eb3\" data-element_type=\"container\">\n\t\t\t\t<div class=\"elementor-element elementor-element-ac30477 elementor-widget elementor-widget-image\" data-id=\"ac30477\" data-element_type=\"widget\" data-widget_type=\"image.default\">\n\t\t\t\t\t\t\t\t\t\t\t\t\t\t\t<img fetchpriority=\"high\" decoding=\"async\" width=\"1200\" height=\"293\" src=\"http:\/\/wp2.iesagora.es:60011\/sephora\/wp-content\/uploads\/sites\/140\/2025\/06\/Screenshot-2025-06-20-13.39.38.png\" class=\"attachment-large size-large wp-image-186\" alt=\"\" srcset=\"http:\/\/wp2.iesagora.es:60011\/sephora\/wp-content\/uploads\/sites\/140\/2025\/06\/Screenshot-2025-06-20-13.39.38.png 1292w, http:\/\/wp2.iesagora.es:60011\/sephora\/wp-content\/uploads\/sites\/140\/2025\/06\/Screenshot-2025-06-20-13.39.38-768x187.png 768w, http:\/\/wp2.iesagora.es:60011\/sephora\/wp-content\/uploads\/sites\/140\/2025\/06\/Screenshot-2025-06-20-13.39.38-600x146.png 600w\" sizes=\"(max-width: 1200px) 100vw, 1200px\" \/>\t\t\t\t\t\t\t\t\t\t\t\t\t\t\t<\/div>\n\t\t\t\t<\/div>\n\t\t<div class=\"elementor-element elementor-element-94d558d e-flex e-con-boxed e-con e-parent\" data-id=\"94d558d\" data-element_type=\"container\">\n\t\t\t\t\t<div class=\"e-con-inner\">\n\t\t<div class=\"elementor-element elementor-element-f87360d e-con-full e-flex e-con e-child\" data-id=\"f87360d\" data-element_type=\"container\">\n\t\t\t\t<div class=\"elementor-element elementor-element-885d32f elementor-widget elementor-widget-button\" data-id=\"885d32f\" data-element_type=\"widget\" data-widget_type=\"button.default\">\n\t\t\t\t\t\t\t\t\t\t<a class=\"elementor-button elementor-button-link elementor-size-sm\" href=\"#\">\n\t\t\t\t\t\t<span class=\"elementor-button-content-wrapper\">\n\t\t\t\t\t\t\t\t\t<span class=\"elementor-button-text\">Maquillaje<\/span>\n\t\t\t\t\t<\/span>\n\t\t\t\t\t<\/a>\n\t\t\t\t\t\t\t\t<\/div>\n\t\t\t\t<\/div>\n\t\t<div class=\"elementor-element elementor-element-7bf1c62 e-con-full e-flex e-con e-child\" data-id=\"7bf1c62\" data-element_type=\"container\">\n\t\t\t\t<div class=\"elementor-element elementor-element-450ae33 elementor-widget elementor-widget-button\" data-id=\"450ae33\" data-element_type=\"widget\" data-widget_type=\"button.default\">\n\t\t\t\t\t\t\t\t\t\t<a class=\"elementor-button elementor-button-link elementor-size-sm\" href=\"#\">\n\t\t\t\t\t\t<span class=\"elementor-button-content-wrapper\">\n\t\t\t\t\t\t\t\t\t<span class=\"elementor-button-text\">Tratamiento<\/span>\n\t\t\t\t\t<\/span>\n\t\t\t\t\t<\/a>\n\t\t\t\t\t\t\t\t<\/div>\n\t\t\t\t<\/div>\n\t\t<div class=\"elementor-element elementor-element-aa09985 e-con-full e-flex e-con e-child\" data-id=\"aa09985\" data-element_type=\"container\">\n\t\t\t\t<div class=\"elementor-element elementor-element-b4b9591 elementor-widget elementor-widget-button\" data-id=\"b4b9591\" data-element_type=\"widget\" data-widget_type=\"button.default\">\n\t\t\t\t\t\t\t\t\t\t<a class=\"elementor-button elementor-button-link elementor-size-sm\" href=\"#\">\n\t\t\t\t\t\t<span class=\"elementor-button-content-wrapper\">\n\t\t\t\t\t\t\t\t\t<span class=\"elementor-button-text\">Perfume<\/span>\n\t\t\t\t\t<\/span>\n\t\t\t\t\t<\/a>\n\t\t\t\t\t\t\t\t<\/div>\n\t\t\t\t<\/div>\n\t\t<div class=\"elementor-element elementor-element-ff80985 e-con-full e-flex e-con e-child\" data-id=\"ff80985\" data-element_type=\"container\">\n\t\t\t\t<div class=\"elementor-element elementor-element-1956665 elementor-widget elementor-widget-button\" data-id=\"1956665\" data-element_type=\"widget\" data-widget_type=\"button.default\">\n\t\t\t\t\t\t\t\t\t\t<a class=\"elementor-button elementor-button-link elementor-size-sm\" href=\"#\">\n\t\t\t\t\t\t<span class=\"elementor-button-content-wrapper\">\n\t\t\t\t\t\t\t\t\t<span class=\"elementor-button-text\">Cabello<\/span>\n\t\t\t\t\t<\/span>\n\t\t\t\t\t<\/a>\n\t\t\t\t\t\t\t\t<\/div>\n\t\t\t\t<\/div>\n\t\t<div class=\"elementor-element elementor-element-fe6ed55 e-con-full e-flex e-con e-child\" data-id=\"fe6ed55\" data-element_type=\"container\">\n\t\t\t\t<div class=\"elementor-element elementor-element-e209b60 elementor-widget elementor-widget-button\" data-id=\"e209b60\" data-element_type=\"widget\" data-widget_type=\"button.default\">\n\t\t\t\t\t\t\t\t\t\t<a class=\"elementor-button elementor-button-link elementor-size-sm\" href=\"#\">\n\t\t\t\t\t\t<span class=\"elementor-button-content-wrapper\">\n\t\t\t\t\t\t\t\t\t<span class=\"elementor-button-text\">Tendencias<\/span>\n\t\t\t\t\t<\/span>\n\t\t\t\t\t<\/a>\n\t\t\t\t\t\t\t\t<\/div>\n\t\t\t\t<\/div>\n\t\t\t\t\t<\/div>\n\t\t\t\t<\/div>\n\t\t<div class=\"elementor-element elementor-element-95572d1 e-con-full e-flex e-con e-parent\" data-id=\"95572d1\" data-element_type=\"container\">\n\t\t<div class=\"elementor-element elementor-element-dbc9575 e-con-full e-flex e-con e-child\" data-id=\"dbc9575\" data-element_type=\"container\">\n\t\t\t\t<div class=\"elementor-element elementor-element-ea3f477 elementor-widget elementor-widget-image\" data-id=\"ea3f477\" data-element_type=\"widget\" data-widget_type=\"image.default\">\n\t\t\t\t\t\t\t\t\t\t\t\t\t\t\t<img decoding=\"async\" width=\"611\" height=\"413\" src=\"http:\/\/wp2.iesagora.es:60011\/sephora\/wp-content\/uploads\/sites\/140\/2025\/06\/Screenshot-2025-06-20-13.46.54.png\" class=\"attachment-large size-large wp-image-193\" alt=\"\" srcset=\"http:\/\/wp2.iesagora.es:60011\/sephora\/wp-content\/uploads\/sites\/140\/2025\/06\/Screenshot-2025-06-20-13.46.54.png 611w, http:\/\/wp2.iesagora.es:60011\/sephora\/wp-content\/uploads\/sites\/140\/2025\/06\/Screenshot-2025-06-20-13.46.54-600x406.png 600w\" sizes=\"(max-width: 611px) 100vw, 611px\" \/>\t\t\t\t\t\t\t\t\t\t\t\t\t\t\t<\/div>\n\t\t\t\t<\/div>\n\t\t<div class=\"elementor-element elementor-element-f82b4d6 e-con-full e-flex e-con e-child\" data-id=\"f82b4d6\" data-element_type=\"container\">\n\t\t\t\t<div class=\"elementor-element elementor-element-e1388dc elementor-widget elementor-widget-heading\" data-id=\"e1388dc\" data-element_type=\"widget\" data-widget_type=\"heading.default\">\n\t\t\t\t\t<h2 class=\"elementor-heading-title elementor-size-default\">Niacinamida: qu\u00e9 es y cu\u00e1les son sus beneficiosa<\/h2>\t\t\t\t<\/div>\n\t\t\t\t<div class=\"elementor-element elementor-element-bbba7d0 elementor-widget elementor-widget-text-editor\" data-id=\"bbba7d0\" data-element_type=\"widget\" data-widget_type=\"text-editor.default\">\n\t\t\t\t\t\t\t\t\t<p>La\u00a0<strong>niacinamida<\/strong>\u00a0se ha vuelto un ingrediente esencial en muchos productos cosm\u00e9ticos por sus incre\u00edbles beneficios. Ayuda a fortalecer la barrera cut\u00e1nea, a unificar el tono de la piel y a tratar las manchas. Reduce irritaciones y rojeces equilibrando la piel. Lo mejor de todo es que puedes utilizarla bajo el sol sin problema, ya que no causa manchas al exponerse a la luz solar.\u00a0<\/p><div class=\"brand-buttons\">\u00a0<\/div>\t\t\t\t\t\t\t\t<\/div>\n\t\t\t\t<div class=\"elementor-element elementor-element-b737532 elementor-widget elementor-widget-button\" data-id=\"b737532\" data-element_type=\"widget\" data-widget_type=\"button.default\">\n\t\t\t\t\t\t\t\t\t\t<a class=\"elementor-button elementor-button-link elementor-size-sm\" href=\"#\">\n\t\t\t\t\t\t<span class=\"elementor-button-content-wrapper\">\n\t\t\t\t\t\t\t\t\t<span class=\"elementor-button-text\">Descubrir<\/span>\n\t\t\t\t\t<\/span>\n\t\t\t\t\t<\/a>\n\t\t\t\t\t\t\t\t<\/div>\n\t\t\t\t<\/div>\n\t\t\t\t<\/div>\n\t\t<div class=\"elementor-element elementor-element-5d3cf23 e-con-full e-flex e-con e-parent\" data-id=\"5d3cf23\" data-element_type=\"container\">\n\t\t<div class=\"elementor-element elementor-element-e7d18f0 e-con-full e-flex e-con e-child\" data-id=\"e7d18f0\" data-element_type=\"container\" data-settings=\"{&quot;background_background&quot;:&quot;slideshow&quot;,&quot;background_slideshow_gallery&quot;:[{&quot;id&quot;:&quot;206&quot;,&quot;url&quot;:&quot;http:\\\/\\\/wp2.iesagora.es:60011\\\/sephora\\\/wp-content\\\/uploads\\\/sites\\\/140\\\/2025\\\/06\\\/BANNER_RETINOL_ARTICULO-1.avif&quot;}],&quot;background_slideshow_loop&quot;:&quot;yes&quot;,&quot;background_slideshow_slide_duration&quot;:5000,&quot;background_slideshow_slide_transition&quot;:&quot;fade&quot;,&quot;background_slideshow_transition_duration&quot;:500}\">\n\t\t\t\t<\/div>\n\t\t<div class=\"elementor-element elementor-element-f4e5d29 e-con-full e-flex e-con e-child\" data-id=\"f4e5d29\" data-element_type=\"container\" data-settings=\"{&quot;background_background&quot;:&quot;slideshow&quot;,&quot;background_slideshow_gallery&quot;:[{&quot;id&quot;:&quot;208&quot;,&quot;url&quot;:&quot;http:\\\/\\\/wp2.iesagora.es:60011\\\/sephora\\\/wp-content\\\/uploads\\\/sites\\\/140\\\/2025\\\/06\\\/BANNER_PELOLISO_ARTICULO.webp&quot;}],&quot;background_slideshow_loop&quot;:&quot;yes&quot;,&quot;background_slideshow_slide_duration&quot;:5000,&quot;background_slideshow_slide_transition&quot;:&quot;fade&quot;,&quot;background_slideshow_transition_duration&quot;:500}\">\n\t\t\t\t<\/div>\n\t\t\t\t<\/div>\n\t\t<div class=\"elementor-element elementor-element-d11a363 e-con-full e-flex e-con e-parent\" data-id=\"d11a363\" data-element_type=\"container\">\n\t\t<div class=\"elementor-element elementor-element-6b4f581 e-con-full e-flex e-con e-child\" data-id=\"6b4f581\" data-element_type=\"container\" data-settings=\"{&quot;background_background&quot;:&quot;classic&quot;}\">\n\t\t\t\t<div class=\"elementor-element elementor-element-2ba7562 elementor-widget elementor-widget-heading\" data-id=\"2ba7562\" data-element_type=\"widget\" data-widget_type=\"heading.default\">\n\t\t\t\t\t<h1 class=\"elementor-heading-title elementor-size-default\">Retinol: qu\u00e9 es y c\u00f3mo aplicar en la piel<\/h1>\t\t\t\t<\/div>\n\t\t\t\t<div class=\"elementor-element elementor-element-fc211ad elementor-widget elementor-widget-text-editor\" data-id=\"fc211ad\" data-element_type=\"widget\" data-widget_type=\"text-editor.default\">\n\t\t\t\t\t\t\t\t\t<p>Seguramente has escuchado hablar del famoso\u00a0<strong>retinol<\/strong>, y no es para menos, sus resultados son incre\u00edbles con un uso constante y adecuado.<\/p>\t\t\t\t\t\t\t\t<\/div>\n\t\t\t\t<div class=\"elementor-element elementor-element-8c73abc elementor-widget elementor-widget-spacer\" data-id=\"8c73abc\" data-element_type=\"widget\" data-widget_type=\"spacer.default\">\n\t\t\t\t\t\t\t<div class=\"elementor-spacer\">\n\t\t\t<div class=\"elementor-spacer-inner\"><\/div>\n\t\t<\/div>\n\t\t\t\t\t\t<\/div>\n\t\t\t\t<div class=\"elementor-element elementor-element-34dfb5b elementor-align-center elementor-widget elementor-widget-button\" data-id=\"34dfb5b\" data-element_type=\"widget\" data-widget_type=\"button.default\">\n\t\t\t\t\t\t\t\t\t\t<a class=\"elementor-button elementor-button-link elementor-size-sm elementor-animation-wobble-horizontal\" href=\"#\">\n\t\t\t\t\t\t<span class=\"elementor-button-content-wrapper\">\n\t\t\t\t\t\t\t\t\t<span class=\"elementor-button-text\">Descubrir<\/span>\n\t\t\t\t\t<\/span>\n\t\t\t\t\t<\/a>\n\t\t\t\t\t\t\t\t<\/div>\n\t\t\t\t<\/div>\n\t\t<div class=\"elementor-element elementor-element-bc34813 e-con-full e-flex e-con e-child\" data-id=\"bc34813\" data-element_type=\"container\">\n\t\t\t\t<\/div>\n\t\t<div class=\"elementor-element elementor-element-4c22fcb e-con-full e-flex e-con e-child\" data-id=\"4c22fcb\" data-element_type=\"container\" data-settings=\"{&quot;background_background&quot;:&quot;classic&quot;}\">\n\t\t\t\t<div class=\"elementor-element elementor-element-9f7bcee elementor-widget elementor-widget-spacer\" data-id=\"9f7bcee\" data-element_type=\"widget\" data-widget_type=\"spacer.default\">\n\t\t\t\t\t\t\t<div class=\"elementor-spacer\">\n\t\t\t<div class=\"elementor-spacer-inner\"><\/div>\n\t\t<\/div>\n\t\t\t\t\t\t<\/div>\n\t\t\t\t<div class=\"elementor-element elementor-element-d1d5f44 elementor-widget elementor-widget-heading\" data-id=\"d1d5f44\" data-element_type=\"widget\" data-widget_type=\"heading.default\">\n\t\t\t\t\t<h1 class=\"elementor-heading-title elementor-size-default\">7 Trucos para dejar el pelo liso sin plancha\n<\/h1>\t\t\t\t<\/div>\n\t\t\t\t<div class=\"elementor-element elementor-element-86f83a0 elementor-widget elementor-widget-text-editor\" data-id=\"86f83a0\" data-element_type=\"widget\" data-widget_type=\"text-editor.default\">\n\t\t\t\t\t\t\t\t\t<p>\u00bfSab\u00edas que es posible conseguir un\u00a0<strong>cabello liso sin usar la plancha o calor<\/strong>?<\/p>\t\t\t\t\t\t\t\t<\/div>\n\t\t\t\t<div class=\"elementor-element elementor-element-3a651a5 elementor-align-center elementor-widget elementor-widget-button\" data-id=\"3a651a5\" data-element_type=\"widget\" data-widget_type=\"button.default\">\n\t\t\t\t\t\t\t\t\t\t<a class=\"elementor-button elementor-button-link elementor-size-sm elementor-animation-wobble-horizontal\" href=\"#\">\n\t\t\t\t\t\t<span class=\"elementor-button-content-wrapper\">\n\t\t\t\t\t\t\t\t\t<span class=\"elementor-button-text\">Descubrir<\/span>\n\t\t\t\t\t<\/span>\n\t\t\t\t\t<\/a>\n\t\t\t\t\t\t\t\t<\/div>\n\t\t\t\t<\/div>\n\t\t\t\t<\/div>\n\t\t\t\t<\/div>\n\t\t","protected":false},"excerpt":{"rendered":"<p>Maquillaje Tratamiento Perfume Cabello Tendencias Niacinamida: qu\u00e9 es y cu\u00e1les son sus beneficiosa La\u00a0niacinamida\u00a0se ha vuelto un ingrediente esencial en [&hellip;]<\/p>\n","protected":false},"author":52,"featured_media":0,"parent":0,"menu_order":0,"comment_status":"closed","ping_status":"closed","template":"","meta":{"_uag_custom_page_level_css":"","site-sidebar-layout":"no-sidebar","site-content-layout":"","ast-site-content-layout":"full-width-container","site-content-style":"default","site-sidebar-style":"default","ast-global-header-display":"","ast-banner-title-visibility":"","ast-main-header-display":"","ast-hfb-above-header-display":"","ast-hfb-below-header-display":"","ast-hfb-mobile-header-display":"","site-post-title":"disabled","ast-breadcrumbs-content":"","ast-featured-img":"disabled","footer-sml-layout":"","theme-transparent-header-meta":"","adv-header-id-meta":"","stick-header-meta":"","header-above-stick-meta":"","header-main-stick-meta":"","header-below-stick-meta":"","astra-migrate-meta-layouts":"default","ast-page-background-enabled":"default","ast-page-background-meta":{"desktop":{"background-color":"var(--ast-global-color-5)","background-image":"","background-repeat":"repeat","background-position":"center center","background-size":"auto","background-attachment":"scroll","background-type":"","background-media":"","overlay-type":"","overlay-color":"","overlay-opacity":"","overlay-gradient":""},"tablet":{"background-color":"","background-image":"","background-repeat":"repeat","background-position":"center center","background-size":"auto","background-attachment":"scroll","background-type":"","background-media":"","overlay-type":"","overlay-color":"","overlay-opacity":"","overlay-gradient":""},"mobile":{"background-color":"","background-image":"","background-repeat":"repeat","background-position":"center center","background-size":"auto","background-attachment":"scroll","background-type":"","background-media":"","overlay-type":"","overlay-color":"","overlay-opacity":"","overlay-gradient":""}},"ast-content-background-meta":{"desktop":{"background-color":"var(--ast-global-color-4)","background-image":"","background-repeat":"repeat","background-position":"center center","background-size":"auto","background-attachment":"scroll","background-type":"","background-media":"","overlay-type":"","overlay-color":"","overlay-opacity":"","overlay-gradient":""},"tablet":{"background-color":"var(--ast-global-color-4)","background-image":"","background-repeat":"repeat","background-position":"center center","background-size":"auto","background-attachment":"scroll","background-type":"","background-media":"","overlay-type":"","overlay-color":"","overlay-opacity":"","overlay-gradient":""},"mobile":{"background-color":"var(--ast-global-color-4)","background-image":"","background-repeat":"repeat","background-position":"center center","background-size":"auto","background-attachment":"scroll","background-type":"","background-media":"","overlay-type":"","overlay-color":"","overlay-opacity":"","overlay-gradient":""}},"footnotes":""},"class_list":["post-184","page","type-page","status-publish","hentry"],"yoast_head":"<!-- This site is optimized with the Yoast SEO plugin v26.8 - https:\/\/yoast.com\/product\/yoast-seo-wordpress\/ -->\n<title>Blog - Sephora<\/title>\n<meta name=\"robots\" content=\"index, follow, max-snippet:-1, max-image-preview:large, max-video-preview:-1\" \/>\n<link rel=\"canonical\" href=\"http:\/\/wp2.iesagora.es:60011\/sephora\/blog\/\" \/>\n<meta property=\"og:locale\" content=\"es_ES\" \/>\n<meta property=\"og:type\" content=\"article\" \/>\n<meta property=\"og:title\" content=\"Blog - Sephora\" \/>\n<meta property=\"og:description\" content=\"Maquillaje Tratamiento Perfume Cabello Tendencias Niacinamida: qu\u00e9 es y cu\u00e1les son sus beneficiosa La\u00a0niacinamida\u00a0se ha vuelto un ingrediente esencial en [&hellip;]\" \/>\n<meta property=\"og:url\" content=\"http:\/\/wp2.iesagora.es:60011\/sephora\/blog\/\" \/>\n<meta property=\"og:site_name\" content=\"Sephora\" \/>\n<meta property=\"article:modified_time\" content=\"2025-06-24T19:25:10+00:00\" \/>\n<meta property=\"og:image\" content=\"http:\/\/wp2.iesagora.es:60011\/sephora\/wp-content\/uploads\/sites\/140\/2025\/06\/Screenshot-2025-06-20-13.39.38.png\" \/>\n\t<meta property=\"og:image:width\" content=\"1292\" \/>\n\t<meta property=\"og:image:height\" content=\"315\" \/>\n\t<meta property=\"og:image:type\" content=\"image\/png\" \/>\n<meta name=\"twitter:card\" content=\"summary_large_image\" \/>\n<script type=\"application\/ld+json\" class=\"yoast-schema-graph\">{\"@context\":\"https:\/\/schema.org\",\"@graph\":[{\"@type\":\"WebPage\",\"@id\":\"http:\/\/wp2.iesagora.es:60011\/sephora\/blog\/\",\"url\":\"http:\/\/wp2.iesagora.es:60011\/sephora\/blog\/\",\"name\":\"Blog - Sephora\",\"isPartOf\":{\"@id\":\"http:\/\/wp2.iesagora.es:60011\/sephora\/#website\"},\"primaryImageOfPage\":{\"@id\":\"http:\/\/wp2.iesagora.es:60011\/sephora\/blog\/#primaryimage\"},\"image\":{\"@id\":\"http:\/\/wp2.iesagora.es:60011\/sephora\/blog\/#primaryimage\"},\"thumbnailUrl\":\"http:\/\/wp2.iesagora.es:60011\/sephora\/wp-content\/uploads\/sites\/140\/2025\/06\/Screenshot-2025-06-20-13.39.38.png\",\"datePublished\":\"2025-06-20T11:40:50+00:00\",\"dateModified\":\"2025-06-24T19:25:10+00:00\",\"breadcrumb\":{\"@id\":\"http:\/\/wp2.iesagora.es:60011\/sephora\/blog\/#breadcrumb\"},\"inLanguage\":\"es\",\"potentialAction\":[{\"@type\":\"ReadAction\",\"target\":[\"http:\/\/wp2.iesagora.es:60011\/sephora\/blog\/\"]}]},{\"@type\":\"ImageObject\",\"inLanguage\":\"es\",\"@id\":\"http:\/\/wp2.iesagora.es:60011\/sephora\/blog\/#primaryimage\",\"url\":\"http:\/\/wp2.iesagora.es:60011\/sephora\/wp-content\/uploads\/sites\/140\/2025\/06\/Screenshot-2025-06-20-13.39.38.png\",\"contentUrl\":\"http:\/\/wp2.iesagora.es:60011\/sephora\/wp-content\/uploads\/sites\/140\/2025\/06\/Screenshot-2025-06-20-13.39.38.png\",\"width\":1292,\"height\":315},{\"@type\":\"BreadcrumbList\",\"@id\":\"http:\/\/wp2.iesagora.es:60011\/sephora\/blog\/#breadcrumb\",\"itemListElement\":[{\"@type\":\"ListItem\",\"position\":1,\"name\":\"Portada\",\"item\":\"http:\/\/wp2.iesagora.es:60011\/sephora\/\"},{\"@type\":\"ListItem\",\"position\":2,\"name\":\"Blog\"}]},{\"@type\":\"WebSite\",\"@id\":\"http:\/\/wp2.iesagora.es:60011\/sephora\/#website\",\"url\":\"http:\/\/wp2.iesagora.es:60011\/sephora\/\",\"name\":\"Sephora\",\"description\":\"\",\"potentialAction\":[{\"@type\":\"SearchAction\",\"target\":{\"@type\":\"EntryPoint\",\"urlTemplate\":\"http:\/\/wp2.iesagora.es:60011\/sephora\/?s={search_term_string}\"},\"query-input\":{\"@type\":\"PropertyValueSpecification\",\"valueRequired\":true,\"valueName\":\"search_term_string\"}}],\"inLanguage\":\"es\"}]}<\/script>\n<!-- \/ Yoast SEO plugin. -->","yoast_head_json":{"title":"Blog - Sephora","robots":{"index":"index","follow":"follow","max-snippet":"max-snippet:-1","max-image-preview":"max-image-preview:large","max-video-preview":"max-video-preview:-1"},"canonical":"http:\/\/wp2.iesagora.es:60011\/sephora\/blog\/","og_locale":"es_ES","og_type":"article","og_title":"Blog - Sephora","og_description":"Maquillaje Tratamiento Perfume Cabello Tendencias Niacinamida: qu\u00e9 es y cu\u00e1les son sus beneficiosa La\u00a0niacinamida\u00a0se ha vuelto un ingrediente esencial en [&hellip;]","og_url":"http:\/\/wp2.iesagora.es:60011\/sephora\/blog\/","og_site_name":"Sephora","article_modified_time":"2025-06-24T19:25:10+00:00","og_image":[{"width":1292,"height":315,"url":"http:\/\/wp2.iesagora.es:60011\/sephora\/wp-content\/uploads\/sites\/140\/2025\/06\/Screenshot-2025-06-20-13.39.38.png","type":"image\/png"}],"twitter_card":"summary_large_image","schema":{"@context":"https:\/\/schema.org","@graph":[{"@type":"WebPage","@id":"http:\/\/wp2.iesagora.es:60011\/sephora\/blog\/","url":"http:\/\/wp2.iesagora.es:60011\/sephora\/blog\/","name":"Blog - Sephora","isPartOf":{"@id":"http:\/\/wp2.iesagora.es:60011\/sephora\/#website"},"primaryImageOfPage":{"@id":"http:\/\/wp2.iesagora.es:60011\/sephora\/blog\/#primaryimage"},"image":{"@id":"http:\/\/wp2.iesagora.es:60011\/sephora\/blog\/#primaryimage"},"thumbnailUrl":"http:\/\/wp2.iesagora.es:60011\/sephora\/wp-content\/uploads\/sites\/140\/2025\/06\/Screenshot-2025-06-20-13.39.38.png","datePublished":"2025-06-20T11:40:50+00:00","dateModified":"2025-06-24T19:25:10+00:00","breadcrumb":{"@id":"http:\/\/wp2.iesagora.es:60011\/sephora\/blog\/#breadcrumb"},"inLanguage":"es","potentialAction":[{"@type":"ReadAction","target":["http:\/\/wp2.iesagora.es:60011\/sephora\/blog\/"]}]},{"@type":"ImageObject","inLanguage":"es","@id":"http:\/\/wp2.iesagora.es:60011\/sephora\/blog\/#primaryimage","url":"http:\/\/wp2.iesagora.es:60011\/sephora\/wp-content\/uploads\/sites\/140\/2025\/06\/Screenshot-2025-06-20-13.39.38.png","contentUrl":"http:\/\/wp2.iesagora.es:60011\/sephora\/wp-content\/uploads\/sites\/140\/2025\/06\/Screenshot-2025-06-20-13.39.38.png","width":1292,"height":315},{"@type":"BreadcrumbList","@id":"http:\/\/wp2.iesagora.es:60011\/sephora\/blog\/#breadcrumb","itemListElement":[{"@type":"ListItem","position":1,"name":"Portada","item":"http:\/\/wp2.iesagora.es:60011\/sephora\/"},{"@type":"ListItem","position":2,"name":"Blog"}]},{"@type":"WebSite","@id":"http:\/\/wp2.iesagora.es:60011\/sephora\/#website","url":"http:\/\/wp2.iesagora.es:60011\/sephora\/","name":"Sephora","description":"","potentialAction":[{"@type":"SearchAction","target":{"@type":"EntryPoint","urlTemplate":"http:\/\/wp2.iesagora.es:60011\/sephora\/?s={search_term_string}"},"query-input":{"@type":"PropertyValueSpecification","valueRequired":true,"valueName":"search_term_string"}}],"inLanguage":"es"}]}},"uagb_featured_image_src":{"full":false,"thumbnail":false,"medium":false,"medium_large":false,"large":false,"1536x1536":false,"2048x2048":false,"woocommerce_thumbnail":false,"woocommerce_single":false,"woocommerce_gallery_thumbnail":false},"uagb_author_info":{"display_name":"mfernandezc80","author_link":"http:\/\/wp2.iesagora.es:60011\/sephora\/author\/mfernandezc80\/"},"uagb_comment_info":0,"uagb_excerpt":"Maquillaje Tratamiento Perfume Cabello Tendencias Niacinamida: qu\u00e9 es y cu\u00e1les son sus beneficiosa La\u00a0niacinamida\u00a0se ha vuelto un ingrediente esencial en [&hellip;]","_links":{"self":[{"href":"http:\/\/wp2.iesagora.es:60011\/sephora\/wp-json\/wp\/v2\/pages\/184","targetHints":{"allow":["GET"]}}],"collection":[{"href":"http:\/\/wp2.iesagora.es:60011\/sephora\/wp-json\/wp\/v2\/pages"}],"about":[{"href":"http:\/\/wp2.iesagora.es:60011\/sephora\/wp-json\/wp\/v2\/types\/page"}],"author":[{"embeddable":true,"href":"http:\/\/wp2.iesagora.es:60011\/sephora\/wp-json\/wp\/v2\/users\/52"}],"replies":[{"embeddable":true,"href":"http:\/\/wp2.iesagora.es:60011\/sephora\/wp-json\/wp\/v2\/comments?post=184"}],"version-history":[{"count":35,"href":"http:\/\/wp2.iesagora.es:60011\/sephora\/wp-json\/wp\/v2\/pages\/184\/revisions"}],"predecessor-version":[{"id":236,"href":"http:\/\/wp2.iesagora.es:60011\/sephora\/wp-json\/wp\/v2\/pages\/184\/revisions\/236"}],"wp:attachment":[{"href":"http:\/\/wp2.iesagora.es:60011\/sephora\/wp-json\/wp\/v2\/media?parent=184"}],"curies":[{"name":"wp","href":"https:\/\/api.w.org\/{rel}","templated":true}]}}