{"id":18,"date":"2025-06-12T21:15:37","date_gmt":"2025-06-12T19:15:37","guid":{"rendered":"http:\/\/wp2.iesagora.es:60011\/sephora\/?page_id=18"},"modified":"2025-10-09T12:44:25","modified_gmt":"2025-10-09T10:44:25","slug":"elementor-18","status":"publish","type":"page","link":"http:\/\/wp2.iesagora.es:60011\/sephora\/","title":{"rendered":"Home"},"content":{"rendered":"\t\t<div data-elementor-type=\"wp-page\" data-elementor-id=\"18\" class=\"elementor elementor-18\" data-elementor-post-type=\"page\">\n\t\t\t\t<div class=\"elementor-element elementor-element-1ff7129 e-con-full e-flex e-con e-parent\" data-id=\"1ff7129\" data-element_type=\"container\">\n\t\t<div class=\"elementor-element elementor-element-7b58ca8 e-con-full e-flex e-con e-child\" data-id=\"7b58ca8\" data-element_type=\"container\" data-settings=\"{&quot;background_background&quot;:&quot;slideshow&quot;,&quot;background_slideshow_gallery&quot;:[{&quot;id&quot;:&quot;37&quot;,&quot;url&quot;:&quot;http:\\\/\\\/wp2.iesagora.es:60011\\\/sephora\\\/wp-content\\\/uploads\\\/sites\\\/140\\\/2025\\\/06\\\/Sephora-2.png&quot;}],&quot;background_slideshow_loop&quot;:&quot;yes&quot;,&quot;background_slideshow_slide_duration&quot;:5000,&quot;background_slideshow_slide_transition&quot;:&quot;fade&quot;,&quot;background_slideshow_transition_duration&quot;:500}\">\n\t\t\t\t<div class=\"elementor-element elementor-element-84355e9 elementor-widget elementor-widget-spacer\" data-id=\"84355e9\" data-element_type=\"widget\" data-widget_type=\"spacer.default\">\n\t\t\t\t\t\t\t<div class=\"elementor-spacer\">\n\t\t\t<div class=\"elementor-spacer-inner\"><\/div>\n\t\t<\/div>\n\t\t\t\t\t\t<\/div>\n\t\t\t\t<div class=\"elementor-element elementor-element-d1266a6 elementor-widget elementor-widget-heading\" data-id=\"d1266a6\" data-element_type=\"widget\" data-widget_type=\"heading.default\">\n\t\t\t\t\t<h1 class=\"elementor-heading-title elementor-size-default\">Hasta -50%<\/h1>\t\t\t\t<\/div>\n\t\t\t\t<\/div>\n\t\t<div class=\"elementor-element elementor-element-ec46771 e-con-full e-flex e-con e-child\" data-id=\"ec46771\" data-element_type=\"container\" data-settings=\"{&quot;background_background&quot;:&quot;slideshow&quot;,&quot;background_slideshow_gallery&quot;:[{&quot;id&quot;:&quot;39&quot;,&quot;url&quot;:&quot;http:\\\/\\\/wp2.iesagora.es:60011\\\/sephora\\\/wp-content\\\/uploads\\\/sites\\\/140\\\/2025\\\/06\\\/Sephora-4.png&quot;}],&quot;background_slideshow_loop&quot;:&quot;yes&quot;,&quot;background_slideshow_slide_duration&quot;:5000,&quot;background_slideshow_slide_transition&quot;:&quot;fade&quot;,&quot;background_slideshow_transition_duration&quot;:500}\">\n\t\t<div class=\"elementor-element elementor-element-08944e9 e-con-full e-flex e-con e-child\" data-id=\"08944e9\" data-element_type=\"container\" data-settings=\"{&quot;background_background&quot;:&quot;classic&quot;}\">\n\t\t\t\t<div class=\"elementor-element elementor-element-a105b3d elementor-widget elementor-widget-heading\" data-id=\"a105b3d\" data-element_type=\"widget\" data-widget_type=\"heading.default\">\n\t\t\t\t\t<h2 class=\"elementor-heading-title elementor-size-default\"><h1 style=\"font-size: 24px;margin-bottom: 0px;font-family: AvantGardeBold;font-style: normal;line-height: 1;letter-spacing: 1px\">The next BIG thing.<span style=\", sans-serif;font-size: 31px;font-style: inherit\"><\/span><\/h1><\/h2>\t\t\t\t<\/div>\n\t\t\t\t<div class=\"elementor-element elementor-element-65bf638 elementor-widget elementor-widget-text-editor\" data-id=\"65bf638\" data-element_type=\"widget\" data-widget_type=\"text-editor.default\">\n\t\t\t\t\t\t\t\t\t<p>Descubre la selecci\u00f3n de productos m\u00e1s top del momento de la comunidad de Sephora \u00a1aqu\u00ed encontr\u00e1s todas las tendencias! Desde el cuidado de la piel y el cuerpo hasta el bienestar, pasando por el maquillaje y el cuidado del cabello, sin olvidar las fragancias, las tendencias m\u00e1s actuales y los must-have de hoy -y de ma\u00f1ana- est\u00e1n sin duda en Sephora. Tu rutina de belleza nunca ser\u00e1&#8230; la misma.<\/p>\t\t\t\t\t\t\t\t<\/div>\n\t\t\t\t<div class=\"elementor-element elementor-element-4098622 elementor-align-justify elementor-widget elementor-widget-button\" data-id=\"4098622\" data-element_type=\"widget\" data-widget_type=\"button.default\">\n\t\t\t\t\t\t\t\t\t\t<a class=\"elementor-button elementor-button-link elementor-size-sm\" href=\"#\">\n\t\t\t\t\t\t<span class=\"elementor-button-content-wrapper\">\n\t\t\t\t\t\t\t\t\t<span class=\"elementor-button-text\">Descubrir<\/span>\n\t\t\t\t\t<\/span>\n\t\t\t\t\t<\/a>\n\t\t\t\t\t\t\t\t<\/div>\n\t\t\t\t<div class=\"elementor-element elementor-element-5cbc08d elementor-widget elementor-widget-text-editor\" data-id=\"5cbc08d\" data-element_type=\"widget\" data-widget_type=\"text-editor.default\">\n\t\t\t\t\t\t\t\t\t<p>*Consulta condiciones <span style=\"text-decoration: underline\">aqu\u00ed.<\/span><\/p>\t\t\t\t\t\t\t\t<\/div>\n\t\t\t\t<\/div>\n\t\t\t\t<\/div>\n\t\t\t\t<\/div>\n\t\t<div class=\"elementor-element elementor-element-1f66307 e-con-full e-flex e-con e-parent\" data-id=\"1f66307\" data-element_type=\"container\">\n\t\t<div class=\"elementor-element elementor-element-d19938e e-con-full e-flex e-con e-child\" data-id=\"d19938e\" data-element_type=\"container\">\n\t\t\t\t<div class=\"elementor-element elementor-element-b31b287 elementor-cta--layout-image-left elementor-cta--valign-middle elementor-widget__width-initial elementor-cta--skin-classic elementor-animated-content elementor-bg-transform elementor-bg-transform-zoom-in elementor-widget elementor-widget-call-to-action\" data-id=\"b31b287\" data-element_type=\"widget\" data-widget_type=\"call-to-action.default\">\n\t\t\t\t\t\t\t<div class=\"elementor-cta\">\n\t\t\t\t\t<div class=\"elementor-cta__bg-wrapper\">\n\t\t\t\t<div class=\"elementor-cta__bg elementor-bg\" style=\"background-image: url(http:\/\/wp2.iesagora.es:60011\/sephora\/wp-content\/uploads\/sites\/140\/2025\/06\/Screenshot-2025-06-14-17.45.56.png);\" role=\"img\" aria-label=\"Screenshot 2025-06-14 17.45.56\"><\/div>\n\t\t\t\t<div class=\"elementor-cta__bg-overlay\"><\/div>\n\t\t\t<\/div>\n\t\t\t\t\t\t\t<div class=\"elementor-cta__content\">\n\t\t\t\t\n\t\t\t\t\t\t\t\t\t<h4 class=\"elementor-cta__title elementor-cta__content-item elementor-content-item\">\n\t\t\t\t\t\tSummer Trending        \t\t\t\t\t<\/h4>\n\t\t\t\t\n\t\t\t\t\t\t\t\t\t<div class=\"elementor-cta__description elementor-cta__content-item elementor-content-item\">\n\t\t\t\t\t\tEleva tu rutina de belleza con los productos trendy este verano.\t\t\t\t\t<\/div>\n\t\t\t\t\n\t\t\t\t\t\t\t\t\t<div class=\"elementor-cta__button-wrapper elementor-cta__content-item elementor-content-item \">\n\t\t\t\t\t<a class=\"elementor-cta__button elementor-button elementor-size-\">\n\t\t\t\t\t\tDescubrir\t\t\t\t\t<\/a>\n\t\t\t\t\t<\/div>\n\t\t\t\t\t\t\t<\/div>\n\t\t\t\t\t\t<\/div>\n\t\t\t\t\t\t<\/div>\n\t\t\t\t<\/div>\n\t\t<div class=\"elementor-element elementor-element-da450c2 e-con-full e-flex e-con e-child\" data-id=\"da450c2\" data-element_type=\"container\">\n\t\t\t\t<div class=\"elementor-element elementor-element-293756d elementor-cta--layout-image-left elementor-cta--valign-middle elementor-widget__width-initial elementor-cta--skin-classic elementor-animated-content elementor-bg-transform elementor-bg-transform-zoom-in elementor-widget elementor-widget-call-to-action\" data-id=\"293756d\" data-element_type=\"widget\" data-widget_type=\"call-to-action.default\">\n\t\t\t\t\t\t\t<div class=\"elementor-cta\">\n\t\t\t\t\t<div class=\"elementor-cta__bg-wrapper\">\n\t\t\t\t<div class=\"elementor-cta__bg elementor-bg\" style=\"background-image: url(http:\/\/wp2.iesagora.es:60011\/sephora\/wp-content\/uploads\/sites\/140\/2025\/06\/Screenshot-2025-06-14-17.53.36.png);\" role=\"img\" aria-label=\"Screenshot 2025-06-14 17.53.36\"><\/div>\n\t\t\t\t<div class=\"elementor-cta__bg-overlay\"><\/div>\n\t\t\t<\/div>\n\t\t\t\t\t\t\t<div class=\"elementor-cta__content\">\n\t\t\t\t\n\t\t\t\t\t\t\t\t\t<h4 class=\"elementor-cta__title elementor-cta__content-item elementor-content-item\">\n\t\t\t\t\t\tNovedad Rituals    \t\t\t\t\t<\/h4>\n\t\t\t\t\n\t\t\t\t\t\t\t\t\t<div class=\"elementor-cta__description elementor-cta__content-item elementor-content-item\">\n\t\t\t\t\t\tCelebra la noche con The Ritual of Yozakura.\t\t\t\t\t<\/div>\n\t\t\t\t\n\t\t\t\t\t\t\t\t\t<div class=\"elementor-cta__button-wrapper elementor-cta__content-item elementor-content-item \">\n\t\t\t\t\t<a class=\"elementor-cta__button elementor-button elementor-size-\">\n\t\t\t\t\t\tComprar\t\t\t\t\t<\/a>\n\t\t\t\t\t<\/div>\n\t\t\t\t\t\t\t<\/div>\n\t\t\t\t\t\t<\/div>\n\t\t\t\t\t\t<\/div>\n\t\t\t\t<\/div>\n\t\t\t\t<\/div>\n\t\t<div class=\"elementor-element elementor-element-77acfe7 e-con-full e-flex e-con e-parent\" data-id=\"77acfe7\" data-element_type=\"container\">\n\t\t<div class=\"elementor-element elementor-element-429ba73 e-con-full e-flex e-con e-child\" data-id=\"429ba73\" data-element_type=\"container\">\n\t\t\t\t<div class=\"elementor-element elementor-element-23a8686 elementor-widget elementor-widget-heading\" data-id=\"23a8686\" data-element_type=\"widget\" data-widget_type=\"heading.default\">\n\t\t\t\t\t<h2 class=\"elementor-heading-title elementor-size-default\">Rebajas \ud83d\ude80 Hasta -50%* en tus productos favoritos<\/h2>\t\t\t\t<\/div>\n\t\t\t\t<\/div>\n\t\t<div class=\"elementor-element elementor-element-16f6bc4 e-con-full e-flex e-con e-child\" data-id=\"16f6bc4\" data-element_type=\"container\">\n\t\t\t\t<div class=\"elementor-element elementor-element-82ac018 elementor-widget elementor-widget-button\" data-id=\"82ac018\" data-element_type=\"widget\" data-widget_type=\"button.default\">\n\t\t\t\t\t\t\t\t\t\t<a class=\"elementor-button elementor-button-link elementor-size-sm\" href=\"#\">\n\t\t\t\t\t\t<span class=\"elementor-button-content-wrapper\">\n\t\t\t\t\t\t\t\t\t<span class=\"elementor-button-text\">Ver todos los productos<\/span>\n\t\t\t\t\t<\/span>\n\t\t\t\t\t<\/a>\n\t\t\t\t\t\t\t\t<\/div>\n\t\t\t\t<\/div>\n\t\t\t\t<\/div>\n\t\t<div class=\"elementor-element elementor-element-7393290 e-flex e-con-boxed e-con e-parent\" data-id=\"7393290\" data-element_type=\"container\">\n\t\t\t\t\t<div class=\"e-con-inner\">\n\t\t\t\t<div class=\"elementor-element elementor-element-25b47a2 elementor-grid-4 elementor-grid-tablet-3 elementor-grid-mobile-2 elementor-products-grid elementor-wc-products elementor-widget elementor-widget-woocommerce-products\" data-id=\"25b47a2\" data-element_type=\"widget\" data-widget_type=\"woocommerce-products.default\">\n\t\t\t\t<div class=\"elementor-widget-container\">\n\t\t\t\t\t<div class=\"woocommerce columns-4 \"><ul class=\"products elementor-grid columns-4\">\n<li class=\"desktop-align-left tablet-align-left mobile-align-left product type-product post-100 status-publish first instock product_cat-maquillaje has-post-thumbnail taxable shipping-taxable product-type-variable\">\n\t<a href=\"http:\/\/wp2.iesagora.es:60011\/sephora\/producto\/demi-glow-light-highlighter-difusor\/\" class=\"woocommerce-LoopProduct-link woocommerce-loop-product__link\"><img fetchpriority=\"high\" decoding=\"async\" width=\"300\" height=\"300\" src=\"http:\/\/wp2.iesagora.es:60011\/sephora\/wp-content\/uploads\/sites\/140\/2025\/06\/330094-media_swatch-300x300.jpg\" class=\"attachment-woocommerce_thumbnail size-woocommerce_thumbnail\" alt=\"Demi&#039; Glow Light - Highlighter difusor\" srcset=\"http:\/\/wp2.iesagora.es:60011\/sephora\/wp-content\/uploads\/sites\/140\/2025\/06\/330094-media_swatch-300x300.jpg 300w, http:\/\/wp2.iesagora.es:60011\/sephora\/wp-content\/uploads\/sites\/140\/2025\/06\/330094-media_swatch-150x150.jpg 150w, http:\/\/wp2.iesagora.es:60011\/sephora\/wp-content\/uploads\/sites\/140\/2025\/06\/330094-media_swatch-100x100.jpg 100w, http:\/\/wp2.iesagora.es:60011\/sephora\/wp-content\/uploads\/sites\/140\/2025\/06\/330094-media_swatch.avif 585w\" sizes=\"(max-width: 300px) 100vw, 300px\" \/><h2 class=\"woocommerce-loop-product__title\">Demi&#8217; Glow Light &#8211; Highlighter difusor<\/h2><div class=\"review-rating\"><div class=\"star-rating\"><span style=\"width:0%\">Valorado con <strong class=\"rating\">0<\/strong> de 5<\/span><\/div><\/div>\n<\/a><a href=\"http:\/\/wp2.iesagora.es:60011\/sephora\/producto\/demi-glow-light-highlighter-difusor\/\" data-quantity=\"1\" class=\"ast-on-card-button ast-select-options-trigger product_type_variable\" data-product_id=\"100\" data-product_sku=\"\" aria-label=\"Elige las opciones para &ldquo;Demi&#039; Glow Light - Highlighter difusor&rdquo;\" rel=\"nofollow\"> <span class=\"ast-card-action-tooltip\"> Leer m\u00e1s <\/span> <span class=\"ahfb-svg-iconset\"> <span class=\"ast-icon icon-bag\"><svg xmlns=\"http:\/\/www.w3.org\/2000\/svg\" xmlns:xlink=\"http:\/\/www.w3.org\/1999\/xlink\" version=\"1.1\" id=\"ast-bag-icon-svg\" x=\"0px\" y=\"0px\" width=\"100\" height=\"100\" viewBox=\"826 826 140 140\" enable-background=\"new 826 826 140 140\" xml:space=\"preserve\">\n\t\t\t\t<path d=\"M960.758,934.509l2.632,23.541c0.15,1.403-0.25,2.657-1.203,3.761c-0.953,1.053-2.156,1.579-3.61,1.579H833.424  c-1.454,0-2.657-0.526-3.61-1.579c-0.952-1.104-1.354-2.357-1.203-3.761l2.632-23.541H960.758z M953.763,871.405l6.468,58.29H831.77  l6.468-58.29c0.15-1.203,0.677-2.218,1.58-3.045c0.903-0.827,1.981-1.241,3.234-1.241h19.254v9.627c0,2.658,0.94,4.927,2.82,6.807  s4.149,2.82,6.807,2.82c2.658,0,4.926-0.94,6.807-2.82s2.821-4.149,2.821-6.807v-9.627h28.882v9.627  c0,2.658,0.939,4.927,2.819,6.807c1.881,1.88,4.149,2.82,6.807,2.82s4.927-0.94,6.808-2.82c1.879-1.88,2.82-4.149,2.82-6.807v-9.627  h19.253c1.255,0,2.332,0.414,3.235,1.241C953.086,869.187,953.612,870.202,953.763,871.405z M924.881,857.492v19.254  c0,1.304-0.476,2.432-1.429,3.385s-2.08,1.429-3.385,1.429c-1.303,0-2.432-0.477-3.384-1.429c-0.953-0.953-1.43-2.081-1.43-3.385  v-19.254c0-5.315-1.881-9.853-5.641-13.613c-3.76-3.761-8.298-5.641-13.613-5.641s-9.853,1.88-13.613,5.641  c-3.761,3.76-5.641,8.298-5.641,13.613v19.254c0,1.304-0.476,2.432-1.429,3.385c-0.953,0.953-2.081,1.429-3.385,1.429  c-1.303,0-2.432-0.477-3.384-1.429c-0.953-0.953-1.429-2.081-1.429-3.385v-19.254c0-7.973,2.821-14.779,8.461-20.42  c5.641-5.641,12.448-8.461,20.42-8.461c7.973,0,14.779,2.82,20.42,8.461C922.062,842.712,924.881,849.519,924.881,857.492z\" \/>\n\t\t\t\t<\/svg><\/span> <\/span> <\/a><a href=\"http:\/\/wp2.iesagora.es:60011\/sephora\/producto\/demi-glow-light-highlighter-difusor\/\" aria-describedby=\"woocommerce_loop_add_to_cart_link_describedby_100\" data-quantity=\"1\" class=\"button product_type_variable\" data-product_id=\"100\" data-product_sku=\"\" aria-label=\"Elige las opciones para &ldquo;Demi&#039; Glow Light - Highlighter difusor&rdquo;\" rel=\"nofollow\">Leer m\u00e1s<\/a>\t<span id=\"woocommerce_loop_add_to_cart_link_describedby_100\" class=\"screen-reader-text\">\n\t\t\t<\/span>\n<\/li>\n<\/ul>\n<\/div>\t\t\t\t<\/div>\n\t\t\t\t<\/div>\n\t\t\t\t\t<\/div>\n\t\t\t\t<\/div>\n\t\t\t\t<\/div>\n\t\t","protected":false},"excerpt":{"rendered":"<p>Hasta -50% The next BIG thing. Descubre la selecci\u00f3n de productos m\u00e1s top del momento de la comunidad de Sephora [&hellip;]<\/p>\n","protected":false},"author":52,"featured_media":0,"parent":0,"menu_order":0,"comment_status":"closed","ping_status":"closed","template":"","meta":{"_uag_custom_page_level_css":"","site-sidebar-layout":"no-sidebar","site-content-layout":"","ast-site-content-layout":"full-width-container","site-content-style":"default","site-sidebar-style":"default","ast-global-header-display":"","ast-banner-title-visibility":"","ast-main-header-display":"","ast-hfb-above-header-display":"","ast-hfb-below-header-display":"","ast-hfb-mobile-header-display":"","site-post-title":"disabled","ast-breadcrumbs-content":"","ast-featured-img":"disabled","footer-sml-layout":"","theme-transparent-header-meta":"","adv-header-id-meta":"","stick-header-meta":"","header-above-stick-meta":"","header-main-stick-meta":"","header-below-stick-meta":"","astra-migrate-meta-layouts":"default","ast-page-background-enabled":"default","ast-page-background-meta":{"desktop":{"background-color":"var(--ast-global-color-5)","background-image":"","background-repeat":"repeat","background-position":"center center","background-size":"auto","background-attachment":"scroll","background-type":"","background-media":"","overlay-type":"","overlay-color":"","overlay-opacity":"","overlay-gradient":""},"tablet":{"background-color":"","background-image":"","background-repeat":"repeat","background-position":"center center","background-size":"auto","background-attachment":"scroll","background-type":"","background-media":"","overlay-type":"","overlay-color":"","overlay-opacity":"","overlay-gradient":""},"mobile":{"background-color":"","background-image":"","background-repeat":"repeat","background-position":"center center","background-size":"auto","background-attachment":"scroll","background-type":"","background-media":"","overlay-type":"","overlay-color":"","overlay-opacity":"","overlay-gradient":""}},"ast-content-background-meta":{"desktop":{"background-color":"var(--ast-global-color-4)","background-image":"","background-repeat":"repeat","background-position":"center center","background-size":"auto","background-attachment":"scroll","background-type":"","background-media":"","overlay-type":"","overlay-color":"","overlay-opacity":"","overlay-gradient":""},"tablet":{"background-color":"var(--ast-global-color-4)","background-image":"","background-repeat":"repeat","background-position":"center center","background-size":"auto","background-attachment":"scroll","background-type":"","background-media":"","overlay-type":"","overlay-color":"","overlay-opacity":"","overlay-gradient":""},"mobile":{"background-color":"var(--ast-global-color-4)","background-image":"","background-repeat":"repeat","background-position":"center center","background-size":"auto","background-attachment":"scroll","background-type":"","background-media":"","overlay-type":"","overlay-color":"","overlay-opacity":"","overlay-gradient":""}},"footnotes":""},"class_list":["post-18","page","type-page","status-publish","hentry"],"yoast_head":"<!-- This site is optimized with the Yoast SEO plugin v26.8 - https:\/\/yoast.com\/product\/yoast-seo-wordpress\/ -->\n<title>Home - Sephora<\/title>\n<meta name=\"robots\" content=\"index, follow, max-snippet:-1, max-image-preview:large, max-video-preview:-1\" \/>\n<link rel=\"canonical\" href=\"http:\/\/wp2.iesagora.es:60011\/sephora\/\" \/>\n<meta property=\"og:locale\" content=\"es_ES\" \/>\n<meta property=\"og:type\" content=\"article\" \/>\n<meta property=\"og:title\" content=\"Home - Sephora\" \/>\n<meta property=\"og:description\" content=\"Hasta -50% The next BIG thing. Descubre la selecci\u00f3n de productos m\u00e1s top del momento de la comunidad de Sephora [&hellip;]\" \/>\n<meta property=\"og:url\" content=\"http:\/\/wp2.iesagora.es:60011\/sephora\/\" \/>\n<meta property=\"og:site_name\" content=\"Sephora\" \/>\n<meta property=\"article:modified_time\" content=\"2025-10-09T10:44:25+00:00\" \/>\n<meta name=\"twitter:card\" content=\"summary_large_image\" \/>\n<meta name=\"twitter:label1\" content=\"Tiempo de lectura\" \/>\n\t<meta name=\"twitter:data1\" content=\"1 minuto\" \/>\n<script type=\"application\/ld+json\" class=\"yoast-schema-graph\">{\"@context\":\"https:\/\/schema.org\",\"@graph\":[{\"@type\":\"WebPage\",\"@id\":\"http:\/\/wp2.iesagora.es:60011\/sephora\/\",\"url\":\"http:\/\/wp2.iesagora.es:60011\/sephora\/\",\"name\":\"Home - Sephora\",\"isPartOf\":{\"@id\":\"http:\/\/wp2.iesagora.es:60011\/sephora\/#website\"},\"datePublished\":\"2025-06-12T19:15:37+00:00\",\"dateModified\":\"2025-10-09T10:44:25+00:00\",\"breadcrumb\":{\"@id\":\"http:\/\/wp2.iesagora.es:60011\/sephora\/#breadcrumb\"},\"inLanguage\":\"es\",\"potentialAction\":[{\"@type\":\"ReadAction\",\"target\":[\"http:\/\/wp2.iesagora.es:60011\/sephora\/\"]}]},{\"@type\":\"BreadcrumbList\",\"@id\":\"http:\/\/wp2.iesagora.es:60011\/sephora\/#breadcrumb\",\"itemListElement\":[{\"@type\":\"ListItem\",\"position\":1,\"name\":\"Portada\",\"item\":\"http:\/\/wp2.iesagora.es:60011\/sephora\/\"},{\"@type\":\"ListItem\",\"position\":2,\"name\":\"Home\"}]},{\"@type\":\"WebSite\",\"@id\":\"http:\/\/wp2.iesagora.es:60011\/sephora\/#website\",\"url\":\"http:\/\/wp2.iesagora.es:60011\/sephora\/\",\"name\":\"Sephora\",\"description\":\"\",\"potentialAction\":[{\"@type\":\"SearchAction\",\"target\":{\"@type\":\"EntryPoint\",\"urlTemplate\":\"http:\/\/wp2.iesagora.es:60011\/sephora\/?s={search_term_string}\"},\"query-input\":{\"@type\":\"PropertyValueSpecification\",\"valueRequired\":true,\"valueName\":\"search_term_string\"}}],\"inLanguage\":\"es\"}]}<\/script>\n<!-- \/ Yoast SEO plugin. -->","yoast_head_json":{"title":"Home - Sephora","robots":{"index":"index","follow":"follow","max-snippet":"max-snippet:-1","max-image-preview":"max-image-preview:large","max-video-preview":"max-video-preview:-1"},"canonical":"http:\/\/wp2.iesagora.es:60011\/sephora\/","og_locale":"es_ES","og_type":"article","og_title":"Home - Sephora","og_description":"Hasta -50% The next BIG thing. Descubre la selecci\u00f3n de productos m\u00e1s top del momento de la comunidad de Sephora [&hellip;]","og_url":"http:\/\/wp2.iesagora.es:60011\/sephora\/","og_site_name":"Sephora","article_modified_time":"2025-10-09T10:44:25+00:00","twitter_card":"summary_large_image","twitter_misc":{"Tiempo de lectura":"1 minuto"},"schema":{"@context":"https:\/\/schema.org","@graph":[{"@type":"WebPage","@id":"http:\/\/wp2.iesagora.es:60011\/sephora\/","url":"http:\/\/wp2.iesagora.es:60011\/sephora\/","name":"Home - Sephora","isPartOf":{"@id":"http:\/\/wp2.iesagora.es:60011\/sephora\/#website"},"datePublished":"2025-06-12T19:15:37+00:00","dateModified":"2025-10-09T10:44:25+00:00","breadcrumb":{"@id":"http:\/\/wp2.iesagora.es:60011\/sephora\/#breadcrumb"},"inLanguage":"es","potentialAction":[{"@type":"ReadAction","target":["http:\/\/wp2.iesagora.es:60011\/sephora\/"]}]},{"@type":"BreadcrumbList","@id":"http:\/\/wp2.iesagora.es:60011\/sephora\/#breadcrumb","itemListElement":[{"@type":"ListItem","position":1,"name":"Portada","item":"http:\/\/wp2.iesagora.es:60011\/sephora\/"},{"@type":"ListItem","position":2,"name":"Home"}]},{"@type":"WebSite","@id":"http:\/\/wp2.iesagora.es:60011\/sephora\/#website","url":"http:\/\/wp2.iesagora.es:60011\/sephora\/","name":"Sephora","description":"","potentialAction":[{"@type":"SearchAction","target":{"@type":"EntryPoint","urlTemplate":"http:\/\/wp2.iesagora.es:60011\/sephora\/?s={search_term_string}"},"query-input":{"@type":"PropertyValueSpecification","valueRequired":true,"valueName":"search_term_string"}}],"inLanguage":"es"}]}},"uagb_featured_image_src":{"full":false,"thumbnail":false,"medium":false,"medium_large":false,"large":false,"1536x1536":false,"2048x2048":false,"woocommerce_thumbnail":false,"woocommerce_single":false,"woocommerce_gallery_thumbnail":false},"uagb_author_info":{"display_name":"mfernandezc80","author_link":"http:\/\/wp2.iesagora.es:60011\/sephora\/author\/mfernandezc80\/"},"uagb_comment_info":0,"uagb_excerpt":"Hasta -50% The next BIG thing. Descubre la selecci\u00f3n de productos m\u00e1s top del momento de la comunidad de Sephora [&hellip;]","_links":{"self":[{"href":"http:\/\/wp2.iesagora.es:60011\/sephora\/wp-json\/wp\/v2\/pages\/18","targetHints":{"allow":["GET"]}}],"collection":[{"href":"http:\/\/wp2.iesagora.es:60011\/sephora\/wp-json\/wp\/v2\/pages"}],"about":[{"href":"http:\/\/wp2.iesagora.es:60011\/sephora\/wp-json\/wp\/v2\/types\/page"}],"author":[{"embeddable":true,"href":"http:\/\/wp2.iesagora.es:60011\/sephora\/wp-json\/wp\/v2\/users\/52"}],"replies":[{"embeddable":true,"href":"http:\/\/wp2.iesagora.es:60011\/sephora\/wp-json\/wp\/v2\/comments?post=18"}],"version-history":[{"count":58,"href":"http:\/\/wp2.iesagora.es:60011\/sephora\/wp-json\/wp\/v2\/pages\/18\/revisions"}],"predecessor-version":[{"id":243,"href":"http:\/\/wp2.iesagora.es:60011\/sephora\/wp-json\/wp\/v2\/pages\/18\/revisions\/243"}],"wp:attachment":[{"href":"http:\/\/wp2.iesagora.es:60011\/sephora\/wp-json\/wp\/v2\/media?parent=18"}],"curies":[{"name":"wp","href":"https:\/\/api.w.org\/{rel}","templated":true}]}}