{"id":55,"date":"2025-01-22T20:05:51","date_gmt":"2025-01-22T19:05:51","guid":{"rendered":"http:\/\/wp2.iesagora.es:60011\/mjimenezv23\/?post_type=product&#038;p=55"},"modified":"2025-01-23T19:19:42","modified_gmt":"2025-01-23T18:19:42","slug":"camiseta-ami-paris","status":"publish","type":"product","link":"http:\/\/wp2.iesagora.es:60011\/mjimenezv23\/producto\/camiseta-ami-paris\/","title":{"rendered":"Camiseta AMI Paris"},"content":{"rendered":"<p>La camiseta<strong> AMI Paris<\/strong> es una prenda que refleja la sofisticaci\u00f3n y el estilo casual propio de la marca francesa, conocida por su enfoque minimalista y moderno. Confeccionada en algod\u00f3n de alta calidad, esta camiseta ofrece un ajuste c\u00f3modo y transpirable, ideal para usar en cualquier ocasi\u00f3n, desde un look diario hasta algo m\u00e1s informal pero con elegancia.<\/p>\n<p>El dise\u00f1o se caracteriza por la discreci\u00f3n de su logotipo, que aparece en el pecho de forma peque\u00f1a y sutil, representando la \u00abA\u00bb de AMI en un estilo limpio y sin exceso de detalles. Esto resalta el enfoque de la marca en la simplicidad, dejando que la calidad de la prenda hable por s\u00ed misma. Su corte es cl\u00e1sico, con mangas cortas y un cuello redondo, lo que la convierte en una opci\u00f3n vers\u00e1til que se puede combinar f\u00e1cilmente con jeans, chinos o incluso prendas m\u00e1s formales.<\/p>\n<p>Disponible en una gama de colores cl\u00e1sicos, la camiseta <strong>AMI Paris<\/strong> es una prenda que exuda elegancia sin esfuerzo. Perfecta para quienes buscan una pieza b\u00e1sica pero con un toque distintivo de alta costura urbana, refleja el esp\u00edritu de la moda parisina contempor\u00e1nea. Ya sea para un look relajado de fin de semana o para un toque de estilo en el d\u00eda a d\u00eda, esta camiseta es un must-have para cualquier guardarropa que aprecie la calidad, el dise\u00f1o minimalista y la moda atemporal.<\/p>\n<p>&nbsp;<\/p>\n","protected":false},"excerpt":{"rendered":"<p>Camiseta <strong>AMI<\/strong> <strong>Par\u00eds<\/strong> en color negro presenta un dise\u00f1o minimalista y moderno, con el ic\u00f3nico logo de la marca en un vibrante tono rojo en el pecho. Hecha de materiales suaves y c\u00f3modos, es una prenda vers\u00e1til que combina estilo y elegancia casual.<\/p>\n","protected":false},"featured_media":56,"comment_status":"open","ping_status":"closed","template":"","meta":{"_uag_custom_page_level_css":"","site-sidebar-layout":"default","site-content-layout":"","ast-site-content-layout":"default","site-content-style":"default","site-sidebar-style":"default","ast-global-header-display":"","ast-banner-title-visibility":"","ast-main-header-display":"","ast-hfb-above-header-display":"","ast-hfb-below-header-display":"","ast-hfb-mobile-header-display":"","site-post-title":"","ast-breadcrumbs-content":"","ast-featured-img":"","footer-sml-layout":"","theme-transparent-header-meta":"default","adv-header-id-meta":"","stick-header-meta":"","header-above-stick-meta":"","header-main-stick-meta":"","header-below-stick-meta":"","astra-migrate-meta-layouts":"set","ast-page-background-enabled":"default","ast-page-background-meta":{"desktop":{"background-color":"var(--ast-global-color-5)","background-image":"","background-repeat":"repeat","background-position":"center center","background-size":"auto","background-attachment":"scroll","background-type":"","background-media":"","overlay-type":"","overlay-color":"","overlay-opacity":"","overlay-gradient":""},"tablet":{"background-color":"","background-image":"","background-repeat":"repeat","background-position":"center center","background-size":"auto","background-attachment":"scroll","background-type":"","background-media":"","overlay-type":"","overlay-color":"","overlay-opacity":"","overlay-gradient":""},"mobile":{"background-color":"","background-image":"","background-repeat":"repeat","background-position":"center center","background-size":"auto","background-attachment":"scroll","background-type":"","background-media":"","overlay-type":"","overlay-color":"","overlay-opacity":"","overlay-gradient":""}},"ast-content-background-meta":{"desktop":{"background-color":"var(--ast-global-color-4)","background-image":"","background-repeat":"repeat","background-position":"center center","background-size":"auto","background-attachment":"scroll","background-type":"","background-media":"","overlay-type":"","overlay-color":"","overlay-opacity":"","overlay-gradient":""},"tablet":{"background-color":"var(--ast-global-color-4)","background-image":"","background-repeat":"repeat","background-position":"center center","background-size":"auto","background-attachment":"scroll","background-type":"","background-media":"","overlay-type":"","overlay-color":"","overlay-opacity":"","overlay-gradient":""},"mobile":{"background-color":"var(--ast-global-color-4)","background-image":"","background-repeat":"repeat","background-position":"center center","background-size":"auto","background-attachment":"scroll","background-type":"","background-media":"","overlay-type":"","overlay-color":"","overlay-opacity":"","overlay-gradient":""}}},"product_brand":[],"product_cat":[16,18],"product_tag":[],"class_list":{"0":"post-55","1":"product","2":"type-product","3":"status-publish","4":"has-post-thumbnail","6":"product_cat-camisetas","7":"product_cat-manga-corta","8":"desktop-align-left","9":"tablet-align-left","10":"mobile-align-left","12":"first","13":"instock","14":"taxable","15":"shipping-taxable","16":"purchasable","17":"product-type-variable"},"yoast_head":"<!-- This site is optimized with the Yoast SEO plugin v26.8 - https:\/\/yoast.com\/product\/yoast-seo-wordpress\/ -->\n<title>Camiseta AMI Paris - ReWear<\/title>\n<meta name=\"robots\" content=\"index, follow, max-snippet:-1, max-image-preview:large, max-video-preview:-1\" \/>\n<link rel=\"canonical\" href=\"http:\/\/wp2.iesagora.es:60011\/mjimenezv23\/producto\/camiseta-ami-paris\/\" \/>\n<meta property=\"og:locale\" content=\"es_ES\" \/>\n<meta property=\"og:type\" content=\"article\" \/>\n<meta property=\"og:title\" content=\"Camiseta AMI Paris - ReWear\" \/>\n<meta property=\"og:description\" content=\"Camiseta AMI Par\u00eds en color negro presenta un dise\u00f1o minimalista y moderno, con el ic\u00f3nico logo de la marca en un vibrante tono rojo en el pecho. Hecha de materiales suaves y c\u00f3modos, es una prenda vers\u00e1til que combina estilo y elegancia casual.\" \/>\n<meta property=\"og:url\" content=\"http:\/\/wp2.iesagora.es:60011\/mjimenezv23\/producto\/camiseta-ami-paris\/\" \/>\n<meta property=\"og:site_name\" content=\"ReWear\" \/>\n<meta property=\"article:modified_time\" content=\"2025-01-23T18:19:42+00:00\" \/>\n<meta property=\"og:image\" content=\"http:\/\/wp2.iesagora.es:60011\/mjimenezv23\/wp-content\/uploads\/sites\/130\/2025\/01\/AMI.png\" \/>\n\t<meta property=\"og:image:width\" content=\"531\" \/>\n\t<meta property=\"og:image:height\" content=\"590\" \/>\n\t<meta property=\"og:image:type\" content=\"image\/png\" \/>\n<meta name=\"twitter:card\" content=\"summary_large_image\" \/>\n<meta name=\"twitter:label1\" content=\"Tiempo de lectura\" \/>\n\t<meta name=\"twitter:data1\" content=\"1 minuto\" \/>\n<script type=\"application\/ld+json\" class=\"yoast-schema-graph\">{\"@context\":\"https:\/\/schema.org\",\"@graph\":[{\"@type\":\"WebPage\",\"@id\":\"http:\/\/wp2.iesagora.es:60011\/mjimenezv23\/producto\/camiseta-ami-paris\/\",\"url\":\"http:\/\/wp2.iesagora.es:60011\/mjimenezv23\/producto\/camiseta-ami-paris\/\",\"name\":\"Camiseta AMI Paris - ReWear\",\"isPartOf\":{\"@id\":\"http:\/\/wp2.iesagora.es:60011\/mjimenezv23\/#website\"},\"primaryImageOfPage\":{\"@id\":\"http:\/\/wp2.iesagora.es:60011\/mjimenezv23\/producto\/camiseta-ami-paris\/#primaryimage\"},\"image\":{\"@id\":\"http:\/\/wp2.iesagora.es:60011\/mjimenezv23\/producto\/camiseta-ami-paris\/#primaryimage\"},\"thumbnailUrl\":\"http:\/\/wp2.iesagora.es:60011\/mjimenezv23\/wp-content\/uploads\/sites\/130\/2025\/01\/AMI.png\",\"datePublished\":\"2025-01-22T19:05:51+00:00\",\"dateModified\":\"2025-01-23T18:19:42+00:00\",\"breadcrumb\":{\"@id\":\"http:\/\/wp2.iesagora.es:60011\/mjimenezv23\/producto\/camiseta-ami-paris\/#breadcrumb\"},\"inLanguage\":\"es\",\"potentialAction\":[{\"@type\":\"ReadAction\",\"target\":[\"http:\/\/wp2.iesagora.es:60011\/mjimenezv23\/producto\/camiseta-ami-paris\/\"]}]},{\"@type\":\"ImageObject\",\"inLanguage\":\"es\",\"@id\":\"http:\/\/wp2.iesagora.es:60011\/mjimenezv23\/producto\/camiseta-ami-paris\/#primaryimage\",\"url\":\"http:\/\/wp2.iesagora.es:60011\/mjimenezv23\/wp-content\/uploads\/sites\/130\/2025\/01\/AMI.png\",\"contentUrl\":\"http:\/\/wp2.iesagora.es:60011\/mjimenezv23\/wp-content\/uploads\/sites\/130\/2025\/01\/AMI.png\",\"width\":531,\"height\":590},{\"@type\":\"BreadcrumbList\",\"@id\":\"http:\/\/wp2.iesagora.es:60011\/mjimenezv23\/producto\/camiseta-ami-paris\/#breadcrumb\",\"itemListElement\":[{\"@type\":\"ListItem\",\"position\":1,\"name\":\"Portada\",\"item\":\"http:\/\/wp2.iesagora.es:60011\/mjimenezv23\/\"},{\"@type\":\"ListItem\",\"position\":2,\"name\":\"Tienda\",\"item\":\"http:\/\/wp2.iesagora.es:60011\/mjimenezv23\/tienda\/\"},{\"@type\":\"ListItem\",\"position\":3,\"name\":\"Camiseta AMI Paris\"}]},{\"@type\":\"WebSite\",\"@id\":\"http:\/\/wp2.iesagora.es:60011\/mjimenezv23\/#website\",\"url\":\"http:\/\/wp2.iesagora.es:60011\/mjimenezv23\/\",\"name\":\"ReWear\",\"description\":\"\",\"publisher\":{\"@id\":\"http:\/\/wp2.iesagora.es:60011\/mjimenezv23\/#organization\"},\"potentialAction\":[{\"@type\":\"SearchAction\",\"target\":{\"@type\":\"EntryPoint\",\"urlTemplate\":\"http:\/\/wp2.iesagora.es:60011\/mjimenezv23\/?s={search_term_string}\"},\"query-input\":{\"@type\":\"PropertyValueSpecification\",\"valueRequired\":true,\"valueName\":\"search_term_string\"}}],\"inLanguage\":\"es\"},{\"@type\":\"Organization\",\"@id\":\"http:\/\/wp2.iesagora.es:60011\/mjimenezv23\/#organization\",\"name\":\"ReWear\",\"url\":\"http:\/\/wp2.iesagora.es:60011\/mjimenezv23\/\",\"logo\":{\"@type\":\"ImageObject\",\"inLanguage\":\"es\",\"@id\":\"http:\/\/wp2.iesagora.es:60011\/mjimenezv23\/#\/schema\/logo\/image\/\",\"url\":\"http:\/\/wp2.iesagora.es:60011\/mjimenezv23\/wp-content\/uploads\/sites\/130\/2025\/03\/cropped-Diseno-sin-titulo.png\",\"contentUrl\":\"http:\/\/wp2.iesagora.es:60011\/mjimenezv23\/wp-content\/uploads\/sites\/130\/2025\/03\/cropped-Diseno-sin-titulo.png\",\"width\":798,\"height\":481,\"caption\":\"ReWear\"},\"image\":{\"@id\":\"http:\/\/wp2.iesagora.es:60011\/mjimenezv23\/#\/schema\/logo\/image\/\"}}]}<\/script>\n<!-- \/ Yoast SEO plugin. -->","yoast_head_json":{"title":"Camiseta AMI Paris - ReWear","robots":{"index":"index","follow":"follow","max-snippet":"max-snippet:-1","max-image-preview":"max-image-preview:large","max-video-preview":"max-video-preview:-1"},"canonical":"http:\/\/wp2.iesagora.es:60011\/mjimenezv23\/producto\/camiseta-ami-paris\/","og_locale":"es_ES","og_type":"article","og_title":"Camiseta AMI Paris - ReWear","og_description":"Camiseta AMI Par\u00eds en color negro presenta un dise\u00f1o minimalista y moderno, con el ic\u00f3nico logo de la marca en un vibrante tono rojo en el pecho. Hecha de materiales suaves y c\u00f3modos, es una prenda vers\u00e1til que combina estilo y elegancia casual.","og_url":"http:\/\/wp2.iesagora.es:60011\/mjimenezv23\/producto\/camiseta-ami-paris\/","og_site_name":"ReWear","article_modified_time":"2025-01-23T18:19:42+00:00","og_image":[{"width":531,"height":590,"url":"http:\/\/wp2.iesagora.es:60011\/mjimenezv23\/wp-content\/uploads\/sites\/130\/2025\/01\/AMI.png","type":"image\/png"}],"twitter_card":"summary_large_image","twitter_misc":{"Tiempo de lectura":"1 minuto"},"schema":{"@context":"https:\/\/schema.org","@graph":[{"@type":"WebPage","@id":"http:\/\/wp2.iesagora.es:60011\/mjimenezv23\/producto\/camiseta-ami-paris\/","url":"http:\/\/wp2.iesagora.es:60011\/mjimenezv23\/producto\/camiseta-ami-paris\/","name":"Camiseta AMI Paris - ReWear","isPartOf":{"@id":"http:\/\/wp2.iesagora.es:60011\/mjimenezv23\/#website"},"primaryImageOfPage":{"@id":"http:\/\/wp2.iesagora.es:60011\/mjimenezv23\/producto\/camiseta-ami-paris\/#primaryimage"},"image":{"@id":"http:\/\/wp2.iesagora.es:60011\/mjimenezv23\/producto\/camiseta-ami-paris\/#primaryimage"},"thumbnailUrl":"http:\/\/wp2.iesagora.es:60011\/mjimenezv23\/wp-content\/uploads\/sites\/130\/2025\/01\/AMI.png","datePublished":"2025-01-22T19:05:51+00:00","dateModified":"2025-01-23T18:19:42+00:00","breadcrumb":{"@id":"http:\/\/wp2.iesagora.es:60011\/mjimenezv23\/producto\/camiseta-ami-paris\/#breadcrumb"},"inLanguage":"es","potentialAction":[{"@type":"ReadAction","target":["http:\/\/wp2.iesagora.es:60011\/mjimenezv23\/producto\/camiseta-ami-paris\/"]}]},{"@type":"ImageObject","inLanguage":"es","@id":"http:\/\/wp2.iesagora.es:60011\/mjimenezv23\/producto\/camiseta-ami-paris\/#primaryimage","url":"http:\/\/wp2.iesagora.es:60011\/mjimenezv23\/wp-content\/uploads\/sites\/130\/2025\/01\/AMI.png","contentUrl":"http:\/\/wp2.iesagora.es:60011\/mjimenezv23\/wp-content\/uploads\/sites\/130\/2025\/01\/AMI.png","width":531,"height":590},{"@type":"BreadcrumbList","@id":"http:\/\/wp2.iesagora.es:60011\/mjimenezv23\/producto\/camiseta-ami-paris\/#breadcrumb","itemListElement":[{"@type":"ListItem","position":1,"name":"Portada","item":"http:\/\/wp2.iesagora.es:60011\/mjimenezv23\/"},{"@type":"ListItem","position":2,"name":"Tienda","item":"http:\/\/wp2.iesagora.es:60011\/mjimenezv23\/tienda\/"},{"@type":"ListItem","position":3,"name":"Camiseta AMI Paris"}]},{"@type":"WebSite","@id":"http:\/\/wp2.iesagora.es:60011\/mjimenezv23\/#website","url":"http:\/\/wp2.iesagora.es:60011\/mjimenezv23\/","name":"ReWear","description":"","publisher":{"@id":"http:\/\/wp2.iesagora.es:60011\/mjimenezv23\/#organization"},"potentialAction":[{"@type":"SearchAction","target":{"@type":"EntryPoint","urlTemplate":"http:\/\/wp2.iesagora.es:60011\/mjimenezv23\/?s={search_term_string}"},"query-input":{"@type":"PropertyValueSpecification","valueRequired":true,"valueName":"search_term_string"}}],"inLanguage":"es"},{"@type":"Organization","@id":"http:\/\/wp2.iesagora.es:60011\/mjimenezv23\/#organization","name":"ReWear","url":"http:\/\/wp2.iesagora.es:60011\/mjimenezv23\/","logo":{"@type":"ImageObject","inLanguage":"es","@id":"http:\/\/wp2.iesagora.es:60011\/mjimenezv23\/#\/schema\/logo\/image\/","url":"http:\/\/wp2.iesagora.es:60011\/mjimenezv23\/wp-content\/uploads\/sites\/130\/2025\/03\/cropped-Diseno-sin-titulo.png","contentUrl":"http:\/\/wp2.iesagora.es:60011\/mjimenezv23\/wp-content\/uploads\/sites\/130\/2025\/03\/cropped-Diseno-sin-titulo.png","width":798,"height":481,"caption":"ReWear"},"image":{"@id":"http:\/\/wp2.iesagora.es:60011\/mjimenezv23\/#\/schema\/logo\/image\/"}}]}},"uagb_featured_image_src":{"full":["http:\/\/wp2.iesagora.es:60011\/mjimenezv23\/wp-content\/uploads\/sites\/130\/2025\/01\/AMI.png",531,590,false],"thumbnail":["http:\/\/wp2.iesagora.es:60011\/mjimenezv23\/wp-content\/uploads\/sites\/130\/2025\/01\/AMI-150x150.png",150,150,true],"medium":["http:\/\/wp2.iesagora.es:60011\/mjimenezv23\/wp-content\/uploads\/sites\/130\/2025\/01\/AMI-270x300.png",270,300,true],"medium_large":["http:\/\/wp2.iesagora.es:60011\/mjimenezv23\/wp-content\/uploads\/sites\/130\/2025\/01\/AMI.png",531,590,false],"large":["http:\/\/wp2.iesagora.es:60011\/mjimenezv23\/wp-content\/uploads\/sites\/130\/2025\/01\/AMI.png",531,590,false],"1536x1536":["http:\/\/wp2.iesagora.es:60011\/mjimenezv23\/wp-content\/uploads\/sites\/130\/2025\/01\/AMI.png",531,590,false],"2048x2048":["http:\/\/wp2.iesagora.es:60011\/mjimenezv23\/wp-content\/uploads\/sites\/130\/2025\/01\/AMI.png",531,590,false],"woocommerce_thumbnail":["http:\/\/wp2.iesagora.es:60011\/mjimenezv23\/wp-content\/uploads\/sites\/130\/2025\/01\/AMI-300x300.png",300,300,true],"woocommerce_single":["http:\/\/wp2.iesagora.es:60011\/mjimenezv23\/wp-content\/uploads\/sites\/130\/2025\/01\/AMI.png",531,590,false],"woocommerce_gallery_thumbnail":["http:\/\/wp2.iesagora.es:60011\/mjimenezv23\/wp-content\/uploads\/sites\/130\/2025\/01\/AMI-100x100.png",100,100,true]},"uagb_author_info":{"display_name":"mjimenezv23","author_link":"http:\/\/wp2.iesagora.es:60011\/mjimenezv23\/author\/"},"uagb_comment_info":0,"uagb_excerpt":"Camiseta AMI Par\u00eds en color negro presenta un dise\u00f1o minimalista y moderno, con el ic\u00f3nico logo de la marca en un vibrante tono rojo en el pecho. Hecha de materiales suaves y c\u00f3modos, es una prenda vers\u00e1til que combina estilo y elegancia casual.","_links":{"self":[{"href":"http:\/\/wp2.iesagora.es:60011\/mjimenezv23\/wp-json\/wp\/v2\/product\/55","targetHints":{"allow":["GET"]}}],"collection":[{"href":"http:\/\/wp2.iesagora.es:60011\/mjimenezv23\/wp-json\/wp\/v2\/product"}],"about":[{"href":"http:\/\/wp2.iesagora.es:60011\/mjimenezv23\/wp-json\/wp\/v2\/types\/product"}],"replies":[{"embeddable":true,"href":"http:\/\/wp2.iesagora.es:60011\/mjimenezv23\/wp-json\/wp\/v2\/comments?post=55"}],"wp:featuredmedia":[{"embeddable":true,"href":"http:\/\/wp2.iesagora.es:60011\/mjimenezv23\/wp-json\/wp\/v2\/media\/56"}],"wp:attachment":[{"href":"http:\/\/wp2.iesagora.es:60011\/mjimenezv23\/wp-json\/wp\/v2\/media?parent=55"}],"wp:term":[{"taxonomy":"product_brand","embeddable":true,"href":"http:\/\/wp2.iesagora.es:60011\/mjimenezv23\/wp-json\/wp\/v2\/product_brand?post=55"},{"taxonomy":"product_cat","embeddable":true,"href":"http:\/\/wp2.iesagora.es:60011\/mjimenezv23\/wp-json\/wp\/v2\/product_cat?post=55"},{"taxonomy":"product_tag","embeddable":true,"href":"http:\/\/wp2.iesagora.es:60011\/mjimenezv23\/wp-json\/wp\/v2\/product_tag?post=55"}],"curies":[{"name":"wp","href":"https:\/\/api.w.org\/{rel}","templated":true}]}}