{"id":347,"date":"2025-03-14T10:47:03","date_gmt":"2025-03-14T09:47:03","guid":{"rendered":"http:\/\/wp2.iesagora.es:60011\/mjimenezv23\/?post_type=product&#038;p=347"},"modified":"2025-03-14T10:50:37","modified_gmt":"2025-03-14T09:50:37","slug":"jersey-ralph-lauren","status":"publish","type":"product","link":"http:\/\/wp2.iesagora.es:60011\/mjimenezv23\/producto\/jersey-ralph-lauren\/","title":{"rendered":"Jersey Ralph Lauren"},"content":{"rendered":"<p>Este jersey de<strong> Ralph Lauren<\/strong> combina calidez, comodidad y estilo en una prenda imprescindible. Confeccionado en lana de alta calidad, ofrece una textura suave y un ajuste c\u00f3modo que se adapta a cualquier ocasi\u00f3n. Su dise\u00f1o cl\u00e1sico y vers\u00e1til permite combinarlo f\u00e1cilmente con camisas, pantalones de vestir o jeans, logrando un look c\u00f3modo y moderno. El emblem\u00e1tico logo del caballo bordado en el pecho a\u00f1ade un toque distintivo de elegancia. Disponible en diversos colores, es una opci\u00f3n perfecta para quienes buscan una prenda duradera y refinada con el sello inconfundible de <strong>Ralph Lauren.<\/strong><\/p>\n","protected":false},"excerpt":{"rendered":"<p>Este jersey de Ralph Lauren combina calidez, comodidad y estilo en una prenda imprescindible. Confeccionado en lana de alta calidad, [&hellip;]<\/p>\n","protected":false},"featured_media":348,"comment_status":"open","ping_status":"closed","template":"","meta":{"_uag_custom_page_level_css":"","site-sidebar-layout":"default","site-content-layout":"","ast-site-content-layout":"default","site-content-style":"default","site-sidebar-style":"default","ast-global-header-display":"","ast-banner-title-visibility":"","ast-main-header-display":"","ast-hfb-above-header-display":"","ast-hfb-below-header-display":"","ast-hfb-mobile-header-display":"","site-post-title":"","ast-breadcrumbs-content":"","ast-featured-img":"","footer-sml-layout":"","theme-transparent-header-meta":"default","adv-header-id-meta":"","stick-header-meta":"","header-above-stick-meta":"","header-main-stick-meta":"","header-below-stick-meta":"","astra-migrate-meta-layouts":"set","ast-page-background-enabled":"default","ast-page-background-meta":{"desktop":{"background-color":"var(--ast-global-color-5)","background-image":"","background-repeat":"repeat","background-position":"center center","background-size":"auto","background-attachment":"scroll","background-type":"","background-media":"","overlay-type":"","overlay-color":"","overlay-opacity":"","overlay-gradient":""},"tablet":{"background-color":"","background-image":"","background-repeat":"repeat","background-position":"center center","background-size":"auto","background-attachment":"scroll","background-type":"","background-media":"","overlay-type":"","overlay-color":"","overlay-opacity":"","overlay-gradient":""},"mobile":{"background-color":"","background-image":"","background-repeat":"repeat","background-position":"center center","background-size":"auto","background-attachment":"scroll","background-type":"","background-media":"","overlay-type":"","overlay-color":"","overlay-opacity":"","overlay-gradient":""}},"ast-content-background-meta":{"desktop":{"background-color":"var(--ast-global-color-4)","background-image":"","background-repeat":"repeat","background-position":"center center","background-size":"auto","background-attachment":"scroll","background-type":"","background-media":"","overlay-type":"","overlay-color":"","overlay-opacity":"","overlay-gradient":""},"tablet":{"background-color":"var(--ast-global-color-4)","background-image":"","background-repeat":"repeat","background-position":"center center","background-size":"auto","background-attachment":"scroll","background-type":"","background-media":"","overlay-type":"","overlay-color":"","overlay-opacity":"","overlay-gradient":""},"mobile":{"background-color":"var(--ast-global-color-4)","background-image":"","background-repeat":"repeat","background-position":"center center","background-size":"auto","background-attachment":"scroll","background-type":"","background-media":"","overlay-type":"","overlay-color":"","overlay-opacity":"","overlay-gradient":""}}},"product_brand":[],"product_cat":[50],"product_tag":[],"class_list":{"0":"post-347","1":"product","2":"type-product","3":"status-publish","4":"has-post-thumbnail","6":"product_cat-jerseys","7":"desktop-align-left","8":"tablet-align-left","9":"mobile-align-left","11":"first","12":"instock","13":"taxable","14":"shipping-taxable","15":"purchasable","16":"product-type-variable"},"yoast_head":"<!-- This site is optimized with the Yoast SEO plugin v26.8 - https:\/\/yoast.com\/product\/yoast-seo-wordpress\/ -->\n<title>Jersey Ralph Lauren - ReWear<\/title>\n<meta name=\"robots\" content=\"index, follow, max-snippet:-1, max-image-preview:large, max-video-preview:-1\" \/>\n<link rel=\"canonical\" href=\"http:\/\/wp2.iesagora.es:60011\/mjimenezv23\/producto\/jersey-ralph-lauren\/\" \/>\n<meta property=\"og:locale\" content=\"es_ES\" \/>\n<meta property=\"og:type\" content=\"article\" \/>\n<meta property=\"og:title\" content=\"Jersey Ralph Lauren - ReWear\" \/>\n<meta property=\"og:description\" content=\"Este jersey de Ralph Lauren combina calidez, comodidad y estilo en una prenda imprescindible. Confeccionado en lana de alta calidad, [&hellip;]\" \/>\n<meta property=\"og:url\" content=\"http:\/\/wp2.iesagora.es:60011\/mjimenezv23\/producto\/jersey-ralph-lauren\/\" \/>\n<meta property=\"og:site_name\" content=\"ReWear\" \/>\n<meta property=\"article:modified_time\" content=\"2025-03-14T09:50:37+00:00\" \/>\n<meta property=\"og:image\" content=\"http:\/\/wp2.iesagora.es:60011\/mjimenezv23\/wp-content\/uploads\/sites\/130\/2025\/03\/Diseno-sin-titulo-4.png\" \/>\n\t<meta property=\"og:image:width\" content=\"550\" \/>\n\t<meta property=\"og:image:height\" content=\"550\" \/>\n\t<meta property=\"og:image:type\" content=\"image\/png\" \/>\n<meta name=\"twitter:card\" content=\"summary_large_image\" \/>\n<meta name=\"twitter:label1\" content=\"Tiempo de lectura\" \/>\n\t<meta name=\"twitter:data1\" content=\"1 minuto\" \/>\n<script type=\"application\/ld+json\" class=\"yoast-schema-graph\">{\"@context\":\"https:\/\/schema.org\",\"@graph\":[{\"@type\":\"WebPage\",\"@id\":\"http:\/\/wp2.iesagora.es:60011\/mjimenezv23\/producto\/jersey-ralph-lauren\/\",\"url\":\"http:\/\/wp2.iesagora.es:60011\/mjimenezv23\/producto\/jersey-ralph-lauren\/\",\"name\":\"Jersey Ralph Lauren - ReWear\",\"isPartOf\":{\"@id\":\"http:\/\/wp2.iesagora.es:60011\/mjimenezv23\/#website\"},\"primaryImageOfPage\":{\"@id\":\"http:\/\/wp2.iesagora.es:60011\/mjimenezv23\/producto\/jersey-ralph-lauren\/#primaryimage\"},\"image\":{\"@id\":\"http:\/\/wp2.iesagora.es:60011\/mjimenezv23\/producto\/jersey-ralph-lauren\/#primaryimage\"},\"thumbnailUrl\":\"http:\/\/wp2.iesagora.es:60011\/mjimenezv23\/wp-content\/uploads\/sites\/130\/2025\/03\/Diseno-sin-titulo-4.png\",\"datePublished\":\"2025-03-14T09:47:03+00:00\",\"dateModified\":\"2025-03-14T09:50:37+00:00\",\"breadcrumb\":{\"@id\":\"http:\/\/wp2.iesagora.es:60011\/mjimenezv23\/producto\/jersey-ralph-lauren\/#breadcrumb\"},\"inLanguage\":\"es\",\"potentialAction\":[{\"@type\":\"ReadAction\",\"target\":[\"http:\/\/wp2.iesagora.es:60011\/mjimenezv23\/producto\/jersey-ralph-lauren\/\"]}]},{\"@type\":\"ImageObject\",\"inLanguage\":\"es\",\"@id\":\"http:\/\/wp2.iesagora.es:60011\/mjimenezv23\/producto\/jersey-ralph-lauren\/#primaryimage\",\"url\":\"http:\/\/wp2.iesagora.es:60011\/mjimenezv23\/wp-content\/uploads\/sites\/130\/2025\/03\/Diseno-sin-titulo-4.png\",\"contentUrl\":\"http:\/\/wp2.iesagora.es:60011\/mjimenezv23\/wp-content\/uploads\/sites\/130\/2025\/03\/Diseno-sin-titulo-4.png\",\"width\":550,\"height\":550},{\"@type\":\"BreadcrumbList\",\"@id\":\"http:\/\/wp2.iesagora.es:60011\/mjimenezv23\/producto\/jersey-ralph-lauren\/#breadcrumb\",\"itemListElement\":[{\"@type\":\"ListItem\",\"position\":1,\"name\":\"Portada\",\"item\":\"http:\/\/wp2.iesagora.es:60011\/mjimenezv23\/\"},{\"@type\":\"ListItem\",\"position\":2,\"name\":\"Tienda\",\"item\":\"http:\/\/wp2.iesagora.es:60011\/mjimenezv23\/tienda\/\"},{\"@type\":\"ListItem\",\"position\":3,\"name\":\"Jersey Ralph Lauren\"}]},{\"@type\":\"WebSite\",\"@id\":\"http:\/\/wp2.iesagora.es:60011\/mjimenezv23\/#website\",\"url\":\"http:\/\/wp2.iesagora.es:60011\/mjimenezv23\/\",\"name\":\"ReWear\",\"description\":\"\",\"publisher\":{\"@id\":\"http:\/\/wp2.iesagora.es:60011\/mjimenezv23\/#organization\"},\"potentialAction\":[{\"@type\":\"SearchAction\",\"target\":{\"@type\":\"EntryPoint\",\"urlTemplate\":\"http:\/\/wp2.iesagora.es:60011\/mjimenezv23\/?s={search_term_string}\"},\"query-input\":{\"@type\":\"PropertyValueSpecification\",\"valueRequired\":true,\"valueName\":\"search_term_string\"}}],\"inLanguage\":\"es\"},{\"@type\":\"Organization\",\"@id\":\"http:\/\/wp2.iesagora.es:60011\/mjimenezv23\/#organization\",\"name\":\"ReWear\",\"url\":\"http:\/\/wp2.iesagora.es:60011\/mjimenezv23\/\",\"logo\":{\"@type\":\"ImageObject\",\"inLanguage\":\"es\",\"@id\":\"http:\/\/wp2.iesagora.es:60011\/mjimenezv23\/#\/schema\/logo\/image\/\",\"url\":\"http:\/\/wp2.iesagora.es:60011\/mjimenezv23\/wp-content\/uploads\/sites\/130\/2025\/03\/cropped-Diseno-sin-titulo.png\",\"contentUrl\":\"http:\/\/wp2.iesagora.es:60011\/mjimenezv23\/wp-content\/uploads\/sites\/130\/2025\/03\/cropped-Diseno-sin-titulo.png\",\"width\":798,\"height\":481,\"caption\":\"ReWear\"},\"image\":{\"@id\":\"http:\/\/wp2.iesagora.es:60011\/mjimenezv23\/#\/schema\/logo\/image\/\"}}]}<\/script>\n<!-- \/ Yoast SEO plugin. -->","yoast_head_json":{"title":"Jersey Ralph Lauren - ReWear","robots":{"index":"index","follow":"follow","max-snippet":"max-snippet:-1","max-image-preview":"max-image-preview:large","max-video-preview":"max-video-preview:-1"},"canonical":"http:\/\/wp2.iesagora.es:60011\/mjimenezv23\/producto\/jersey-ralph-lauren\/","og_locale":"es_ES","og_type":"article","og_title":"Jersey Ralph Lauren - ReWear","og_description":"Este jersey de Ralph Lauren combina calidez, comodidad y estilo en una prenda imprescindible. Confeccionado en lana de alta calidad, [&hellip;]","og_url":"http:\/\/wp2.iesagora.es:60011\/mjimenezv23\/producto\/jersey-ralph-lauren\/","og_site_name":"ReWear","article_modified_time":"2025-03-14T09:50:37+00:00","og_image":[{"width":550,"height":550,"url":"http:\/\/wp2.iesagora.es:60011\/mjimenezv23\/wp-content\/uploads\/sites\/130\/2025\/03\/Diseno-sin-titulo-4.png","type":"image\/png"}],"twitter_card":"summary_large_image","twitter_misc":{"Tiempo de lectura":"1 minuto"},"schema":{"@context":"https:\/\/schema.org","@graph":[{"@type":"WebPage","@id":"http:\/\/wp2.iesagora.es:60011\/mjimenezv23\/producto\/jersey-ralph-lauren\/","url":"http:\/\/wp2.iesagora.es:60011\/mjimenezv23\/producto\/jersey-ralph-lauren\/","name":"Jersey Ralph Lauren - ReWear","isPartOf":{"@id":"http:\/\/wp2.iesagora.es:60011\/mjimenezv23\/#website"},"primaryImageOfPage":{"@id":"http:\/\/wp2.iesagora.es:60011\/mjimenezv23\/producto\/jersey-ralph-lauren\/#primaryimage"},"image":{"@id":"http:\/\/wp2.iesagora.es:60011\/mjimenezv23\/producto\/jersey-ralph-lauren\/#primaryimage"},"thumbnailUrl":"http:\/\/wp2.iesagora.es:60011\/mjimenezv23\/wp-content\/uploads\/sites\/130\/2025\/03\/Diseno-sin-titulo-4.png","datePublished":"2025-03-14T09:47:03+00:00","dateModified":"2025-03-14T09:50:37+00:00","breadcrumb":{"@id":"http:\/\/wp2.iesagora.es:60011\/mjimenezv23\/producto\/jersey-ralph-lauren\/#breadcrumb"},"inLanguage":"es","potentialAction":[{"@type":"ReadAction","target":["http:\/\/wp2.iesagora.es:60011\/mjimenezv23\/producto\/jersey-ralph-lauren\/"]}]},{"@type":"ImageObject","inLanguage":"es","@id":"http:\/\/wp2.iesagora.es:60011\/mjimenezv23\/producto\/jersey-ralph-lauren\/#primaryimage","url":"http:\/\/wp2.iesagora.es:60011\/mjimenezv23\/wp-content\/uploads\/sites\/130\/2025\/03\/Diseno-sin-titulo-4.png","contentUrl":"http:\/\/wp2.iesagora.es:60011\/mjimenezv23\/wp-content\/uploads\/sites\/130\/2025\/03\/Diseno-sin-titulo-4.png","width":550,"height":550},{"@type":"BreadcrumbList","@id":"http:\/\/wp2.iesagora.es:60011\/mjimenezv23\/producto\/jersey-ralph-lauren\/#breadcrumb","itemListElement":[{"@type":"ListItem","position":1,"name":"Portada","item":"http:\/\/wp2.iesagora.es:60011\/mjimenezv23\/"},{"@type":"ListItem","position":2,"name":"Tienda","item":"http:\/\/wp2.iesagora.es:60011\/mjimenezv23\/tienda\/"},{"@type":"ListItem","position":3,"name":"Jersey Ralph Lauren"}]},{"@type":"WebSite","@id":"http:\/\/wp2.iesagora.es:60011\/mjimenezv23\/#website","url":"http:\/\/wp2.iesagora.es:60011\/mjimenezv23\/","name":"ReWear","description":"","publisher":{"@id":"http:\/\/wp2.iesagora.es:60011\/mjimenezv23\/#organization"},"potentialAction":[{"@type":"SearchAction","target":{"@type":"EntryPoint","urlTemplate":"http:\/\/wp2.iesagora.es:60011\/mjimenezv23\/?s={search_term_string}"},"query-input":{"@type":"PropertyValueSpecification","valueRequired":true,"valueName":"search_term_string"}}],"inLanguage":"es"},{"@type":"Organization","@id":"http:\/\/wp2.iesagora.es:60011\/mjimenezv23\/#organization","name":"ReWear","url":"http:\/\/wp2.iesagora.es:60011\/mjimenezv23\/","logo":{"@type":"ImageObject","inLanguage":"es","@id":"http:\/\/wp2.iesagora.es:60011\/mjimenezv23\/#\/schema\/logo\/image\/","url":"http:\/\/wp2.iesagora.es:60011\/mjimenezv23\/wp-content\/uploads\/sites\/130\/2025\/03\/cropped-Diseno-sin-titulo.png","contentUrl":"http:\/\/wp2.iesagora.es:60011\/mjimenezv23\/wp-content\/uploads\/sites\/130\/2025\/03\/cropped-Diseno-sin-titulo.png","width":798,"height":481,"caption":"ReWear"},"image":{"@id":"http:\/\/wp2.iesagora.es:60011\/mjimenezv23\/#\/schema\/logo\/image\/"}}]}},"uagb_featured_image_src":{"full":["http:\/\/wp2.iesagora.es:60011\/mjimenezv23\/wp-content\/uploads\/sites\/130\/2025\/03\/Diseno-sin-titulo-4.png",550,550,false],"thumbnail":["http:\/\/wp2.iesagora.es:60011\/mjimenezv23\/wp-content\/uploads\/sites\/130\/2025\/03\/Diseno-sin-titulo-4-150x150.png",150,150,true],"medium":["http:\/\/wp2.iesagora.es:60011\/mjimenezv23\/wp-content\/uploads\/sites\/130\/2025\/03\/Diseno-sin-titulo-4-300x300.png",300,300,true],"medium_large":["http:\/\/wp2.iesagora.es:60011\/mjimenezv23\/wp-content\/uploads\/sites\/130\/2025\/03\/Diseno-sin-titulo-4.png",550,550,false],"large":["http:\/\/wp2.iesagora.es:60011\/mjimenezv23\/wp-content\/uploads\/sites\/130\/2025\/03\/Diseno-sin-titulo-4.png",550,550,false],"1536x1536":["http:\/\/wp2.iesagora.es:60011\/mjimenezv23\/wp-content\/uploads\/sites\/130\/2025\/03\/Diseno-sin-titulo-4.png",550,550,false],"2048x2048":["http:\/\/wp2.iesagora.es:60011\/mjimenezv23\/wp-content\/uploads\/sites\/130\/2025\/03\/Diseno-sin-titulo-4.png",550,550,false],"woocommerce_thumbnail":["http:\/\/wp2.iesagora.es:60011\/mjimenezv23\/wp-content\/uploads\/sites\/130\/2025\/03\/Diseno-sin-titulo-4-300x300.png",300,300,true],"woocommerce_single":["http:\/\/wp2.iesagora.es:60011\/mjimenezv23\/wp-content\/uploads\/sites\/130\/2025\/03\/Diseno-sin-titulo-4.png",550,550,false],"woocommerce_gallery_thumbnail":["http:\/\/wp2.iesagora.es:60011\/mjimenezv23\/wp-content\/uploads\/sites\/130\/2025\/03\/Diseno-sin-titulo-4-100x100.png",100,100,true]},"uagb_author_info":{"display_name":"mjimenezv23","author_link":"http:\/\/wp2.iesagora.es:60011\/mjimenezv23\/author\/"},"uagb_comment_info":0,"uagb_excerpt":"Este jersey de Ralph Lauren combina calidez, comodidad y estilo en una prenda imprescindible. Confeccionado en lana de alta calidad, [&hellip;]","_links":{"self":[{"href":"http:\/\/wp2.iesagora.es:60011\/mjimenezv23\/wp-json\/wp\/v2\/product\/347","targetHints":{"allow":["GET"]}}],"collection":[{"href":"http:\/\/wp2.iesagora.es:60011\/mjimenezv23\/wp-json\/wp\/v2\/product"}],"about":[{"href":"http:\/\/wp2.iesagora.es:60011\/mjimenezv23\/wp-json\/wp\/v2\/types\/product"}],"replies":[{"embeddable":true,"href":"http:\/\/wp2.iesagora.es:60011\/mjimenezv23\/wp-json\/wp\/v2\/comments?post=347"}],"wp:featuredmedia":[{"embeddable":true,"href":"http:\/\/wp2.iesagora.es:60011\/mjimenezv23\/wp-json\/wp\/v2\/media\/348"}],"wp:attachment":[{"href":"http:\/\/wp2.iesagora.es:60011\/mjimenezv23\/wp-json\/wp\/v2\/media?parent=347"}],"wp:term":[{"taxonomy":"product_brand","embeddable":true,"href":"http:\/\/wp2.iesagora.es:60011\/mjimenezv23\/wp-json\/wp\/v2\/product_brand?post=347"},{"taxonomy":"product_cat","embeddable":true,"href":"http:\/\/wp2.iesagora.es:60011\/mjimenezv23\/wp-json\/wp\/v2\/product_cat?post=347"},{"taxonomy":"product_tag","embeddable":true,"href":"http:\/\/wp2.iesagora.es:60011\/mjimenezv23\/wp-json\/wp\/v2\/product_tag?post=347"}],"curies":[{"name":"wp","href":"https:\/\/api.w.org\/{rel}","templated":true}]}}