{"id":91,"date":"2025-01-23T19:56:59","date_gmt":"2025-01-23T18:56:59","guid":{"rendered":"http:\/\/wp2.iesagora.es:60011\/mgriverap01\/?post_type=product&#038;p=91"},"modified":"2025-03-14T02:10:01","modified_gmt":"2025-03-14T01:10:01","slug":"peluche-de-tigre-zarpi-tigre-de-zafiro","status":"publish","type":"product","link":"http:\/\/wp2.iesagora.es:60011\/mgriverap01\/producto\/peluche-de-tigre-zarpi-tigre-de-zafiro\/","title":{"rendered":"Zarpi"},"content":{"rendered":"<p data-start=\"135\" data-end=\"638\"><strong data-start=\"135\" data-end=\"176\">Zarpi es un adorable tigre de peluche<\/strong>, el compa\u00f1ero perfecto para todas las aventuras, tanto en el mundo real como en la imaginaci\u00f3n. Este simp\u00e1tico y carism\u00e1tico personaje trae <strong data-start=\"317\" data-end=\"340\">diversi\u00f3n y ternura<\/strong> a tu d\u00eda, convirti\u00e9ndose r\u00e1pidamente en un amigo inseparable. Con su <strong data-start=\"410\" data-end=\"426\">suave pelaje<\/strong> y su <strong data-start=\"432\" data-end=\"460\">encantadora personalidad<\/strong>, Zarpi no solo es un peluche, sino tambi\u00e9n un compa\u00f1ero lleno de alegr\u00eda que siempre estar\u00e1 a tu lado, ya sea para abrazarlo o para hacer que cualquier momento sea m\u00e1s especial.<\/p>\n<p data-start=\"640\" data-end=\"1143\">La <strong data-start=\"643\" data-end=\"668\">suavidad de su pelaje<\/strong> hace que este tigre de peluche sea perfecto para abrazar. Cada parte de su cuerpo est\u00e1 dise\u00f1ada para ofrecer una experiencia acogedora, brindando consuelo y felicidad a los que lo cuidan. Zarpi es ideal tanto para los m\u00e1s peque\u00f1os como para los adultos que buscan a\u00f1adir un toque de ternura y <strong data-start=\"962\" data-end=\"975\">diversi\u00f3n<\/strong> a su d\u00eda a d\u00eda. Su tama\u00f1o y dise\u00f1o permiten que sea f\u00e1cil de llevar a todas partes, acompa\u00f1\u00e1ndote en viajes, juegos o simplemente durante momentos de descanso en casa.<\/p>\n<p data-start=\"1145\" data-end=\"1605\">Este <strong data-start=\"1150\" data-end=\"1170\">peluche de tigre<\/strong> no solo es perfecto para abrazar, sino que tambi\u00e9n es una excelente opci\u00f3n para quienes disfrutan de coleccionar peluches \u00fanicos. <strong data-start=\"1301\" data-end=\"1310\">Zarpi<\/strong> es un regalo ideal para aquellos que aman los animales y aprecian la calidad en los peluches, ya que cada detalle est\u00e1 cuidadosamente hecho para reflejar su carisma y simpat\u00eda. Su presencia aportar\u00e1 <strong data-start=\"1510\" data-end=\"1531\">calidez y alegr\u00eda<\/strong> a cualquier espacio, convirti\u00e9ndose en el centro de atenci\u00f3n en tu hogar.<\/p>\n<p data-start=\"1607\" data-end=\"1802\" data-is-last-node=\"\" data-is-only-node=\"\"><strong data-start=\"1607\" data-end=\"1670\">\u00a1Ll\u00e9valo a casa y comparte momentos inolvidables con Zarpi!<\/strong> Este peluche de tigre te har\u00e1 sonre\u00edr y disfrutar de su compa\u00f1\u00eda en todo momento, ofreci\u00e9ndote <strong data-start=\"1766\" data-end=\"1789\">ternura y diversi\u00f3n<\/strong> a cada paso.<\/p>\n","protected":false},"excerpt":{"rendered":"<p><span id=\"productTitle\" class=\"a-size-large product-title-word-break\">Animal de peluche tigre,\u00a0 lindo y suave, perfecto para todos (Zafiro World)<\/span><\/p>\n","protected":false},"featured_media":92,"comment_status":"open","ping_status":"closed","template":"","meta":{"_uag_custom_page_level_css":"","site-sidebar-layout":"default","site-content-layout":"","ast-site-content-layout":"default","site-content-style":"default","site-sidebar-style":"default","ast-global-header-display":"","ast-banner-title-visibility":"","ast-main-header-display":"","ast-hfb-above-header-display":"","ast-hfb-below-header-display":"","ast-hfb-mobile-header-display":"","site-post-title":"","ast-breadcrumbs-content":"","ast-featured-img":"","footer-sml-layout":"","theme-transparent-header-meta":"default","adv-header-id-meta":"","stick-header-meta":"","header-above-stick-meta":"","header-main-stick-meta":"","header-below-stick-meta":"","astra-migrate-meta-layouts":"set","ast-page-background-enabled":"default","ast-page-background-meta":{"desktop":{"background-color":"var(--ast-global-color-5)","background-image":"","background-repeat":"repeat","background-position":"center center","background-size":"auto","background-attachment":"scroll","background-type":"","background-media":"","overlay-type":"","overlay-color":"","overlay-opacity":"","overlay-gradient":""},"tablet":{"background-color":"","background-image":"","background-repeat":"repeat","background-position":"center center","background-size":"auto","background-attachment":"scroll","background-type":"","background-media":"","overlay-type":"","overlay-color":"","overlay-opacity":"","overlay-gradient":""},"mobile":{"background-color":"","background-image":"","background-repeat":"repeat","background-position":"center center","background-size":"auto","background-attachment":"scroll","background-type":"","background-media":"","overlay-type":"","overlay-color":"","overlay-opacity":"","overlay-gradient":""}},"ast-content-background-meta":{"desktop":{"background-color":"var(--ast-global-color-4)","background-image":"","background-repeat":"repeat","background-position":"center center","background-size":"auto","background-attachment":"scroll","background-type":"","background-media":"","overlay-type":"","overlay-color":"","overlay-opacity":"","overlay-gradient":""},"tablet":{"background-color":"var(--ast-global-color-4)","background-image":"","background-repeat":"repeat","background-position":"center center","background-size":"auto","background-attachment":"scroll","background-type":"","background-media":"","overlay-type":"","overlay-color":"","overlay-opacity":"","overlay-gradient":""},"mobile":{"background-color":"var(--ast-global-color-4)","background-image":"","background-repeat":"repeat","background-position":"center center","background-size":"auto","background-attachment":"scroll","background-type":"","background-media":"","overlay-type":"","overlay-color":"","overlay-opacity":"","overlay-gradient":""}}},"product_brand":[],"product_cat":[16,63],"product_tag":[],"class_list":{"0":"post-91","1":"product","2":"type-product","3":"status-publish","4":"has-post-thumbnail","6":"product_cat-zafiro","7":"product_cat-zafiro-hugs","8":"desktop-align-left","9":"tablet-align-left","10":"mobile-align-left","12":"first","13":"instock","14":"taxable","15":"shipping-taxable","16":"purchasable","17":"product-type-variable"},"yoast_head":"<!-- This site is optimized with the Yoast SEO plugin v26.8 - https:\/\/yoast.com\/product\/yoast-seo-wordpress\/ -->\n<title>Peluche de tigre - Zarpi | Zafiro<\/title>\n<meta name=\"description\" content=\"El peluche de tigre de nuestro incre\u00edble amigo Zarpi trae diversi\u00f3n y ternura a tu d\u00eda. Ll\u00e9valo a casa y comparte momentos inolvidables con \u00e9l!\" \/>\n<meta name=\"robots\" content=\"index, follow, max-snippet:-1, max-image-preview:large, max-video-preview:-1\" \/>\n<link rel=\"canonical\" href=\"http:\/\/wp2.iesagora.es:60011\/mgriverap01\/producto\/peluche-de-tigre-zarpi-tigre-de-zafiro\/\" \/>\n<meta property=\"og:locale\" content=\"es_ES\" \/>\n<meta property=\"og:type\" content=\"article\" \/>\n<meta property=\"og:title\" content=\"Peluche de tigre - Zarpi | Zafiro\" \/>\n<meta property=\"og:description\" content=\"El peluche de tigre de nuestro incre\u00edble amigo Zarpi trae diversi\u00f3n y ternura a tu d\u00eda. Ll\u00e9valo a casa y comparte momentos inolvidables con \u00e9l!\" \/>\n<meta property=\"og:url\" content=\"http:\/\/wp2.iesagora.es:60011\/mgriverap01\/producto\/peluche-de-tigre-zarpi-tigre-de-zafiro\/\" \/>\n<meta property=\"og:site_name\" content=\"ZAFIRO\" \/>\n<meta property=\"article:modified_time\" content=\"2025-03-14T01:10:01+00:00\" \/>\n<meta property=\"og:image\" content=\"http:\/\/wp2.iesagora.es:60011\/mgriverap01\/wp-content\/uploads\/sites\/129\/2025\/01\/zarpi.jpg\" \/>\n\t<meta property=\"og:image:width\" content=\"838\" \/>\n\t<meta property=\"og:image:height\" content=\"1000\" \/>\n\t<meta property=\"og:image:type\" content=\"image\/jpeg\" \/>\n<meta name=\"twitter:card\" content=\"summary_large_image\" \/>\n<meta name=\"twitter:label1\" content=\"Tiempo de lectura\" \/>\n\t<meta name=\"twitter:data1\" content=\"2 minutos\" \/>\n<script type=\"application\/ld+json\" class=\"yoast-schema-graph\">{\"@context\":\"https:\/\/schema.org\",\"@graph\":[{\"@type\":\"WebPage\",\"@id\":\"http:\/\/wp2.iesagora.es:60011\/mgriverap01\/producto\/peluche-de-tigre-zarpi-tigre-de-zafiro\/\",\"url\":\"http:\/\/wp2.iesagora.es:60011\/mgriverap01\/producto\/peluche-de-tigre-zarpi-tigre-de-zafiro\/\",\"name\":\"Peluche de tigre - Zarpi | Zafiro\",\"isPartOf\":{\"@id\":\"http:\/\/wp2.iesagora.es:60011\/mgriverap01\/#website\"},\"primaryImageOfPage\":{\"@id\":\"http:\/\/wp2.iesagora.es:60011\/mgriverap01\/producto\/peluche-de-tigre-zarpi-tigre-de-zafiro\/#primaryimage\"},\"image\":{\"@id\":\"http:\/\/wp2.iesagora.es:60011\/mgriverap01\/producto\/peluche-de-tigre-zarpi-tigre-de-zafiro\/#primaryimage\"},\"thumbnailUrl\":\"http:\/\/wp2.iesagora.es:60011\/mgriverap01\/wp-content\/uploads\/sites\/129\/2025\/01\/zarpi.jpg\",\"datePublished\":\"2025-01-23T18:56:59+00:00\",\"dateModified\":\"2025-03-14T01:10:01+00:00\",\"description\":\"El peluche de tigre de nuestro incre\u00edble amigo Zarpi trae diversi\u00f3n y ternura a tu d\u00eda. Ll\u00e9valo a casa y comparte momentos inolvidables con \u00e9l!\",\"breadcrumb\":{\"@id\":\"http:\/\/wp2.iesagora.es:60011\/mgriverap01\/producto\/peluche-de-tigre-zarpi-tigre-de-zafiro\/#breadcrumb\"},\"inLanguage\":\"es\",\"potentialAction\":[{\"@type\":\"ReadAction\",\"target\":[\"http:\/\/wp2.iesagora.es:60011\/mgriverap01\/producto\/peluche-de-tigre-zarpi-tigre-de-zafiro\/\"]}]},{\"@type\":\"ImageObject\",\"inLanguage\":\"es\",\"@id\":\"http:\/\/wp2.iesagora.es:60011\/mgriverap01\/producto\/peluche-de-tigre-zarpi-tigre-de-zafiro\/#primaryimage\",\"url\":\"http:\/\/wp2.iesagora.es:60011\/mgriverap01\/wp-content\/uploads\/sites\/129\/2025\/01\/zarpi.jpg\",\"contentUrl\":\"http:\/\/wp2.iesagora.es:60011\/mgriverap01\/wp-content\/uploads\/sites\/129\/2025\/01\/zarpi.jpg\",\"width\":838,\"height\":1000,\"caption\":\"Animal de peluche tigre rayado color naranja, lindo y suave, perfecto para todos (Zafiro World)\"},{\"@type\":\"BreadcrumbList\",\"@id\":\"http:\/\/wp2.iesagora.es:60011\/mgriverap01\/producto\/peluche-de-tigre-zarpi-tigre-de-zafiro\/#breadcrumb\",\"itemListElement\":[{\"@type\":\"ListItem\",\"position\":1,\"name\":\"Portada\",\"item\":\"http:\/\/wp2.iesagora.es:60011\/mgriverap01\/\"},{\"@type\":\"ListItem\",\"position\":2,\"name\":\"Tienda\",\"item\":\"http:\/\/wp2.iesagora.es:60011\/mgriverap01\/tienda\/\"},{\"@type\":\"ListItem\",\"position\":3,\"name\":\"Zarpi\"}]},{\"@type\":\"WebSite\",\"@id\":\"http:\/\/wp2.iesagora.es:60011\/mgriverap01\/#website\",\"url\":\"http:\/\/wp2.iesagora.es:60011\/mgriverap01\/\",\"name\":\"ZAFIRO\",\"description\":\"\",\"publisher\":{\"@id\":\"http:\/\/wp2.iesagora.es:60011\/mgriverap01\/#organization\"},\"potentialAction\":[{\"@type\":\"SearchAction\",\"target\":{\"@type\":\"EntryPoint\",\"urlTemplate\":\"http:\/\/wp2.iesagora.es:60011\/mgriverap01\/?s={search_term_string}\"},\"query-input\":{\"@type\":\"PropertyValueSpecification\",\"valueRequired\":true,\"valueName\":\"search_term_string\"}}],\"inLanguage\":\"es\"},{\"@type\":\"Organization\",\"@id\":\"http:\/\/wp2.iesagora.es:60011\/mgriverap01\/#organization\",\"name\":\"ZAFIRO\",\"url\":\"http:\/\/wp2.iesagora.es:60011\/mgriverap01\/\",\"logo\":{\"@type\":\"ImageObject\",\"inLanguage\":\"es\",\"@id\":\"http:\/\/wp2.iesagora.es:60011\/mgriverap01\/#\/schema\/logo\/image\/\",\"url\":\"http:\/\/wp2.iesagora.es:60011\/mgriverap01\/wp-content\/uploads\/sites\/129\/2025\/01\/Casa-Bar-10.png\",\"contentUrl\":\"http:\/\/wp2.iesagora.es:60011\/mgriverap01\/wp-content\/uploads\/sites\/129\/2025\/01\/Casa-Bar-10.png\",\"width\":500,\"height\":500,\"caption\":\"ZAFIRO\"},\"image\":{\"@id\":\"http:\/\/wp2.iesagora.es:60011\/mgriverap01\/#\/schema\/logo\/image\/\"}}]}<\/script>\n<!-- \/ Yoast SEO plugin. -->","yoast_head_json":{"title":"Peluche de tigre - Zarpi | Zafiro","description":"El peluche de tigre de nuestro incre\u00edble amigo Zarpi trae diversi\u00f3n y ternura a tu d\u00eda. Ll\u00e9valo a casa y comparte momentos inolvidables con \u00e9l!","robots":{"index":"index","follow":"follow","max-snippet":"max-snippet:-1","max-image-preview":"max-image-preview:large","max-video-preview":"max-video-preview:-1"},"canonical":"http:\/\/wp2.iesagora.es:60011\/mgriverap01\/producto\/peluche-de-tigre-zarpi-tigre-de-zafiro\/","og_locale":"es_ES","og_type":"article","og_title":"Peluche de tigre - Zarpi | Zafiro","og_description":"El peluche de tigre de nuestro incre\u00edble amigo Zarpi trae diversi\u00f3n y ternura a tu d\u00eda. Ll\u00e9valo a casa y comparte momentos inolvidables con \u00e9l!","og_url":"http:\/\/wp2.iesagora.es:60011\/mgriverap01\/producto\/peluche-de-tigre-zarpi-tigre-de-zafiro\/","og_site_name":"ZAFIRO","article_modified_time":"2025-03-14T01:10:01+00:00","og_image":[{"width":838,"height":1000,"url":"http:\/\/wp2.iesagora.es:60011\/mgriverap01\/wp-content\/uploads\/sites\/129\/2025\/01\/zarpi.jpg","type":"image\/jpeg"}],"twitter_card":"summary_large_image","twitter_misc":{"Tiempo de lectura":"2 minutos"},"schema":{"@context":"https:\/\/schema.org","@graph":[{"@type":"WebPage","@id":"http:\/\/wp2.iesagora.es:60011\/mgriverap01\/producto\/peluche-de-tigre-zarpi-tigre-de-zafiro\/","url":"http:\/\/wp2.iesagora.es:60011\/mgriverap01\/producto\/peluche-de-tigre-zarpi-tigre-de-zafiro\/","name":"Peluche de tigre - Zarpi | Zafiro","isPartOf":{"@id":"http:\/\/wp2.iesagora.es:60011\/mgriverap01\/#website"},"primaryImageOfPage":{"@id":"http:\/\/wp2.iesagora.es:60011\/mgriverap01\/producto\/peluche-de-tigre-zarpi-tigre-de-zafiro\/#primaryimage"},"image":{"@id":"http:\/\/wp2.iesagora.es:60011\/mgriverap01\/producto\/peluche-de-tigre-zarpi-tigre-de-zafiro\/#primaryimage"},"thumbnailUrl":"http:\/\/wp2.iesagora.es:60011\/mgriverap01\/wp-content\/uploads\/sites\/129\/2025\/01\/zarpi.jpg","datePublished":"2025-01-23T18:56:59+00:00","dateModified":"2025-03-14T01:10:01+00:00","description":"El peluche de tigre de nuestro incre\u00edble amigo Zarpi trae diversi\u00f3n y ternura a tu d\u00eda. Ll\u00e9valo a casa y comparte momentos inolvidables con \u00e9l!","breadcrumb":{"@id":"http:\/\/wp2.iesagora.es:60011\/mgriverap01\/producto\/peluche-de-tigre-zarpi-tigre-de-zafiro\/#breadcrumb"},"inLanguage":"es","potentialAction":[{"@type":"ReadAction","target":["http:\/\/wp2.iesagora.es:60011\/mgriverap01\/producto\/peluche-de-tigre-zarpi-tigre-de-zafiro\/"]}]},{"@type":"ImageObject","inLanguage":"es","@id":"http:\/\/wp2.iesagora.es:60011\/mgriverap01\/producto\/peluche-de-tigre-zarpi-tigre-de-zafiro\/#primaryimage","url":"http:\/\/wp2.iesagora.es:60011\/mgriverap01\/wp-content\/uploads\/sites\/129\/2025\/01\/zarpi.jpg","contentUrl":"http:\/\/wp2.iesagora.es:60011\/mgriverap01\/wp-content\/uploads\/sites\/129\/2025\/01\/zarpi.jpg","width":838,"height":1000,"caption":"Animal de peluche tigre rayado color naranja, lindo y suave, perfecto para todos (Zafiro World)"},{"@type":"BreadcrumbList","@id":"http:\/\/wp2.iesagora.es:60011\/mgriverap01\/producto\/peluche-de-tigre-zarpi-tigre-de-zafiro\/#breadcrumb","itemListElement":[{"@type":"ListItem","position":1,"name":"Portada","item":"http:\/\/wp2.iesagora.es:60011\/mgriverap01\/"},{"@type":"ListItem","position":2,"name":"Tienda","item":"http:\/\/wp2.iesagora.es:60011\/mgriverap01\/tienda\/"},{"@type":"ListItem","position":3,"name":"Zarpi"}]},{"@type":"WebSite","@id":"http:\/\/wp2.iesagora.es:60011\/mgriverap01\/#website","url":"http:\/\/wp2.iesagora.es:60011\/mgriverap01\/","name":"ZAFIRO","description":"","publisher":{"@id":"http:\/\/wp2.iesagora.es:60011\/mgriverap01\/#organization"},"potentialAction":[{"@type":"SearchAction","target":{"@type":"EntryPoint","urlTemplate":"http:\/\/wp2.iesagora.es:60011\/mgriverap01\/?s={search_term_string}"},"query-input":{"@type":"PropertyValueSpecification","valueRequired":true,"valueName":"search_term_string"}}],"inLanguage":"es"},{"@type":"Organization","@id":"http:\/\/wp2.iesagora.es:60011\/mgriverap01\/#organization","name":"ZAFIRO","url":"http:\/\/wp2.iesagora.es:60011\/mgriverap01\/","logo":{"@type":"ImageObject","inLanguage":"es","@id":"http:\/\/wp2.iesagora.es:60011\/mgriverap01\/#\/schema\/logo\/image\/","url":"http:\/\/wp2.iesagora.es:60011\/mgriverap01\/wp-content\/uploads\/sites\/129\/2025\/01\/Casa-Bar-10.png","contentUrl":"http:\/\/wp2.iesagora.es:60011\/mgriverap01\/wp-content\/uploads\/sites\/129\/2025\/01\/Casa-Bar-10.png","width":500,"height":500,"caption":"ZAFIRO"},"image":{"@id":"http:\/\/wp2.iesagora.es:60011\/mgriverap01\/#\/schema\/logo\/image\/"}}]}},"uagb_featured_image_src":{"full":["http:\/\/wp2.iesagora.es:60011\/mgriverap01\/wp-content\/uploads\/sites\/129\/2025\/01\/zarpi.jpg",838,1000,false],"thumbnail":["http:\/\/wp2.iesagora.es:60011\/mgriverap01\/wp-content\/uploads\/sites\/129\/2025\/01\/zarpi-150x150.jpg",150,150,true],"medium":["http:\/\/wp2.iesagora.es:60011\/mgriverap01\/wp-content\/uploads\/sites\/129\/2025\/01\/zarpi-251x300.jpg",251,300,true],"medium_large":["http:\/\/wp2.iesagora.es:60011\/mgriverap01\/wp-content\/uploads\/sites\/129\/2025\/01\/zarpi-768x916.jpg",768,916,true],"large":["http:\/\/wp2.iesagora.es:60011\/mgriverap01\/wp-content\/uploads\/sites\/129\/2025\/01\/zarpi.jpg",838,1000,false],"1536x1536":["http:\/\/wp2.iesagora.es:60011\/mgriverap01\/wp-content\/uploads\/sites\/129\/2025\/01\/zarpi.jpg",838,1000,false],"2048x2048":["http:\/\/wp2.iesagora.es:60011\/mgriverap01\/wp-content\/uploads\/sites\/129\/2025\/01\/zarpi.jpg",838,1000,false],"woocommerce_thumbnail":["http:\/\/wp2.iesagora.es:60011\/mgriverap01\/wp-content\/uploads\/sites\/129\/2025\/01\/zarpi-300x300.jpg",300,300,true],"woocommerce_single":["http:\/\/wp2.iesagora.es:60011\/mgriverap01\/wp-content\/uploads\/sites\/129\/2025\/01\/zarpi-600x716.jpg",600,716,true],"woocommerce_gallery_thumbnail":["http:\/\/wp2.iesagora.es:60011\/mgriverap01\/wp-content\/uploads\/sites\/129\/2025\/01\/zarpi-100x100.jpg",100,100,true]},"uagb_author_info":{"display_name":"mgriverap01","author_link":"http:\/\/wp2.iesagora.es:60011\/mgriverap01\/author\/"},"uagb_comment_info":0,"uagb_excerpt":"Animal de peluche tigre,\u00a0 lindo y suave, perfecto para todos (Zafiro World)","_links":{"self":[{"href":"http:\/\/wp2.iesagora.es:60011\/mgriverap01\/wp-json\/wp\/v2\/product\/91","targetHints":{"allow":["GET"]}}],"collection":[{"href":"http:\/\/wp2.iesagora.es:60011\/mgriverap01\/wp-json\/wp\/v2\/product"}],"about":[{"href":"http:\/\/wp2.iesagora.es:60011\/mgriverap01\/wp-json\/wp\/v2\/types\/product"}],"replies":[{"embeddable":true,"href":"http:\/\/wp2.iesagora.es:60011\/mgriverap01\/wp-json\/wp\/v2\/comments?post=91"}],"version-history":[{"count":3,"href":"http:\/\/wp2.iesagora.es:60011\/mgriverap01\/wp-json\/wp\/v2\/product\/91\/revisions"}],"predecessor-version":[{"id":1265,"href":"http:\/\/wp2.iesagora.es:60011\/mgriverap01\/wp-json\/wp\/v2\/product\/91\/revisions\/1265"}],"wp:featuredmedia":[{"embeddable":true,"href":"http:\/\/wp2.iesagora.es:60011\/mgriverap01\/wp-json\/wp\/v2\/media\/92"}],"wp:attachment":[{"href":"http:\/\/wp2.iesagora.es:60011\/mgriverap01\/wp-json\/wp\/v2\/media?parent=91"}],"wp:term":[{"taxonomy":"product_brand","embeddable":true,"href":"http:\/\/wp2.iesagora.es:60011\/mgriverap01\/wp-json\/wp\/v2\/product_brand?post=91"},{"taxonomy":"product_cat","embeddable":true,"href":"http:\/\/wp2.iesagora.es:60011\/mgriverap01\/wp-json\/wp\/v2\/product_cat?post=91"},{"taxonomy":"product_tag","embeddable":true,"href":"http:\/\/wp2.iesagora.es:60011\/mgriverap01\/wp-json\/wp\/v2\/product_tag?post=91"}],"curies":[{"name":"wp","href":"https:\/\/api.w.org\/{rel}","templated":true}]}}