{"id":434,"date":"2025-02-20T18:11:50","date_gmt":"2025-02-20T17:11:50","guid":{"rendered":"http:\/\/wp2.iesagora.es:60011\/mgriverap01\/?post_type=product&#038;p=434"},"modified":"2025-03-14T01:42:01","modified_gmt":"2025-03-14T00:42:01","slug":"aventuras-en-la-jungla-libro-infantil","status":"publish","type":"product","link":"http:\/\/wp2.iesagora.es:60011\/mgriverap01\/producto\/aventuras-en-la-jungla-libro-infantil\/","title":{"rendered":"Aventuras en la Jungla &#8211; Libro Infantil"},"content":{"rendered":"<p data-start=\"142\" data-end=\"667\"><strong data-start=\"142\" data-end=\"218\">Acompa\u00f1a a estos amigos salvajes en este emocionante libro de historias sobre las aventuras por la jungla<\/strong> de <span style=\"color: #333333\"><a style=\"color: #333333\" href=\"http:\/\/wp2.iesagora.es:60011\/mgriverap01\/categoria-producto\/zafiro\/zafiro-hugs\/\">Zarpi y sus amigos<\/a><\/span> y descubre un mundo lleno de diversi\u00f3n, aprendizaje y valores esenciales. Este incre\u00edble libro ha sido dise\u00f1ado especialmente para los m\u00e1s peque\u00f1os, ofreciendo <strong data-start=\"379\" data-end=\"414\">historias cortas y entretenidas<\/strong> que capturan la imaginaci\u00f3n desde la primera p\u00e1gina. Cada relato est\u00e1 lleno de momentos divertidos, giros inesperados y ense\u00f1anzas valiosas que ayudar\u00e1n a los ni\u00f1os a comprender la importancia de la <strong data-start=\"614\" data-end=\"664\">amistad, el trabajo en equipo y la solidaridad<\/strong>.<\/p>\n<p data-start=\"669\" data-end=\"1114\">Lo que hace especial a este libro son sus <strong data-start=\"711\" data-end=\"747\">hermosas ilustraciones coloridas<\/strong>, que transportan a los peque\u00f1os lectores al coraz\u00f3n de la selva. A trav\u00e9s de vibrantes im\u00e1genes, conocer\u00e1n a adorables personajes y explorar\u00e1n un entorno lleno de <strong data-start=\"911\" data-end=\"979\">animales fascinantes, frondosos \u00e1rboles y aventuras inolvidables<\/strong>. Adem\u00e1s, cada historia est\u00e1 contada de una manera sencilla y envolvente, lo que facilita la comprensi\u00f3n y el disfrute de la lectura.<\/p>\n<p data-start=\"1116\" data-end=\"1435\">Este libro no solo es una fuente de entretenimiento, sino tambi\u00e9n una excelente herramienta educativa. Ayuda a fomentar <strong data-start=\"1236\" data-end=\"1262\">el amor por la lectura<\/strong>, desarrolla la imaginaci\u00f3n y ense\u00f1a valores fundamentales para la vida. Es ideal para leer antes de dormir, compartir en familia o disfrutar en cualquier momento del d\u00eda.<\/p>\n<p data-start=\"1437\" data-end=\"1793\" data-is-last-node=\"\" data-is-only-node=\"\">Si buscas una forma divertida y enriquecedora de estimular la creatividad de los ni\u00f1os, este libro es la opci\u00f3n perfecta. <strong data-start=\"1559\" data-end=\"1703\">Explora la magia los libros de historias y sum\u00e9rgete encantadoras aventuras y acompa\u00f1a a estos simp\u00e1ticos personajes en cada una de sus aventuras. Gracias a nuestros colaboradores <span style=\"color: #333333\"><a style=\"color: #333333\" href=\"http:\/\/www.puertadetannhauser.es\">La Puerta de Tannhauser<\/a> <\/span><\/strong>\u00a0\u00a1No te pierdas la oportunidad de vivir esta maravillosa experiencia junto a ellos!<\/p>\n","protected":false},"excerpt":{"rendered":"<p>Libro de historias infantiles- Zafiro<\/p>\n","protected":false},"featured_media":432,"comment_status":"open","ping_status":"closed","template":"","meta":{"_uag_custom_page_level_css":"","site-sidebar-layout":"default","site-content-layout":"","ast-site-content-layout":"default","site-content-style":"default","site-sidebar-style":"default","ast-global-header-display":"","ast-banner-title-visibility":"","ast-main-header-display":"","ast-hfb-above-header-display":"","ast-hfb-below-header-display":"","ast-hfb-mobile-header-display":"","site-post-title":"","ast-breadcrumbs-content":"","ast-featured-img":"","footer-sml-layout":"","theme-transparent-header-meta":"default","adv-header-id-meta":"","stick-header-meta":"","header-above-stick-meta":"","header-main-stick-meta":"","header-below-stick-meta":"","astra-migrate-meta-layouts":"set","ast-page-background-enabled":"default","ast-page-background-meta":{"desktop":{"background-color":"var(--ast-global-color-5)","background-image":"","background-repeat":"repeat","background-position":"center center","background-size":"auto","background-attachment":"scroll","background-type":"","background-media":"","overlay-type":"","overlay-color":"","overlay-opacity":"","overlay-gradient":""},"tablet":{"background-color":"","background-image":"","background-repeat":"repeat","background-position":"center center","background-size":"auto","background-attachment":"scroll","background-type":"","background-media":"","overlay-type":"","overlay-color":"","overlay-opacity":"","overlay-gradient":""},"mobile":{"background-color":"","background-image":"","background-repeat":"repeat","background-position":"center center","background-size":"auto","background-attachment":"scroll","background-type":"","background-media":"","overlay-type":"","overlay-color":"","overlay-opacity":"","overlay-gradient":""}},"ast-content-background-meta":{"desktop":{"background-color":"var(--ast-global-color-4)","background-image":"","background-repeat":"repeat","background-position":"center center","background-size":"auto","background-attachment":"scroll","background-type":"","background-media":"","overlay-type":"","overlay-color":"","overlay-opacity":"","overlay-gradient":""},"tablet":{"background-color":"var(--ast-global-color-4)","background-image":"","background-repeat":"repeat","background-position":"center center","background-size":"auto","background-attachment":"scroll","background-type":"","background-media":"","overlay-type":"","overlay-color":"","overlay-opacity":"","overlay-gradient":""},"mobile":{"background-color":"var(--ast-global-color-4)","background-image":"","background-repeat":"repeat","background-position":"center center","background-size":"auto","background-attachment":"scroll","background-type":"","background-media":"","overlay-type":"","overlay-color":"","overlay-opacity":"","overlay-gradient":""}}},"product_brand":[],"product_cat":[16,65],"product_tag":[],"class_list":{"0":"post-434","1":"product","2":"type-product","3":"status-publish","4":"has-post-thumbnail","6":"product_cat-zafiro","7":"product_cat-libros","8":"desktop-align-left","9":"tablet-align-left","10":"mobile-align-left","12":"first","13":"instock","14":"taxable","15":"shipping-taxable","16":"purchasable","17":"product-type-simple"},"yoast_head":"<!-- This site is optimized with the Yoast SEO plugin v26.8 - https:\/\/yoast.com\/product\/yoast-seo-wordpress\/ -->\n<title>Aventuras en la Jungla-Libro de historias | Zafiro World<\/title>\n<meta name=\"description\" content=\"Acompa\u00f1a a estos amigos salvajes en emocionante y fabulosas aventuras por la gran jungla, libro perfecto para los m\u00e1s peque\u00f1os.\" \/>\n<meta name=\"robots\" content=\"index, follow, max-snippet:-1, max-image-preview:large, max-video-preview:-1\" \/>\n<link rel=\"canonical\" href=\"http:\/\/wp2.iesagora.es:60011\/mgriverap01\/producto\/aventuras-en-la-jungla-libro-infantil\/\" \/>\n<meta property=\"og:locale\" content=\"es_ES\" \/>\n<meta property=\"og:type\" content=\"article\" \/>\n<meta property=\"og:title\" content=\"Aventuras en la Jungla-Libro de historias | Zafiro World\" \/>\n<meta property=\"og:description\" content=\"Acompa\u00f1a a estos amigos salvajes en emocionante y fabulosas aventuras por la gran jungla, libro perfecto para los m\u00e1s peque\u00f1os.\" \/>\n<meta property=\"og:url\" content=\"http:\/\/wp2.iesagora.es:60011\/mgriverap01\/producto\/aventuras-en-la-jungla-libro-infantil\/\" \/>\n<meta property=\"og:site_name\" content=\"ZAFIRO\" \/>\n<meta property=\"article:modified_time\" content=\"2025-03-14T00:42:01+00:00\" \/>\n<meta property=\"og:image\" content=\"http:\/\/wp2.iesagora.es:60011\/mgriverap01\/wp-content\/uploads\/sites\/129\/2025\/02\/libro-zafiro.png\" \/>\n\t<meta property=\"og:image:width\" content=\"314\" \/>\n\t<meta property=\"og:image:height\" content=\"417\" \/>\n\t<meta property=\"og:image:type\" content=\"image\/png\" \/>\n<meta name=\"twitter:card\" content=\"summary_large_image\" \/>\n<meta name=\"twitter:label1\" content=\"Tiempo de lectura\" \/>\n\t<meta name=\"twitter:data1\" content=\"2 minutos\" \/>\n<script type=\"application\/ld+json\" class=\"yoast-schema-graph\">{\"@context\":\"https:\/\/schema.org\",\"@graph\":[{\"@type\":\"WebPage\",\"@id\":\"http:\/\/wp2.iesagora.es:60011\/mgriverap01\/producto\/aventuras-en-la-jungla-libro-infantil\/\",\"url\":\"http:\/\/wp2.iesagora.es:60011\/mgriverap01\/producto\/aventuras-en-la-jungla-libro-infantil\/\",\"name\":\"Aventuras en la Jungla-Libro de historias | Zafiro World\",\"isPartOf\":{\"@id\":\"http:\/\/wp2.iesagora.es:60011\/mgriverap01\/#website\"},\"primaryImageOfPage\":{\"@id\":\"http:\/\/wp2.iesagora.es:60011\/mgriverap01\/producto\/aventuras-en-la-jungla-libro-infantil\/#primaryimage\"},\"image\":{\"@id\":\"http:\/\/wp2.iesagora.es:60011\/mgriverap01\/producto\/aventuras-en-la-jungla-libro-infantil\/#primaryimage\"},\"thumbnailUrl\":\"http:\/\/wp2.iesagora.es:60011\/mgriverap01\/wp-content\/uploads\/sites\/129\/2025\/02\/libro-zafiro.png\",\"datePublished\":\"2025-02-20T17:11:50+00:00\",\"dateModified\":\"2025-03-14T00:42:01+00:00\",\"description\":\"Acompa\u00f1a a estos amigos salvajes en emocionante y fabulosas aventuras por la gran jungla, libro perfecto para los m\u00e1s peque\u00f1os.\",\"breadcrumb\":{\"@id\":\"http:\/\/wp2.iesagora.es:60011\/mgriverap01\/producto\/aventuras-en-la-jungla-libro-infantil\/#breadcrumb\"},\"inLanguage\":\"es\",\"potentialAction\":[{\"@type\":\"ReadAction\",\"target\":[\"http:\/\/wp2.iesagora.es:60011\/mgriverap01\/producto\/aventuras-en-la-jungla-libro-infantil\/\"]}]},{\"@type\":\"ImageObject\",\"inLanguage\":\"es\",\"@id\":\"http:\/\/wp2.iesagora.es:60011\/mgriverap01\/producto\/aventuras-en-la-jungla-libro-infantil\/#primaryimage\",\"url\":\"http:\/\/wp2.iesagora.es:60011\/mgriverap01\/wp-content\/uploads\/sites\/129\/2025\/02\/libro-zafiro.png\",\"contentUrl\":\"http:\/\/wp2.iesagora.es:60011\/mgriverap01\/wp-content\/uploads\/sites\/129\/2025\/02\/libro-zafiro.png\",\"width\":314,\"height\":417,\"caption\":\"Libro de cuentos infantiles de zafiro, llamdo \\\"Aventuras en la jungla Zafiro\\\", libro ilustrado con los amigos de zarpi que son una cebra, tigre, oso perezoso\"},{\"@type\":\"BreadcrumbList\",\"@id\":\"http:\/\/wp2.iesagora.es:60011\/mgriverap01\/producto\/aventuras-en-la-jungla-libro-infantil\/#breadcrumb\",\"itemListElement\":[{\"@type\":\"ListItem\",\"position\":1,\"name\":\"Portada\",\"item\":\"http:\/\/wp2.iesagora.es:60011\/mgriverap01\/\"},{\"@type\":\"ListItem\",\"position\":2,\"name\":\"Tienda\",\"item\":\"http:\/\/wp2.iesagora.es:60011\/mgriverap01\/tienda\/\"},{\"@type\":\"ListItem\",\"position\":3,\"name\":\"Aventuras en la Jungla &#8211; Libro Infantil\"}]},{\"@type\":\"WebSite\",\"@id\":\"http:\/\/wp2.iesagora.es:60011\/mgriverap01\/#website\",\"url\":\"http:\/\/wp2.iesagora.es:60011\/mgriverap01\/\",\"name\":\"ZAFIRO\",\"description\":\"\",\"publisher\":{\"@id\":\"http:\/\/wp2.iesagora.es:60011\/mgriverap01\/#organization\"},\"potentialAction\":[{\"@type\":\"SearchAction\",\"target\":{\"@type\":\"EntryPoint\",\"urlTemplate\":\"http:\/\/wp2.iesagora.es:60011\/mgriverap01\/?s={search_term_string}\"},\"query-input\":{\"@type\":\"PropertyValueSpecification\",\"valueRequired\":true,\"valueName\":\"search_term_string\"}}],\"inLanguage\":\"es\"},{\"@type\":\"Organization\",\"@id\":\"http:\/\/wp2.iesagora.es:60011\/mgriverap01\/#organization\",\"name\":\"ZAFIRO\",\"url\":\"http:\/\/wp2.iesagora.es:60011\/mgriverap01\/\",\"logo\":{\"@type\":\"ImageObject\",\"inLanguage\":\"es\",\"@id\":\"http:\/\/wp2.iesagora.es:60011\/mgriverap01\/#\/schema\/logo\/image\/\",\"url\":\"http:\/\/wp2.iesagora.es:60011\/mgriverap01\/wp-content\/uploads\/sites\/129\/2025\/01\/Casa-Bar-10.png\",\"contentUrl\":\"http:\/\/wp2.iesagora.es:60011\/mgriverap01\/wp-content\/uploads\/sites\/129\/2025\/01\/Casa-Bar-10.png\",\"width\":500,\"height\":500,\"caption\":\"ZAFIRO\"},\"image\":{\"@id\":\"http:\/\/wp2.iesagora.es:60011\/mgriverap01\/#\/schema\/logo\/image\/\"}}]}<\/script>\n<!-- \/ Yoast SEO plugin. -->","yoast_head_json":{"title":"Aventuras en la Jungla-Libro de historias | Zafiro World","description":"Acompa\u00f1a a estos amigos salvajes en emocionante y fabulosas aventuras por la gran jungla, libro perfecto para los m\u00e1s peque\u00f1os.","robots":{"index":"index","follow":"follow","max-snippet":"max-snippet:-1","max-image-preview":"max-image-preview:large","max-video-preview":"max-video-preview:-1"},"canonical":"http:\/\/wp2.iesagora.es:60011\/mgriverap01\/producto\/aventuras-en-la-jungla-libro-infantil\/","og_locale":"es_ES","og_type":"article","og_title":"Aventuras en la Jungla-Libro de historias | Zafiro World","og_description":"Acompa\u00f1a a estos amigos salvajes en emocionante y fabulosas aventuras por la gran jungla, libro perfecto para los m\u00e1s peque\u00f1os.","og_url":"http:\/\/wp2.iesagora.es:60011\/mgriverap01\/producto\/aventuras-en-la-jungla-libro-infantil\/","og_site_name":"ZAFIRO","article_modified_time":"2025-03-14T00:42:01+00:00","og_image":[{"width":314,"height":417,"url":"http:\/\/wp2.iesagora.es:60011\/mgriverap01\/wp-content\/uploads\/sites\/129\/2025\/02\/libro-zafiro.png","type":"image\/png"}],"twitter_card":"summary_large_image","twitter_misc":{"Tiempo de lectura":"2 minutos"},"schema":{"@context":"https:\/\/schema.org","@graph":[{"@type":"WebPage","@id":"http:\/\/wp2.iesagora.es:60011\/mgriverap01\/producto\/aventuras-en-la-jungla-libro-infantil\/","url":"http:\/\/wp2.iesagora.es:60011\/mgriverap01\/producto\/aventuras-en-la-jungla-libro-infantil\/","name":"Aventuras en la Jungla-Libro de historias | Zafiro World","isPartOf":{"@id":"http:\/\/wp2.iesagora.es:60011\/mgriverap01\/#website"},"primaryImageOfPage":{"@id":"http:\/\/wp2.iesagora.es:60011\/mgriverap01\/producto\/aventuras-en-la-jungla-libro-infantil\/#primaryimage"},"image":{"@id":"http:\/\/wp2.iesagora.es:60011\/mgriverap01\/producto\/aventuras-en-la-jungla-libro-infantil\/#primaryimage"},"thumbnailUrl":"http:\/\/wp2.iesagora.es:60011\/mgriverap01\/wp-content\/uploads\/sites\/129\/2025\/02\/libro-zafiro.png","datePublished":"2025-02-20T17:11:50+00:00","dateModified":"2025-03-14T00:42:01+00:00","description":"Acompa\u00f1a a estos amigos salvajes en emocionante y fabulosas aventuras por la gran jungla, libro perfecto para los m\u00e1s peque\u00f1os.","breadcrumb":{"@id":"http:\/\/wp2.iesagora.es:60011\/mgriverap01\/producto\/aventuras-en-la-jungla-libro-infantil\/#breadcrumb"},"inLanguage":"es","potentialAction":[{"@type":"ReadAction","target":["http:\/\/wp2.iesagora.es:60011\/mgriverap01\/producto\/aventuras-en-la-jungla-libro-infantil\/"]}]},{"@type":"ImageObject","inLanguage":"es","@id":"http:\/\/wp2.iesagora.es:60011\/mgriverap01\/producto\/aventuras-en-la-jungla-libro-infantil\/#primaryimage","url":"http:\/\/wp2.iesagora.es:60011\/mgriverap01\/wp-content\/uploads\/sites\/129\/2025\/02\/libro-zafiro.png","contentUrl":"http:\/\/wp2.iesagora.es:60011\/mgriverap01\/wp-content\/uploads\/sites\/129\/2025\/02\/libro-zafiro.png","width":314,"height":417,"caption":"Libro de cuentos infantiles de zafiro, llamdo \"Aventuras en la jungla Zafiro\", libro ilustrado con los amigos de zarpi que son una cebra, tigre, oso perezoso"},{"@type":"BreadcrumbList","@id":"http:\/\/wp2.iesagora.es:60011\/mgriverap01\/producto\/aventuras-en-la-jungla-libro-infantil\/#breadcrumb","itemListElement":[{"@type":"ListItem","position":1,"name":"Portada","item":"http:\/\/wp2.iesagora.es:60011\/mgriverap01\/"},{"@type":"ListItem","position":2,"name":"Tienda","item":"http:\/\/wp2.iesagora.es:60011\/mgriverap01\/tienda\/"},{"@type":"ListItem","position":3,"name":"Aventuras en la Jungla &#8211; Libro Infantil"}]},{"@type":"WebSite","@id":"http:\/\/wp2.iesagora.es:60011\/mgriverap01\/#website","url":"http:\/\/wp2.iesagora.es:60011\/mgriverap01\/","name":"ZAFIRO","description":"","publisher":{"@id":"http:\/\/wp2.iesagora.es:60011\/mgriverap01\/#organization"},"potentialAction":[{"@type":"SearchAction","target":{"@type":"EntryPoint","urlTemplate":"http:\/\/wp2.iesagora.es:60011\/mgriverap01\/?s={search_term_string}"},"query-input":{"@type":"PropertyValueSpecification","valueRequired":true,"valueName":"search_term_string"}}],"inLanguage":"es"},{"@type":"Organization","@id":"http:\/\/wp2.iesagora.es:60011\/mgriverap01\/#organization","name":"ZAFIRO","url":"http:\/\/wp2.iesagora.es:60011\/mgriverap01\/","logo":{"@type":"ImageObject","inLanguage":"es","@id":"http:\/\/wp2.iesagora.es:60011\/mgriverap01\/#\/schema\/logo\/image\/","url":"http:\/\/wp2.iesagora.es:60011\/mgriverap01\/wp-content\/uploads\/sites\/129\/2025\/01\/Casa-Bar-10.png","contentUrl":"http:\/\/wp2.iesagora.es:60011\/mgriverap01\/wp-content\/uploads\/sites\/129\/2025\/01\/Casa-Bar-10.png","width":500,"height":500,"caption":"ZAFIRO"},"image":{"@id":"http:\/\/wp2.iesagora.es:60011\/mgriverap01\/#\/schema\/logo\/image\/"}}]}},"uagb_featured_image_src":{"full":["http:\/\/wp2.iesagora.es:60011\/mgriverap01\/wp-content\/uploads\/sites\/129\/2025\/02\/libro-zafiro.png",314,417,false],"thumbnail":["http:\/\/wp2.iesagora.es:60011\/mgriverap01\/wp-content\/uploads\/sites\/129\/2025\/02\/libro-zafiro-150x150.png",150,150,true],"medium":["http:\/\/wp2.iesagora.es:60011\/mgriverap01\/wp-content\/uploads\/sites\/129\/2025\/02\/libro-zafiro-226x300.png",226,300,true],"medium_large":["http:\/\/wp2.iesagora.es:60011\/mgriverap01\/wp-content\/uploads\/sites\/129\/2025\/02\/libro-zafiro.png",314,417,false],"large":["http:\/\/wp2.iesagora.es:60011\/mgriverap01\/wp-content\/uploads\/sites\/129\/2025\/02\/libro-zafiro.png",314,417,false],"1536x1536":["http:\/\/wp2.iesagora.es:60011\/mgriverap01\/wp-content\/uploads\/sites\/129\/2025\/02\/libro-zafiro.png",314,417,false],"2048x2048":["http:\/\/wp2.iesagora.es:60011\/mgriverap01\/wp-content\/uploads\/sites\/129\/2025\/02\/libro-zafiro.png",314,417,false],"woocommerce_thumbnail":["http:\/\/wp2.iesagora.es:60011\/mgriverap01\/wp-content\/uploads\/sites\/129\/2025\/02\/libro-zafiro-300x300.png",300,300,true],"woocommerce_single":["http:\/\/wp2.iesagora.es:60011\/mgriverap01\/wp-content\/uploads\/sites\/129\/2025\/02\/libro-zafiro.png",314,417,false],"woocommerce_gallery_thumbnail":["http:\/\/wp2.iesagora.es:60011\/mgriverap01\/wp-content\/uploads\/sites\/129\/2025\/02\/libro-zafiro-100x100.png",100,100,true]},"uagb_author_info":{"display_name":"mgriverap01","author_link":"http:\/\/wp2.iesagora.es:60011\/mgriverap01\/author\/"},"uagb_comment_info":0,"uagb_excerpt":"Libro de historias infantiles- Zafiro","_links":{"self":[{"href":"http:\/\/wp2.iesagora.es:60011\/mgriverap01\/wp-json\/wp\/v2\/product\/434","targetHints":{"allow":["GET"]}}],"collection":[{"href":"http:\/\/wp2.iesagora.es:60011\/mgriverap01\/wp-json\/wp\/v2\/product"}],"about":[{"href":"http:\/\/wp2.iesagora.es:60011\/mgriverap01\/wp-json\/wp\/v2\/types\/product"}],"replies":[{"embeddable":true,"href":"http:\/\/wp2.iesagora.es:60011\/mgriverap01\/wp-json\/wp\/v2\/comments?post=434"}],"version-history":[{"count":9,"href":"http:\/\/wp2.iesagora.es:60011\/mgriverap01\/wp-json\/wp\/v2\/product\/434\/revisions"}],"predecessor-version":[{"id":1256,"href":"http:\/\/wp2.iesagora.es:60011\/mgriverap01\/wp-json\/wp\/v2\/product\/434\/revisions\/1256"}],"wp:featuredmedia":[{"embeddable":true,"href":"http:\/\/wp2.iesagora.es:60011\/mgriverap01\/wp-json\/wp\/v2\/media\/432"}],"wp:attachment":[{"href":"http:\/\/wp2.iesagora.es:60011\/mgriverap01\/wp-json\/wp\/v2\/media?parent=434"}],"wp:term":[{"taxonomy":"product_brand","embeddable":true,"href":"http:\/\/wp2.iesagora.es:60011\/mgriverap01\/wp-json\/wp\/v2\/product_brand?post=434"},{"taxonomy":"product_cat","embeddable":true,"href":"http:\/\/wp2.iesagora.es:60011\/mgriverap01\/wp-json\/wp\/v2\/product_cat?post=434"},{"taxonomy":"product_tag","embeddable":true,"href":"http:\/\/wp2.iesagora.es:60011\/mgriverap01\/wp-json\/wp\/v2\/product_tag?post=434"}],"curies":[{"name":"wp","href":"https:\/\/api.w.org\/{rel}","templated":true}]}}