{"id":421,"date":"2025-02-18T18:31:35","date_gmt":"2025-02-18T17:31:35","guid":{"rendered":"http:\/\/wp2.iesagora.es:60011\/mgriverap01\/?post_type=product&#038;p=421"},"modified":"2025-03-14T01:46:33","modified_gmt":"2025-03-14T00:46:33","slug":"vaso-de-silicona","status":"publish","type":"product","link":"http:\/\/wp2.iesagora.es:60011\/mgriverap01\/producto\/vaso-de-silicona\/","title":{"rendered":"Zarpi and Friends"},"content":{"rendered":"<p data-start=\"219\" data-end=\"776\">El <strong data-start=\"222\" data-end=\"242\">vaso de silicona<\/strong> es el accesorio perfecto para los m\u00e1s peque\u00f1os, dise\u00f1ado especialmente para hacer m\u00e1s f\u00e1cil la transici\u00f3n del biber\u00f3n al vaso abierto. Gracias a su <strong data-start=\"391\" data-end=\"412\">tapa antiderrames<\/strong> y <strong data-start=\"415\" data-end=\"435\">pajita integrada<\/strong>, este vaso ofrece una experiencia sin complicaciones y sin preocupaciones por los derrames. Es ideal para que los ni\u00f1os aprendan a beber de forma independiente, sin ensuciar el entorno. Adem\u00e1s, la <strong data-start=\"633\" data-end=\"653\">pajita integrada<\/strong> facilita que los peque\u00f1os tomen sus bebidas sin esfuerzo, mejorando su autonom\u00eda mientras disfrutan de un refresco o jugo.<\/p>\n<p data-start=\"778\" data-end=\"1310\">Este <strong data-start=\"783\" data-end=\"803\">vaso de silicona<\/strong> est\u00e1 disponible en tres colores encantadores: <strong data-start=\"850\" data-end=\"859\">verde<\/strong>, <strong data-start=\"861\" data-end=\"869\">gris<\/strong> y <strong data-start=\"872\" data-end=\"880\">azul<\/strong>. Cada color tiene un dise\u00f1o moderno y atractivo que atraer\u00e1 a los ni\u00f1os, y que se adapta f\u00e1cilmente a cualquier estilo de vajilla infantil. El <strong data-start=\"1024\" data-end=\"1039\">color verde<\/strong> transmite frescura y naturalidad, el <strong data-start=\"1077\" data-end=\"1085\">gris<\/strong> aporta un toque elegante y vers\u00e1til, mientras que el <strong data-start=\"1139\" data-end=\"1147\">azul<\/strong> es perfecto para aquellos que buscan un color m\u00e1s relajante y tranquilo. Los tres colores son ideales para combinar con otros accesorios del hogar o la guarder\u00eda.<\/p>\n<p data-start=\"1312\" data-end=\"1662\">Adem\u00e1s de su pr\u00e1ctico dise\u00f1o, este vaso es extremadamente f\u00e1cil de <strong data-start=\"1379\" data-end=\"1390\">limpiar<\/strong>. Est\u00e1 hecho de silicona de alta calidad, lo que lo hace apto para lavavajillas, garantizando una limpieza r\u00e1pida y sencilla. Esto lo convierte en una opci\u00f3n muy conveniente para los padres ocupados, ya que pueden confiar en que siempre estar\u00e1 listo para su pr\u00f3ximo uso.<\/p>\n<p data-start=\"1664\" data-end=\"1961\" data-is-last-node=\"\" data-is-only-node=\"\">El <strong data-start=\"1667\" data-end=\"1687\">vaso de silicona<\/strong> es resistente, duradero y seguro para los m\u00e1s peque\u00f1os, brindando tanto comodidad como seguridad en cada sorbo. Es perfecto para el hogar, la guarder\u00eda o para llevar en los paseos. <strong data-start=\"1869\" data-end=\"1961\" data-is-last-node=\"\">\u00a1Elige tu color favorito y haz la transici\u00f3n a los vasos abiertos m\u00e1s f\u00e1cil y divertida!<\/strong><\/p>\n","protected":false},"excerpt":{"rendered":"<p><strong data-start=\"0\" data-end=\"48\">Vaso de Silicona con Pajita<\/strong><\/p>\n","protected":false},"featured_media":230,"comment_status":"open","ping_status":"closed","template":"","meta":{"_uag_custom_page_level_css":"","site-sidebar-layout":"default","site-content-layout":"","ast-site-content-layout":"default","site-content-style":"default","site-sidebar-style":"default","ast-global-header-display":"","ast-banner-title-visibility":"","ast-main-header-display":"","ast-hfb-above-header-display":"","ast-hfb-below-header-display":"","ast-hfb-mobile-header-display":"","site-post-title":"","ast-breadcrumbs-content":"","ast-featured-img":"","footer-sml-layout":"","theme-transparent-header-meta":"default","adv-header-id-meta":"","stick-header-meta":"","header-above-stick-meta":"","header-main-stick-meta":"","header-below-stick-meta":"","astra-migrate-meta-layouts":"set","ast-page-background-enabled":"default","ast-page-background-meta":{"desktop":{"background-color":"var(--ast-global-color-5)","background-image":"","background-repeat":"repeat","background-position":"center center","background-size":"auto","background-attachment":"scroll","background-type":"","background-media":"","overlay-type":"","overlay-color":"","overlay-opacity":"","overlay-gradient":""},"tablet":{"background-color":"","background-image":"","background-repeat":"repeat","background-position":"center center","background-size":"auto","background-attachment":"scroll","background-type":"","background-media":"","overlay-type":"","overlay-color":"","overlay-opacity":"","overlay-gradient":""},"mobile":{"background-color":"","background-image":"","background-repeat":"repeat","background-position":"center center","background-size":"auto","background-attachment":"scroll","background-type":"","background-media":"","overlay-type":"","overlay-color":"","overlay-opacity":"","overlay-gradient":""}},"ast-content-background-meta":{"desktop":{"background-color":"var(--ast-global-color-4)","background-image":"","background-repeat":"repeat","background-position":"center center","background-size":"auto","background-attachment":"scroll","background-type":"","background-media":"","overlay-type":"","overlay-color":"","overlay-opacity":"","overlay-gradient":""},"tablet":{"background-color":"var(--ast-global-color-4)","background-image":"","background-repeat":"repeat","background-position":"center center","background-size":"auto","background-attachment":"scroll","background-type":"","background-media":"","overlay-type":"","overlay-color":"","overlay-opacity":"","overlay-gradient":""},"mobile":{"background-color":"var(--ast-global-color-4)","background-image":"","background-repeat":"repeat","background-position":"center center","background-size":"auto","background-attachment":"scroll","background-type":"","background-media":"","overlay-type":"","overlay-color":"","overlay-opacity":"","overlay-gradient":""}}},"product_brand":[],"product_cat":[16,30],"product_tag":[],"class_list":{"0":"post-421","1":"product","2":"type-product","3":"status-publish","4":"has-post-thumbnail","6":"product_cat-zafiro","7":"product_cat-tazas","8":"desktop-align-left","9":"tablet-align-left","10":"mobile-align-left","12":"first","13":"instock","14":"taxable","15":"shipping-taxable","16":"purchasable","17":"product-type-variable"},"yoast_head":"<!-- This site is optimized with the Yoast SEO plugin v26.8 - https:\/\/yoast.com\/product\/yoast-seo-wordpress\/ -->\n<title>Vaso de silicona - Zarpi y sus amigos | Zafiro<\/title>\n<meta name=\"description\" content=\"Vaso de silicona \u00a0perfecto para los m\u00e1s peque\u00f1os. Con tapa antiderrames y pajita integrada, F\u00e1cil de limpiar y apto para lavavajillas\" \/>\n<meta name=\"robots\" content=\"index, follow, max-snippet:-1, max-image-preview:large, max-video-preview:-1\" \/>\n<link rel=\"canonical\" href=\"http:\/\/wp2.iesagora.es:60011\/mgriverap01\/producto\/vaso-de-silicona\/\" \/>\n<meta property=\"og:locale\" content=\"es_ES\" \/>\n<meta property=\"og:type\" content=\"article\" \/>\n<meta property=\"og:title\" content=\"Vaso de silicona - Zarpi y sus amigos | Zafiro\" \/>\n<meta property=\"og:description\" content=\"Vaso de silicona \u00a0perfecto para los m\u00e1s peque\u00f1os. Con tapa antiderrames y pajita integrada, F\u00e1cil de limpiar y apto para lavavajillas\" \/>\n<meta property=\"og:url\" content=\"http:\/\/wp2.iesagora.es:60011\/mgriverap01\/producto\/vaso-de-silicona\/\" \/>\n<meta property=\"og:site_name\" content=\"ZAFIRO\" \/>\n<meta property=\"article:modified_time\" content=\"2025-03-14T00:46:33+00:00\" \/>\n<meta property=\"og:image\" content=\"http:\/\/wp2.iesagora.es:60011\/mgriverap01\/wp-content\/uploads\/sites\/129\/2025\/01\/tazas-canva-1.png\" \/>\n\t<meta property=\"og:image:width\" content=\"500\" \/>\n\t<meta property=\"og:image:height\" content=\"500\" \/>\n\t<meta property=\"og:image:type\" content=\"image\/png\" \/>\n<meta name=\"twitter:card\" content=\"summary_large_image\" \/>\n<meta name=\"twitter:label1\" content=\"Tiempo de lectura\" \/>\n\t<meta name=\"twitter:data1\" content=\"2 minutos\" \/>\n<script type=\"application\/ld+json\" class=\"yoast-schema-graph\">{\"@context\":\"https:\/\/schema.org\",\"@graph\":[{\"@type\":\"WebPage\",\"@id\":\"http:\/\/wp2.iesagora.es:60011\/mgriverap01\/producto\/vaso-de-silicona\/\",\"url\":\"http:\/\/wp2.iesagora.es:60011\/mgriverap01\/producto\/vaso-de-silicona\/\",\"name\":\"Vaso de silicona - Zarpi y sus amigos | Zafiro\",\"isPartOf\":{\"@id\":\"http:\/\/wp2.iesagora.es:60011\/mgriverap01\/#website\"},\"primaryImageOfPage\":{\"@id\":\"http:\/\/wp2.iesagora.es:60011\/mgriverap01\/producto\/vaso-de-silicona\/#primaryimage\"},\"image\":{\"@id\":\"http:\/\/wp2.iesagora.es:60011\/mgriverap01\/producto\/vaso-de-silicona\/#primaryimage\"},\"thumbnailUrl\":\"http:\/\/wp2.iesagora.es:60011\/mgriverap01\/wp-content\/uploads\/sites\/129\/2025\/01\/tazas-canva-1.png\",\"datePublished\":\"2025-02-18T17:31:35+00:00\",\"dateModified\":\"2025-03-14T00:46:33+00:00\",\"description\":\"Vaso de silicona \u00a0perfecto para los m\u00e1s peque\u00f1os. Con tapa antiderrames y pajita integrada, F\u00e1cil de limpiar y apto para lavavajillas\",\"breadcrumb\":{\"@id\":\"http:\/\/wp2.iesagora.es:60011\/mgriverap01\/producto\/vaso-de-silicona\/#breadcrumb\"},\"inLanguage\":\"es\",\"potentialAction\":[{\"@type\":\"ReadAction\",\"target\":[\"http:\/\/wp2.iesagora.es:60011\/mgriverap01\/producto\/vaso-de-silicona\/\"]}]},{\"@type\":\"ImageObject\",\"inLanguage\":\"es\",\"@id\":\"http:\/\/wp2.iesagora.es:60011\/mgriverap01\/producto\/vaso-de-silicona\/#primaryimage\",\"url\":\"http:\/\/wp2.iesagora.es:60011\/mgriverap01\/wp-content\/uploads\/sites\/129\/2025\/01\/tazas-canva-1.png\",\"contentUrl\":\"http:\/\/wp2.iesagora.es:60011\/mgriverap01\/wp-content\/uploads\/sites\/129\/2025\/01\/tazas-canva-1.png\",\"width\":500,\"height\":500,\"caption\":\"Vaso de Silicona con Pajita, color azul con una ilustraci\u00f3n de un flamenco.\"},{\"@type\":\"BreadcrumbList\",\"@id\":\"http:\/\/wp2.iesagora.es:60011\/mgriverap01\/producto\/vaso-de-silicona\/#breadcrumb\",\"itemListElement\":[{\"@type\":\"ListItem\",\"position\":1,\"name\":\"Portada\",\"item\":\"http:\/\/wp2.iesagora.es:60011\/mgriverap01\/\"},{\"@type\":\"ListItem\",\"position\":2,\"name\":\"Tienda\",\"item\":\"http:\/\/wp2.iesagora.es:60011\/mgriverap01\/tienda\/\"},{\"@type\":\"ListItem\",\"position\":3,\"name\":\"Zarpi and Friends\"}]},{\"@type\":\"WebSite\",\"@id\":\"http:\/\/wp2.iesagora.es:60011\/mgriverap01\/#website\",\"url\":\"http:\/\/wp2.iesagora.es:60011\/mgriverap01\/\",\"name\":\"ZAFIRO\",\"description\":\"\",\"publisher\":{\"@id\":\"http:\/\/wp2.iesagora.es:60011\/mgriverap01\/#organization\"},\"potentialAction\":[{\"@type\":\"SearchAction\",\"target\":{\"@type\":\"EntryPoint\",\"urlTemplate\":\"http:\/\/wp2.iesagora.es:60011\/mgriverap01\/?s={search_term_string}\"},\"query-input\":{\"@type\":\"PropertyValueSpecification\",\"valueRequired\":true,\"valueName\":\"search_term_string\"}}],\"inLanguage\":\"es\"},{\"@type\":\"Organization\",\"@id\":\"http:\/\/wp2.iesagora.es:60011\/mgriverap01\/#organization\",\"name\":\"ZAFIRO\",\"url\":\"http:\/\/wp2.iesagora.es:60011\/mgriverap01\/\",\"logo\":{\"@type\":\"ImageObject\",\"inLanguage\":\"es\",\"@id\":\"http:\/\/wp2.iesagora.es:60011\/mgriverap01\/#\/schema\/logo\/image\/\",\"url\":\"http:\/\/wp2.iesagora.es:60011\/mgriverap01\/wp-content\/uploads\/sites\/129\/2025\/01\/Casa-Bar-10.png\",\"contentUrl\":\"http:\/\/wp2.iesagora.es:60011\/mgriverap01\/wp-content\/uploads\/sites\/129\/2025\/01\/Casa-Bar-10.png\",\"width\":500,\"height\":500,\"caption\":\"ZAFIRO\"},\"image\":{\"@id\":\"http:\/\/wp2.iesagora.es:60011\/mgriverap01\/#\/schema\/logo\/image\/\"}}]}<\/script>\n<!-- \/ Yoast SEO plugin. -->","yoast_head_json":{"title":"Vaso de silicona - Zarpi y sus amigos | Zafiro","description":"Vaso de silicona \u00a0perfecto para los m\u00e1s peque\u00f1os. Con tapa antiderrames y pajita integrada, F\u00e1cil de limpiar y apto para lavavajillas","robots":{"index":"index","follow":"follow","max-snippet":"max-snippet:-1","max-image-preview":"max-image-preview:large","max-video-preview":"max-video-preview:-1"},"canonical":"http:\/\/wp2.iesagora.es:60011\/mgriverap01\/producto\/vaso-de-silicona\/","og_locale":"es_ES","og_type":"article","og_title":"Vaso de silicona - Zarpi y sus amigos | Zafiro","og_description":"Vaso de silicona \u00a0perfecto para los m\u00e1s peque\u00f1os. Con tapa antiderrames y pajita integrada, F\u00e1cil de limpiar y apto para lavavajillas","og_url":"http:\/\/wp2.iesagora.es:60011\/mgriverap01\/producto\/vaso-de-silicona\/","og_site_name":"ZAFIRO","article_modified_time":"2025-03-14T00:46:33+00:00","og_image":[{"width":500,"height":500,"url":"http:\/\/wp2.iesagora.es:60011\/mgriverap01\/wp-content\/uploads\/sites\/129\/2025\/01\/tazas-canva-1.png","type":"image\/png"}],"twitter_card":"summary_large_image","twitter_misc":{"Tiempo de lectura":"2 minutos"},"schema":{"@context":"https:\/\/schema.org","@graph":[{"@type":"WebPage","@id":"http:\/\/wp2.iesagora.es:60011\/mgriverap01\/producto\/vaso-de-silicona\/","url":"http:\/\/wp2.iesagora.es:60011\/mgriverap01\/producto\/vaso-de-silicona\/","name":"Vaso de silicona - Zarpi y sus amigos | Zafiro","isPartOf":{"@id":"http:\/\/wp2.iesagora.es:60011\/mgriverap01\/#website"},"primaryImageOfPage":{"@id":"http:\/\/wp2.iesagora.es:60011\/mgriverap01\/producto\/vaso-de-silicona\/#primaryimage"},"image":{"@id":"http:\/\/wp2.iesagora.es:60011\/mgriverap01\/producto\/vaso-de-silicona\/#primaryimage"},"thumbnailUrl":"http:\/\/wp2.iesagora.es:60011\/mgriverap01\/wp-content\/uploads\/sites\/129\/2025\/01\/tazas-canva-1.png","datePublished":"2025-02-18T17:31:35+00:00","dateModified":"2025-03-14T00:46:33+00:00","description":"Vaso de silicona \u00a0perfecto para los m\u00e1s peque\u00f1os. Con tapa antiderrames y pajita integrada, F\u00e1cil de limpiar y apto para lavavajillas","breadcrumb":{"@id":"http:\/\/wp2.iesagora.es:60011\/mgriverap01\/producto\/vaso-de-silicona\/#breadcrumb"},"inLanguage":"es","potentialAction":[{"@type":"ReadAction","target":["http:\/\/wp2.iesagora.es:60011\/mgriverap01\/producto\/vaso-de-silicona\/"]}]},{"@type":"ImageObject","inLanguage":"es","@id":"http:\/\/wp2.iesagora.es:60011\/mgriverap01\/producto\/vaso-de-silicona\/#primaryimage","url":"http:\/\/wp2.iesagora.es:60011\/mgriverap01\/wp-content\/uploads\/sites\/129\/2025\/01\/tazas-canva-1.png","contentUrl":"http:\/\/wp2.iesagora.es:60011\/mgriverap01\/wp-content\/uploads\/sites\/129\/2025\/01\/tazas-canva-1.png","width":500,"height":500,"caption":"Vaso de Silicona con Pajita, color azul con una ilustraci\u00f3n de un flamenco."},{"@type":"BreadcrumbList","@id":"http:\/\/wp2.iesagora.es:60011\/mgriverap01\/producto\/vaso-de-silicona\/#breadcrumb","itemListElement":[{"@type":"ListItem","position":1,"name":"Portada","item":"http:\/\/wp2.iesagora.es:60011\/mgriverap01\/"},{"@type":"ListItem","position":2,"name":"Tienda","item":"http:\/\/wp2.iesagora.es:60011\/mgriverap01\/tienda\/"},{"@type":"ListItem","position":3,"name":"Zarpi and Friends"}]},{"@type":"WebSite","@id":"http:\/\/wp2.iesagora.es:60011\/mgriverap01\/#website","url":"http:\/\/wp2.iesagora.es:60011\/mgriverap01\/","name":"ZAFIRO","description":"","publisher":{"@id":"http:\/\/wp2.iesagora.es:60011\/mgriverap01\/#organization"},"potentialAction":[{"@type":"SearchAction","target":{"@type":"EntryPoint","urlTemplate":"http:\/\/wp2.iesagora.es:60011\/mgriverap01\/?s={search_term_string}"},"query-input":{"@type":"PropertyValueSpecification","valueRequired":true,"valueName":"search_term_string"}}],"inLanguage":"es"},{"@type":"Organization","@id":"http:\/\/wp2.iesagora.es:60011\/mgriverap01\/#organization","name":"ZAFIRO","url":"http:\/\/wp2.iesagora.es:60011\/mgriverap01\/","logo":{"@type":"ImageObject","inLanguage":"es","@id":"http:\/\/wp2.iesagora.es:60011\/mgriverap01\/#\/schema\/logo\/image\/","url":"http:\/\/wp2.iesagora.es:60011\/mgriverap01\/wp-content\/uploads\/sites\/129\/2025\/01\/Casa-Bar-10.png","contentUrl":"http:\/\/wp2.iesagora.es:60011\/mgriverap01\/wp-content\/uploads\/sites\/129\/2025\/01\/Casa-Bar-10.png","width":500,"height":500,"caption":"ZAFIRO"},"image":{"@id":"http:\/\/wp2.iesagora.es:60011\/mgriverap01\/#\/schema\/logo\/image\/"}}]}},"uagb_featured_image_src":{"full":["http:\/\/wp2.iesagora.es:60011\/mgriverap01\/wp-content\/uploads\/sites\/129\/2025\/01\/tazas-canva-1.png",500,500,false],"thumbnail":["http:\/\/wp2.iesagora.es:60011\/mgriverap01\/wp-content\/uploads\/sites\/129\/2025\/01\/tazas-canva-1-150x150.png",150,150,true],"medium":["http:\/\/wp2.iesagora.es:60011\/mgriverap01\/wp-content\/uploads\/sites\/129\/2025\/01\/tazas-canva-1-300x300.png",300,300,true],"medium_large":["http:\/\/wp2.iesagora.es:60011\/mgriverap01\/wp-content\/uploads\/sites\/129\/2025\/01\/tazas-canva-1.png",500,500,false],"large":["http:\/\/wp2.iesagora.es:60011\/mgriverap01\/wp-content\/uploads\/sites\/129\/2025\/01\/tazas-canva-1.png",500,500,false],"1536x1536":["http:\/\/wp2.iesagora.es:60011\/mgriverap01\/wp-content\/uploads\/sites\/129\/2025\/01\/tazas-canva-1.png",500,500,false],"2048x2048":["http:\/\/wp2.iesagora.es:60011\/mgriverap01\/wp-content\/uploads\/sites\/129\/2025\/01\/tazas-canva-1.png",500,500,false],"woocommerce_thumbnail":["http:\/\/wp2.iesagora.es:60011\/mgriverap01\/wp-content\/uploads\/sites\/129\/2025\/01\/tazas-canva-1-300x300.png",300,300,true],"woocommerce_single":["http:\/\/wp2.iesagora.es:60011\/mgriverap01\/wp-content\/uploads\/sites\/129\/2025\/01\/tazas-canva-1.png",500,500,false],"woocommerce_gallery_thumbnail":["http:\/\/wp2.iesagora.es:60011\/mgriverap01\/wp-content\/uploads\/sites\/129\/2025\/01\/tazas-canva-1-100x100.png",100,100,true]},"uagb_author_info":{"display_name":"mgriverap01","author_link":"http:\/\/wp2.iesagora.es:60011\/mgriverap01\/author\/"},"uagb_comment_info":0,"uagb_excerpt":"Vaso de Silicona con Pajita","_links":{"self":[{"href":"http:\/\/wp2.iesagora.es:60011\/mgriverap01\/wp-json\/wp\/v2\/product\/421","targetHints":{"allow":["GET"]}}],"collection":[{"href":"http:\/\/wp2.iesagora.es:60011\/mgriverap01\/wp-json\/wp\/v2\/product"}],"about":[{"href":"http:\/\/wp2.iesagora.es:60011\/mgriverap01\/wp-json\/wp\/v2\/types\/product"}],"replies":[{"embeddable":true,"href":"http:\/\/wp2.iesagora.es:60011\/mgriverap01\/wp-json\/wp\/v2\/comments?post=421"}],"version-history":[{"count":6,"href":"http:\/\/wp2.iesagora.es:60011\/mgriverap01\/wp-json\/wp\/v2\/product\/421\/revisions"}],"predecessor-version":[{"id":1257,"href":"http:\/\/wp2.iesagora.es:60011\/mgriverap01\/wp-json\/wp\/v2\/product\/421\/revisions\/1257"}],"wp:featuredmedia":[{"embeddable":true,"href":"http:\/\/wp2.iesagora.es:60011\/mgriverap01\/wp-json\/wp\/v2\/media\/230"}],"wp:attachment":[{"href":"http:\/\/wp2.iesagora.es:60011\/mgriverap01\/wp-json\/wp\/v2\/media?parent=421"}],"wp:term":[{"taxonomy":"product_brand","embeddable":true,"href":"http:\/\/wp2.iesagora.es:60011\/mgriverap01\/wp-json\/wp\/v2\/product_brand?post=421"},{"taxonomy":"product_cat","embeddable":true,"href":"http:\/\/wp2.iesagora.es:60011\/mgriverap01\/wp-json\/wp\/v2\/product_cat?post=421"},{"taxonomy":"product_tag","embeddable":true,"href":"http:\/\/wp2.iesagora.es:60011\/mgriverap01\/wp-json\/wp\/v2\/product_tag?post=421"}],"curies":[{"name":"wp","href":"https:\/\/api.w.org\/{rel}","templated":true}]}}