{"id":1036,"date":"2025-03-07T03:24:50","date_gmt":"2025-03-07T02:24:50","guid":{"rendered":"http:\/\/wp2.iesagora.es:60011\/mgriverap01\/?post_type=product&#038;p=1036"},"modified":"2025-03-14T01:10:40","modified_gmt":"2025-03-14T00:10:40","slug":"almohada-de-peluche-de-bambi-venado-zarpi-y-sus-amigos","status":"publish","type":"product","link":"http:\/\/wp2.iesagora.es:60011\/mgriverap01\/producto\/almohada-de-peluche-de-bambi-venado-zarpi-y-sus-amigos\/","title":{"rendered":"Almohada de Bambi"},"content":{"rendered":"<p data-start=\"108\" data-end=\"528\">La <strong data-start=\"111\" data-end=\"132\">almohada de peluche \u00abBambi\u00bb<\/strong> es el complemento ideal para quienes buscan descansar con estilo, suavidad y comodidad. Dise\u00f1ada con gran atenci\u00f3n a los detalles, esta almohada presenta la imagen de <strong data-start=\"300\" data-end=\"309\">Bambi<\/strong>, el carism\u00e1tico venado de peluche. Inspirada en el entra\u00f1able personaje del <strong data-start=\"386\" data-end=\"411\">centro de ocio Zafiro<\/strong>, no solo es un accesorio decorativo, sino tambi\u00e9n una invitaci\u00f3n a disfrutar de momentos de descanso inolvidables.<\/p>\n<p data-start=\"530\" data-end=\"1005\">Desde el primer contacto, sentir\u00e1s su incre\u00edble suavidad. Gracias a los materiales de alta calidad, su textura es sumamente agradable al tacto. Esto la hace perfecta para abrazar mientras te relajas en el sof\u00e1, la cama o tu rinc\u00f3n favorito. Adem\u00e1s, su relleno esponjoso proporciona el soporte ideal para un descanso placentero. Ya sea que la uses al ver una pel\u00edcula, tomar una siesta o simplemente desconectarte del d\u00eda a d\u00eda, siempre te brindar\u00e1 una sensaci\u00f3n de confort.<\/p>\n<p data-start=\"1007\" data-end=\"1413\">Por otro lado, su dise\u00f1o vibrante y detallado hace que tambi\u00e9n sea una pieza decorativa encantadora. Los colores armoniosos y la imagen entra\u00f1able de <strong data-start=\"1157\" data-end=\"1166\">Bambi<\/strong> aportan un toque de dulzura a cualquier espacio. Es perfecta para habitaciones infantiles, salas de estar o cualquier rinc\u00f3n que necesite un aire acogedor. Adem\u00e1s, puede ser un regalo ideal para los amantes de los peluches y personajes tiernos.<\/p>\n<p data-start=\"1415\" data-end=\"1760\" data-is-last-node=\"\" data-is-only-node=\"\">En definitiva, esta almohada de peluche no solo ofrece comodidad, sino que tambi\u00e9n agrega calidez y estilo a tu hogar. Ya sea para descansar, decorar o simplemente disfrutar de un momento de relajaci\u00f3n, la <span style=\"color: #333333\"><a style=\"color: #333333\" href=\"http:\/\/wp2.iesagora.es:60011\/mgriverap01\/categoria-producto\/zafiro\/zafiro-hugs\/\"><strong data-start=\"1610\" data-end=\"1631\">almohada de Bambi<\/strong><\/a><\/span> se convertir\u00e1 en tu compa\u00f1era favorita. <strong data-start=\"1672\" data-end=\"1760\" data-is-last-node=\"\">\u00a1D\u00e9jate envolver por su suavidad y vive la experiencia de un descanso reconfortante!<\/strong><\/p>\n","protected":false},"excerpt":{"rendered":"<p>Almohada de peluche de venado, s\u00faper suave, decoraci\u00f3n del hogar<\/p>\n","protected":false},"featured_media":106,"comment_status":"open","ping_status":"closed","template":"","meta":{"_uag_custom_page_level_css":"","site-sidebar-layout":"default","site-content-layout":"","ast-site-content-layout":"default","site-content-style":"default","site-sidebar-style":"default","ast-global-header-display":"","ast-banner-title-visibility":"","ast-main-header-display":"","ast-hfb-above-header-display":"","ast-hfb-below-header-display":"","ast-hfb-mobile-header-display":"","site-post-title":"","ast-breadcrumbs-content":"","ast-featured-img":"","footer-sml-layout":"","theme-transparent-header-meta":"default","adv-header-id-meta":"","stick-header-meta":"","header-above-stick-meta":"","header-main-stick-meta":"","header-below-stick-meta":"","astra-migrate-meta-layouts":"set","ast-page-background-enabled":"default","ast-page-background-meta":{"desktop":{"background-color":"var(--ast-global-color-5)","background-image":"","background-repeat":"repeat","background-position":"center center","background-size":"auto","background-attachment":"scroll","background-type":"","background-media":"","overlay-type":"","overlay-color":"","overlay-opacity":"","overlay-gradient":""},"tablet":{"background-color":"","background-image":"","background-repeat":"repeat","background-position":"center center","background-size":"auto","background-attachment":"scroll","background-type":"","background-media":"","overlay-type":"","overlay-color":"","overlay-opacity":"","overlay-gradient":""},"mobile":{"background-color":"","background-image":"","background-repeat":"repeat","background-position":"center center","background-size":"auto","background-attachment":"scroll","background-type":"","background-media":"","overlay-type":"","overlay-color":"","overlay-opacity":"","overlay-gradient":""}},"ast-content-background-meta":{"desktop":{"background-color":"var(--ast-global-color-4)","background-image":"","background-repeat":"repeat","background-position":"center center","background-size":"auto","background-attachment":"scroll","background-type":"","background-media":"","overlay-type":"","overlay-color":"","overlay-opacity":"","overlay-gradient":""},"tablet":{"background-color":"var(--ast-global-color-4)","background-image":"","background-repeat":"repeat","background-position":"center center","background-size":"auto","background-attachment":"scroll","background-type":"","background-media":"","overlay-type":"","overlay-color":"","overlay-opacity":"","overlay-gradient":""},"mobile":{"background-color":"var(--ast-global-color-4)","background-image":"","background-repeat":"repeat","background-position":"center center","background-size":"auto","background-attachment":"scroll","background-type":"","background-media":"","overlay-type":"","overlay-color":"","overlay-opacity":"","overlay-gradient":""}}},"product_brand":[],"product_cat":[16,63],"product_tag":[],"class_list":{"0":"post-1036","1":"product","2":"type-product","3":"status-publish","4":"has-post-thumbnail","6":"product_cat-zafiro","7":"product_cat-zafiro-hugs","8":"desktop-align-left","9":"tablet-align-left","10":"mobile-align-left","12":"first","13":"instock","14":"taxable","15":"shipping-taxable","16":"purchasable","17":"product-type-simple"},"yoast_head":"<!-- This site is optimized with the Yoast SEO plugin v26.8 - https:\/\/yoast.com\/product\/yoast-seo-wordpress\/ -->\n<title>Almohada de peluche &quot;Bambi&quot; | Zarpi y sus amigos - Zafiro<\/title>\n<meta name=\"description\" content=\"A\u00f1ade un toque de ternura y calma a tu espacio con Bambi, esta maravillosa almohada super suave y c\u00f3moda para descansar de la mejor manera.\" \/>\n<meta name=\"robots\" content=\"index, follow, max-snippet:-1, max-image-preview:large, max-video-preview:-1\" \/>\n<link rel=\"canonical\" href=\"http:\/\/wp2.iesagora.es:60011\/mgriverap01\/producto\/almohada-de-peluche-de-bambi-venado-zarpi-y-sus-amigos\/\" \/>\n<meta property=\"og:locale\" content=\"es_ES\" \/>\n<meta property=\"og:type\" content=\"article\" \/>\n<meta property=\"og:title\" content=\"Almohada de peluche &quot;Bambi&quot; | Zarpi y sus amigos - Zafiro\" \/>\n<meta property=\"og:description\" content=\"A\u00f1ade un toque de ternura y calma a tu espacio con Bambi, esta maravillosa almohada super suave y c\u00f3moda para descansar de la mejor manera.\" \/>\n<meta property=\"og:url\" content=\"http:\/\/wp2.iesagora.es:60011\/mgriverap01\/producto\/almohada-de-peluche-de-bambi-venado-zarpi-y-sus-amigos\/\" \/>\n<meta property=\"og:site_name\" content=\"ZAFIRO\" \/>\n<meta property=\"article:modified_time\" content=\"2025-03-14T00:10:40+00:00\" \/>\n<meta property=\"og:image\" content=\"http:\/\/wp2.iesagora.es:60011\/mgriverap01\/wp-content\/uploads\/sites\/129\/2025\/01\/zarpi-friends.png\" \/>\n\t<meta property=\"og:image:width\" content=\"498\" \/>\n\t<meta property=\"og:image:height\" content=\"489\" \/>\n\t<meta property=\"og:image:type\" content=\"image\/png\" \/>\n<meta name=\"twitter:card\" content=\"summary_large_image\" \/>\n<meta name=\"twitter:label1\" content=\"Tiempo de lectura\" \/>\n\t<meta name=\"twitter:data1\" content=\"2 minutos\" \/>\n<script type=\"application\/ld+json\" class=\"yoast-schema-graph\">{\"@context\":\"https:\/\/schema.org\",\"@graph\":[{\"@type\":\"WebPage\",\"@id\":\"http:\/\/wp2.iesagora.es:60011\/mgriverap01\/producto\/almohada-de-peluche-de-bambi-venado-zarpi-y-sus-amigos\/\",\"url\":\"http:\/\/wp2.iesagora.es:60011\/mgriverap01\/producto\/almohada-de-peluche-de-bambi-venado-zarpi-y-sus-amigos\/\",\"name\":\"Almohada de peluche \\\"Bambi\\\" | Zarpi y sus amigos - Zafiro\",\"isPartOf\":{\"@id\":\"http:\/\/wp2.iesagora.es:60011\/mgriverap01\/#website\"},\"primaryImageOfPage\":{\"@id\":\"http:\/\/wp2.iesagora.es:60011\/mgriverap01\/producto\/almohada-de-peluche-de-bambi-venado-zarpi-y-sus-amigos\/#primaryimage\"},\"image\":{\"@id\":\"http:\/\/wp2.iesagora.es:60011\/mgriverap01\/producto\/almohada-de-peluche-de-bambi-venado-zarpi-y-sus-amigos\/#primaryimage\"},\"thumbnailUrl\":\"http:\/\/wp2.iesagora.es:60011\/mgriverap01\/wp-content\/uploads\/sites\/129\/2025\/01\/zarpi-friends.png\",\"datePublished\":\"2025-03-07T02:24:50+00:00\",\"dateModified\":\"2025-03-14T00:10:40+00:00\",\"description\":\"A\u00f1ade un toque de ternura y calma a tu espacio con Bambi, esta maravillosa almohada super suave y c\u00f3moda para descansar de la mejor manera.\",\"breadcrumb\":{\"@id\":\"http:\/\/wp2.iesagora.es:60011\/mgriverap01\/producto\/almohada-de-peluche-de-bambi-venado-zarpi-y-sus-amigos\/#breadcrumb\"},\"inLanguage\":\"es\",\"potentialAction\":[{\"@type\":\"ReadAction\",\"target\":[\"http:\/\/wp2.iesagora.es:60011\/mgriverap01\/producto\/almohada-de-peluche-de-bambi-venado-zarpi-y-sus-amigos\/\"]}]},{\"@type\":\"ImageObject\",\"inLanguage\":\"es\",\"@id\":\"http:\/\/wp2.iesagora.es:60011\/mgriverap01\/producto\/almohada-de-peluche-de-bambi-venado-zarpi-y-sus-amigos\/#primaryimage\",\"url\":\"http:\/\/wp2.iesagora.es:60011\/mgriverap01\/wp-content\/uploads\/sites\/129\/2025\/01\/zarpi-friends.png\",\"contentUrl\":\"http:\/\/wp2.iesagora.es:60011\/mgriverap01\/wp-content\/uploads\/sites\/129\/2025\/01\/zarpi-friends.png\",\"width\":498,\"height\":489,\"caption\":\"peluche de venado es suave, tierno y lleno de detalles encantadores. Con sus cuernitos suaves y mirada amigable,\"},{\"@type\":\"BreadcrumbList\",\"@id\":\"http:\/\/wp2.iesagora.es:60011\/mgriverap01\/producto\/almohada-de-peluche-de-bambi-venado-zarpi-y-sus-amigos\/#breadcrumb\",\"itemListElement\":[{\"@type\":\"ListItem\",\"position\":1,\"name\":\"Portada\",\"item\":\"http:\/\/wp2.iesagora.es:60011\/mgriverap01\/\"},{\"@type\":\"ListItem\",\"position\":2,\"name\":\"Tienda\",\"item\":\"http:\/\/wp2.iesagora.es:60011\/mgriverap01\/tienda\/\"},{\"@type\":\"ListItem\",\"position\":3,\"name\":\"Almohada de Bambi\"}]},{\"@type\":\"WebSite\",\"@id\":\"http:\/\/wp2.iesagora.es:60011\/mgriverap01\/#website\",\"url\":\"http:\/\/wp2.iesagora.es:60011\/mgriverap01\/\",\"name\":\"ZAFIRO\",\"description\":\"\",\"publisher\":{\"@id\":\"http:\/\/wp2.iesagora.es:60011\/mgriverap01\/#organization\"},\"potentialAction\":[{\"@type\":\"SearchAction\",\"target\":{\"@type\":\"EntryPoint\",\"urlTemplate\":\"http:\/\/wp2.iesagora.es:60011\/mgriverap01\/?s={search_term_string}\"},\"query-input\":{\"@type\":\"PropertyValueSpecification\",\"valueRequired\":true,\"valueName\":\"search_term_string\"}}],\"inLanguage\":\"es\"},{\"@type\":\"Organization\",\"@id\":\"http:\/\/wp2.iesagora.es:60011\/mgriverap01\/#organization\",\"name\":\"ZAFIRO\",\"url\":\"http:\/\/wp2.iesagora.es:60011\/mgriverap01\/\",\"logo\":{\"@type\":\"ImageObject\",\"inLanguage\":\"es\",\"@id\":\"http:\/\/wp2.iesagora.es:60011\/mgriverap01\/#\/schema\/logo\/image\/\",\"url\":\"http:\/\/wp2.iesagora.es:60011\/mgriverap01\/wp-content\/uploads\/sites\/129\/2025\/01\/Casa-Bar-10.png\",\"contentUrl\":\"http:\/\/wp2.iesagora.es:60011\/mgriverap01\/wp-content\/uploads\/sites\/129\/2025\/01\/Casa-Bar-10.png\",\"width\":500,\"height\":500,\"caption\":\"ZAFIRO\"},\"image\":{\"@id\":\"http:\/\/wp2.iesagora.es:60011\/mgriverap01\/#\/schema\/logo\/image\/\"}}]}<\/script>\n<!-- \/ Yoast SEO plugin. -->","yoast_head_json":{"title":"Almohada de peluche \"Bambi\" | Zarpi y sus amigos - Zafiro","description":"A\u00f1ade un toque de ternura y calma a tu espacio con Bambi, esta maravillosa almohada super suave y c\u00f3moda para descansar de la mejor manera.","robots":{"index":"index","follow":"follow","max-snippet":"max-snippet:-1","max-image-preview":"max-image-preview:large","max-video-preview":"max-video-preview:-1"},"canonical":"http:\/\/wp2.iesagora.es:60011\/mgriverap01\/producto\/almohada-de-peluche-de-bambi-venado-zarpi-y-sus-amigos\/","og_locale":"es_ES","og_type":"article","og_title":"Almohada de peluche \"Bambi\" | Zarpi y sus amigos - Zafiro","og_description":"A\u00f1ade un toque de ternura y calma a tu espacio con Bambi, esta maravillosa almohada super suave y c\u00f3moda para descansar de la mejor manera.","og_url":"http:\/\/wp2.iesagora.es:60011\/mgriverap01\/producto\/almohada-de-peluche-de-bambi-venado-zarpi-y-sus-amigos\/","og_site_name":"ZAFIRO","article_modified_time":"2025-03-14T00:10:40+00:00","og_image":[{"width":498,"height":489,"url":"http:\/\/wp2.iesagora.es:60011\/mgriverap01\/wp-content\/uploads\/sites\/129\/2025\/01\/zarpi-friends.png","type":"image\/png"}],"twitter_card":"summary_large_image","twitter_misc":{"Tiempo de lectura":"2 minutos"},"schema":{"@context":"https:\/\/schema.org","@graph":[{"@type":"WebPage","@id":"http:\/\/wp2.iesagora.es:60011\/mgriverap01\/producto\/almohada-de-peluche-de-bambi-venado-zarpi-y-sus-amigos\/","url":"http:\/\/wp2.iesagora.es:60011\/mgriverap01\/producto\/almohada-de-peluche-de-bambi-venado-zarpi-y-sus-amigos\/","name":"Almohada de peluche \"Bambi\" | Zarpi y sus amigos - Zafiro","isPartOf":{"@id":"http:\/\/wp2.iesagora.es:60011\/mgriverap01\/#website"},"primaryImageOfPage":{"@id":"http:\/\/wp2.iesagora.es:60011\/mgriverap01\/producto\/almohada-de-peluche-de-bambi-venado-zarpi-y-sus-amigos\/#primaryimage"},"image":{"@id":"http:\/\/wp2.iesagora.es:60011\/mgriverap01\/producto\/almohada-de-peluche-de-bambi-venado-zarpi-y-sus-amigos\/#primaryimage"},"thumbnailUrl":"http:\/\/wp2.iesagora.es:60011\/mgriverap01\/wp-content\/uploads\/sites\/129\/2025\/01\/zarpi-friends.png","datePublished":"2025-03-07T02:24:50+00:00","dateModified":"2025-03-14T00:10:40+00:00","description":"A\u00f1ade un toque de ternura y calma a tu espacio con Bambi, esta maravillosa almohada super suave y c\u00f3moda para descansar de la mejor manera.","breadcrumb":{"@id":"http:\/\/wp2.iesagora.es:60011\/mgriverap01\/producto\/almohada-de-peluche-de-bambi-venado-zarpi-y-sus-amigos\/#breadcrumb"},"inLanguage":"es","potentialAction":[{"@type":"ReadAction","target":["http:\/\/wp2.iesagora.es:60011\/mgriverap01\/producto\/almohada-de-peluche-de-bambi-venado-zarpi-y-sus-amigos\/"]}]},{"@type":"ImageObject","inLanguage":"es","@id":"http:\/\/wp2.iesagora.es:60011\/mgriverap01\/producto\/almohada-de-peluche-de-bambi-venado-zarpi-y-sus-amigos\/#primaryimage","url":"http:\/\/wp2.iesagora.es:60011\/mgriverap01\/wp-content\/uploads\/sites\/129\/2025\/01\/zarpi-friends.png","contentUrl":"http:\/\/wp2.iesagora.es:60011\/mgriverap01\/wp-content\/uploads\/sites\/129\/2025\/01\/zarpi-friends.png","width":498,"height":489,"caption":"peluche de venado es suave, tierno y lleno de detalles encantadores. Con sus cuernitos suaves y mirada amigable,"},{"@type":"BreadcrumbList","@id":"http:\/\/wp2.iesagora.es:60011\/mgriverap01\/producto\/almohada-de-peluche-de-bambi-venado-zarpi-y-sus-amigos\/#breadcrumb","itemListElement":[{"@type":"ListItem","position":1,"name":"Portada","item":"http:\/\/wp2.iesagora.es:60011\/mgriverap01\/"},{"@type":"ListItem","position":2,"name":"Tienda","item":"http:\/\/wp2.iesagora.es:60011\/mgriverap01\/tienda\/"},{"@type":"ListItem","position":3,"name":"Almohada de Bambi"}]},{"@type":"WebSite","@id":"http:\/\/wp2.iesagora.es:60011\/mgriverap01\/#website","url":"http:\/\/wp2.iesagora.es:60011\/mgriverap01\/","name":"ZAFIRO","description":"","publisher":{"@id":"http:\/\/wp2.iesagora.es:60011\/mgriverap01\/#organization"},"potentialAction":[{"@type":"SearchAction","target":{"@type":"EntryPoint","urlTemplate":"http:\/\/wp2.iesagora.es:60011\/mgriverap01\/?s={search_term_string}"},"query-input":{"@type":"PropertyValueSpecification","valueRequired":true,"valueName":"search_term_string"}}],"inLanguage":"es"},{"@type":"Organization","@id":"http:\/\/wp2.iesagora.es:60011\/mgriverap01\/#organization","name":"ZAFIRO","url":"http:\/\/wp2.iesagora.es:60011\/mgriverap01\/","logo":{"@type":"ImageObject","inLanguage":"es","@id":"http:\/\/wp2.iesagora.es:60011\/mgriverap01\/#\/schema\/logo\/image\/","url":"http:\/\/wp2.iesagora.es:60011\/mgriverap01\/wp-content\/uploads\/sites\/129\/2025\/01\/Casa-Bar-10.png","contentUrl":"http:\/\/wp2.iesagora.es:60011\/mgriverap01\/wp-content\/uploads\/sites\/129\/2025\/01\/Casa-Bar-10.png","width":500,"height":500,"caption":"ZAFIRO"},"image":{"@id":"http:\/\/wp2.iesagora.es:60011\/mgriverap01\/#\/schema\/logo\/image\/"}}]}},"uagb_featured_image_src":{"full":["http:\/\/wp2.iesagora.es:60011\/mgriverap01\/wp-content\/uploads\/sites\/129\/2025\/01\/zarpi-friends.png",498,489,false],"thumbnail":["http:\/\/wp2.iesagora.es:60011\/mgriverap01\/wp-content\/uploads\/sites\/129\/2025\/01\/zarpi-friends-150x150.png",150,150,true],"medium":["http:\/\/wp2.iesagora.es:60011\/mgriverap01\/wp-content\/uploads\/sites\/129\/2025\/01\/zarpi-friends-300x295.png",300,295,true],"medium_large":["http:\/\/wp2.iesagora.es:60011\/mgriverap01\/wp-content\/uploads\/sites\/129\/2025\/01\/zarpi-friends.png",498,489,false],"large":["http:\/\/wp2.iesagora.es:60011\/mgriverap01\/wp-content\/uploads\/sites\/129\/2025\/01\/zarpi-friends.png",498,489,false],"1536x1536":["http:\/\/wp2.iesagora.es:60011\/mgriverap01\/wp-content\/uploads\/sites\/129\/2025\/01\/zarpi-friends.png",498,489,false],"2048x2048":["http:\/\/wp2.iesagora.es:60011\/mgriverap01\/wp-content\/uploads\/sites\/129\/2025\/01\/zarpi-friends.png",498,489,false],"woocommerce_thumbnail":["http:\/\/wp2.iesagora.es:60011\/mgriverap01\/wp-content\/uploads\/sites\/129\/2025\/01\/zarpi-friends-300x300.png",300,300,true],"woocommerce_single":["http:\/\/wp2.iesagora.es:60011\/mgriverap01\/wp-content\/uploads\/sites\/129\/2025\/01\/zarpi-friends.png",498,489,false],"woocommerce_gallery_thumbnail":["http:\/\/wp2.iesagora.es:60011\/mgriverap01\/wp-content\/uploads\/sites\/129\/2025\/01\/zarpi-friends-100x100.png",100,100,true]},"uagb_author_info":{"display_name":"mgriverap01","author_link":"http:\/\/wp2.iesagora.es:60011\/mgriverap01\/author\/"},"uagb_comment_info":0,"uagb_excerpt":"Almohada de peluche de venado, s\u00faper suave, decoraci\u00f3n del hogar","_links":{"self":[{"href":"http:\/\/wp2.iesagora.es:60011\/mgriverap01\/wp-json\/wp\/v2\/product\/1036","targetHints":{"allow":["GET"]}}],"collection":[{"href":"http:\/\/wp2.iesagora.es:60011\/mgriverap01\/wp-json\/wp\/v2\/product"}],"about":[{"href":"http:\/\/wp2.iesagora.es:60011\/mgriverap01\/wp-json\/wp\/v2\/types\/product"}],"replies":[{"embeddable":true,"href":"http:\/\/wp2.iesagora.es:60011\/mgriverap01\/wp-json\/wp\/v2\/comments?post=1036"}],"version-history":[{"count":5,"href":"http:\/\/wp2.iesagora.es:60011\/mgriverap01\/wp-json\/wp\/v2\/product\/1036\/revisions"}],"predecessor-version":[{"id":1233,"href":"http:\/\/wp2.iesagora.es:60011\/mgriverap01\/wp-json\/wp\/v2\/product\/1036\/revisions\/1233"}],"wp:featuredmedia":[{"embeddable":true,"href":"http:\/\/wp2.iesagora.es:60011\/mgriverap01\/wp-json\/wp\/v2\/media\/106"}],"wp:attachment":[{"href":"http:\/\/wp2.iesagora.es:60011\/mgriverap01\/wp-json\/wp\/v2\/media?parent=1036"}],"wp:term":[{"taxonomy":"product_brand","embeddable":true,"href":"http:\/\/wp2.iesagora.es:60011\/mgriverap01\/wp-json\/wp\/v2\/product_brand?post=1036"},{"taxonomy":"product_cat","embeddable":true,"href":"http:\/\/wp2.iesagora.es:60011\/mgriverap01\/wp-json\/wp\/v2\/product_cat?post=1036"},{"taxonomy":"product_tag","embeddable":true,"href":"http:\/\/wp2.iesagora.es:60011\/mgriverap01\/wp-json\/wp\/v2\/product_tag?post=1036"}],"curies":[{"name":"wp","href":"https:\/\/api.w.org\/{rel}","templated":true}]}}