{"id":103,"date":"2025-01-24T02:02:07","date_gmt":"2025-01-24T01:02:07","guid":{"rendered":"http:\/\/wp2.iesagora.es:60011\/mgriverap01\/?post_type=product&#038;p=103"},"modified":"2025-03-14T02:11:52","modified_gmt":"2025-03-14T01:11:52","slug":"almohada-zarpi","status":"publish","type":"product","link":"http:\/\/wp2.iesagora.es:60011\/mgriverap01\/producto\/almohada-zarpi\/","title":{"rendered":"Almohada Zarpi"},"content":{"rendered":"<p data-start=\"135\" data-end=\"689\">La <strong data-start=\"138\" data-end=\"159\">almohada de tigre sobre el maravilloso Zarpi<\/strong> es el toque perfecto para descansar con estilo y comodidad, convirti\u00e9ndose en una pieza \u00fanica para tu hogar. Con la <strong data-start=\"276\" data-end=\"330\">tierna imagen de este carism\u00e1tico tigre de peluche<\/strong>, conocido por su simpat\u00eda y dulzura en el centro de ocio Zafiro, esta almohada no solo te ofrece un descanso placentero, sino que tambi\u00e9n te invita a disfrutar de <strong data-start=\"494\" data-end=\"528\">sue\u00f1os suaves y reconfortantes<\/strong>. Su dise\u00f1o atractivo y su enfoque en la ternura hacen de ella un accesorio imprescindible para quienes buscan una combinaci\u00f3n de confort y estilo en su espacio.<\/p>\n<p data-start=\"691\" data-end=\"1141\">Esta almohada es ideal tanto para abrazar como para decorar tu habitaci\u00f3n o cualquier rinc\u00f3n especial. Su <strong data-start=\"797\" data-end=\"826\">suave y acogedora textura<\/strong> permite que te relajes y descanses despu\u00e9s de un d\u00eda largo, mientras que su dise\u00f1o encantador hace que se convierta en un punto de atenci\u00f3n en cualquier espacio. Ya sea como un elemento decorativo en tu cama, sof\u00e1 o silla, la <strong data-start=\"1053\" data-end=\"1074\">almohada de nuestro tigre Zarpi<\/strong> aporta un toque de calidez y alegr\u00eda que nunca pasa desapercibido.<\/p>\n<p data-start=\"1143\" data-end=\"1581\">El <strong data-start=\"1146\" data-end=\"1168\">personaje de Zarpi<\/strong>, conocido por su presencia amigable y juguetona, se convierte en un compa\u00f1ero fiel en cada momento de descanso. Este tigre de peluche, lleno de carisma, transmite serenidad y tranquilidad, lo que lo convierte en el compa\u00f1ero perfecto para quienes disfrutan de momentos de relajaci\u00f3n. Adem\u00e1s, su dise\u00f1o exclusivo y su calidad superior hacen de esta almohada una opci\u00f3n durable y atractiva que durar\u00e1 mucho tiempo.<\/p>\n<p data-start=\"1583\" data-end=\"1780\" data-is-last-node=\"\" data-is-only-node=\"\"><strong data-start=\"1583\" data-end=\"1640\">\u00a1Deja que Zarpi te acompa\u00f1e en cada momento de relax!<\/strong> Ya sea para dormir, descansar o decorar, esta almohada ser\u00e1 la elecci\u00f3n perfecta para quienes buscan una mezcla de <strong data-start=\"1756\" data-end=\"1779\">ternura y comodidad<\/strong>.<\/p>\n<p id=\"title\" class=\"a-size-large a-spacing-none\">\n","protected":false},"excerpt":{"rendered":"<p><span id=\"productTitle\" class=\"a-size-large product-title-word-break\">Almohada de tigre de peluche, s\u00faper suave, decoraci\u00f3n del hogar<\/span><\/p>\n","protected":false},"featured_media":104,"comment_status":"open","ping_status":"closed","template":"","meta":{"_uag_custom_page_level_css":"","site-sidebar-layout":"default","site-content-layout":"","ast-site-content-layout":"default","site-content-style":"default","site-sidebar-style":"default","ast-global-header-display":"","ast-banner-title-visibility":"","ast-main-header-display":"","ast-hfb-above-header-display":"","ast-hfb-below-header-display":"","ast-hfb-mobile-header-display":"","site-post-title":"","ast-breadcrumbs-content":"","ast-featured-img":"","footer-sml-layout":"","theme-transparent-header-meta":"default","adv-header-id-meta":"","stick-header-meta":"","header-above-stick-meta":"","header-main-stick-meta":"","header-below-stick-meta":"","astra-migrate-meta-layouts":"set","ast-page-background-enabled":"default","ast-page-background-meta":{"desktop":{"background-color":"var(--ast-global-color-5)","background-image":"","background-repeat":"repeat","background-position":"center center","background-size":"auto","background-attachment":"scroll","background-type":"","background-media":"","overlay-type":"","overlay-color":"","overlay-opacity":"","overlay-gradient":""},"tablet":{"background-color":"","background-image":"","background-repeat":"repeat","background-position":"center center","background-size":"auto","background-attachment":"scroll","background-type":"","background-media":"","overlay-type":"","overlay-color":"","overlay-opacity":"","overlay-gradient":""},"mobile":{"background-color":"","background-image":"","background-repeat":"repeat","background-position":"center center","background-size":"auto","background-attachment":"scroll","background-type":"","background-media":"","overlay-type":"","overlay-color":"","overlay-opacity":"","overlay-gradient":""}},"ast-content-background-meta":{"desktop":{"background-color":"var(--ast-global-color-4)","background-image":"","background-repeat":"repeat","background-position":"center center","background-size":"auto","background-attachment":"scroll","background-type":"","background-media":"","overlay-type":"","overlay-color":"","overlay-opacity":"","overlay-gradient":""},"tablet":{"background-color":"var(--ast-global-color-4)","background-image":"","background-repeat":"repeat","background-position":"center center","background-size":"auto","background-attachment":"scroll","background-type":"","background-media":"","overlay-type":"","overlay-color":"","overlay-opacity":"","overlay-gradient":""},"mobile":{"background-color":"var(--ast-global-color-4)","background-image":"","background-repeat":"repeat","background-position":"center center","background-size":"auto","background-attachment":"scroll","background-type":"","background-media":"","overlay-type":"","overlay-color":"","overlay-opacity":"","overlay-gradient":""}}},"product_brand":[],"product_cat":[16,63],"product_tag":[],"class_list":{"0":"post-103","1":"product","2":"type-product","3":"status-publish","4":"has-post-thumbnail","6":"product_cat-zafiro","7":"product_cat-zafiro-hugs","8":"desktop-align-left","9":"tablet-align-left","10":"mobile-align-left","12":"first","13":"instock","14":"taxable","15":"shipping-taxable","16":"purchasable","17":"product-type-simple"},"yoast_head":"<!-- This site is optimized with the Yoast SEO plugin v26.8 - https:\/\/yoast.com\/product\/yoast-seo-wordpress\/ -->\n<title>Almohada de tigre - Zarpi y sus amigos | Zafiro<\/title>\n<meta name=\"description\" content=\"La almohada de Zarpi, el tierno tigre de Zafiro, ofrece comodidad y ternura en cada descanso. \u00a1Perfecta para abrazar y decorar tu espacio!\" \/>\n<meta name=\"robots\" content=\"index, follow, max-snippet:-1, max-image-preview:large, max-video-preview:-1\" \/>\n<link rel=\"canonical\" href=\"http:\/\/wp2.iesagora.es:60011\/mgriverap01\/producto\/almohada-zarpi\/\" \/>\n<meta property=\"og:locale\" content=\"es_ES\" \/>\n<meta property=\"og:type\" content=\"article\" \/>\n<meta property=\"og:title\" content=\"Almohada de tigre - Zarpi y sus amigos | Zafiro\" \/>\n<meta property=\"og:description\" content=\"La almohada de Zarpi, el tierno tigre de Zafiro, ofrece comodidad y ternura en cada descanso. \u00a1Perfecta para abrazar y decorar tu espacio!\" \/>\n<meta property=\"og:url\" content=\"http:\/\/wp2.iesagora.es:60011\/mgriverap01\/producto\/almohada-zarpi\/\" \/>\n<meta property=\"og:site_name\" content=\"ZAFIRO\" \/>\n<meta property=\"article:modified_time\" content=\"2025-03-14T01:11:52+00:00\" \/>\n<meta property=\"og:image\" content=\"http:\/\/wp2.iesagora.es:60011\/mgriverap01\/wp-content\/uploads\/sites\/129\/2025\/01\/almohada-zarpi.png\" \/>\n\t<meta property=\"og:image:width\" content=\"529\" \/>\n\t<meta property=\"og:image:height\" content=\"495\" \/>\n\t<meta property=\"og:image:type\" content=\"image\/png\" \/>\n<meta name=\"twitter:card\" content=\"summary_large_image\" \/>\n<meta name=\"twitter:label1\" content=\"Tiempo de lectura\" \/>\n\t<meta name=\"twitter:data1\" content=\"2 minutos\" \/>\n<script type=\"application\/ld+json\" class=\"yoast-schema-graph\">{\"@context\":\"https:\/\/schema.org\",\"@graph\":[{\"@type\":\"WebPage\",\"@id\":\"http:\/\/wp2.iesagora.es:60011\/mgriverap01\/producto\/almohada-zarpi\/\",\"url\":\"http:\/\/wp2.iesagora.es:60011\/mgriverap01\/producto\/almohada-zarpi\/\",\"name\":\"Almohada de tigre - Zarpi y sus amigos | Zafiro\",\"isPartOf\":{\"@id\":\"http:\/\/wp2.iesagora.es:60011\/mgriverap01\/#website\"},\"primaryImageOfPage\":{\"@id\":\"http:\/\/wp2.iesagora.es:60011\/mgriverap01\/producto\/almohada-zarpi\/#primaryimage\"},\"image\":{\"@id\":\"http:\/\/wp2.iesagora.es:60011\/mgriverap01\/producto\/almohada-zarpi\/#primaryimage\"},\"thumbnailUrl\":\"http:\/\/wp2.iesagora.es:60011\/mgriverap01\/wp-content\/uploads\/sites\/129\/2025\/01\/almohada-zarpi.png\",\"datePublished\":\"2025-01-24T01:02:07+00:00\",\"dateModified\":\"2025-03-14T01:11:52+00:00\",\"description\":\"La almohada de Zarpi, el tierno tigre de Zafiro, ofrece comodidad y ternura en cada descanso. \u00a1Perfecta para abrazar y decorar tu espacio!\",\"breadcrumb\":{\"@id\":\"http:\/\/wp2.iesagora.es:60011\/mgriverap01\/producto\/almohada-zarpi\/#breadcrumb\"},\"inLanguage\":\"es\",\"potentialAction\":[{\"@type\":\"ReadAction\",\"target\":[\"http:\/\/wp2.iesagora.es:60011\/mgriverap01\/producto\/almohada-zarpi\/\"]}]},{\"@type\":\"ImageObject\",\"inLanguage\":\"es\",\"@id\":\"http:\/\/wp2.iesagora.es:60011\/mgriverap01\/producto\/almohada-zarpi\/#primaryimage\",\"url\":\"http:\/\/wp2.iesagora.es:60011\/mgriverap01\/wp-content\/uploads\/sites\/129\/2025\/01\/almohada-zarpi.png\",\"contentUrl\":\"http:\/\/wp2.iesagora.es:60011\/mgriverap01\/wp-content\/uploads\/sites\/129\/2025\/01\/almohada-zarpi.png\",\"width\":529,\"height\":495,\"caption\":\"Almohada redonda de peluche de tigre, s\u00faper suave y tierno, decoraci\u00f3n del hogar\"},{\"@type\":\"BreadcrumbList\",\"@id\":\"http:\/\/wp2.iesagora.es:60011\/mgriverap01\/producto\/almohada-zarpi\/#breadcrumb\",\"itemListElement\":[{\"@type\":\"ListItem\",\"position\":1,\"name\":\"Portada\",\"item\":\"http:\/\/wp2.iesagora.es:60011\/mgriverap01\/\"},{\"@type\":\"ListItem\",\"position\":2,\"name\":\"Tienda\",\"item\":\"http:\/\/wp2.iesagora.es:60011\/mgriverap01\/tienda\/\"},{\"@type\":\"ListItem\",\"position\":3,\"name\":\"Almohada Zarpi\"}]},{\"@type\":\"WebSite\",\"@id\":\"http:\/\/wp2.iesagora.es:60011\/mgriverap01\/#website\",\"url\":\"http:\/\/wp2.iesagora.es:60011\/mgriverap01\/\",\"name\":\"ZAFIRO\",\"description\":\"\",\"publisher\":{\"@id\":\"http:\/\/wp2.iesagora.es:60011\/mgriverap01\/#organization\"},\"potentialAction\":[{\"@type\":\"SearchAction\",\"target\":{\"@type\":\"EntryPoint\",\"urlTemplate\":\"http:\/\/wp2.iesagora.es:60011\/mgriverap01\/?s={search_term_string}\"},\"query-input\":{\"@type\":\"PropertyValueSpecification\",\"valueRequired\":true,\"valueName\":\"search_term_string\"}}],\"inLanguage\":\"es\"},{\"@type\":\"Organization\",\"@id\":\"http:\/\/wp2.iesagora.es:60011\/mgriverap01\/#organization\",\"name\":\"ZAFIRO\",\"url\":\"http:\/\/wp2.iesagora.es:60011\/mgriverap01\/\",\"logo\":{\"@type\":\"ImageObject\",\"inLanguage\":\"es\",\"@id\":\"http:\/\/wp2.iesagora.es:60011\/mgriverap01\/#\/schema\/logo\/image\/\",\"url\":\"http:\/\/wp2.iesagora.es:60011\/mgriverap01\/wp-content\/uploads\/sites\/129\/2025\/01\/Casa-Bar-10.png\",\"contentUrl\":\"http:\/\/wp2.iesagora.es:60011\/mgriverap01\/wp-content\/uploads\/sites\/129\/2025\/01\/Casa-Bar-10.png\",\"width\":500,\"height\":500,\"caption\":\"ZAFIRO\"},\"image\":{\"@id\":\"http:\/\/wp2.iesagora.es:60011\/mgriverap01\/#\/schema\/logo\/image\/\"}}]}<\/script>\n<!-- \/ Yoast SEO plugin. -->","yoast_head_json":{"title":"Almohada de tigre - Zarpi y sus amigos | Zafiro","description":"La almohada de Zarpi, el tierno tigre de Zafiro, ofrece comodidad y ternura en cada descanso. \u00a1Perfecta para abrazar y decorar tu espacio!","robots":{"index":"index","follow":"follow","max-snippet":"max-snippet:-1","max-image-preview":"max-image-preview:large","max-video-preview":"max-video-preview:-1"},"canonical":"http:\/\/wp2.iesagora.es:60011\/mgriverap01\/producto\/almohada-zarpi\/","og_locale":"es_ES","og_type":"article","og_title":"Almohada de tigre - Zarpi y sus amigos | Zafiro","og_description":"La almohada de Zarpi, el tierno tigre de Zafiro, ofrece comodidad y ternura en cada descanso. \u00a1Perfecta para abrazar y decorar tu espacio!","og_url":"http:\/\/wp2.iesagora.es:60011\/mgriverap01\/producto\/almohada-zarpi\/","og_site_name":"ZAFIRO","article_modified_time":"2025-03-14T01:11:52+00:00","og_image":[{"width":529,"height":495,"url":"http:\/\/wp2.iesagora.es:60011\/mgriverap01\/wp-content\/uploads\/sites\/129\/2025\/01\/almohada-zarpi.png","type":"image\/png"}],"twitter_card":"summary_large_image","twitter_misc":{"Tiempo de lectura":"2 minutos"},"schema":{"@context":"https:\/\/schema.org","@graph":[{"@type":"WebPage","@id":"http:\/\/wp2.iesagora.es:60011\/mgriverap01\/producto\/almohada-zarpi\/","url":"http:\/\/wp2.iesagora.es:60011\/mgriverap01\/producto\/almohada-zarpi\/","name":"Almohada de tigre - Zarpi y sus amigos | Zafiro","isPartOf":{"@id":"http:\/\/wp2.iesagora.es:60011\/mgriverap01\/#website"},"primaryImageOfPage":{"@id":"http:\/\/wp2.iesagora.es:60011\/mgriverap01\/producto\/almohada-zarpi\/#primaryimage"},"image":{"@id":"http:\/\/wp2.iesagora.es:60011\/mgriverap01\/producto\/almohada-zarpi\/#primaryimage"},"thumbnailUrl":"http:\/\/wp2.iesagora.es:60011\/mgriverap01\/wp-content\/uploads\/sites\/129\/2025\/01\/almohada-zarpi.png","datePublished":"2025-01-24T01:02:07+00:00","dateModified":"2025-03-14T01:11:52+00:00","description":"La almohada de Zarpi, el tierno tigre de Zafiro, ofrece comodidad y ternura en cada descanso. \u00a1Perfecta para abrazar y decorar tu espacio!","breadcrumb":{"@id":"http:\/\/wp2.iesagora.es:60011\/mgriverap01\/producto\/almohada-zarpi\/#breadcrumb"},"inLanguage":"es","potentialAction":[{"@type":"ReadAction","target":["http:\/\/wp2.iesagora.es:60011\/mgriverap01\/producto\/almohada-zarpi\/"]}]},{"@type":"ImageObject","inLanguage":"es","@id":"http:\/\/wp2.iesagora.es:60011\/mgriverap01\/producto\/almohada-zarpi\/#primaryimage","url":"http:\/\/wp2.iesagora.es:60011\/mgriverap01\/wp-content\/uploads\/sites\/129\/2025\/01\/almohada-zarpi.png","contentUrl":"http:\/\/wp2.iesagora.es:60011\/mgriverap01\/wp-content\/uploads\/sites\/129\/2025\/01\/almohada-zarpi.png","width":529,"height":495,"caption":"Almohada redonda de peluche de tigre, s\u00faper suave y tierno, decoraci\u00f3n del hogar"},{"@type":"BreadcrumbList","@id":"http:\/\/wp2.iesagora.es:60011\/mgriverap01\/producto\/almohada-zarpi\/#breadcrumb","itemListElement":[{"@type":"ListItem","position":1,"name":"Portada","item":"http:\/\/wp2.iesagora.es:60011\/mgriverap01\/"},{"@type":"ListItem","position":2,"name":"Tienda","item":"http:\/\/wp2.iesagora.es:60011\/mgriverap01\/tienda\/"},{"@type":"ListItem","position":3,"name":"Almohada Zarpi"}]},{"@type":"WebSite","@id":"http:\/\/wp2.iesagora.es:60011\/mgriverap01\/#website","url":"http:\/\/wp2.iesagora.es:60011\/mgriverap01\/","name":"ZAFIRO","description":"","publisher":{"@id":"http:\/\/wp2.iesagora.es:60011\/mgriverap01\/#organization"},"potentialAction":[{"@type":"SearchAction","target":{"@type":"EntryPoint","urlTemplate":"http:\/\/wp2.iesagora.es:60011\/mgriverap01\/?s={search_term_string}"},"query-input":{"@type":"PropertyValueSpecification","valueRequired":true,"valueName":"search_term_string"}}],"inLanguage":"es"},{"@type":"Organization","@id":"http:\/\/wp2.iesagora.es:60011\/mgriverap01\/#organization","name":"ZAFIRO","url":"http:\/\/wp2.iesagora.es:60011\/mgriverap01\/","logo":{"@type":"ImageObject","inLanguage":"es","@id":"http:\/\/wp2.iesagora.es:60011\/mgriverap01\/#\/schema\/logo\/image\/","url":"http:\/\/wp2.iesagora.es:60011\/mgriverap01\/wp-content\/uploads\/sites\/129\/2025\/01\/Casa-Bar-10.png","contentUrl":"http:\/\/wp2.iesagora.es:60011\/mgriverap01\/wp-content\/uploads\/sites\/129\/2025\/01\/Casa-Bar-10.png","width":500,"height":500,"caption":"ZAFIRO"},"image":{"@id":"http:\/\/wp2.iesagora.es:60011\/mgriverap01\/#\/schema\/logo\/image\/"}}]}},"uagb_featured_image_src":{"full":["http:\/\/wp2.iesagora.es:60011\/mgriverap01\/wp-content\/uploads\/sites\/129\/2025\/01\/almohada-zarpi.png",529,495,false],"thumbnail":["http:\/\/wp2.iesagora.es:60011\/mgriverap01\/wp-content\/uploads\/sites\/129\/2025\/01\/almohada-zarpi-150x150.png",150,150,true],"medium":["http:\/\/wp2.iesagora.es:60011\/mgriverap01\/wp-content\/uploads\/sites\/129\/2025\/01\/almohada-zarpi-300x281.png",300,281,true],"medium_large":["http:\/\/wp2.iesagora.es:60011\/mgriverap01\/wp-content\/uploads\/sites\/129\/2025\/01\/almohada-zarpi.png",529,495,false],"large":["http:\/\/wp2.iesagora.es:60011\/mgriverap01\/wp-content\/uploads\/sites\/129\/2025\/01\/almohada-zarpi.png",529,495,false],"1536x1536":["http:\/\/wp2.iesagora.es:60011\/mgriverap01\/wp-content\/uploads\/sites\/129\/2025\/01\/almohada-zarpi.png",529,495,false],"2048x2048":["http:\/\/wp2.iesagora.es:60011\/mgriverap01\/wp-content\/uploads\/sites\/129\/2025\/01\/almohada-zarpi.png",529,495,false],"woocommerce_thumbnail":["http:\/\/wp2.iesagora.es:60011\/mgriverap01\/wp-content\/uploads\/sites\/129\/2025\/01\/almohada-zarpi-300x300.png",300,300,true],"woocommerce_single":["http:\/\/wp2.iesagora.es:60011\/mgriverap01\/wp-content\/uploads\/sites\/129\/2025\/01\/almohada-zarpi.png",529,495,false],"woocommerce_gallery_thumbnail":["http:\/\/wp2.iesagora.es:60011\/mgriverap01\/wp-content\/uploads\/sites\/129\/2025\/01\/almohada-zarpi-100x100.png",100,100,true]},"uagb_author_info":{"display_name":"mgriverap01","author_link":"http:\/\/wp2.iesagora.es:60011\/mgriverap01\/author\/"},"uagb_comment_info":0,"uagb_excerpt":"Almohada de tigre de peluche, s\u00faper suave, decoraci\u00f3n del hogar","_links":{"self":[{"href":"http:\/\/wp2.iesagora.es:60011\/mgriverap01\/wp-json\/wp\/v2\/product\/103","targetHints":{"allow":["GET"]}}],"collection":[{"href":"http:\/\/wp2.iesagora.es:60011\/mgriverap01\/wp-json\/wp\/v2\/product"}],"about":[{"href":"http:\/\/wp2.iesagora.es:60011\/mgriverap01\/wp-json\/wp\/v2\/types\/product"}],"replies":[{"embeddable":true,"href":"http:\/\/wp2.iesagora.es:60011\/mgriverap01\/wp-json\/wp\/v2\/comments?post=103"}],"version-history":[{"count":4,"href":"http:\/\/wp2.iesagora.es:60011\/mgriverap01\/wp-json\/wp\/v2\/product\/103\/revisions"}],"predecessor-version":[{"id":890,"href":"http:\/\/wp2.iesagora.es:60011\/mgriverap01\/wp-json\/wp\/v2\/product\/103\/revisions\/890"}],"wp:featuredmedia":[{"embeddable":true,"href":"http:\/\/wp2.iesagora.es:60011\/mgriverap01\/wp-json\/wp\/v2\/media\/104"}],"wp:attachment":[{"href":"http:\/\/wp2.iesagora.es:60011\/mgriverap01\/wp-json\/wp\/v2\/media?parent=103"}],"wp:term":[{"taxonomy":"product_brand","embeddable":true,"href":"http:\/\/wp2.iesagora.es:60011\/mgriverap01\/wp-json\/wp\/v2\/product_brand?post=103"},{"taxonomy":"product_cat","embeddable":true,"href":"http:\/\/wp2.iesagora.es:60011\/mgriverap01\/wp-json\/wp\/v2\/product_cat?post=103"},{"taxonomy":"product_tag","embeddable":true,"href":"http:\/\/wp2.iesagora.es:60011\/mgriverap01\/wp-json\/wp\/v2\/product_tag?post=103"}],"curies":[{"name":"wp","href":"https:\/\/api.w.org\/{rel}","templated":true}]}}