{"id":1025,"date":"2025-03-07T03:09:58","date_gmt":"2025-03-07T02:09:58","guid":{"rendered":"http:\/\/wp2.iesagora.es:60011\/mgriverap01\/?post_type=product&#038;p=1025"},"modified":"2025-04-25T16:44:23","modified_gmt":"2025-04-25T14:44:23","slug":"vaso-termico-zafiro","status":"publish","type":"product","link":"http:\/\/wp2.iesagora.es:60011\/mgriverap01\/producto\/vaso-termico-zafiro\/","title":{"rendered":"Vaso t\u00e9rmico"},"content":{"rendered":"<p data-start=\"122\" data-end=\"694\">El <strong data-start=\"125\" data-end=\"193\">vaso t\u00e9rmico de doble pared de acero inoxidable con aislamiento al vac\u00edo<\/strong> es la opci\u00f3n ideal para quienes buscan mantener sus bebidas a la temperatura perfecta por m\u00e1s tiempo. Dise\u00f1ado para ofrecer comodidad y funcionalidad, este vaso cuenta con una <strong data-start=\"370\" data-end=\"394\">capacidad de 1200 ml<\/strong>, permitiendo disfrutar de una gran cantidad de l\u00edquido sin necesidad de recargas constantes. Gracias a su tecnolog\u00eda de aislamiento al vac\u00edo, mantiene las bebidas <strong data-start=\"558\" data-end=\"588\">calientes por varias horas<\/strong> y las <strong data-start=\"595\" data-end=\"623\">fr\u00edas por a\u00fan m\u00e1s tiempo<\/strong>, lo que lo hace perfecto tanto para el invierno como para el verano.<\/p>\n<p data-start=\"696\" data-end=\"1180\">Una de sus caracter\u00edsticas m\u00e1s destacadas es su <strong data-start=\"744\" data-end=\"776\">dise\u00f1o pr\u00e1ctico y ergon\u00f3mico<\/strong>. Su estructura de doble pared evita la condensaci\u00f3n en el exterior, evitando que las manos se enfr\u00eden o se calienten en exceso. Adem\u00e1s, cuenta con un <strong data-start=\"927\" data-end=\"945\">asa resistente<\/strong>, que facilita su agarre y transporte, convirti\u00e9ndolo en el compa\u00f1ero ideal para el hogar, la oficina o los viajes. Su <strong data-start=\"1064\" data-end=\"1082\">pajita aislada<\/strong> a\u00f1ade un extra de comodidad, permitiendo beber con facilidad sin necesidad de inclinar el vaso.<\/p>\n<p data-start=\"1182\" data-end=\"1517\">Este vaso est\u00e1 disponible en <strong data-start=\"1211\" data-end=\"1250\">tres colores elegantes y vers\u00e1tiles<\/strong>: rosa, verde y negro. El modelo <strong data-start=\"1283\" data-end=\"1291\">rosa<\/strong> es perfecto para quienes prefieren un dise\u00f1o llamativo y moderno, mientras que el <strong data-start=\"1374\" data-end=\"1383\">verde<\/strong> aporta un toque fresco y natural. Por otro lado, el <strong data-start=\"1436\" data-end=\"1445\">negro<\/strong> es ideal para quienes buscan un estilo m\u00e1s sofisticado y minimalista.<\/p>\n<p data-start=\"1519\" data-end=\"1826\" data-is-last-node=\"\" data-is-only-node=\"\">Fabricado con <strong data-start=\"1533\" data-end=\"1563\">materiales de alta calidad<\/strong>, este vaso es resistente, duradero y f\u00e1cil de limpiar. Ya sea que disfrutes de caf\u00e9, t\u00e9, batidos o refrescos, este vaso t\u00e9rmico te permitir\u00e1 disfrutar de tus bebidas favoritas con la mejor experiencia.<\/p>\n<p data-start=\"1519\" data-end=\"1826\" data-is-last-node=\"\" data-is-only-node=\"\"><strong data-start=\"1766\" data-end=\"1826\" data-is-last-node=\"\">Elige tu color favorito y ll\u00e9valo contigo a donde vayas. Esto y mucho m\u00e1s gracias a nuestros queridos colaboradores y proveedores de <span style=\"color: #333333\"><a style=\"color: #333333\" href=\"https:\/\/kleankanteen.es\/collections\/insulated-tumblers?srsltid=AfmBOopZAMIMyC-1DO6g0XJGN5UD3DeQkgyAuHomlikJPCIfCA_MqOAb\">Klean Kanteen Spain.<\/a><\/span><\/strong><\/p>\n","protected":false},"excerpt":{"rendered":"<p>Vaso de con pajita moderno<\/p>\n","protected":false},"featured_media":1030,"comment_status":"open","ping_status":"closed","template":"","meta":{"_uag_custom_page_level_css":"","site-sidebar-layout":"default","site-content-layout":"","ast-site-content-layout":"default","site-content-style":"default","site-sidebar-style":"default","ast-global-header-display":"","ast-banner-title-visibility":"","ast-main-header-display":"","ast-hfb-above-header-display":"","ast-hfb-below-header-display":"","ast-hfb-mobile-header-display":"","site-post-title":"","ast-breadcrumbs-content":"","ast-featured-img":"","footer-sml-layout":"","theme-transparent-header-meta":"default","adv-header-id-meta":"","stick-header-meta":"","header-above-stick-meta":"","header-main-stick-meta":"","header-below-stick-meta":"","astra-migrate-meta-layouts":"set","ast-page-background-enabled":"default","ast-page-background-meta":{"desktop":{"background-color":"var(--ast-global-color-5)","background-image":"","background-repeat":"repeat","background-position":"center center","background-size":"auto","background-attachment":"scroll","background-type":"","background-media":"","overlay-type":"","overlay-color":"","overlay-opacity":"","overlay-gradient":""},"tablet":{"background-color":"","background-image":"","background-repeat":"repeat","background-position":"center center","background-size":"auto","background-attachment":"scroll","background-type":"","background-media":"","overlay-type":"","overlay-color":"","overlay-opacity":"","overlay-gradient":""},"mobile":{"background-color":"","background-image":"","background-repeat":"repeat","background-position":"center center","background-size":"auto","background-attachment":"scroll","background-type":"","background-media":"","overlay-type":"","overlay-color":"","overlay-opacity":"","overlay-gradient":""}},"ast-content-background-meta":{"desktop":{"background-color":"var(--ast-global-color-4)","background-image":"","background-repeat":"repeat","background-position":"center center","background-size":"auto","background-attachment":"scroll","background-type":"","background-media":"","overlay-type":"","overlay-color":"","overlay-opacity":"","overlay-gradient":""},"tablet":{"background-color":"var(--ast-global-color-4)","background-image":"","background-repeat":"repeat","background-position":"center center","background-size":"auto","background-attachment":"scroll","background-type":"","background-media":"","overlay-type":"","overlay-color":"","overlay-opacity":"","overlay-gradient":""},"mobile":{"background-color":"var(--ast-global-color-4)","background-image":"","background-repeat":"repeat","background-position":"center center","background-size":"auto","background-attachment":"scroll","background-type":"","background-media":"","overlay-type":"","overlay-color":"","overlay-opacity":"","overlay-gradient":""}}},"product_brand":[],"product_cat":[16,30],"product_tag":[],"class_list":{"0":"post-1025","1":"product","2":"type-product","3":"status-publish","4":"has-post-thumbnail","6":"product_cat-zafiro","7":"product_cat-tazas","8":"desktop-align-left","9":"tablet-align-left","10":"mobile-align-left","12":"first","13":"instock","14":"taxable","15":"shipping-taxable","16":"purchasable","17":"product-type-variable"},"yoast_head":"<!-- This site is optimized with the Yoast SEO plugin v26.8 - https:\/\/yoast.com\/product\/yoast-seo-wordpress\/ -->\n<title>Vaso t\u00e9rmico - ZAFIRO<\/title>\n<meta name=\"description\" content=\"Termo de Acero Inoxidable para Caf\u00e9, T\u00e9 y Bebidas Fr\u00edas - Ideal para Oficina, Deporte y Viajes - Aislamiento T\u00e9rmico, Zero Waste - Regalos Originales\" \/>\n<meta name=\"robots\" content=\"index, follow, max-snippet:-1, max-image-preview:large, max-video-preview:-1\" \/>\n<link rel=\"canonical\" href=\"http:\/\/wp2.iesagora.es:60011\/mgriverap01\/producto\/vaso-termico-zafiro\/\" \/>\n<meta property=\"og:locale\" content=\"es_ES\" \/>\n<meta property=\"og:type\" content=\"article\" \/>\n<meta property=\"og:title\" content=\"Vaso t\u00e9rmico - ZAFIRO\" \/>\n<meta property=\"og:description\" content=\"Termo de Acero Inoxidable para Caf\u00e9, T\u00e9 y Bebidas Fr\u00edas - Ideal para Oficina, Deporte y Viajes - Aislamiento T\u00e9rmico, Zero Waste - Regalos Originales\" \/>\n<meta property=\"og:url\" content=\"http:\/\/wp2.iesagora.es:60011\/mgriverap01\/producto\/vaso-termico-zafiro\/\" \/>\n<meta property=\"og:site_name\" content=\"ZAFIRO\" \/>\n<meta property=\"article:modified_time\" content=\"2025-04-25T14:44:23+00:00\" \/>\n<meta property=\"og:image\" content=\"http:\/\/wp2.iesagora.es:60011\/mgriverap01\/wp-content\/uploads\/sites\/129\/2025\/03\/VASO-ROSA.png\" \/>\n\t<meta property=\"og:image:width\" content=\"461\" \/>\n\t<meta property=\"og:image:height\" content=\"527\" \/>\n\t<meta property=\"og:image:type\" content=\"image\/png\" \/>\n<meta name=\"twitter:card\" content=\"summary_large_image\" \/>\n<meta name=\"twitter:label1\" content=\"Tiempo de lectura\" \/>\n\t<meta name=\"twitter:data1\" content=\"2 minutos\" \/>\n<script type=\"application\/ld+json\" class=\"yoast-schema-graph\">{\"@context\":\"https:\/\/schema.org\",\"@graph\":[{\"@type\":\"WebPage\",\"@id\":\"http:\/\/wp2.iesagora.es:60011\/mgriverap01\/producto\/vaso-termico-zafiro\/\",\"url\":\"http:\/\/wp2.iesagora.es:60011\/mgriverap01\/producto\/vaso-termico-zafiro\/\",\"name\":\"Vaso t\u00e9rmico - ZAFIRO\",\"isPartOf\":{\"@id\":\"http:\/\/wp2.iesagora.es:60011\/mgriverap01\/#website\"},\"primaryImageOfPage\":{\"@id\":\"http:\/\/wp2.iesagora.es:60011\/mgriverap01\/producto\/vaso-termico-zafiro\/#primaryimage\"},\"image\":{\"@id\":\"http:\/\/wp2.iesagora.es:60011\/mgriverap01\/producto\/vaso-termico-zafiro\/#primaryimage\"},\"thumbnailUrl\":\"http:\/\/wp2.iesagora.es:60011\/mgriverap01\/wp-content\/uploads\/sites\/129\/2025\/03\/VASO-ROSA.png\",\"datePublished\":\"2025-03-07T02:09:58+00:00\",\"dateModified\":\"2025-04-25T14:44:23+00:00\",\"description\":\"Termo de Acero Inoxidable para Caf\u00e9, T\u00e9 y Bebidas Fr\u00edas - Ideal para Oficina, Deporte y Viajes - Aislamiento T\u00e9rmico, Zero Waste - Regalos Originales\",\"breadcrumb\":{\"@id\":\"http:\/\/wp2.iesagora.es:60011\/mgriverap01\/producto\/vaso-termico-zafiro\/#breadcrumb\"},\"inLanguage\":\"es\",\"potentialAction\":[{\"@type\":\"ReadAction\",\"target\":[\"http:\/\/wp2.iesagora.es:60011\/mgriverap01\/producto\/vaso-termico-zafiro\/\"]}]},{\"@type\":\"ImageObject\",\"inLanguage\":\"es\",\"@id\":\"http:\/\/wp2.iesagora.es:60011\/mgriverap01\/producto\/vaso-termico-zafiro\/#primaryimage\",\"url\":\"http:\/\/wp2.iesagora.es:60011\/mgriverap01\/wp-content\/uploads\/sites\/129\/2025\/03\/VASO-ROSA.png\",\"contentUrl\":\"http:\/\/wp2.iesagora.es:60011\/mgriverap01\/wp-content\/uploads\/sites\/129\/2025\/03\/VASO-ROSA.png\",\"width\":461,\"height\":527},{\"@type\":\"BreadcrumbList\",\"@id\":\"http:\/\/wp2.iesagora.es:60011\/mgriverap01\/producto\/vaso-termico-zafiro\/#breadcrumb\",\"itemListElement\":[{\"@type\":\"ListItem\",\"position\":1,\"name\":\"Portada\",\"item\":\"http:\/\/wp2.iesagora.es:60011\/mgriverap01\/\"},{\"@type\":\"ListItem\",\"position\":2,\"name\":\"Tienda\",\"item\":\"http:\/\/wp2.iesagora.es:60011\/mgriverap01\/tienda\/\"},{\"@type\":\"ListItem\",\"position\":3,\"name\":\"Vaso t\u00e9rmico\"}]},{\"@type\":\"WebSite\",\"@id\":\"http:\/\/wp2.iesagora.es:60011\/mgriverap01\/#website\",\"url\":\"http:\/\/wp2.iesagora.es:60011\/mgriverap01\/\",\"name\":\"ZAFIRO\",\"description\":\"\",\"publisher\":{\"@id\":\"http:\/\/wp2.iesagora.es:60011\/mgriverap01\/#organization\"},\"potentialAction\":[{\"@type\":\"SearchAction\",\"target\":{\"@type\":\"EntryPoint\",\"urlTemplate\":\"http:\/\/wp2.iesagora.es:60011\/mgriverap01\/?s={search_term_string}\"},\"query-input\":{\"@type\":\"PropertyValueSpecification\",\"valueRequired\":true,\"valueName\":\"search_term_string\"}}],\"inLanguage\":\"es\"},{\"@type\":\"Organization\",\"@id\":\"http:\/\/wp2.iesagora.es:60011\/mgriverap01\/#organization\",\"name\":\"ZAFIRO\",\"url\":\"http:\/\/wp2.iesagora.es:60011\/mgriverap01\/\",\"logo\":{\"@type\":\"ImageObject\",\"inLanguage\":\"es\",\"@id\":\"http:\/\/wp2.iesagora.es:60011\/mgriverap01\/#\/schema\/logo\/image\/\",\"url\":\"http:\/\/wp2.iesagora.es:60011\/mgriverap01\/wp-content\/uploads\/sites\/129\/2025\/01\/Casa-Bar-10.png\",\"contentUrl\":\"http:\/\/wp2.iesagora.es:60011\/mgriverap01\/wp-content\/uploads\/sites\/129\/2025\/01\/Casa-Bar-10.png\",\"width\":500,\"height\":500,\"caption\":\"ZAFIRO\"},\"image\":{\"@id\":\"http:\/\/wp2.iesagora.es:60011\/mgriverap01\/#\/schema\/logo\/image\/\"}}]}<\/script>\n<!-- \/ Yoast SEO plugin. -->","yoast_head_json":{"title":"Vaso t\u00e9rmico - ZAFIRO","description":"Termo de Acero Inoxidable para Caf\u00e9, T\u00e9 y Bebidas Fr\u00edas - Ideal para Oficina, Deporte y Viajes - Aislamiento T\u00e9rmico, Zero Waste - Regalos Originales","robots":{"index":"index","follow":"follow","max-snippet":"max-snippet:-1","max-image-preview":"max-image-preview:large","max-video-preview":"max-video-preview:-1"},"canonical":"http:\/\/wp2.iesagora.es:60011\/mgriverap01\/producto\/vaso-termico-zafiro\/","og_locale":"es_ES","og_type":"article","og_title":"Vaso t\u00e9rmico - ZAFIRO","og_description":"Termo de Acero Inoxidable para Caf\u00e9, T\u00e9 y Bebidas Fr\u00edas - Ideal para Oficina, Deporte y Viajes - Aislamiento T\u00e9rmico, Zero Waste - Regalos Originales","og_url":"http:\/\/wp2.iesagora.es:60011\/mgriverap01\/producto\/vaso-termico-zafiro\/","og_site_name":"ZAFIRO","article_modified_time":"2025-04-25T14:44:23+00:00","og_image":[{"width":461,"height":527,"url":"http:\/\/wp2.iesagora.es:60011\/mgriverap01\/wp-content\/uploads\/sites\/129\/2025\/03\/VASO-ROSA.png","type":"image\/png"}],"twitter_card":"summary_large_image","twitter_misc":{"Tiempo de lectura":"2 minutos"},"schema":{"@context":"https:\/\/schema.org","@graph":[{"@type":"WebPage","@id":"http:\/\/wp2.iesagora.es:60011\/mgriverap01\/producto\/vaso-termico-zafiro\/","url":"http:\/\/wp2.iesagora.es:60011\/mgriverap01\/producto\/vaso-termico-zafiro\/","name":"Vaso t\u00e9rmico - ZAFIRO","isPartOf":{"@id":"http:\/\/wp2.iesagora.es:60011\/mgriverap01\/#website"},"primaryImageOfPage":{"@id":"http:\/\/wp2.iesagora.es:60011\/mgriverap01\/producto\/vaso-termico-zafiro\/#primaryimage"},"image":{"@id":"http:\/\/wp2.iesagora.es:60011\/mgriverap01\/producto\/vaso-termico-zafiro\/#primaryimage"},"thumbnailUrl":"http:\/\/wp2.iesagora.es:60011\/mgriverap01\/wp-content\/uploads\/sites\/129\/2025\/03\/VASO-ROSA.png","datePublished":"2025-03-07T02:09:58+00:00","dateModified":"2025-04-25T14:44:23+00:00","description":"Termo de Acero Inoxidable para Caf\u00e9, T\u00e9 y Bebidas Fr\u00edas - Ideal para Oficina, Deporte y Viajes - Aislamiento T\u00e9rmico, Zero Waste - Regalos Originales","breadcrumb":{"@id":"http:\/\/wp2.iesagora.es:60011\/mgriverap01\/producto\/vaso-termico-zafiro\/#breadcrumb"},"inLanguage":"es","potentialAction":[{"@type":"ReadAction","target":["http:\/\/wp2.iesagora.es:60011\/mgriverap01\/producto\/vaso-termico-zafiro\/"]}]},{"@type":"ImageObject","inLanguage":"es","@id":"http:\/\/wp2.iesagora.es:60011\/mgriverap01\/producto\/vaso-termico-zafiro\/#primaryimage","url":"http:\/\/wp2.iesagora.es:60011\/mgriverap01\/wp-content\/uploads\/sites\/129\/2025\/03\/VASO-ROSA.png","contentUrl":"http:\/\/wp2.iesagora.es:60011\/mgriverap01\/wp-content\/uploads\/sites\/129\/2025\/03\/VASO-ROSA.png","width":461,"height":527},{"@type":"BreadcrumbList","@id":"http:\/\/wp2.iesagora.es:60011\/mgriverap01\/producto\/vaso-termico-zafiro\/#breadcrumb","itemListElement":[{"@type":"ListItem","position":1,"name":"Portada","item":"http:\/\/wp2.iesagora.es:60011\/mgriverap01\/"},{"@type":"ListItem","position":2,"name":"Tienda","item":"http:\/\/wp2.iesagora.es:60011\/mgriverap01\/tienda\/"},{"@type":"ListItem","position":3,"name":"Vaso t\u00e9rmico"}]},{"@type":"WebSite","@id":"http:\/\/wp2.iesagora.es:60011\/mgriverap01\/#website","url":"http:\/\/wp2.iesagora.es:60011\/mgriverap01\/","name":"ZAFIRO","description":"","publisher":{"@id":"http:\/\/wp2.iesagora.es:60011\/mgriverap01\/#organization"},"potentialAction":[{"@type":"SearchAction","target":{"@type":"EntryPoint","urlTemplate":"http:\/\/wp2.iesagora.es:60011\/mgriverap01\/?s={search_term_string}"},"query-input":{"@type":"PropertyValueSpecification","valueRequired":true,"valueName":"search_term_string"}}],"inLanguage":"es"},{"@type":"Organization","@id":"http:\/\/wp2.iesagora.es:60011\/mgriverap01\/#organization","name":"ZAFIRO","url":"http:\/\/wp2.iesagora.es:60011\/mgriverap01\/","logo":{"@type":"ImageObject","inLanguage":"es","@id":"http:\/\/wp2.iesagora.es:60011\/mgriverap01\/#\/schema\/logo\/image\/","url":"http:\/\/wp2.iesagora.es:60011\/mgriverap01\/wp-content\/uploads\/sites\/129\/2025\/01\/Casa-Bar-10.png","contentUrl":"http:\/\/wp2.iesagora.es:60011\/mgriverap01\/wp-content\/uploads\/sites\/129\/2025\/01\/Casa-Bar-10.png","width":500,"height":500,"caption":"ZAFIRO"},"image":{"@id":"http:\/\/wp2.iesagora.es:60011\/mgriverap01\/#\/schema\/logo\/image\/"}}]}},"uagb_featured_image_src":{"full":["http:\/\/wp2.iesagora.es:60011\/mgriverap01\/wp-content\/uploads\/sites\/129\/2025\/03\/VASO-ROSA.png",461,527,false],"thumbnail":["http:\/\/wp2.iesagora.es:60011\/mgriverap01\/wp-content\/uploads\/sites\/129\/2025\/03\/VASO-ROSA-150x150.png",150,150,true],"medium":["http:\/\/wp2.iesagora.es:60011\/mgriverap01\/wp-content\/uploads\/sites\/129\/2025\/03\/VASO-ROSA-262x300.png",262,300,true],"medium_large":["http:\/\/wp2.iesagora.es:60011\/mgriverap01\/wp-content\/uploads\/sites\/129\/2025\/03\/VASO-ROSA.png",461,527,false],"large":["http:\/\/wp2.iesagora.es:60011\/mgriverap01\/wp-content\/uploads\/sites\/129\/2025\/03\/VASO-ROSA.png",461,527,false],"1536x1536":["http:\/\/wp2.iesagora.es:60011\/mgriverap01\/wp-content\/uploads\/sites\/129\/2025\/03\/VASO-ROSA.png",461,527,false],"2048x2048":["http:\/\/wp2.iesagora.es:60011\/mgriverap01\/wp-content\/uploads\/sites\/129\/2025\/03\/VASO-ROSA.png",461,527,false],"woocommerce_thumbnail":["http:\/\/wp2.iesagora.es:60011\/mgriverap01\/wp-content\/uploads\/sites\/129\/2025\/03\/VASO-ROSA-300x300.png",300,300,true],"woocommerce_single":["http:\/\/wp2.iesagora.es:60011\/mgriverap01\/wp-content\/uploads\/sites\/129\/2025\/03\/VASO-ROSA.png",461,527,false],"woocommerce_gallery_thumbnail":["http:\/\/wp2.iesagora.es:60011\/mgriverap01\/wp-content\/uploads\/sites\/129\/2025\/03\/VASO-ROSA-100x100.png",100,100,true]},"uagb_author_info":{"display_name":"mgriverap01","author_link":"http:\/\/wp2.iesagora.es:60011\/mgriverap01\/author\/"},"uagb_comment_info":0,"uagb_excerpt":"Vaso de con pajita moderno","_links":{"self":[{"href":"http:\/\/wp2.iesagora.es:60011\/mgriverap01\/wp-json\/wp\/v2\/product\/1025","targetHints":{"allow":["GET"]}}],"collection":[{"href":"http:\/\/wp2.iesagora.es:60011\/mgriverap01\/wp-json\/wp\/v2\/product"}],"about":[{"href":"http:\/\/wp2.iesagora.es:60011\/mgriverap01\/wp-json\/wp\/v2\/types\/product"}],"replies":[{"embeddable":true,"href":"http:\/\/wp2.iesagora.es:60011\/mgriverap01\/wp-json\/wp\/v2\/comments?post=1025"}],"version-history":[{"count":5,"href":"http:\/\/wp2.iesagora.es:60011\/mgriverap01\/wp-json\/wp\/v2\/product\/1025\/revisions"}],"predecessor-version":[{"id":1245,"href":"http:\/\/wp2.iesagora.es:60011\/mgriverap01\/wp-json\/wp\/v2\/product\/1025\/revisions\/1245"}],"wp:featuredmedia":[{"embeddable":true,"href":"http:\/\/wp2.iesagora.es:60011\/mgriverap01\/wp-json\/wp\/v2\/media\/1030"}],"wp:attachment":[{"href":"http:\/\/wp2.iesagora.es:60011\/mgriverap01\/wp-json\/wp\/v2\/media?parent=1025"}],"wp:term":[{"taxonomy":"product_brand","embeddable":true,"href":"http:\/\/wp2.iesagora.es:60011\/mgriverap01\/wp-json\/wp\/v2\/product_brand?post=1025"},{"taxonomy":"product_cat","embeddable":true,"href":"http:\/\/wp2.iesagora.es:60011\/mgriverap01\/wp-json\/wp\/v2\/product_cat?post=1025"},{"taxonomy":"product_tag","embeddable":true,"href":"http:\/\/wp2.iesagora.es:60011\/mgriverap01\/wp-json\/wp\/v2\/product_tag?post=1025"}],"curies":[{"name":"wp","href":"https:\/\/api.w.org\/{rel}","templated":true}]}}