{"id":804,"date":"2025-03-06T02:13:37","date_gmt":"2025-03-06T01:13:37","guid":{"rendered":"http:\/\/wp2.iesagora.es:60011\/mgriverap01\/?page_id=804"},"modified":"2025-03-06T02:44:14","modified_gmt":"2025-03-06T01:44:14","slug":"reservas","status":"publish","type":"page","link":"http:\/\/wp2.iesagora.es:60011\/mgriverap01\/reservas\/","title":{"rendered":"RESERVAS"},"content":{"rendered":"\t\t<div data-elementor-type=\"wp-page\" data-elementor-id=\"804\" class=\"elementor elementor-804\" data-elementor-post-type=\"page\">\n\t\t\t\t<div class=\"elementor-element elementor-element-a878edf e-flex e-con-boxed e-con e-parent\" data-id=\"a878edf\" data-element_type=\"container\" data-settings=\"{&quot;background_background&quot;:&quot;gradient&quot;}\">\n\t\t\t\t\t<div class=\"e-con-inner\">\n\t\t<div class=\"elementor-element elementor-element-1f5df0b e-con-full e-flex e-con e-child\" data-id=\"1f5df0b\" data-element_type=\"container\">\n\t\t\t\t<div class=\"elementor-element elementor-element-c4602b5 elementor-widget elementor-widget-heading\" data-id=\"c4602b5\" data-element_type=\"widget\" data-widget_type=\"heading.default\">\n\t\t\t\t\t<h1 class=\"elementor-heading-title elementor-size-default\">TU CUMPLEA\u00d1OS MUY FELIZ<\/h1>\t\t\t\t<\/div>\n\t\t\t\t<div class=\"elementor-element elementor-element-cddd344 elementor-widget elementor-widget-text-editor\" data-id=\"cddd344\" data-element_type=\"widget\" data-widget_type=\"text-editor.default\">\n\t\t\t\t\t\t\t\t\t<p><b>Un d\u00eda especial se merece lo mejor, y en Zafiro somos especialistas en hacerte disfrutar.<br \/><\/b><\/p><p><b>Desde la reserva del cumplea\u00f1os, nuestra Cumple Planner, te atender\u00e1 y asesorar\u00e1 para que todo est\u00e9 apunto. El d\u00eda de la celebraci\u00f3n acompa\u00f1ar\u00e1 al grupo por las diferentes zonas del local para un mayor disfrute y seguridad.<\/b><\/p><p style=\"text-align: left\"><b>Los padres cuentan con amplias instalaciones donde tomar un caf\u00e9 c\u00f3modamente, pueden elegir diferentes encargos como dulces o empanadas, para invitar a toda la familia o disfrutar del futbol en pantalla LED gigante.<\/b><\/p>\t\t\t\t\t\t\t\t<\/div>\n\t\t\t\t<\/div>\n\t\t\t\t<div class=\"elementor-element elementor-element-7c29a85 elementor--h-position-center elementor--v-position-middle elementor-arrows-position-inside elementor-pagination-position-inside elementor-widget elementor-widget-slides\" data-id=\"7c29a85\" data-element_type=\"widget\" data-settings=\"{&quot;navigation&quot;:&quot;both&quot;,&quot;autoplay&quot;:&quot;yes&quot;,&quot;pause_on_hover&quot;:&quot;yes&quot;,&quot;pause_on_interaction&quot;:&quot;yes&quot;,&quot;autoplay_speed&quot;:5000,&quot;infinite&quot;:&quot;yes&quot;,&quot;transition&quot;:&quot;slide&quot;,&quot;transition_speed&quot;:500}\" data-widget_type=\"slides.default\">\n\t\t\t\t\t\t\t\t\t\t<div class=\"elementor-slides-wrapper elementor-main-swiper swiper\" role=\"region\" aria-roledescription=\"carousel\" aria-label=\"Slides\" dir=\"ltr\" data-animation=\"fadeInUp\">\n\t\t\t\t<div class=\"swiper-wrapper elementor-slides\">\n\t\t\t\t\t\t\t\t\t\t<div class=\"elementor-repeater-item-1aaaab4 swiper-slide\" role=\"group\" aria-roledescription=\"slide\"><div class=\"swiper-slide-bg\" role=\"img\"><\/div><div class=\"swiper-slide-inner\" ><div class=\"swiper-slide-contents\"><div class=\"elementor-slide-description\"> <\/div><\/div><\/div><\/div><div class=\"elementor-repeater-item-081ed3a swiper-slide\" role=\"group\" aria-roledescription=\"slide\"><div class=\"swiper-slide-bg\" role=\"img\"><\/div><div class=\"swiper-slide-inner\" ><div class=\"swiper-slide-contents\"><\/div><\/div><\/div><div class=\"elementor-repeater-item-eeaf6ea swiper-slide\" role=\"group\" aria-roledescription=\"slide\"><div class=\"swiper-slide-bg\" role=\"img\"><\/div><div class=\"swiper-slide-inner\" ><div class=\"swiper-slide-contents\"><\/div><\/div><\/div><div class=\"elementor-repeater-item-b18cbd9 swiper-slide\" role=\"group\" aria-roledescription=\"slide\"><div class=\"swiper-slide-bg\" role=\"img\"><\/div><div class=\"swiper-slide-inner\" ><div class=\"swiper-slide-contents\"><\/div><\/div><\/div><div class=\"elementor-repeater-item-6e9d798 swiper-slide\" role=\"group\" aria-roledescription=\"slide\"><div class=\"swiper-slide-bg\" role=\"img\"><\/div><div class=\"swiper-slide-inner\" ><div class=\"swiper-slide-contents\"><\/div><\/div><\/div>\t\t\t\t<\/div>\n\t\t\t\t\t\t\t\t\t\t\t\t\t\t\t<div class=\"elementor-swiper-button elementor-swiper-button-prev\" role=\"button\" tabindex=\"0\" aria-label=\"Previous slide\">\n\t\t\t\t\t\t\t<svg aria-hidden=\"true\" class=\"e-font-icon-svg e-eicon-chevron-left\" viewBox=\"0 0 1000 1000\" xmlns=\"http:\/\/www.w3.org\/2000\/svg\"><path d=\"M646 125C629 125 613 133 604 142L308 442C296 454 292 471 292 487 292 504 296 521 308 533L604 854C617 867 629 875 646 875 663 875 679 871 692 858 704 846 713 829 713 812 713 796 708 779 692 767L438 487 692 225C700 217 708 204 708 187 708 171 704 154 692 142 675 129 663 125 646 125Z\"><\/path><\/svg>\t\t\t\t\t\t<\/div>\n\t\t\t\t\t\t<div class=\"elementor-swiper-button elementor-swiper-button-next\" role=\"button\" tabindex=\"0\" aria-label=\"Next slide\">\n\t\t\t\t\t\t\t<svg aria-hidden=\"true\" class=\"e-font-icon-svg e-eicon-chevron-right\" viewBox=\"0 0 1000 1000\" xmlns=\"http:\/\/www.w3.org\/2000\/svg\"><path d=\"M696 533C708 521 713 504 713 487 713 471 708 454 696 446L400 146C388 133 375 125 354 125 338 125 325 129 313 142 300 154 292 171 292 187 292 204 296 221 308 233L563 492 304 771C292 783 288 800 288 817 288 833 296 850 308 863 321 871 338 875 354 875 371 875 388 867 400 854L696 533Z\"><\/path><\/svg>\t\t\t\t\t\t<\/div>\n\t\t\t\t\t\t\t\t\t\t\t\t\t\t\t\t<div class=\"swiper-pagination\"><\/div>\n\t\t\t\t\t\t\t\t\t\t\t\t<\/div>\n\t\t\t\t\t\t\t\t<\/div>\n\t\t\t\t\t<\/div>\n\t\t\t\t<\/div>\n\t\t<div class=\"elementor-element elementor-element-533d479 e-flex e-con-boxed e-con e-parent\" data-id=\"533d479\" data-element_type=\"container\" data-settings=\"{&quot;background_background&quot;:&quot;gradient&quot;}\">\n\t\t\t\t\t<div class=\"e-con-inner\">\n\t\t\t\t<div class=\"elementor-element elementor-element-ceccc1a elementor-widget elementor-widget-heading\" data-id=\"ceccc1a\" data-element_type=\"widget\" data-widget_type=\"heading.default\">\n\t\t\t\t\t<h2 class=\"elementor-heading-title elementor-size-default\">\u00a1Haz Tu Reserva y Prep\u00e1rate para la Diversi\u00f3n!<\/h2>\t\t\t\t<\/div>\n\t\t\t\t<div class=\"elementor-element elementor-element-68103b6 elementor-widget elementor-widget-heading\" data-id=\"68103b6\" data-element_type=\"widget\" data-widget_type=\"heading.default\">\n\t\t\t\t\t<h4 class=\"elementor-heading-title elementor-size-default\">Sube el nivel de tu celebraci\u00f3n y asegura el mejor d\u00eda con nosotros.<\/h4>\t\t\t\t<\/div>\n\t\t\t\t<div class=\"elementor-element elementor-element-e6df6cb elementor-widget__width-inherit elementor-button-align-stretch elementor-widget elementor-widget-form\" data-id=\"e6df6cb\" data-element_type=\"widget\" data-settings=\"{&quot;step_icon_shape&quot;:&quot;none&quot;,&quot;button_width&quot;:&quot;100&quot;,&quot;step_type&quot;:&quot;number_text&quot;}\" data-widget_type=\"form.default\">\n\t\t\t\t\t\t\t<form class=\"elementor-form\" method=\"post\" name=\"RESERVA FORM\" novalidate=\"\">\n\t\t\t<input type=\"hidden\" name=\"post_id\" value=\"804\"\/>\n\t\t\t<input type=\"hidden\" name=\"form_id\" value=\"e6df6cb\"\/>\n\t\t\t<input type=\"hidden\" name=\"referer_title\" value=\"RESERVAS - ZAFIRO\" \/>\n\n\t\t\t\t\t\t\t<input type=\"hidden\" name=\"queried_id\" value=\"804\"\/>\n\t\t\t\n\t\t\t<div class=\"elementor-form-fields-wrapper elementor-labels-above\">\n\t\t\t\t\t\t\t\t<div class=\"elementor-field-type-text elementor-field-group elementor-column elementor-field-group-name elementor-col-100 elementor-field-required elementor-mark-required\">\n\t\t\t\t\t\t\t\t\t\t\t\t<label for=\"form-field-name\" class=\"elementor-field-label\">\n\t\t\t\t\t\t\t\tNombre del cumplea\u00f1ero\t\t\t\t\t\t\t<\/label>\n\t\t\t\t\t\t\t\t\t\t\t\t\t\t<input size=\"1\" type=\"text\" name=\"form_fields[name]\" id=\"form-field-name\" class=\"elementor-field elementor-size-xs  elementor-field-textual\" required=\"required\">\n\t\t\t\t\t\t\t\t\t\t\t<\/div>\n\t\t\t\t\t\t\t\t<div class=\"elementor-field-type-text elementor-field-group elementor-column elementor-field-group-email elementor-col-100\">\n\t\t\t\t\t\t\t\t\t\t\t\t<label for=\"form-field-email\" class=\"elementor-field-label\">\n\t\t\t\t\t\t\t\tNombre del responsable\t\t\t\t\t\t\t<\/label>\n\t\t\t\t\t\t\t\t\t\t\t\t\t\t<input size=\"1\" type=\"text\" name=\"form_fields[email]\" id=\"form-field-email\" class=\"elementor-field elementor-size-xs  elementor-field-textual\">\n\t\t\t\t\t\t\t\t\t\t\t<\/div>\n\t\t\t\t\t\t\t\t<div class=\"elementor-field-type-tel elementor-field-group elementor-column elementor-field-group-message elementor-col-100 elementor-field-required elementor-mark-required\">\n\t\t\t\t\t\t\t\t\t\t\t\t<label for=\"form-field-message\" class=\"elementor-field-label\">\n\t\t\t\t\t\t\t\tTel\u00e9fono de contacto\t\t\t\t\t\t\t<\/label>\n\t\t\t\t\t\t\t\t<input size=\"1\" type=\"tel\" name=\"form_fields[message]\" id=\"form-field-message\" class=\"elementor-field elementor-size-xs  elementor-field-textual\" required=\"required\" pattern=\"[0-9()#&amp;+*-=.]+\" title=\"Only numbers and phone characters (#, -, *, etc) are accepted.\">\n\n\t\t\t\t\t\t<\/div>\n\t\t\t\t\t\t\t\t<div class=\"elementor-field-type-email elementor-field-group elementor-column elementor-field-group-field_753a15a elementor-col-100\">\n\t\t\t\t\t\t\t\t\t\t\t\t<label for=\"form-field-field_753a15a\" class=\"elementor-field-label\">\n\t\t\t\t\t\t\t\tEmail de contacto\t\t\t\t\t\t\t<\/label>\n\t\t\t\t\t\t\t\t\t\t\t\t\t\t<input size=\"1\" type=\"email\" name=\"form_fields[field_753a15a]\" id=\"form-field-field_753a15a\" class=\"elementor-field elementor-size-xs  elementor-field-textual\">\n\t\t\t\t\t\t\t\t\t\t\t<\/div>\n\t\t\t\t\t\t\t\t<div class=\"elementor-field-type-number elementor-field-group elementor-column elementor-field-group-field_efc4abc elementor-col-100 elementor-field-required elementor-mark-required\">\n\t\t\t\t\t\t\t\t\t\t\t\t<label for=\"form-field-field_efc4abc\" class=\"elementor-field-label\">\n\t\t\t\t\t\t\t\tN\u00famero de invitados\t\t\t\t\t\t\t<\/label>\n\t\t\t\t\t\t\t\t\t<input type=\"number\" name=\"form_fields[field_efc4abc]\" id=\"form-field-field_efc4abc\" class=\"elementor-field elementor-size-xs  elementor-field-textual\" required=\"required\" min=\"\" max=\"\" >\n\t\t\t\t\t\t<\/div>\n\t\t\t\t\t\t\t\t<div class=\"elementor-field-type-date elementor-field-group elementor-column elementor-field-group-field_8ad71e2 elementor-col-100 elementor-field-required elementor-mark-required\">\n\t\t\t\t\t\t\t\t\t\t\t\t<label for=\"form-field-field_8ad71e2\" class=\"elementor-field-label\">\n\t\t\t\t\t\t\t\tFecha del cumplea\u00f1os\t\t\t\t\t\t\t<\/label>\n\t\t\t\t\t\t\n\t\t<input type=\"date\" name=\"form_fields[field_8ad71e2]\" id=\"form-field-field_8ad71e2\" class=\"elementor-field elementor-size-xs  elementor-field-textual elementor-date-field\" required=\"required\" pattern=\"[0-9]{4}-[0-9]{2}-[0-9]{2}\">\n\t\t\t\t\t\t<\/div>\n\t\t\t\t\t\t\t\t<div class=\"elementor-field-type-text elementor-field-group elementor-column elementor-field-group-field_a4cfeb8 elementor-col-100\">\n\t\t\t\t\t\t\t\t\t\t\t\t<label for=\"form-field-field_a4cfeb8\" class=\"elementor-field-label\">\n\t\t\t\t\t\t\t\tObservaciones\t\t\t\t\t\t\t<\/label>\n\t\t\t\t\t\t\t\t\t\t\t\t\t\t<input size=\"1\" type=\"text\" name=\"form_fields[field_a4cfeb8]\" id=\"form-field-field_a4cfeb8\" class=\"elementor-field elementor-size-xs  elementor-field-textual\">\n\t\t\t\t\t\t\t\t\t\t\t<\/div>\n\t\t\t\t\t\t\t\t<div class=\"elementor-field-group elementor-column elementor-field-type-submit elementor-col-100 e-form__buttons\">\n\t\t\t\t\t<button class=\"elementor-button elementor-size-md\" type=\"submit\">\n\t\t\t\t\t\t<span class=\"elementor-button-content-wrapper\">\n\t\t\t\t\t\t\t\t\t\t\t\t\t\t\t\t\t\t\t\t\t\t<span class=\"elementor-button-text\">ENVIAR<\/span>\n\t\t\t\t\t\t\t\t\t\t\t\t\t<\/span>\n\t\t\t\t\t<\/button>\n\t\t\t\t<\/div>\n\t\t\t<\/div>\n\t\t<\/form>\n\t\t\t\t\t\t<\/div>\n\t\t\t\t\t<\/div>\n\t\t\t\t<\/div>\n\t\t\t\t<\/div>\n\t\t","protected":false},"excerpt":{"rendered":"<p>TU CUMPLEA\u00d1OS MUY FELIZ Un d\u00eda especial se merece lo mejor, y en Zafiro somos especialistas en hacerte disfrutar. Desde [&hellip;]<\/p>\n","protected":false},"author":61,"featured_media":0,"parent":0,"menu_order":0,"comment_status":"closed","ping_status":"closed","template":"","meta":{"_uag_custom_page_level_css":"","site-sidebar-layout":"no-sidebar","site-content-layout":"","ast-site-content-layout":"full-width-container","site-content-style":"default","site-sidebar-style":"default","ast-global-header-display":"","ast-banner-title-visibility":"","ast-main-header-display":"","ast-hfb-above-header-display":"","ast-hfb-below-header-display":"","ast-hfb-mobile-header-display":"","site-post-title":"disabled","ast-breadcrumbs-content":"","ast-featured-img":"disabled","footer-sml-layout":"","theme-transparent-header-meta":"","adv-header-id-meta":"","stick-header-meta":"","header-above-stick-meta":"","header-main-stick-meta":"","header-below-stick-meta":"","astra-migrate-meta-layouts":"default","ast-page-background-enabled":"default","ast-page-background-meta":{"desktop":{"background-color":"var(--ast-global-color-5)","background-image":"","background-repeat":"repeat","background-position":"center center","background-size":"auto","background-attachment":"scroll","background-type":"","background-media":"","overlay-type":"","overlay-color":"","overlay-opacity":"","overlay-gradient":""},"tablet":{"background-color":"","background-image":"","background-repeat":"repeat","background-position":"center center","background-size":"auto","background-attachment":"scroll","background-type":"","background-media":"","overlay-type":"","overlay-color":"","overlay-opacity":"","overlay-gradient":""},"mobile":{"background-color":"","background-image":"","background-repeat":"repeat","background-position":"center center","background-size":"auto","background-attachment":"scroll","background-type":"","background-media":"","overlay-type":"","overlay-color":"","overlay-opacity":"","overlay-gradient":""}},"ast-content-background-meta":{"desktop":{"background-color":"var(--ast-global-color-4)","background-image":"","background-repeat":"repeat","background-position":"center center","background-size":"auto","background-attachment":"scroll","background-type":"","background-media":"","overlay-type":"","overlay-color":"","overlay-opacity":"","overlay-gradient":""},"tablet":{"background-color":"var(--ast-global-color-4)","background-image":"","background-repeat":"repeat","background-position":"center center","background-size":"auto","background-attachment":"scroll","background-type":"","background-media":"","overlay-type":"","overlay-color":"","overlay-opacity":"","overlay-gradient":""},"mobile":{"background-color":"var(--ast-global-color-4)","background-image":"","background-repeat":"repeat","background-position":"center center","background-size":"auto","background-attachment":"scroll","background-type":"","background-media":"","overlay-type":"","overlay-color":"","overlay-opacity":"","overlay-gradient":""}},"footnotes":""},"class_list":["post-804","page","type-page","status-publish","hentry"],"yoast_head":"<!-- This site is optimized with the Yoast SEO plugin v26.8 - https:\/\/yoast.com\/product\/yoast-seo-wordpress\/ -->\n<title>RESERVAS - ZAFIRO<\/title>\n<meta name=\"robots\" content=\"index, follow, max-snippet:-1, max-image-preview:large, max-video-preview:-1\" \/>\n<link rel=\"canonical\" href=\"http:\/\/wp2.iesagora.es:60011\/mgriverap01\/reservas\/\" \/>\n<meta property=\"og:locale\" content=\"es_ES\" \/>\n<meta property=\"og:type\" content=\"article\" \/>\n<meta property=\"og:title\" content=\"RESERVAS - ZAFIRO\" \/>\n<meta property=\"og:description\" content=\"TU CUMPLEA\u00d1OS MUY FELIZ Un d\u00eda especial se merece lo mejor, y en Zafiro somos especialistas en hacerte disfrutar. Desde [&hellip;]\" \/>\n<meta property=\"og:url\" content=\"http:\/\/wp2.iesagora.es:60011\/mgriverap01\/reservas\/\" \/>\n<meta property=\"og:site_name\" content=\"ZAFIRO\" \/>\n<meta property=\"article:modified_time\" content=\"2025-03-06T01:44:14+00:00\" \/>\n<meta name=\"twitter:card\" content=\"summary_large_image\" \/>\n<script type=\"application\/ld+json\" class=\"yoast-schema-graph\">{\"@context\":\"https:\/\/schema.org\",\"@graph\":[{\"@type\":\"WebPage\",\"@id\":\"http:\/\/wp2.iesagora.es:60011\/mgriverap01\/reservas\/\",\"url\":\"http:\/\/wp2.iesagora.es:60011\/mgriverap01\/reservas\/\",\"name\":\"RESERVAS - ZAFIRO\",\"isPartOf\":{\"@id\":\"http:\/\/wp2.iesagora.es:60011\/mgriverap01\/#website\"},\"datePublished\":\"2025-03-06T01:13:37+00:00\",\"dateModified\":\"2025-03-06T01:44:14+00:00\",\"breadcrumb\":{\"@id\":\"http:\/\/wp2.iesagora.es:60011\/mgriverap01\/reservas\/#breadcrumb\"},\"inLanguage\":\"es\",\"potentialAction\":[{\"@type\":\"ReadAction\",\"target\":[\"http:\/\/wp2.iesagora.es:60011\/mgriverap01\/reservas\/\"]}]},{\"@type\":\"BreadcrumbList\",\"@id\":\"http:\/\/wp2.iesagora.es:60011\/mgriverap01\/reservas\/#breadcrumb\",\"itemListElement\":[{\"@type\":\"ListItem\",\"position\":1,\"name\":\"Portada\",\"item\":\"http:\/\/wp2.iesagora.es:60011\/mgriverap01\/\"},{\"@type\":\"ListItem\",\"position\":2,\"name\":\"RESERVAS\"}]},{\"@type\":\"WebSite\",\"@id\":\"http:\/\/wp2.iesagora.es:60011\/mgriverap01\/#website\",\"url\":\"http:\/\/wp2.iesagora.es:60011\/mgriverap01\/\",\"name\":\"ZAFIRO\",\"description\":\"\",\"publisher\":{\"@id\":\"http:\/\/wp2.iesagora.es:60011\/mgriverap01\/#organization\"},\"potentialAction\":[{\"@type\":\"SearchAction\",\"target\":{\"@type\":\"EntryPoint\",\"urlTemplate\":\"http:\/\/wp2.iesagora.es:60011\/mgriverap01\/?s={search_term_string}\"},\"query-input\":{\"@type\":\"PropertyValueSpecification\",\"valueRequired\":true,\"valueName\":\"search_term_string\"}}],\"inLanguage\":\"es\"},{\"@type\":\"Organization\",\"@id\":\"http:\/\/wp2.iesagora.es:60011\/mgriverap01\/#organization\",\"name\":\"ZAFIRO\",\"url\":\"http:\/\/wp2.iesagora.es:60011\/mgriverap01\/\",\"logo\":{\"@type\":\"ImageObject\",\"inLanguage\":\"es\",\"@id\":\"http:\/\/wp2.iesagora.es:60011\/mgriverap01\/#\/schema\/logo\/image\/\",\"url\":\"http:\/\/wp2.iesagora.es:60011\/mgriverap01\/wp-content\/uploads\/sites\/129\/2025\/01\/Casa-Bar-10.png\",\"contentUrl\":\"http:\/\/wp2.iesagora.es:60011\/mgriverap01\/wp-content\/uploads\/sites\/129\/2025\/01\/Casa-Bar-10.png\",\"width\":500,\"height\":500,\"caption\":\"ZAFIRO\"},\"image\":{\"@id\":\"http:\/\/wp2.iesagora.es:60011\/mgriverap01\/#\/schema\/logo\/image\/\"}}]}<\/script>\n<!-- \/ Yoast SEO plugin. -->","yoast_head_json":{"title":"RESERVAS - ZAFIRO","robots":{"index":"index","follow":"follow","max-snippet":"max-snippet:-1","max-image-preview":"max-image-preview:large","max-video-preview":"max-video-preview:-1"},"canonical":"http:\/\/wp2.iesagora.es:60011\/mgriverap01\/reservas\/","og_locale":"es_ES","og_type":"article","og_title":"RESERVAS - ZAFIRO","og_description":"TU CUMPLEA\u00d1OS MUY FELIZ Un d\u00eda especial se merece lo mejor, y en Zafiro somos especialistas en hacerte disfrutar. Desde [&hellip;]","og_url":"http:\/\/wp2.iesagora.es:60011\/mgriverap01\/reservas\/","og_site_name":"ZAFIRO","article_modified_time":"2025-03-06T01:44:14+00:00","twitter_card":"summary_large_image","schema":{"@context":"https:\/\/schema.org","@graph":[{"@type":"WebPage","@id":"http:\/\/wp2.iesagora.es:60011\/mgriverap01\/reservas\/","url":"http:\/\/wp2.iesagora.es:60011\/mgriverap01\/reservas\/","name":"RESERVAS - ZAFIRO","isPartOf":{"@id":"http:\/\/wp2.iesagora.es:60011\/mgriverap01\/#website"},"datePublished":"2025-03-06T01:13:37+00:00","dateModified":"2025-03-06T01:44:14+00:00","breadcrumb":{"@id":"http:\/\/wp2.iesagora.es:60011\/mgriverap01\/reservas\/#breadcrumb"},"inLanguage":"es","potentialAction":[{"@type":"ReadAction","target":["http:\/\/wp2.iesagora.es:60011\/mgriverap01\/reservas\/"]}]},{"@type":"BreadcrumbList","@id":"http:\/\/wp2.iesagora.es:60011\/mgriverap01\/reservas\/#breadcrumb","itemListElement":[{"@type":"ListItem","position":1,"name":"Portada","item":"http:\/\/wp2.iesagora.es:60011\/mgriverap01\/"},{"@type":"ListItem","position":2,"name":"RESERVAS"}]},{"@type":"WebSite","@id":"http:\/\/wp2.iesagora.es:60011\/mgriverap01\/#website","url":"http:\/\/wp2.iesagora.es:60011\/mgriverap01\/","name":"ZAFIRO","description":"","publisher":{"@id":"http:\/\/wp2.iesagora.es:60011\/mgriverap01\/#organization"},"potentialAction":[{"@type":"SearchAction","target":{"@type":"EntryPoint","urlTemplate":"http:\/\/wp2.iesagora.es:60011\/mgriverap01\/?s={search_term_string}"},"query-input":{"@type":"PropertyValueSpecification","valueRequired":true,"valueName":"search_term_string"}}],"inLanguage":"es"},{"@type":"Organization","@id":"http:\/\/wp2.iesagora.es:60011\/mgriverap01\/#organization","name":"ZAFIRO","url":"http:\/\/wp2.iesagora.es:60011\/mgriverap01\/","logo":{"@type":"ImageObject","inLanguage":"es","@id":"http:\/\/wp2.iesagora.es:60011\/mgriverap01\/#\/schema\/logo\/image\/","url":"http:\/\/wp2.iesagora.es:60011\/mgriverap01\/wp-content\/uploads\/sites\/129\/2025\/01\/Casa-Bar-10.png","contentUrl":"http:\/\/wp2.iesagora.es:60011\/mgriverap01\/wp-content\/uploads\/sites\/129\/2025\/01\/Casa-Bar-10.png","width":500,"height":500,"caption":"ZAFIRO"},"image":{"@id":"http:\/\/wp2.iesagora.es:60011\/mgriverap01\/#\/schema\/logo\/image\/"}}]}},"uagb_featured_image_src":{"full":false,"thumbnail":false,"medium":false,"medium_large":false,"large":false,"1536x1536":false,"2048x2048":false,"woocommerce_thumbnail":false,"woocommerce_single":false,"woocommerce_gallery_thumbnail":false},"uagb_author_info":{"display_name":"mgriverap01","author_link":"http:\/\/wp2.iesagora.es:60011\/mgriverap01\/author\/mgriverap01\/"},"uagb_comment_info":0,"uagb_excerpt":"TU CUMPLEA\u00d1OS MUY FELIZ Un d\u00eda especial se merece lo mejor, y en Zafiro somos especialistas en hacerte disfrutar. Desde [&hellip;]","_links":{"self":[{"href":"http:\/\/wp2.iesagora.es:60011\/mgriverap01\/wp-json\/wp\/v2\/pages\/804","targetHints":{"allow":["GET"]}}],"collection":[{"href":"http:\/\/wp2.iesagora.es:60011\/mgriverap01\/wp-json\/wp\/v2\/pages"}],"about":[{"href":"http:\/\/wp2.iesagora.es:60011\/mgriverap01\/wp-json\/wp\/v2\/types\/page"}],"author":[{"embeddable":true,"href":"http:\/\/wp2.iesagora.es:60011\/mgriverap01\/wp-json\/wp\/v2\/users\/61"}],"replies":[{"embeddable":true,"href":"http:\/\/wp2.iesagora.es:60011\/mgriverap01\/wp-json\/wp\/v2\/comments?post=804"}],"version-history":[{"count":7,"href":"http:\/\/wp2.iesagora.es:60011\/mgriverap01\/wp-json\/wp\/v2\/pages\/804\/revisions"}],"predecessor-version":[{"id":812,"href":"http:\/\/wp2.iesagora.es:60011\/mgriverap01\/wp-json\/wp\/v2\/pages\/804\/revisions\/812"}],"wp:attachment":[{"href":"http:\/\/wp2.iesagora.es:60011\/mgriverap01\/wp-json\/wp\/v2\/media?parent=804"}],"curies":[{"name":"wp","href":"https:\/\/api.w.org\/{rel}","templated":true}]}}