{"id":244,"date":"2025-01-30T18:56:22","date_gmt":"2025-01-30T17:56:22","guid":{"rendered":"http:\/\/wp2.iesagora.es:60011\/mgriverap01\/?page_id=244"},"modified":"2025-03-09T06:03:45","modified_gmt":"2025-03-09T05:03:45","slug":"cookies","status":"publish","type":"page","link":"http:\/\/wp2.iesagora.es:60011\/mgriverap01\/cookies\/","title":{"rendered":"Cookies"},"content":{"rendered":"\t\t<div data-elementor-type=\"wp-page\" data-elementor-id=\"244\" class=\"elementor elementor-244\" data-elementor-post-type=\"page\">\n\t\t\t\t\t\t<section class=\"elementor-section elementor-top-section elementor-element elementor-element-2de8087 elementor-section-boxed elementor-section-height-default elementor-section-height-default\" data-id=\"2de8087\" data-element_type=\"section\">\n\t\t\t\t\t\t<div class=\"elementor-container elementor-column-gap-default\">\n\t\t\t\t\t<div class=\"elementor-column elementor-col-100 elementor-top-column elementor-element elementor-element-28c3b6b\" data-id=\"28c3b6b\" data-element_type=\"column\">\n\t\t\t<div class=\"elementor-widget-wrap elementor-element-populated\">\n\t\t\t\t\t\t<div class=\"elementor-element elementor-element-0d1473b elementor-widget__width-initial elementor-widget elementor-widget-heading\" data-id=\"0d1473b\" data-element_type=\"widget\" data-widget_type=\"heading.default\">\n\t\t\t\t\t<h1 class=\"elementor-heading-title elementor-size-default\">Cookies<\/h1>\t\t\t\t<\/div>\n\t\t\t\t<div class=\"elementor-element elementor-element-4d9d5b7 elementor-widget__width-initial elementor-widget elementor-widget-text-editor\" data-id=\"4d9d5b7\" data-element_type=\"widget\" data-widget_type=\"text-editor.default\">\n\t\t\t\t\t\t\t\t\t<p>Las cookies y herramientas similares son utilizadas para los fines descritos a continuaci\u00f3n.<\/p>\n<p><strong id=\"GUID-427DF5A8-16E4-42BE-BC2F-076DBEA9DBF3__GUID-19A8CA04-09E6-4681-B828-8BDD35D09D78\">Cookies operativas<\/strong>: Utilizamos cookies para prestar nuestros servicios, por ejemplo:<\/p>\n<ul id=\"GUID-427DF5A8-16E4-42BE-BC2F-076DBEA9DBF3__UL_5CC01E2A5CEB4D27B48E7B937EFA3C65\" class=\"a-unordered-list a-vertical\">\n<li id=\"GUID-427DF5A8-16E4-42BE-BC2F-076DBEA9DBF3__LI_8382CB4058E245F794B3A2DB47894CF5\"><span class=\"a-list-item\">Reconocer cu\u00e1ndo te registras para usar nuestros servicios.<\/span><\/li>\n<li id=\"GUID-427DF5A8-16E4-42BE-BC2F-076DBEA9DBF3__LI_21D5222282AF40DDB560077AA7781C14\"><span class=\"a-list-item\">Reconocerte como miembro de Amazon Prime y ofrecerte otras funcionalidades y servicios personalizados.<\/span><\/li>\n<li id=\"GUID-427DF5A8-16E4-42BE-BC2F-076DBEA9DBF3__LI_14DEF29D1F554FB1AF13D477C0F6D132\"><span class=\"a-list-item\">Mostrar funcionalidades, productos y servicios que podr\u00edan ser de tu inter\u00e9s, incluidos los anuncios en nuestros servicios si son de productos y servicios disponibles en Amazon.<\/span><\/li>\n<li id=\"GUID-427DF5A8-16E4-42BE-BC2F-076DBEA9DBF3__LI_D678DE8D40064FF1A3FA43DA98392FE2\"><span class=\"a-list-item\">Mantener un registro de los productos guardados en tu cesta.<\/span><\/li>\n<li id=\"GUID-427DF5A8-16E4-42BE-BC2F-076DBEA9DBF3__LI_41824C9A645A46739F73FE68E7515CD6\"><span class=\"a-list-item\">Prevenir actividades fraudulentas.<\/span><\/li>\n<li id=\"GUID-427DF5A8-16E4-42BE-BC2F-076DBEA9DBF3__LI_0094F849FFBC4F33A6EE7588B2169D93\"><span class=\"a-list-item\">Mejorar la seguridad.<\/span><\/li>\n<li id=\"GUID-427DF5A8-16E4-42BE-BC2F-076DBEA9DBF3__LI_3A3B52A867904656BA571BE3637D28B1\"><span class=\"a-list-item\">Mantener un registro de tus preferencias, como la divisa y el idioma.<\/span><\/li>\n<\/ul>\n<p>Tambi\u00e9n las utilizamos para entender c\u00f3mo usan los clientes nuestros servicios y as\u00ed poder mejorarlos. Por ejemplo, usamos cookies para llevar a cabo investigaciones y an\u00e1lisis para mejorar el contenido, los productos y los servicios de Amazon, y para medir y entender el funcionamiento de nuestros servicios.<\/p>\n<p><strong id=\"GUID-427DF5A8-16E4-42BE-BC2F-076DBEA9DBF3__GUID-7F4D5D7B-E14F-49EE-9E9D-2BFBB4F2BB61\">Cookies publicitarias<\/strong>: Tambi\u00e9n las usamos para ofrecer ciertos tipos de anuncios, incluidos los de aquellos productos y servicios que no est\u00e1n disponibles en Amazon, y otros anuncios relevantes para tus intereses.<\/p>\n<p>Terceros autorizados tambi\u00e9n pueden utilizar cookies cuando interact\u00faas con los servicios de Amazon. Estos terceros incluyen motores de b\u00fasqueda, proveedores de servicios de medici\u00f3n y anal\u00edticos, redes sociales y compa\u00f1\u00edas de publicidad. Los terceros utilizan cookies cuando proporcionan contenidos publicitarios, incluidos anuncios relevantes para tus intereses, para medir la efectividad de sus anuncios y para prestar servicios por cuenta de Amazon.<\/p>\n<p>Consulta el&nbsp;<a href=\"https:\/\/www.amazon.es\/gp\/help\/customer\/display.html\/?nodeId=201909150\" target=\"_blank\" rel=\"noopener\">Aviso sobre publicidad basada en los intereses del usuario<\/a>&nbsp;para saber c\u00f3mo te muestra Amazon los anuncios basados en intereses. Para establecer tus preferencias de anuncios basados en intereses, visita la p\u00e1gina&nbsp;<span id=\"GUID-427DF5A8-16E4-42BE-BC2F-076DBEA9DBF3__GUID-4B6E2B59-809B-4FB6-8A1E-E43D4E5AC74D\" class=\"help-display-cond help-display-cond-hidden help-display-cond-rule-platform-DesktopBrowser help-display-cond-rule-platform-MobileBrowser help-display-cond-rule-platform-PhoneAppAndroid help-display-cond-rule-platform-TabletAppAndroid\"><a href=\"https:\/\/www.amazon.es\/adprefs\" target=\"_blank\" rel=\"noopener\">Preferencias de Publicidad de Amazon<\/a><\/span>. Podr\u00e1s ver qu\u00e9 terceros autorizados usan cookies y administrar c\u00f3mo las usan si visitas la p\u00e1gina de&nbsp;<span id=\"GUID-427DF5A8-16E4-42BE-BC2F-076DBEA9DBF3__GUID-F8BCF4F5-DF28-48D1-A339-E63F1178C496\" class=\"help-display-cond help-display-cond-hidden help-display-cond-rule-platform-DesktopBrowser help-display-cond-rule-platform-MobileBrowser help-display-cond-rule-platform-PhoneAppAndroid help-display-cond-rule-platform-TabletAppAndroid\"><a href=\"https:\/\/www.amazon.es\/privacyprefs\/retail?oCT=ads\" target=\"_blank\" rel=\"noopener\">Cookies y opciones de publicidad<\/a>.<\/span><\/p>\n<p><strong id=\"GUID-427DF5A8-16E4-42BE-BC2F-076DBEA9DBF3__GUID-BB6C5B08-0BDE-47CB-BA7E-006AE626CE87\">Informaci\u00f3n adicional<\/strong><\/p>\n<p>Las cookies operativas permanecer\u00e1n en tu navegador durante 13 meses desde tu \u00faltima visita a nuestros servicios, excepto las utilizadas para recordar tus preferencias de privacidad (como las Preferencias de Publicidad), que podr\u00e1n permanecer en tu navegador hasta 5 a\u00f1os. Las dem\u00e1s cookies permanecen en tu navegador durante 13 meses desde que nos prestas tu consentimiento para utilizarlas.<\/p>\n<p>Aplicaremos tus preferencias al servicio de Amazon y al navegador en el que establezcas tus preferencias, y a cualquier otro en el que inicies sesi\u00f3n. Si no inicias sesi\u00f3n, es posible que tengamos que preguntarte de nuevo por tus preferencias. Algunos sistemas operativos m\u00f3viles pueden limitar a\u00fan m\u00e1s su uso y tecnolog\u00edas similares; tus opciones no anulan esas configuraciones m\u00e1s limitadas en dichos dispositivos m\u00f3viles<span style=\"font-style: inherit;font-weight: inherit;background-color: var(--ast-global-color-4);color: var(--ast-global-color-3)\">.<\/span><\/p>\n<p>Las cookies operativas te permitir\u00e1n aprovechar algunas de las funcionalidades esenciales de Amazon. Si bloqueas o las rechazas de cualquier otra forma a trav\u00e9s de los ajustes de tu navegador, es posible que algunas funcionalidades y servicios no funcionen. Es posible que debas ajustar manualmente algunas de tus preferencias cada vez que utilices nuestros servicios.<\/p>\n<p>Consulta nuestro&nbsp;<a href=\"https:\/\/www.amazon.es\/gp\/help\/customer\/display.html\/?nodeId=201909010\" target=\"_blank\" rel=\"noopener\">Aviso de Privacidad<\/a>&nbsp;para m\u00e1s informaci\u00f3n sobre los tipos de informaci\u00f3n que recabamos.<\/p>\t\t\t\t\t\t\t\t<\/div>\n\t\t\t\t\t<\/div>\n\t\t<\/div>\n\t\t\t\t\t<\/div>\n\t\t<\/section>\n\t\t\t\t<\/div>\n\t\t","protected":false},"excerpt":{"rendered":"<p>Cookies Las cookies y herramientas similares son utilizadas para los fines descritos a continuaci\u00f3n. Cookies operativas: Utilizamos cookies para prestar [&hellip;]<\/p>\n","protected":false},"author":61,"featured_media":0,"parent":0,"menu_order":0,"comment_status":"closed","ping_status":"closed","template":"","meta":{"_uag_custom_page_level_css":"","site-sidebar-layout":"no-sidebar","site-content-layout":"","ast-site-content-layout":"full-width-container","site-content-style":"default","site-sidebar-style":"default","ast-global-header-display":"","ast-banner-title-visibility":"","ast-main-header-display":"","ast-hfb-above-header-display":"","ast-hfb-below-header-display":"","ast-hfb-mobile-header-display":"","site-post-title":"disabled","ast-breadcrumbs-content":"","ast-featured-img":"disabled","footer-sml-layout":"","theme-transparent-header-meta":"","adv-header-id-meta":"","stick-header-meta":"","header-above-stick-meta":"","header-main-stick-meta":"","header-below-stick-meta":"","astra-migrate-meta-layouts":"default","ast-page-background-enabled":"default","ast-page-background-meta":{"desktop":{"background-color":"var(--ast-global-color-5)","background-image":"","background-repeat":"repeat","background-position":"center center","background-size":"auto","background-attachment":"scroll","background-type":"","background-media":"","overlay-type":"","overlay-color":"","overlay-opacity":"","overlay-gradient":""},"tablet":{"background-color":"","background-image":"","background-repeat":"repeat","background-position":"center center","background-size":"auto","background-attachment":"scroll","background-type":"","background-media":"","overlay-type":"","overlay-color":"","overlay-opacity":"","overlay-gradient":""},"mobile":{"background-color":"","background-image":"","background-repeat":"repeat","background-position":"center center","background-size":"auto","background-attachment":"scroll","background-type":"","background-media":"","overlay-type":"","overlay-color":"","overlay-opacity":"","overlay-gradient":""}},"ast-content-background-meta":{"desktop":{"background-color":"var(--ast-global-color-4)","background-image":"","background-repeat":"repeat","background-position":"center center","background-size":"auto","background-attachment":"scroll","background-type":"","background-media":"","overlay-type":"","overlay-color":"","overlay-opacity":"","overlay-gradient":""},"tablet":{"background-color":"var(--ast-global-color-4)","background-image":"","background-repeat":"repeat","background-position":"center center","background-size":"auto","background-attachment":"scroll","background-type":"","background-media":"","overlay-type":"","overlay-color":"","overlay-opacity":"","overlay-gradient":""},"mobile":{"background-color":"var(--ast-global-color-4)","background-image":"","background-repeat":"repeat","background-position":"center center","background-size":"auto","background-attachment":"scroll","background-type":"","background-media":"","overlay-type":"","overlay-color":"","overlay-opacity":"","overlay-gradient":""}},"footnotes":""},"class_list":["post-244","page","type-page","status-publish","hentry"],"yoast_head":"<!-- This site is optimized with the Yoast SEO plugin v26.8 - https:\/\/yoast.com\/product\/yoast-seo-wordpress\/ -->\n<title>Aviso de Cookies - Zafiro<\/title>\n<meta name=\"description\" content=\"En Zafiro usamos cookies para mejorar tu experiencia, analizar el uso de la web y ofrecerte contenido personalizado.\" \/>\n<meta name=\"robots\" content=\"index, follow, max-snippet:-1, max-image-preview:large, max-video-preview:-1\" \/>\n<link rel=\"canonical\" href=\"http:\/\/wp2.iesagora.es:60011\/mgriverap01\/cookies\/\" \/>\n<meta property=\"og:locale\" content=\"es_ES\" \/>\n<meta property=\"og:type\" content=\"article\" \/>\n<meta property=\"og:title\" content=\"Aviso de Cookies - Zafiro\" \/>\n<meta property=\"og:description\" content=\"En Zafiro usamos cookies para mejorar tu experiencia, analizar el uso de la web y ofrecerte contenido personalizado.\" \/>\n<meta property=\"og:url\" content=\"http:\/\/wp2.iesagora.es:60011\/mgriverap01\/cookies\/\" \/>\n<meta property=\"og:site_name\" content=\"ZAFIRO\" \/>\n<meta property=\"article:modified_time\" content=\"2025-03-09T05:03:45+00:00\" \/>\n<meta name=\"twitter:card\" content=\"summary_large_image\" \/>\n<meta name=\"twitter:label1\" content=\"Tiempo de lectura\" \/>\n\t<meta name=\"twitter:data1\" content=\"3 minutos\" \/>\n<script type=\"application\/ld+json\" class=\"yoast-schema-graph\">{\"@context\":\"https:\/\/schema.org\",\"@graph\":[{\"@type\":\"WebPage\",\"@id\":\"http:\/\/wp2.iesagora.es:60011\/mgriverap01\/cookies\/\",\"url\":\"http:\/\/wp2.iesagora.es:60011\/mgriverap01\/cookies\/\",\"name\":\"Aviso de Cookies - Zafiro\",\"isPartOf\":{\"@id\":\"http:\/\/wp2.iesagora.es:60011\/mgriverap01\/#website\"},\"datePublished\":\"2025-01-30T17:56:22+00:00\",\"dateModified\":\"2025-03-09T05:03:45+00:00\",\"description\":\"En Zafiro usamos cookies para mejorar tu experiencia, analizar el uso de la web y ofrecerte contenido personalizado.\",\"breadcrumb\":{\"@id\":\"http:\/\/wp2.iesagora.es:60011\/mgriverap01\/cookies\/#breadcrumb\"},\"inLanguage\":\"es\",\"potentialAction\":[{\"@type\":\"ReadAction\",\"target\":[\"http:\/\/wp2.iesagora.es:60011\/mgriverap01\/cookies\/\"]}]},{\"@type\":\"BreadcrumbList\",\"@id\":\"http:\/\/wp2.iesagora.es:60011\/mgriverap01\/cookies\/#breadcrumb\",\"itemListElement\":[{\"@type\":\"ListItem\",\"position\":1,\"name\":\"Portada\",\"item\":\"http:\/\/wp2.iesagora.es:60011\/mgriverap01\/\"},{\"@type\":\"ListItem\",\"position\":2,\"name\":\"Cookies\"}]},{\"@type\":\"WebSite\",\"@id\":\"http:\/\/wp2.iesagora.es:60011\/mgriverap01\/#website\",\"url\":\"http:\/\/wp2.iesagora.es:60011\/mgriverap01\/\",\"name\":\"ZAFIRO\",\"description\":\"\",\"publisher\":{\"@id\":\"http:\/\/wp2.iesagora.es:60011\/mgriverap01\/#organization\"},\"potentialAction\":[{\"@type\":\"SearchAction\",\"target\":{\"@type\":\"EntryPoint\",\"urlTemplate\":\"http:\/\/wp2.iesagora.es:60011\/mgriverap01\/?s={search_term_string}\"},\"query-input\":{\"@type\":\"PropertyValueSpecification\",\"valueRequired\":true,\"valueName\":\"search_term_string\"}}],\"inLanguage\":\"es\"},{\"@type\":\"Organization\",\"@id\":\"http:\/\/wp2.iesagora.es:60011\/mgriverap01\/#organization\",\"name\":\"ZAFIRO\",\"url\":\"http:\/\/wp2.iesagora.es:60011\/mgriverap01\/\",\"logo\":{\"@type\":\"ImageObject\",\"inLanguage\":\"es\",\"@id\":\"http:\/\/wp2.iesagora.es:60011\/mgriverap01\/#\/schema\/logo\/image\/\",\"url\":\"http:\/\/wp2.iesagora.es:60011\/mgriverap01\/wp-content\/uploads\/sites\/129\/2025\/01\/Casa-Bar-10.png\",\"contentUrl\":\"http:\/\/wp2.iesagora.es:60011\/mgriverap01\/wp-content\/uploads\/sites\/129\/2025\/01\/Casa-Bar-10.png\",\"width\":500,\"height\":500,\"caption\":\"ZAFIRO\"},\"image\":{\"@id\":\"http:\/\/wp2.iesagora.es:60011\/mgriverap01\/#\/schema\/logo\/image\/\"}}]}<\/script>\n<!-- \/ Yoast SEO plugin. -->","yoast_head_json":{"title":"Aviso de Cookies - Zafiro","description":"En Zafiro usamos cookies para mejorar tu experiencia, analizar el uso de la web y ofrecerte contenido personalizado.","robots":{"index":"index","follow":"follow","max-snippet":"max-snippet:-1","max-image-preview":"max-image-preview:large","max-video-preview":"max-video-preview:-1"},"canonical":"http:\/\/wp2.iesagora.es:60011\/mgriverap01\/cookies\/","og_locale":"es_ES","og_type":"article","og_title":"Aviso de Cookies - Zafiro","og_description":"En Zafiro usamos cookies para mejorar tu experiencia, analizar el uso de la web y ofrecerte contenido personalizado.","og_url":"http:\/\/wp2.iesagora.es:60011\/mgriverap01\/cookies\/","og_site_name":"ZAFIRO","article_modified_time":"2025-03-09T05:03:45+00:00","twitter_card":"summary_large_image","twitter_misc":{"Tiempo de lectura":"3 minutos"},"schema":{"@context":"https:\/\/schema.org","@graph":[{"@type":"WebPage","@id":"http:\/\/wp2.iesagora.es:60011\/mgriverap01\/cookies\/","url":"http:\/\/wp2.iesagora.es:60011\/mgriverap01\/cookies\/","name":"Aviso de Cookies - Zafiro","isPartOf":{"@id":"http:\/\/wp2.iesagora.es:60011\/mgriverap01\/#website"},"datePublished":"2025-01-30T17:56:22+00:00","dateModified":"2025-03-09T05:03:45+00:00","description":"En Zafiro usamos cookies para mejorar tu experiencia, analizar el uso de la web y ofrecerte contenido personalizado.","breadcrumb":{"@id":"http:\/\/wp2.iesagora.es:60011\/mgriverap01\/cookies\/#breadcrumb"},"inLanguage":"es","potentialAction":[{"@type":"ReadAction","target":["http:\/\/wp2.iesagora.es:60011\/mgriverap01\/cookies\/"]}]},{"@type":"BreadcrumbList","@id":"http:\/\/wp2.iesagora.es:60011\/mgriverap01\/cookies\/#breadcrumb","itemListElement":[{"@type":"ListItem","position":1,"name":"Portada","item":"http:\/\/wp2.iesagora.es:60011\/mgriverap01\/"},{"@type":"ListItem","position":2,"name":"Cookies"}]},{"@type":"WebSite","@id":"http:\/\/wp2.iesagora.es:60011\/mgriverap01\/#website","url":"http:\/\/wp2.iesagora.es:60011\/mgriverap01\/","name":"ZAFIRO","description":"","publisher":{"@id":"http:\/\/wp2.iesagora.es:60011\/mgriverap01\/#organization"},"potentialAction":[{"@type":"SearchAction","target":{"@type":"EntryPoint","urlTemplate":"http:\/\/wp2.iesagora.es:60011\/mgriverap01\/?s={search_term_string}"},"query-input":{"@type":"PropertyValueSpecification","valueRequired":true,"valueName":"search_term_string"}}],"inLanguage":"es"},{"@type":"Organization","@id":"http:\/\/wp2.iesagora.es:60011\/mgriverap01\/#organization","name":"ZAFIRO","url":"http:\/\/wp2.iesagora.es:60011\/mgriverap01\/","logo":{"@type":"ImageObject","inLanguage":"es","@id":"http:\/\/wp2.iesagora.es:60011\/mgriverap01\/#\/schema\/logo\/image\/","url":"http:\/\/wp2.iesagora.es:60011\/mgriverap01\/wp-content\/uploads\/sites\/129\/2025\/01\/Casa-Bar-10.png","contentUrl":"http:\/\/wp2.iesagora.es:60011\/mgriverap01\/wp-content\/uploads\/sites\/129\/2025\/01\/Casa-Bar-10.png","width":500,"height":500,"caption":"ZAFIRO"},"image":{"@id":"http:\/\/wp2.iesagora.es:60011\/mgriverap01\/#\/schema\/logo\/image\/"}}]}},"uagb_featured_image_src":{"full":false,"thumbnail":false,"medium":false,"medium_large":false,"large":false,"1536x1536":false,"2048x2048":false,"woocommerce_thumbnail":false,"woocommerce_single":false,"woocommerce_gallery_thumbnail":false},"uagb_author_info":{"display_name":"mgriverap01","author_link":"http:\/\/wp2.iesagora.es:60011\/mgriverap01\/author\/mgriverap01\/"},"uagb_comment_info":0,"uagb_excerpt":"Cookies Las cookies y herramientas similares son utilizadas para los fines descritos a continuaci\u00f3n. Cookies operativas: Utilizamos cookies para prestar [&hellip;]","_links":{"self":[{"href":"http:\/\/wp2.iesagora.es:60011\/mgriverap01\/wp-json\/wp\/v2\/pages\/244","targetHints":{"allow":["GET"]}}],"collection":[{"href":"http:\/\/wp2.iesagora.es:60011\/mgriverap01\/wp-json\/wp\/v2\/pages"}],"about":[{"href":"http:\/\/wp2.iesagora.es:60011\/mgriverap01\/wp-json\/wp\/v2\/types\/page"}],"author":[{"embeddable":true,"href":"http:\/\/wp2.iesagora.es:60011\/mgriverap01\/wp-json\/wp\/v2\/users\/61"}],"replies":[{"embeddable":true,"href":"http:\/\/wp2.iesagora.es:60011\/mgriverap01\/wp-json\/wp\/v2\/comments?post=244"}],"version-history":[{"count":23,"href":"http:\/\/wp2.iesagora.es:60011\/mgriverap01\/wp-json\/wp\/v2\/pages\/244\/revisions"}],"predecessor-version":[{"id":1198,"href":"http:\/\/wp2.iesagora.es:60011\/mgriverap01\/wp-json\/wp\/v2\/pages\/244\/revisions\/1198"}],"wp:attachment":[{"href":"http:\/\/wp2.iesagora.es:60011\/mgriverap01\/wp-json\/wp\/v2\/media?parent=244"}],"curies":[{"name":"wp","href":"https:\/\/api.w.org\/{rel}","templated":true}]}}