{"id":901,"date":"2025-02-24T20:54:02","date_gmt":"2025-02-24T19:54:02","guid":{"rendered":"http:\/\/wp2.iesagora.es:60011\/melanie\/?post_type=product&#038;p=901"},"modified":"2025-02-24T20:54:02","modified_gmt":"2025-02-24T19:54:02","slug":"abrigo-levita-zw-collection","status":"publish","type":"product","link":"http:\/\/wp2.iesagora.es:60011\/melanie\/producto\/abrigo-levita-zw-collection\/","title":{"rendered":"ABRIGO LEVITA ZW COLLECTION"},"content":{"rendered":"<div class=\"product-detail-extra-detail__section\" data-observer-key=\"title\">\n<div class=\"structured-component-text-block-title\"><span class=\"structured-component-text zds-heading-s\">COMPOSICI\u00d3N, CUIDADOS &amp; ORIGEN<\/span><\/div>\n<div class=\"structured-component-spacer\"><span style=\"font-size: 16px;\">EXTERIOR<\/span><\/div>\n<\/div>\n<div class=\"product-detail-extra-detail__section\" data-observer-key=\"materials\">\n<div class=\"structured-component-text-block-paragraph\"><span class=\"structured-component-text zds-body-m\">34% lana<br \/>\n31% poli\u00e9ster<br \/>\n31% viscosa<br \/>\n4% elastano<\/span><\/div>\n<div class=\"structured-component-spacer\"><\/div>\n<div class=\"structured-component-text-block-subtitle\"><span class=\"structured-component-text zds-heading-xs\">FORRO<\/span><\/div>\n<div class=\"structured-component-text-block-paragraph\"><span class=\"structured-component-text zds-body-m\">100% viscosa<\/span><\/div>\n<div class=\"structured-component-spacer\"><\/div>\n<\/div>\n<div class=\"product-detail-extra-detail__section\" data-observer-key=\"care\">\n<div class=\"structured-component-text-block-subtitle\"><span class=\"structured-component-text zds-heading-s\">CUIDADOS<\/span><\/div>\n<div class=\"structured-component-spacer\"><\/div>\n<div class=\"structured-component-text-block-paragraph\"><span class=\"structured-component-text zds-body-m\">Cuidar de tus prendas es cuidar del medioambiente.<\/span><\/div>\n<div class=\"structured-component-spacer\"><\/div>\n<div class=\"structured-component-text-block-paragraph\"><span class=\"structured-component-text zds-body-m\">Para mantener limpias tus chaquetas y abrigos s\u00f3lo tienes que ventilarlas y pasarles un pa\u00f1o o un cepillo para la ropa. Si la limpieza en seco es necesaria intenta buscar tintorer\u00edas que utilicen tecnolog\u00edas respetuosas con el medioambiente.<\/p>\n<p><a class=\" link\" href=\"https:\/\/www.zara.com\/\" target=\"_blank\" rel=\"noopener\"><span class=\"structured-component-text\">Gu\u00eda para el cuidado de la ropa<\/span><\/a><\/span><\/div>\n<div class=\"structured-component-spacer\"><\/div>\n<ul class=\"structured-component-icon-list\">\n<li class=\"structured-component-icon-list__item\"><img decoding=\"async\" class=\"structured-component-icon-list__item-icon\" title=\"[car]9\" src=\"https:\/\/static.zara.net\/\/assets\/public\/fad0\/fd6f\/680d44ddbf3b\/623a3e540eb1\/iconos_mendue-9.svg?ts=1730714831474\" alt=\"[car]9\" \/><span class=\"structured-component-text zds-body-m\">No lavar<\/span><\/li>\n<li class=\"structured-component-icon-list__item\"><img decoding=\"async\" class=\"structured-component-icon-list__item-icon\" title=\"[car]14\" src=\"https:\/\/static.zara.net\/\/assets\/public\/fad0\/fd6f\/680d44ddbf3b\/623a3e540eb1\/iconos_mendue-14.svg?ts=1730714831474\" alt=\"[car]14\" \/><span class=\"structured-component-text zds-body-m\">No usar lej\u00eda \/ blanqueador<\/span><\/li>\n<li class=\"structured-component-icon-list__item\"><img decoding=\"async\" class=\"structured-component-icon-list__item-icon\" title=\"[car]17\" src=\"https:\/\/static.zara.net\/\/assets\/public\/fad0\/fd6f\/680d44ddbf3b\/623a3e540eb1\/iconos_mendue-17.svg?ts=1730714831474\" alt=\"[car]17\" \/><span class=\"structured-component-text zds-body-m\">Planchar m\u00e1ximo 150 \u00ba C<\/span><\/li>\n<li class=\"structured-component-icon-list__item\"><img decoding=\"async\" class=\"structured-component-icon-list__item-icon\" title=\"[car]27\" src=\"https:\/\/static.zara.net\/\/assets\/public\/fad0\/fd6f\/680d44ddbf3b\/623a3e540eb1\/iconos_mendue-27.svg?ts=1730714831474\" alt=\"[car]27\" \/><span class=\"structured-component-text zds-body-m\">Limpieza en seco solo esencias minerales<\/span><\/li>\n<li class=\"structured-component-icon-list__item\"><img decoding=\"async\" class=\"structured-component-icon-list__item-icon\" title=\"[car]35\" src=\"https:\/\/static.zara.net\/\/assets\/public\/fad0\/fd6f\/680d44ddbf3b\/623a3e540eb1\/iconos_mendue-35.svg?ts=1730714831474\" alt=\"[car]35\" \/><span class=\"structured-component-text zds-body-m\">No usar secadora<\/span><\/li>\n<\/ul>\n<\/div>\n","protected":false},"excerpt":{"rendered":"<p>ZARA WOMAN COLLECTION<\/p>\n<p>Abrigo tipo levita confeccionado con 34% de lana.<\/p>\n","protected":false},"featured_media":0,"comment_status":"open","ping_status":"closed","template":"","meta":{"site-sidebar-layout":"default","site-content-layout":"","ast-site-content-layout":"default","site-content-style":"default","site-sidebar-style":"default","ast-global-header-display":"","ast-banner-title-visibility":"","ast-main-header-display":"","ast-hfb-above-header-display":"","ast-hfb-below-header-display":"","ast-hfb-mobile-header-display":"","site-post-title":"","ast-breadcrumbs-content":"","ast-featured-img":"","footer-sml-layout":"","theme-transparent-header-meta":"default","adv-header-id-meta":"","stick-header-meta":"","header-above-stick-meta":"","header-main-stick-meta":"","header-below-stick-meta":"","astra-migrate-meta-layouts":"set","ast-page-background-enabled":"default","ast-page-background-meta":{"desktop":{"background-color":"var(--ast-global-color-4)","background-image":"","background-repeat":"repeat","background-position":"center center","background-size":"auto","background-attachment":"scroll","background-type":"","background-media":"","overlay-type":"","overlay-color":"","overlay-opacity":"","overlay-gradient":""},"tablet":{"background-color":"","background-image":"","background-repeat":"repeat","background-position":"center center","background-size":"auto","background-attachment":"scroll","background-type":"","background-media":"","overlay-type":"","overlay-color":"","overlay-opacity":"","overlay-gradient":""},"mobile":{"background-color":"","background-image":"","background-repeat":"repeat","background-position":"center center","background-size":"auto","background-attachment":"scroll","background-type":"","background-media":"","overlay-type":"","overlay-color":"","overlay-opacity":"","overlay-gradient":""}},"ast-content-background-meta":{"desktop":{"background-color":"var(--ast-global-color-5)","background-image":"","background-repeat":"repeat","background-position":"center center","background-size":"auto","background-attachment":"scroll","background-type":"","background-media":"","overlay-type":"","overlay-color":"","overlay-opacity":"","overlay-gradient":""},"tablet":{"background-color":"var(--ast-global-color-5)","background-image":"","background-repeat":"repeat","background-position":"center center","background-size":"auto","background-attachment":"scroll","background-type":"","background-media":"","overlay-type":"","overlay-color":"","overlay-opacity":"","overlay-gradient":""},"mobile":{"background-color":"var(--ast-global-color-5)","background-image":"","background-repeat":"repeat","background-position":"center center","background-size":"auto","background-attachment":"scroll","background-type":"","background-media":"","overlay-type":"","overlay-color":"","overlay-opacity":"","overlay-gradient":""}}},"product_brand":[],"product_cat":[16],"product_tag":[],"class_list":{"0":"post-901","1":"product","2":"type-product","3":"status-publish","5":"product_cat-sin-categorizar","6":"desktop-align-left","7":"tablet-align-left","8":"mobile-align-left","10":"first","11":"instock","12":"taxable","13":"shipping-taxable","14":"purchasable","15":"product-type-variable"},"yoast_head":"<!-- This site is optimized with the Yoast SEO plugin v26.8 - https:\/\/yoast.com\/product\/yoast-seo-wordpress\/ -->\n<title>ABRIGO LEVITA ZW COLLECTION -<\/title>\n<meta name=\"robots\" content=\"index, follow, max-snippet:-1, max-image-preview:large, max-video-preview:-1\" \/>\n<link rel=\"canonical\" href=\"http:\/\/wp2.iesagora.es:60011\/melanie\/producto\/abrigo-levita-zw-collection\/\" \/>\n<meta property=\"og:locale\" content=\"es_ES\" \/>\n<meta property=\"og:type\" content=\"article\" \/>\n<meta property=\"og:title\" content=\"ABRIGO LEVITA ZW COLLECTION -\" \/>\n<meta property=\"og:description\" content=\"ZARA WOMAN COLLECTION  Abrigo tipo levita confeccionado con 34% de lana.\" \/>\n<meta property=\"og:url\" content=\"http:\/\/wp2.iesagora.es:60011\/melanie\/producto\/abrigo-levita-zw-collection\/\" \/>\n<meta property=\"og:image\" content=\"https:\/\/static.zara.net\/\/assets\/public\/fad0\/fd6f\/680d44ddbf3b\/623a3e540eb1\/iconos_mendue-9.svg?ts=1730714831474\" \/>\n<meta name=\"twitter:card\" content=\"summary_large_image\" \/>\n<meta name=\"twitter:label1\" content=\"Tiempo de lectura\" \/>\n\t<meta name=\"twitter:data1\" content=\"2 minutos\" \/>\n<script type=\"application\/ld+json\" class=\"yoast-schema-graph\">{\"@context\":\"https:\/\/schema.org\",\"@graph\":[{\"@type\":\"WebPage\",\"@id\":\"http:\/\/wp2.iesagora.es:60011\/melanie\/producto\/abrigo-levita-zw-collection\/\",\"url\":\"http:\/\/wp2.iesagora.es:60011\/melanie\/producto\/abrigo-levita-zw-collection\/\",\"name\":\"ABRIGO LEVITA ZW COLLECTION -\",\"isPartOf\":{\"@id\":\"http:\/\/wp2.iesagora.es:60011\/melanie\/#website\"},\"primaryImageOfPage\":{\"@id\":\"http:\/\/wp2.iesagora.es:60011\/melanie\/producto\/abrigo-levita-zw-collection\/#primaryimage\"},\"image\":{\"@id\":\"http:\/\/wp2.iesagora.es:60011\/melanie\/producto\/abrigo-levita-zw-collection\/#primaryimage\"},\"thumbnailUrl\":\"https:\/\/static.zara.net\/\/assets\/public\/fad0\/fd6f\/680d44ddbf3b\/623a3e540eb1\/iconos_mendue-9.svg?ts=1730714831474\",\"datePublished\":\"2025-02-24T19:54:02+00:00\",\"breadcrumb\":{\"@id\":\"http:\/\/wp2.iesagora.es:60011\/melanie\/producto\/abrigo-levita-zw-collection\/#breadcrumb\"},\"inLanguage\":\"es\",\"potentialAction\":[{\"@type\":\"ReadAction\",\"target\":[\"http:\/\/wp2.iesagora.es:60011\/melanie\/producto\/abrigo-levita-zw-collection\/\"]}]},{\"@type\":\"ImageObject\",\"inLanguage\":\"es\",\"@id\":\"http:\/\/wp2.iesagora.es:60011\/melanie\/producto\/abrigo-levita-zw-collection\/#primaryimage\",\"url\":\"https:\/\/static.zara.net\/\/assets\/public\/fad0\/fd6f\/680d44ddbf3b\/623a3e540eb1\/iconos_mendue-9.svg?ts=1730714831474\",\"contentUrl\":\"https:\/\/static.zara.net\/\/assets\/public\/fad0\/fd6f\/680d44ddbf3b\/623a3e540eb1\/iconos_mendue-9.svg?ts=1730714831474\"},{\"@type\":\"BreadcrumbList\",\"@id\":\"http:\/\/wp2.iesagora.es:60011\/melanie\/producto\/abrigo-levita-zw-collection\/#breadcrumb\",\"itemListElement\":[{\"@type\":\"ListItem\",\"position\":1,\"name\":\"Portada\",\"item\":\"http:\/\/wp2.iesagora.es:60011\/melanie\/\"},{\"@type\":\"ListItem\",\"position\":2,\"name\":\"Tienda\",\"item\":\"http:\/\/wp2.iesagora.es:60011\/melanie\/tienda\/\"},{\"@type\":\"ListItem\",\"position\":3,\"name\":\"ABRIGO LEVITA ZW COLLECTION\"}]},{\"@type\":\"WebSite\",\"@id\":\"http:\/\/wp2.iesagora.es:60011\/melanie\/#website\",\"url\":\"http:\/\/wp2.iesagora.es:60011\/melanie\/\",\"name\":\"Zara \u00c1gora\",\"description\":\"1\u00ba KV\",\"publisher\":{\"@id\":\"http:\/\/wp2.iesagora.es:60011\/melanie\/#organization\"},\"potentialAction\":[{\"@type\":\"SearchAction\",\"target\":{\"@type\":\"EntryPoint\",\"urlTemplate\":\"http:\/\/wp2.iesagora.es:60011\/melanie\/?s={search_term_string}\"},\"query-input\":{\"@type\":\"PropertyValueSpecification\",\"valueRequired\":true,\"valueName\":\"search_term_string\"}}],\"inLanguage\":\"es\"},{\"@type\":\"Organization\",\"@id\":\"http:\/\/wp2.iesagora.es:60011\/melanie\/#organization\",\"name\":\"Zara \u00c1gora\",\"url\":\"http:\/\/wp2.iesagora.es:60011\/melanie\/\",\"logo\":{\"@type\":\"ImageObject\",\"inLanguage\":\"es\",\"@id\":\"http:\/\/wp2.iesagora.es:60011\/melanie\/#\/schema\/logo\/image\/\",\"url\":\"http:\/\/wp2.iesagora.es:60011\/melanie\/wp-content\/uploads\/sites\/99\/2025\/01\/Diseno-sin-titulo-2-e1738608259207.png\",\"contentUrl\":\"http:\/\/wp2.iesagora.es:60011\/melanie\/wp-content\/uploads\/sites\/99\/2025\/01\/Diseno-sin-titulo-2-e1738608259207.png\",\"width\":326,\"height\":130,\"caption\":\"Zara \u00c1gora\"},\"image\":{\"@id\":\"http:\/\/wp2.iesagora.es:60011\/melanie\/#\/schema\/logo\/image\/\"}}]}<\/script>\n<!-- \/ Yoast SEO plugin. -->","yoast_head_json":{"title":"ABRIGO LEVITA ZW COLLECTION -","robots":{"index":"index","follow":"follow","max-snippet":"max-snippet:-1","max-image-preview":"max-image-preview:large","max-video-preview":"max-video-preview:-1"},"canonical":"http:\/\/wp2.iesagora.es:60011\/melanie\/producto\/abrigo-levita-zw-collection\/","og_locale":"es_ES","og_type":"article","og_title":"ABRIGO LEVITA ZW COLLECTION -","og_description":"ZARA WOMAN COLLECTION  Abrigo tipo levita confeccionado con 34% de lana.","og_url":"http:\/\/wp2.iesagora.es:60011\/melanie\/producto\/abrigo-levita-zw-collection\/","og_image":[{"url":"https:\/\/static.zara.net\/\/assets\/public\/fad0\/fd6f\/680d44ddbf3b\/623a3e540eb1\/iconos_mendue-9.svg?ts=1730714831474","type":"","width":"","height":""}],"twitter_card":"summary_large_image","twitter_misc":{"Tiempo de lectura":"2 minutos"},"schema":{"@context":"https:\/\/schema.org","@graph":[{"@type":"WebPage","@id":"http:\/\/wp2.iesagora.es:60011\/melanie\/producto\/abrigo-levita-zw-collection\/","url":"http:\/\/wp2.iesagora.es:60011\/melanie\/producto\/abrigo-levita-zw-collection\/","name":"ABRIGO LEVITA ZW COLLECTION -","isPartOf":{"@id":"http:\/\/wp2.iesagora.es:60011\/melanie\/#website"},"primaryImageOfPage":{"@id":"http:\/\/wp2.iesagora.es:60011\/melanie\/producto\/abrigo-levita-zw-collection\/#primaryimage"},"image":{"@id":"http:\/\/wp2.iesagora.es:60011\/melanie\/producto\/abrigo-levita-zw-collection\/#primaryimage"},"thumbnailUrl":"https:\/\/static.zara.net\/\/assets\/public\/fad0\/fd6f\/680d44ddbf3b\/623a3e540eb1\/iconos_mendue-9.svg?ts=1730714831474","datePublished":"2025-02-24T19:54:02+00:00","breadcrumb":{"@id":"http:\/\/wp2.iesagora.es:60011\/melanie\/producto\/abrigo-levita-zw-collection\/#breadcrumb"},"inLanguage":"es","potentialAction":[{"@type":"ReadAction","target":["http:\/\/wp2.iesagora.es:60011\/melanie\/producto\/abrigo-levita-zw-collection\/"]}]},{"@type":"ImageObject","inLanguage":"es","@id":"http:\/\/wp2.iesagora.es:60011\/melanie\/producto\/abrigo-levita-zw-collection\/#primaryimage","url":"https:\/\/static.zara.net\/\/assets\/public\/fad0\/fd6f\/680d44ddbf3b\/623a3e540eb1\/iconos_mendue-9.svg?ts=1730714831474","contentUrl":"https:\/\/static.zara.net\/\/assets\/public\/fad0\/fd6f\/680d44ddbf3b\/623a3e540eb1\/iconos_mendue-9.svg?ts=1730714831474"},{"@type":"BreadcrumbList","@id":"http:\/\/wp2.iesagora.es:60011\/melanie\/producto\/abrigo-levita-zw-collection\/#breadcrumb","itemListElement":[{"@type":"ListItem","position":1,"name":"Portada","item":"http:\/\/wp2.iesagora.es:60011\/melanie\/"},{"@type":"ListItem","position":2,"name":"Tienda","item":"http:\/\/wp2.iesagora.es:60011\/melanie\/tienda\/"},{"@type":"ListItem","position":3,"name":"ABRIGO LEVITA ZW COLLECTION"}]},{"@type":"WebSite","@id":"http:\/\/wp2.iesagora.es:60011\/melanie\/#website","url":"http:\/\/wp2.iesagora.es:60011\/melanie\/","name":"Zara \u00c1gora","description":"1\u00ba KV","publisher":{"@id":"http:\/\/wp2.iesagora.es:60011\/melanie\/#organization"},"potentialAction":[{"@type":"SearchAction","target":{"@type":"EntryPoint","urlTemplate":"http:\/\/wp2.iesagora.es:60011\/melanie\/?s={search_term_string}"},"query-input":{"@type":"PropertyValueSpecification","valueRequired":true,"valueName":"search_term_string"}}],"inLanguage":"es"},{"@type":"Organization","@id":"http:\/\/wp2.iesagora.es:60011\/melanie\/#organization","name":"Zara \u00c1gora","url":"http:\/\/wp2.iesagora.es:60011\/melanie\/","logo":{"@type":"ImageObject","inLanguage":"es","@id":"http:\/\/wp2.iesagora.es:60011\/melanie\/#\/schema\/logo\/image\/","url":"http:\/\/wp2.iesagora.es:60011\/melanie\/wp-content\/uploads\/sites\/99\/2025\/01\/Diseno-sin-titulo-2-e1738608259207.png","contentUrl":"http:\/\/wp2.iesagora.es:60011\/melanie\/wp-content\/uploads\/sites\/99\/2025\/01\/Diseno-sin-titulo-2-e1738608259207.png","width":326,"height":130,"caption":"Zara \u00c1gora"},"image":{"@id":"http:\/\/wp2.iesagora.es:60011\/melanie\/#\/schema\/logo\/image\/"}}]}},"_links":{"self":[{"href":"http:\/\/wp2.iesagora.es:60011\/melanie\/wp-json\/wp\/v2\/product\/901","targetHints":{"allow":["GET"]}}],"collection":[{"href":"http:\/\/wp2.iesagora.es:60011\/melanie\/wp-json\/wp\/v2\/product"}],"about":[{"href":"http:\/\/wp2.iesagora.es:60011\/melanie\/wp-json\/wp\/v2\/types\/product"}],"replies":[{"embeddable":true,"href":"http:\/\/wp2.iesagora.es:60011\/melanie\/wp-json\/wp\/v2\/comments?post=901"}],"version-history":[{"count":2,"href":"http:\/\/wp2.iesagora.es:60011\/melanie\/wp-json\/wp\/v2\/product\/901\/revisions"}],"predecessor-version":[{"id":909,"href":"http:\/\/wp2.iesagora.es:60011\/melanie\/wp-json\/wp\/v2\/product\/901\/revisions\/909"}],"wp:attachment":[{"href":"http:\/\/wp2.iesagora.es:60011\/melanie\/wp-json\/wp\/v2\/media?parent=901"}],"wp:term":[{"taxonomy":"product_brand","embeddable":true,"href":"http:\/\/wp2.iesagora.es:60011\/melanie\/wp-json\/wp\/v2\/product_brand?post=901"},{"taxonomy":"product_cat","embeddable":true,"href":"http:\/\/wp2.iesagora.es:60011\/melanie\/wp-json\/wp\/v2\/product_cat?post=901"},{"taxonomy":"product_tag","embeddable":true,"href":"http:\/\/wp2.iesagora.es:60011\/melanie\/wp-json\/wp\/v2\/product_tag?post=901"}],"curies":[{"name":"wp","href":"https:\/\/api.w.org\/{rel}","templated":true}]}}