{"id":270,"date":"2025-01-30T19:29:28","date_gmt":"2025-01-30T18:29:28","guid":{"rendered":"http:\/\/wp2.iesagora.es:60011\/melanie\/?page_id=270"},"modified":"2025-05-27T19:59:59","modified_gmt":"2025-05-27T17:59:59","slug":"home","status":"publish","type":"page","link":"http:\/\/wp2.iesagora.es:60011\/melanie\/","title":{"rendered":"Home"},"content":{"rendered":"\t\t<div data-elementor-type=\"wp-page\" data-elementor-id=\"270\" class=\"elementor elementor-270\" data-elementor-post-type=\"page\">\n\t\t\t\t<div class=\"elementor-element elementor-element-b4786a2 e-con-full elementor-hidden-mobile e-flex e-con e-parent\" data-id=\"b4786a2\" data-element_type=\"container\" data-settings=\"{&quot;background_background&quot;:&quot;video&quot;,&quot;motion_fx_motion_fx_scrolling&quot;:&quot;yes&quot;,&quot;motion_fx_opacity_effect&quot;:&quot;yes&quot;,&quot;motion_fx_opacity_direction&quot;:&quot;in-out&quot;,&quot;motion_fx_opacity_level&quot;:{&quot;unit&quot;:&quot;px&quot;,&quot;size&quot;:40,&quot;sizes&quot;:[]},&quot;motion_fx_opacity_range&quot;:{&quot;unit&quot;:&quot;%&quot;,&quot;size&quot;:&quot;&quot;,&quot;sizes&quot;:{&quot;start&quot;:37,&quot;end&quot;:100}},&quot;motion_fx_devices&quot;:[&quot;desktop&quot;],&quot;animation&quot;:&quot;none&quot;,&quot;background_video_start&quot;:15,&quot;background_privacy_mode&quot;:&quot;yes&quot;}\">\n\t\t<div class=\"elementor-element elementor-element-97b57e4 e-con-full elementor-hidden-mobile e-transform e-flex e-con e-child\" data-id=\"97b57e4\" data-element_type=\"container\" data-settings=\"{&quot;background_background&quot;:&quot;video&quot;,&quot;background_video_link&quot;:&quot;https:\\\/\\\/www.youtube.com\\\/watch?v=OouUgFMkMD0&quot;,&quot;background_privacy_mode&quot;:&quot;yes&quot;,&quot;background_play_on_mobile&quot;:&quot;yes&quot;,&quot;_transform_scale_effect&quot;:{&quot;unit&quot;:&quot;px&quot;,&quot;size&quot;:&quot;&quot;,&quot;sizes&quot;:[]},&quot;_transform_scale_effect_tablet&quot;:{&quot;unit&quot;:&quot;px&quot;,&quot;size&quot;:&quot;&quot;,&quot;sizes&quot;:[]},&quot;_transform_scale_effect_mobile&quot;:{&quot;unit&quot;:&quot;px&quot;,&quot;size&quot;:&quot;&quot;,&quot;sizes&quot;:[]}}\">\n\t\t<div class=\"elementor-background-video-container\" aria-hidden=\"true\">\n\t\t\t\t\t\t\t<div class=\"elementor-background-video-embed\"><\/div>\n\t\t\t\t\t\t<\/div>\t\t<\/div>\n\t\t\t\t<\/div>\n\t\t<div class=\"elementor-element elementor-element-e66f451 e-con-full elementor-hidden-desktop e-flex e-con e-parent\" data-id=\"e66f451\" data-element_type=\"container\">\n\t\t\t\t<div class=\"elementor-element elementor-element-fd02b1a elementor-widget-mobile__width-inherit elementor-hidden-desktop elementor-widget elementor-widget-image\" data-id=\"fd02b1a\" data-element_type=\"widget\" data-settings=\"{&quot;motion_fx_motion_fx_scrolling&quot;:&quot;yes&quot;,&quot;motion_fx_scale_effect&quot;:&quot;yes&quot;,&quot;motion_fx_scale_speed&quot;:{&quot;unit&quot;:&quot;px&quot;,&quot;size&quot;:10,&quot;sizes&quot;:[]},&quot;motion_fx_devices&quot;:[&quot;tablet&quot;,&quot;mobile&quot;],&quot;motion_fx_scale_direction&quot;:&quot;out-in&quot;,&quot;motion_fx_scale_range&quot;:{&quot;unit&quot;:&quot;%&quot;,&quot;size&quot;:&quot;&quot;,&quot;sizes&quot;:{&quot;start&quot;:20,&quot;end&quot;:80}}}\" data-widget_type=\"image.default\">\n\t\t\t\t\t\t\t\t\t\t\t\t\t\t\t<img fetchpriority=\"high\" decoding=\"async\" width=\"863\" height=\"1024\" src=\"http:\/\/wp2.iesagora.es:60011\/melanie\/wp-content\/uploads\/sites\/99\/2025\/02\/Diseno-sin-titulo-5-e1738687324118-863x1024.png\" class=\"attachment-large size-large wp-image-740\" alt=\"\" srcset=\"http:\/\/wp2.iesagora.es:60011\/melanie\/wp-content\/uploads\/sites\/99\/2025\/02\/Diseno-sin-titulo-5-e1738687324118-863x1024.png 863w, http:\/\/wp2.iesagora.es:60011\/melanie\/wp-content\/uploads\/sites\/99\/2025\/02\/Diseno-sin-titulo-5-e1738687324118-253x300.png 253w, http:\/\/wp2.iesagora.es:60011\/melanie\/wp-content\/uploads\/sites\/99\/2025\/02\/Diseno-sin-titulo-5-e1738687324118-768x912.png 768w, http:\/\/wp2.iesagora.es:60011\/melanie\/wp-content\/uploads\/sites\/99\/2025\/02\/Diseno-sin-titulo-5-e1738687324118-600x712.png 600w, http:\/\/wp2.iesagora.es:60011\/melanie\/wp-content\/uploads\/sites\/99\/2025\/02\/Diseno-sin-titulo-5-e1738687324118.png 1070w\" sizes=\"(max-width: 863px) 100vw, 863px\" \/>\t\t\t\t\t\t\t\t\t\t\t\t\t\t\t<\/div>\n\t\t\t\t<\/div>\n\t\t\t\t<\/div>\n\t\t","protected":false},"excerpt":{"rendered":"","protected":false},"author":1,"featured_media":0,"parent":0,"menu_order":0,"comment_status":"closed","ping_status":"closed","template":"elementor_header_footer","meta":{"site-sidebar-layout":"no-sidebar","site-content-layout":"","ast-site-content-layout":"full-width-container","site-content-style":"default","site-sidebar-style":"default","ast-global-header-display":"","ast-banner-title-visibility":"","ast-main-header-display":"","ast-hfb-above-header-display":"","ast-hfb-below-header-display":"","ast-hfb-mobile-header-display":"","site-post-title":"disabled","ast-breadcrumbs-content":"","ast-featured-img":"disabled","footer-sml-layout":"","theme-transparent-header-meta":"","adv-header-id-meta":"","stick-header-meta":"","header-above-stick-meta":"","header-main-stick-meta":"","header-below-stick-meta":"","astra-migrate-meta-layouts":"default","ast-page-background-enabled":"default","ast-page-background-meta":{"desktop":{"background-color":"var(--ast-global-color-4)","background-image":"","background-repeat":"repeat","background-position":"center center","background-size":"auto","background-attachment":"scroll","background-type":"","background-media":"","overlay-type":"","overlay-color":"","overlay-opacity":"","overlay-gradient":""},"tablet":{"background-color":"","background-image":"","background-repeat":"repeat","background-position":"center center","background-size":"auto","background-attachment":"scroll","background-type":"","background-media":"","overlay-type":"","overlay-color":"","overlay-opacity":"","overlay-gradient":""},"mobile":{"background-color":"","background-image":"","background-repeat":"repeat","background-position":"center center","background-size":"auto","background-attachment":"scroll","background-type":"","background-media":"","overlay-type":"","overlay-color":"","overlay-opacity":"","overlay-gradient":""}},"ast-content-background-meta":{"desktop":{"background-color":"var(--ast-global-color-5)","background-image":"","background-repeat":"repeat","background-position":"center center","background-size":"auto","background-attachment":"scroll","background-type":"","background-media":"","overlay-type":"","overlay-color":"","overlay-opacity":"","overlay-gradient":""},"tablet":{"background-color":"var(--ast-global-color-5)","background-image":"","background-repeat":"repeat","background-position":"center center","background-size":"auto","background-attachment":"scroll","background-type":"","background-media":"","overlay-type":"","overlay-color":"","overlay-opacity":"","overlay-gradient":""},"mobile":{"background-color":"var(--ast-global-color-5)","background-image":"","background-repeat":"repeat","background-position":"center center","background-size":"auto","background-attachment":"scroll","background-type":"","background-media":"","overlay-type":"","overlay-color":"","overlay-opacity":"","overlay-gradient":""}},"footnotes":""},"class_list":["post-270","page","type-page","status-publish","hentry"],"yoast_head":"<!-- This site is optimized with the Yoast SEO plugin v26.8 - https:\/\/yoast.com\/product\/yoast-seo-wordpress\/ -->\n<title>Ropa y Accesorios para Mujer | La Mejor Selecci\u00f3n en Zara \u00c1gora<\/title>\n<meta name=\"description\" content=\"Env\u00edo r\u00e1pido y devoluci\u00f3n gratuita | Descubre las \u00faltimas tendencias en ropa y accesorios para mujer en Zara \u00c1gora.\" \/>\n<meta name=\"robots\" content=\"index, follow, max-snippet:-1, max-image-preview:large, max-video-preview:-1\" \/>\n<link rel=\"canonical\" href=\"http:\/\/wp2.iesagora.es:60011\/melanie\/\" \/>\n<meta property=\"og:locale\" content=\"es_ES\" \/>\n<meta property=\"og:type\" content=\"article\" \/>\n<meta property=\"og:title\" content=\"Ropa y Accesorios para Mujer | La Mejor Selecci\u00f3n en Zara \u00c1gora\" \/>\n<meta property=\"og:description\" content=\"Env\u00edo r\u00e1pido y devoluci\u00f3n gratuita | Descubre las \u00faltimas tendencias en ropa y accesorios para mujer en Zara \u00c1gora.\" \/>\n<meta property=\"og:url\" content=\"http:\/\/wp2.iesagora.es:60011\/melanie\/\" \/>\n<meta property=\"article:modified_time\" content=\"2025-05-27T17:59:59+00:00\" \/>\n<meta property=\"og:image\" content=\"http:\/\/wp2.iesagora.es:60011\/melanie\/wp-content\/uploads\/sites\/99\/2025\/02\/Diseno-sin-titulo-5-e1738687324118.png\" \/>\n\t<meta property=\"og:image:width\" content=\"1070\" \/>\n\t<meta property=\"og:image:height\" content=\"1270\" \/>\n\t<meta property=\"og:image:type\" content=\"image\/png\" \/>\n<meta name=\"twitter:card\" content=\"summary_large_image\" \/>\n<script type=\"application\/ld+json\" class=\"yoast-schema-graph\">{\"@context\":\"https:\/\/schema.org\",\"@graph\":[{\"@type\":\"WebPage\",\"@id\":\"http:\/\/wp2.iesagora.es:60011\/melanie\/\",\"url\":\"http:\/\/wp2.iesagora.es:60011\/melanie\/\",\"name\":\"Ropa y Accesorios para Mujer | La Mejor Selecci\u00f3n en Zara \u00c1gora\",\"isPartOf\":{\"@id\":\"http:\/\/wp2.iesagora.es:60011\/melanie\/#website\"},\"primaryImageOfPage\":{\"@id\":\"http:\/\/wp2.iesagora.es:60011\/melanie\/#primaryimage\"},\"image\":{\"@id\":\"http:\/\/wp2.iesagora.es:60011\/melanie\/#primaryimage\"},\"thumbnailUrl\":\"http:\/\/wp2.iesagora.es:60011\/melanie\/wp-content\/uploads\/sites\/99\/2025\/02\/Diseno-sin-titulo-5-e1738687324118-863x1024.png\",\"datePublished\":\"2025-01-30T18:29:28+00:00\",\"dateModified\":\"2025-05-27T17:59:59+00:00\",\"description\":\"Env\u00edo r\u00e1pido y devoluci\u00f3n gratuita | Descubre las \u00faltimas tendencias en ropa y accesorios para mujer en Zara \u00c1gora.\",\"breadcrumb\":{\"@id\":\"http:\/\/wp2.iesagora.es:60011\/melanie\/#breadcrumb\"},\"inLanguage\":\"es\",\"potentialAction\":[{\"@type\":\"ReadAction\",\"target\":[\"http:\/\/wp2.iesagora.es:60011\/melanie\/\"]}]},{\"@type\":\"ImageObject\",\"inLanguage\":\"es\",\"@id\":\"http:\/\/wp2.iesagora.es:60011\/melanie\/#primaryimage\",\"url\":\"http:\/\/wp2.iesagora.es:60011\/melanie\/wp-content\/uploads\/sites\/99\/2025\/02\/Diseno-sin-titulo-5-e1738687324118.png\",\"contentUrl\":\"http:\/\/wp2.iesagora.es:60011\/melanie\/wp-content\/uploads\/sites\/99\/2025\/02\/Diseno-sin-titulo-5-e1738687324118.png\",\"width\":1070,\"height\":1270},{\"@type\":\"BreadcrumbList\",\"@id\":\"http:\/\/wp2.iesagora.es:60011\/melanie\/#breadcrumb\",\"itemListElement\":[{\"@type\":\"ListItem\",\"position\":1,\"name\":\"Portada\",\"item\":\"http:\/\/wp2.iesagora.es:60011\/melanie\/\"},{\"@type\":\"ListItem\",\"position\":2,\"name\":\"Home\"}]},{\"@type\":\"WebSite\",\"@id\":\"http:\/\/wp2.iesagora.es:60011\/melanie\/#website\",\"url\":\"http:\/\/wp2.iesagora.es:60011\/melanie\/\",\"name\":\"Zara \u00c1gora\",\"description\":\"1\u00ba KV\",\"publisher\":{\"@id\":\"http:\/\/wp2.iesagora.es:60011\/melanie\/#organization\"},\"potentialAction\":[{\"@type\":\"SearchAction\",\"target\":{\"@type\":\"EntryPoint\",\"urlTemplate\":\"http:\/\/wp2.iesagora.es:60011\/melanie\/?s={search_term_string}\"},\"query-input\":{\"@type\":\"PropertyValueSpecification\",\"valueRequired\":true,\"valueName\":\"search_term_string\"}}],\"inLanguage\":\"es\"},{\"@type\":\"Organization\",\"@id\":\"http:\/\/wp2.iesagora.es:60011\/melanie\/#organization\",\"name\":\"Zara \u00c1gora\",\"url\":\"http:\/\/wp2.iesagora.es:60011\/melanie\/\",\"logo\":{\"@type\":\"ImageObject\",\"inLanguage\":\"es\",\"@id\":\"http:\/\/wp2.iesagora.es:60011\/melanie\/#\/schema\/logo\/image\/\",\"url\":\"http:\/\/wp2.iesagora.es:60011\/melanie\/wp-content\/uploads\/sites\/99\/2025\/01\/Diseno-sin-titulo-2-e1738608259207.png\",\"contentUrl\":\"http:\/\/wp2.iesagora.es:60011\/melanie\/wp-content\/uploads\/sites\/99\/2025\/01\/Diseno-sin-titulo-2-e1738608259207.png\",\"width\":326,\"height\":130,\"caption\":\"Zara \u00c1gora\"},\"image\":{\"@id\":\"http:\/\/wp2.iesagora.es:60011\/melanie\/#\/schema\/logo\/image\/\"}}]}<\/script>\n<!-- \/ Yoast SEO plugin. -->","yoast_head_json":{"title":"Ropa y Accesorios para Mujer | La Mejor Selecci\u00f3n en Zara \u00c1gora","description":"Env\u00edo r\u00e1pido y devoluci\u00f3n gratuita | Descubre las \u00faltimas tendencias en ropa y accesorios para mujer en Zara \u00c1gora.","robots":{"index":"index","follow":"follow","max-snippet":"max-snippet:-1","max-image-preview":"max-image-preview:large","max-video-preview":"max-video-preview:-1"},"canonical":"http:\/\/wp2.iesagora.es:60011\/melanie\/","og_locale":"es_ES","og_type":"article","og_title":"Ropa y Accesorios para Mujer | La Mejor Selecci\u00f3n en Zara \u00c1gora","og_description":"Env\u00edo r\u00e1pido y devoluci\u00f3n gratuita | Descubre las \u00faltimas tendencias en ropa y accesorios para mujer en Zara \u00c1gora.","og_url":"http:\/\/wp2.iesagora.es:60011\/melanie\/","article_modified_time":"2025-05-27T17:59:59+00:00","og_image":[{"width":1070,"height":1270,"url":"http:\/\/wp2.iesagora.es:60011\/melanie\/wp-content\/uploads\/sites\/99\/2025\/02\/Diseno-sin-titulo-5-e1738687324118.png","type":"image\/png"}],"twitter_card":"summary_large_image","schema":{"@context":"https:\/\/schema.org","@graph":[{"@type":"WebPage","@id":"http:\/\/wp2.iesagora.es:60011\/melanie\/","url":"http:\/\/wp2.iesagora.es:60011\/melanie\/","name":"Ropa y Accesorios para Mujer | La Mejor Selecci\u00f3n en Zara \u00c1gora","isPartOf":{"@id":"http:\/\/wp2.iesagora.es:60011\/melanie\/#website"},"primaryImageOfPage":{"@id":"http:\/\/wp2.iesagora.es:60011\/melanie\/#primaryimage"},"image":{"@id":"http:\/\/wp2.iesagora.es:60011\/melanie\/#primaryimage"},"thumbnailUrl":"http:\/\/wp2.iesagora.es:60011\/melanie\/wp-content\/uploads\/sites\/99\/2025\/02\/Diseno-sin-titulo-5-e1738687324118-863x1024.png","datePublished":"2025-01-30T18:29:28+00:00","dateModified":"2025-05-27T17:59:59+00:00","description":"Env\u00edo r\u00e1pido y devoluci\u00f3n gratuita | Descubre las \u00faltimas tendencias en ropa y accesorios para mujer en Zara \u00c1gora.","breadcrumb":{"@id":"http:\/\/wp2.iesagora.es:60011\/melanie\/#breadcrumb"},"inLanguage":"es","potentialAction":[{"@type":"ReadAction","target":["http:\/\/wp2.iesagora.es:60011\/melanie\/"]}]},{"@type":"ImageObject","inLanguage":"es","@id":"http:\/\/wp2.iesagora.es:60011\/melanie\/#primaryimage","url":"http:\/\/wp2.iesagora.es:60011\/melanie\/wp-content\/uploads\/sites\/99\/2025\/02\/Diseno-sin-titulo-5-e1738687324118.png","contentUrl":"http:\/\/wp2.iesagora.es:60011\/melanie\/wp-content\/uploads\/sites\/99\/2025\/02\/Diseno-sin-titulo-5-e1738687324118.png","width":1070,"height":1270},{"@type":"BreadcrumbList","@id":"http:\/\/wp2.iesagora.es:60011\/melanie\/#breadcrumb","itemListElement":[{"@type":"ListItem","position":1,"name":"Portada","item":"http:\/\/wp2.iesagora.es:60011\/melanie\/"},{"@type":"ListItem","position":2,"name":"Home"}]},{"@type":"WebSite","@id":"http:\/\/wp2.iesagora.es:60011\/melanie\/#website","url":"http:\/\/wp2.iesagora.es:60011\/melanie\/","name":"Zara \u00c1gora","description":"1\u00ba KV","publisher":{"@id":"http:\/\/wp2.iesagora.es:60011\/melanie\/#organization"},"potentialAction":[{"@type":"SearchAction","target":{"@type":"EntryPoint","urlTemplate":"http:\/\/wp2.iesagora.es:60011\/melanie\/?s={search_term_string}"},"query-input":{"@type":"PropertyValueSpecification","valueRequired":true,"valueName":"search_term_string"}}],"inLanguage":"es"},{"@type":"Organization","@id":"http:\/\/wp2.iesagora.es:60011\/melanie\/#organization","name":"Zara \u00c1gora","url":"http:\/\/wp2.iesagora.es:60011\/melanie\/","logo":{"@type":"ImageObject","inLanguage":"es","@id":"http:\/\/wp2.iesagora.es:60011\/melanie\/#\/schema\/logo\/image\/","url":"http:\/\/wp2.iesagora.es:60011\/melanie\/wp-content\/uploads\/sites\/99\/2025\/01\/Diseno-sin-titulo-2-e1738608259207.png","contentUrl":"http:\/\/wp2.iesagora.es:60011\/melanie\/wp-content\/uploads\/sites\/99\/2025\/01\/Diseno-sin-titulo-2-e1738608259207.png","width":326,"height":130,"caption":"Zara \u00c1gora"},"image":{"@id":"http:\/\/wp2.iesagora.es:60011\/melanie\/#\/schema\/logo\/image\/"}}]}},"_links":{"self":[{"href":"http:\/\/wp2.iesagora.es:60011\/melanie\/wp-json\/wp\/v2\/pages\/270","targetHints":{"allow":["GET"]}}],"collection":[{"href":"http:\/\/wp2.iesagora.es:60011\/melanie\/wp-json\/wp\/v2\/pages"}],"about":[{"href":"http:\/\/wp2.iesagora.es:60011\/melanie\/wp-json\/wp\/v2\/types\/page"}],"author":[{"embeddable":true,"href":"http:\/\/wp2.iesagora.es:60011\/melanie\/wp-json\/wp\/v2\/users\/1"}],"replies":[{"embeddable":true,"href":"http:\/\/wp2.iesagora.es:60011\/melanie\/wp-json\/wp\/v2\/comments?post=270"}],"version-history":[{"count":415,"href":"http:\/\/wp2.iesagora.es:60011\/melanie\/wp-json\/wp\/v2\/pages\/270\/revisions"}],"predecessor-version":[{"id":950,"href":"http:\/\/wp2.iesagora.es:60011\/melanie\/wp-json\/wp\/v2\/pages\/270\/revisions\/950"}],"wp:attachment":[{"href":"http:\/\/wp2.iesagora.es:60011\/melanie\/wp-json\/wp\/v2\/media?parent=270"}],"curies":[{"name":"wp","href":"https:\/\/api.w.org\/{rel}","templated":true}]}}