{"id":312,"date":"2025-03-03T00:50:13","date_gmt":"2025-03-02T23:50:13","guid":{"rendered":"http:\/\/wp2.iesagora.es:60011\/mborrallop01\/?post_type=product&#038;p=312"},"modified":"2025-03-09T20:30:27","modified_gmt":"2025-03-09T19:30:27","slug":"sudadera-estrella","status":"publish","type":"product","link":"http:\/\/wp2.iesagora.es:60011\/mborrallop01\/producto\/sudadera-estrella\/","title":{"rendered":"Sudadera ESTRELLA"},"content":{"rendered":"<div class=\"css-146c3p1 r-bcqeeo r-1ttztb7 r-qvutc0 r-37j5jr r-a023e6 r-16dba41 r-1adg3ll r-1b5gpbm r-a8ghvy\" dir=\"ltr\"><span class=\"css-1jxf684 r-bcqeeo r-1ttztb7 r-qvutc0 r-poiln3\"><span class=\"css-1jxf684 r-bcqeeo r-1ttztb7 r-qvutc0 r-poiln3 r-b88u0q r-a8ghvy\"><span class=\"css-1jxf684 r-bcqeeo r-1ttztb7 r-qvutc0 r-poiln3 r-a8ghvy\">Sudadera \u00abESTRELLA\u00bb de Cool Wave<\/span><\/span><\/span><\/div>\n<div class=\"css-146c3p1 r-bcqeeo r-1ttztb7 r-qvutc0 r-37j5jr r-a023e6 r-16dba41 r-1adg3ll r-1b5gpbm r-a8ghvy\" dir=\"ltr\"><span class=\"css-1jxf684 r-bcqeeo r-1ttztb7 r-qvutc0 r-poiln3\"><span class=\"css-1jxf684 r-bcqeeo r-1ttztb7 r-qvutc0 r-poiln3 r-a8ghvy\">Sum\u00e9rgete en el esp\u00edritu urbano con la sudadera \u00abESTRELLA\u00bb de Cool Wave, una pieza que combina estilo callejero con un toque celestial. Dise\u00f1ada con un corte oversize, esta sudadera en blanco es perfecta para quienes buscan destacar con un look fresco y vers\u00e1til. Elaborada con una mezcla de algod\u00f3n y poli\u00e9ster de alta calidad, ofrece suavidad, calidez y durabilidad, ideal para cualquier ocasi\u00f3n urbana.<\/span><\/span><\/div>\n<div class=\"css-146c3p1 r-bcqeeo r-1ttztb7 r-qvutc0 r-37j5jr r-a023e6 r-16dba41 r-1adg3ll r-1b5gpbm r-a8ghvy\" dir=\"ltr\"><span class=\"css-1jxf684 r-bcqeeo r-1ttztb7 r-qvutc0 r-poiln3\"><span class=\"css-1jxf684 r-bcqeeo r-1ttztb7 r-qvutc0 r-poiln3 r-a8ghvy\">El dise\u00f1o destaca por su minimalismo elegante: en el frente, el logo \u00abCool Wave\u00bb en <a href=\"https:\/\/www.freepik.es\/fotos-vectores-gratis\/azul-vibrante\">azul vibrante<\/a> a\u00f1ade un contraste sutil pero moderno. En la espalda, el nombre de la marca se repite con un estilo estilizado, acompa\u00f1ado de dos estrellas y la menci\u00f3n \u00absince 2023\u00bb, que rinde homenaje al origen de esta marca emergente. La capucha ajustable con cordones, los pu\u00f1os y el dobladillo el\u00e1sticos, junto con el amplio bolsillo canguro, aseguran comodidad y funcionalidad. Este dise\u00f1o refleja la esencia de Cool Wave: autenticidad y conexi\u00f3n con la cultura juvenil.<\/span><\/span><\/div>\n<div class=\"css-146c3p1 r-bcqeeo r-1ttztb7 r-qvutc0 r-37j5jr r-a023e6 r-16dba41 r-1adg3ll r-1b5gpbm r-a8ghvy\" dir=\"ltr\"><span class=\"css-1jxf684 r-bcqeeo r-1ttztb7 r-qvutc0 r-poiln3\"><span class=\"css-1jxf684 r-bcqeeo r-1ttztb7 r-qvutc0 r-poiln3 r-a8ghvy\">Perfecta para combinar con pantalones cargo o jeans desgastados, la \u00abESTRELLA\u00bb es ideal para quienes quieren llevar la vibra del streetwear a diario. Su ajuste unisex se adapta a todos los estilos, y su calidad garantiza que resista el uso constante. Disponible en tallas XS a XL, esta sudadera es una edici\u00f3n limitada que captura el esp\u00edritu innovador de Cool Wave. \u00a1Hazte con la tuya y brilla como una estrella en la escena urbana!<\/span><\/span><\/div>\n<div class=\"css-146c3p1 r-bcqeeo r-1ttztb7 r-qvutc0 r-37j5jr r-a023e6 r-16dba41 r-1adg3ll r-1b5gpbm r-a8ghvy\" dir=\"ltr\"><span class=\"css-1jxf684 r-bcqeeo r-1ttztb7 r-qvutc0 r-poiln3\"><span class=\"css-1jxf684 r-bcqeeo r-1ttztb7 r-qvutc0 r-poiln3 r-b88u0q r-a8ghvy\"><span class=\"css-1jxf684 r-bcqeeo r-1ttztb7 r-qvutc0 r-poiln3 r-a8ghvy\">Caracter\u00edsticas:<\/span><\/span><\/span><\/div>\n<ul dir=\"ltr\">\n<li>\n<div class=\"css-146c3p1 r-bcqeeo r-1ttztb7 r-qvutc0 r-37j5jr r-a023e6 r-rjixqe r-16dba41\" dir=\"ltr\"><span class=\"css-1jxf684 r-bcqeeo r-1ttztb7 r-qvutc0 r-poiln3 r-a8ghvy\"><span class=\"css-1jxf684 r-bcqeeo r-1ttztb7 r-qvutc0 r-poiln3\">Material: 80% algod\u00f3n, 20% poli\u00e9ster<\/span><\/span><\/div>\n<\/li>\n<li>\n<div class=\"css-146c3p1 r-bcqeeo r-1ttztb7 r-qvutc0 r-37j5jr r-a023e6 r-rjixqe r-16dba41\" dir=\"ltr\"><span class=\"css-1jxf684 r-bcqeeo r-1ttztb7 r-qvutc0 r-poiln3 r-a8ghvy\"><span class=\"css-1jxf684 r-bcqeeo r-1ttztb7 r-qvutc0 r-poiln3\">Corte oversize, unisex<\/span><\/span><\/div>\n<\/li>\n<li>\n<div class=\"css-146c3p1 r-bcqeeo r-1ttztb7 r-qvutc0 r-37j5jr r-a023e6 r-rjixqe r-16dba41\" dir=\"ltr\"><span class=\"css-1jxf684 r-bcqeeo r-1ttztb7 r-qvutc0 r-poiln3 r-a8ghvy\"><span class=\"css-1jxf684 r-bcqeeo r-1ttztb7 r-qvutc0 r-poiln3\">Estampado frontal y trasero en azul<\/span><\/span><\/div>\n<\/li>\n<li>\n<div class=\"css-146c3p1 r-bcqeeo r-1ttztb7 r-qvutc0 r-37j5jr r-a023e6 r-rjixqe r-16dba41\" dir=\"ltr\"><span class=\"css-1jxf684 r-bcqeeo r-1ttztb7 r-qvutc0 r-poiln3 r-a8ghvy\"><span class=\"css-1jxf684 r-bcqeeo r-1ttztb7 r-qvutc0 r-poiln3\">Capucha con cordones y bolsillo canguro<\/span><\/span><\/div>\n<\/li>\n<li>\n<div class=\"css-146c3p1 r-bcqeeo r-1ttztb7 r-qvutc0 r-37j5jr r-a023e6 r-rjixqe r-16dba41\" dir=\"ltr\"><span class=\"css-1jxf684 r-bcqeeo r-1ttztb7 r-qvutc0 r-poiln3 r-a8ghvy\"><span class=\"css-1jxf684 r-bcqeeo r-1ttztb7 r-qvutc0 r-poiln3\">Lavado a m\u00e1quina, no desti\u00f1e<\/span><\/span><\/div>\n<\/li>\n<\/ul>\n<div class=\"css-146c3p1 r-bcqeeo r-1ttztb7 r-qvutc0 r-37j5jr r-a023e6 r-16dba41 r-1adg3ll r-a8ghvy r-p1pxzi\" dir=\"ltr\"><\/div>\n","protected":false},"excerpt":{"rendered":"<p>Sudadera con capucha ESTRELLA<\/p>\n","protected":false},"featured_media":313,"comment_status":"open","ping_status":"closed","template":"","meta":{"site-sidebar-layout":"default","site-content-layout":"","ast-site-content-layout":"default","site-content-style":"default","site-sidebar-style":"default","ast-global-header-display":"","ast-banner-title-visibility":"","ast-main-header-display":"","ast-hfb-above-header-display":"","ast-hfb-below-header-display":"","ast-hfb-mobile-header-display":"","site-post-title":"","ast-breadcrumbs-content":"","ast-featured-img":"","footer-sml-layout":"","theme-transparent-header-meta":"default","adv-header-id-meta":"","stick-header-meta":"","header-above-stick-meta":"","header-main-stick-meta":"","header-below-stick-meta":"","astra-migrate-meta-layouts":"set","ast-page-background-enabled":"default","ast-page-background-meta":{"desktop":{"background-color":"var(--ast-global-color-5)","background-image":"","background-repeat":"repeat","background-position":"center center","background-size":"auto","background-attachment":"scroll","background-type":"","background-media":"","overlay-type":"","overlay-color":"","overlay-opacity":"","overlay-gradient":""},"tablet":{"background-color":"","background-image":"","background-repeat":"repeat","background-position":"center center","background-size":"auto","background-attachment":"scroll","background-type":"","background-media":"","overlay-type":"","overlay-color":"","overlay-opacity":"","overlay-gradient":""},"mobile":{"background-color":"","background-image":"","background-repeat":"repeat","background-position":"center center","background-size":"auto","background-attachment":"scroll","background-type":"","background-media":"","overlay-type":"","overlay-color":"","overlay-opacity":"","overlay-gradient":""}},"ast-content-background-meta":{"desktop":{"background-color":"var(--ast-global-color-4)","background-image":"","background-repeat":"repeat","background-position":"center center","background-size":"auto","background-attachment":"scroll","background-type":"","background-media":"","overlay-type":"","overlay-color":"","overlay-opacity":"","overlay-gradient":""},"tablet":{"background-color":"var(--ast-global-color-4)","background-image":"","background-repeat":"repeat","background-position":"center center","background-size":"auto","background-attachment":"scroll","background-type":"","background-media":"","overlay-type":"","overlay-color":"","overlay-opacity":"","overlay-gradient":""},"mobile":{"background-color":"var(--ast-global-color-4)","background-image":"","background-repeat":"repeat","background-position":"center center","background-size":"auto","background-attachment":"scroll","background-type":"","background-media":"","overlay-type":"","overlay-color":"","overlay-opacity":"","overlay-gradient":""}}},"product_brand":[],"product_cat":[17,16],"product_tag":[],"class_list":{"0":"post-312","1":"product","2":"type-product","3":"status-publish","4":"has-post-thumbnail","6":"product_cat-con-capucha","7":"product_cat-sudaderas","8":"desktop-align-left","9":"tablet-align-left","10":"mobile-align-left","12":"first","13":"instock","14":"taxable","15":"shipping-taxable","16":"purchasable","17":"product-type-variable"},"yoast_head":"<!-- This site is optimized with the Yoast SEO plugin v26.8 - https:\/\/yoast.com\/product\/yoast-seo-wordpress\/ -->\n<title>Sudadera ESTRELLA - Cool Wave<\/title>\n<meta name=\"description\" content=\"Sudadera &#039;Cool Wave&#039;: estilo minimalista, estampado \u00fanico y m\u00e1xima comodidad. Perfecta para un look moderno y aut\u00e9ntico. \u00a1Hazla tuya ahora!\" \/>\n<meta name=\"robots\" content=\"index, follow, max-snippet:-1, max-image-preview:large, max-video-preview:-1\" \/>\n<link rel=\"canonical\" href=\"http:\/\/wp2.iesagora.es:60011\/mborrallop01\/producto\/sudadera-estrella\/\" \/>\n<meta property=\"og:locale\" content=\"es_ES\" \/>\n<meta property=\"og:type\" content=\"article\" \/>\n<meta property=\"og:title\" content=\"Sudadera ESTRELLA - Cool Wave\" \/>\n<meta property=\"og:description\" content=\"Sudadera &#039;Cool Wave&#039;: estilo minimalista, estampado \u00fanico y m\u00e1xima comodidad. Perfecta para un look moderno y aut\u00e9ntico. \u00a1Hazla tuya ahora!\" \/>\n<meta property=\"og:url\" content=\"http:\/\/wp2.iesagora.es:60011\/mborrallop01\/producto\/sudadera-estrella\/\" \/>\n<meta property=\"og:site_name\" content=\"Cool Wave\" \/>\n<meta property=\"article:modified_time\" content=\"2025-03-09T19:30:27+00:00\" \/>\n<meta property=\"og:image\" content=\"http:\/\/wp2.iesagora.es:60011\/mborrallop01\/wp-content\/uploads\/sites\/122\/2025\/03\/sudadera-estrella-alante.png\" \/>\n\t<meta property=\"og:image:width\" content=\"500\" \/>\n\t<meta property=\"og:image:height\" content=\"500\" \/>\n\t<meta property=\"og:image:type\" content=\"image\/png\" \/>\n<meta name=\"twitter:card\" content=\"summary_large_image\" \/>\n<meta name=\"twitter:label1\" content=\"Tiempo de lectura\" \/>\n\t<meta name=\"twitter:data1\" content=\"2 minutos\" \/>\n<script type=\"application\/ld+json\" class=\"yoast-schema-graph\">{\"@context\":\"https:\/\/schema.org\",\"@graph\":[{\"@type\":\"WebPage\",\"@id\":\"http:\/\/wp2.iesagora.es:60011\/mborrallop01\/producto\/sudadera-estrella\/\",\"url\":\"http:\/\/wp2.iesagora.es:60011\/mborrallop01\/producto\/sudadera-estrella\/\",\"name\":\"Sudadera ESTRELLA - Cool Wave\",\"isPartOf\":{\"@id\":\"http:\/\/wp2.iesagora.es:60011\/mborrallop01\/#website\"},\"primaryImageOfPage\":{\"@id\":\"http:\/\/wp2.iesagora.es:60011\/mborrallop01\/producto\/sudadera-estrella\/#primaryimage\"},\"image\":{\"@id\":\"http:\/\/wp2.iesagora.es:60011\/mborrallop01\/producto\/sudadera-estrella\/#primaryimage\"},\"thumbnailUrl\":\"http:\/\/wp2.iesagora.es:60011\/mborrallop01\/wp-content\/uploads\/sites\/122\/2025\/03\/sudadera-estrella-alante.png\",\"datePublished\":\"2025-03-02T23:50:13+00:00\",\"dateModified\":\"2025-03-09T19:30:27+00:00\",\"description\":\"Sudadera 'Cool Wave': estilo minimalista, estampado \u00fanico y m\u00e1xima comodidad. Perfecta para un look moderno y aut\u00e9ntico. \u00a1Hazla tuya ahora!\",\"breadcrumb\":{\"@id\":\"http:\/\/wp2.iesagora.es:60011\/mborrallop01\/producto\/sudadera-estrella\/#breadcrumb\"},\"inLanguage\":\"es\",\"potentialAction\":[{\"@type\":\"ReadAction\",\"target\":[\"http:\/\/wp2.iesagora.es:60011\/mborrallop01\/producto\/sudadera-estrella\/\"]}]},{\"@type\":\"ImageObject\",\"inLanguage\":\"es\",\"@id\":\"http:\/\/wp2.iesagora.es:60011\/mborrallop01\/producto\/sudadera-estrella\/#primaryimage\",\"url\":\"http:\/\/wp2.iesagora.es:60011\/mborrallop01\/wp-content\/uploads\/sites\/122\/2025\/03\/sudadera-estrella-alante.png\",\"contentUrl\":\"http:\/\/wp2.iesagora.es:60011\/mborrallop01\/wp-content\/uploads\/sites\/122\/2025\/03\/sudadera-estrella-alante.png\",\"width\":500,\"height\":500,\"caption\":\"Sudadera\"},{\"@type\":\"BreadcrumbList\",\"@id\":\"http:\/\/wp2.iesagora.es:60011\/mborrallop01\/producto\/sudadera-estrella\/#breadcrumb\",\"itemListElement\":[{\"@type\":\"ListItem\",\"position\":1,\"name\":\"Portada\",\"item\":\"http:\/\/wp2.iesagora.es:60011\/mborrallop01\/\"},{\"@type\":\"ListItem\",\"position\":2,\"name\":\"Tienda\",\"item\":\"http:\/\/wp2.iesagora.es:60011\/mborrallop01\/tienda\/\"},{\"@type\":\"ListItem\",\"position\":3,\"name\":\"Sudadera ESTRELLA\"}]},{\"@type\":\"WebSite\",\"@id\":\"http:\/\/wp2.iesagora.es:60011\/mborrallop01\/#website\",\"url\":\"http:\/\/wp2.iesagora.es:60011\/mborrallop01\/\",\"name\":\"Cool Wave\",\"description\":\"\",\"publisher\":{\"@id\":\"http:\/\/wp2.iesagora.es:60011\/mborrallop01\/#organization\"},\"potentialAction\":[{\"@type\":\"SearchAction\",\"target\":{\"@type\":\"EntryPoint\",\"urlTemplate\":\"http:\/\/wp2.iesagora.es:60011\/mborrallop01\/?s={search_term_string}\"},\"query-input\":{\"@type\":\"PropertyValueSpecification\",\"valueRequired\":true,\"valueName\":\"search_term_string\"}}],\"inLanguage\":\"es\"},{\"@type\":\"Organization\",\"@id\":\"http:\/\/wp2.iesagora.es:60011\/mborrallop01\/#organization\",\"name\":\"Cool Wave\",\"url\":\"http:\/\/wp2.iesagora.es:60011\/mborrallop01\/\",\"logo\":{\"@type\":\"ImageObject\",\"inLanguage\":\"es\",\"@id\":\"http:\/\/wp2.iesagora.es:60011\/mborrallop01\/#\/schema\/logo\/image\/\",\"url\":\"http:\/\/wp2.iesagora.es:60011\/mborrallop01\/wp-content\/uploads\/sites\/122\/2025\/01\/Beige-and-Cobalt-Modern-Retro-Logo-1-e1740427977190.png\",\"contentUrl\":\"http:\/\/wp2.iesagora.es:60011\/mborrallop01\/wp-content\/uploads\/sites\/122\/2025\/01\/Beige-and-Cobalt-Modern-Retro-Logo-1-e1740427977190.png\",\"width\":320,\"height\":291,\"caption\":\"Cool Wave\"},\"image\":{\"@id\":\"http:\/\/wp2.iesagora.es:60011\/mborrallop01\/#\/schema\/logo\/image\/\"}}]}<\/script>\n<!-- \/ Yoast SEO plugin. -->","yoast_head_json":{"title":"Sudadera ESTRELLA - Cool Wave","description":"Sudadera 'Cool Wave': estilo minimalista, estampado \u00fanico y m\u00e1xima comodidad. Perfecta para un look moderno y aut\u00e9ntico. \u00a1Hazla tuya ahora!","robots":{"index":"index","follow":"follow","max-snippet":"max-snippet:-1","max-image-preview":"max-image-preview:large","max-video-preview":"max-video-preview:-1"},"canonical":"http:\/\/wp2.iesagora.es:60011\/mborrallop01\/producto\/sudadera-estrella\/","og_locale":"es_ES","og_type":"article","og_title":"Sudadera ESTRELLA - Cool Wave","og_description":"Sudadera 'Cool Wave': estilo minimalista, estampado \u00fanico y m\u00e1xima comodidad. Perfecta para un look moderno y aut\u00e9ntico. \u00a1Hazla tuya ahora!","og_url":"http:\/\/wp2.iesagora.es:60011\/mborrallop01\/producto\/sudadera-estrella\/","og_site_name":"Cool Wave","article_modified_time":"2025-03-09T19:30:27+00:00","og_image":[{"width":500,"height":500,"url":"http:\/\/wp2.iesagora.es:60011\/mborrallop01\/wp-content\/uploads\/sites\/122\/2025\/03\/sudadera-estrella-alante.png","type":"image\/png"}],"twitter_card":"summary_large_image","twitter_misc":{"Tiempo de lectura":"2 minutos"},"schema":{"@context":"https:\/\/schema.org","@graph":[{"@type":"WebPage","@id":"http:\/\/wp2.iesagora.es:60011\/mborrallop01\/producto\/sudadera-estrella\/","url":"http:\/\/wp2.iesagora.es:60011\/mborrallop01\/producto\/sudadera-estrella\/","name":"Sudadera ESTRELLA - Cool Wave","isPartOf":{"@id":"http:\/\/wp2.iesagora.es:60011\/mborrallop01\/#website"},"primaryImageOfPage":{"@id":"http:\/\/wp2.iesagora.es:60011\/mborrallop01\/producto\/sudadera-estrella\/#primaryimage"},"image":{"@id":"http:\/\/wp2.iesagora.es:60011\/mborrallop01\/producto\/sudadera-estrella\/#primaryimage"},"thumbnailUrl":"http:\/\/wp2.iesagora.es:60011\/mborrallop01\/wp-content\/uploads\/sites\/122\/2025\/03\/sudadera-estrella-alante.png","datePublished":"2025-03-02T23:50:13+00:00","dateModified":"2025-03-09T19:30:27+00:00","description":"Sudadera 'Cool Wave': estilo minimalista, estampado \u00fanico y m\u00e1xima comodidad. Perfecta para un look moderno y aut\u00e9ntico. \u00a1Hazla tuya ahora!","breadcrumb":{"@id":"http:\/\/wp2.iesagora.es:60011\/mborrallop01\/producto\/sudadera-estrella\/#breadcrumb"},"inLanguage":"es","potentialAction":[{"@type":"ReadAction","target":["http:\/\/wp2.iesagora.es:60011\/mborrallop01\/producto\/sudadera-estrella\/"]}]},{"@type":"ImageObject","inLanguage":"es","@id":"http:\/\/wp2.iesagora.es:60011\/mborrallop01\/producto\/sudadera-estrella\/#primaryimage","url":"http:\/\/wp2.iesagora.es:60011\/mborrallop01\/wp-content\/uploads\/sites\/122\/2025\/03\/sudadera-estrella-alante.png","contentUrl":"http:\/\/wp2.iesagora.es:60011\/mborrallop01\/wp-content\/uploads\/sites\/122\/2025\/03\/sudadera-estrella-alante.png","width":500,"height":500,"caption":"Sudadera"},{"@type":"BreadcrumbList","@id":"http:\/\/wp2.iesagora.es:60011\/mborrallop01\/producto\/sudadera-estrella\/#breadcrumb","itemListElement":[{"@type":"ListItem","position":1,"name":"Portada","item":"http:\/\/wp2.iesagora.es:60011\/mborrallop01\/"},{"@type":"ListItem","position":2,"name":"Tienda","item":"http:\/\/wp2.iesagora.es:60011\/mborrallop01\/tienda\/"},{"@type":"ListItem","position":3,"name":"Sudadera ESTRELLA"}]},{"@type":"WebSite","@id":"http:\/\/wp2.iesagora.es:60011\/mborrallop01\/#website","url":"http:\/\/wp2.iesagora.es:60011\/mborrallop01\/","name":"Cool Wave","description":"","publisher":{"@id":"http:\/\/wp2.iesagora.es:60011\/mborrallop01\/#organization"},"potentialAction":[{"@type":"SearchAction","target":{"@type":"EntryPoint","urlTemplate":"http:\/\/wp2.iesagora.es:60011\/mborrallop01\/?s={search_term_string}"},"query-input":{"@type":"PropertyValueSpecification","valueRequired":true,"valueName":"search_term_string"}}],"inLanguage":"es"},{"@type":"Organization","@id":"http:\/\/wp2.iesagora.es:60011\/mborrallop01\/#organization","name":"Cool Wave","url":"http:\/\/wp2.iesagora.es:60011\/mborrallop01\/","logo":{"@type":"ImageObject","inLanguage":"es","@id":"http:\/\/wp2.iesagora.es:60011\/mborrallop01\/#\/schema\/logo\/image\/","url":"http:\/\/wp2.iesagora.es:60011\/mborrallop01\/wp-content\/uploads\/sites\/122\/2025\/01\/Beige-and-Cobalt-Modern-Retro-Logo-1-e1740427977190.png","contentUrl":"http:\/\/wp2.iesagora.es:60011\/mborrallop01\/wp-content\/uploads\/sites\/122\/2025\/01\/Beige-and-Cobalt-Modern-Retro-Logo-1-e1740427977190.png","width":320,"height":291,"caption":"Cool Wave"},"image":{"@id":"http:\/\/wp2.iesagora.es:60011\/mborrallop01\/#\/schema\/logo\/image\/"}}]}},"_links":{"self":[{"href":"http:\/\/wp2.iesagora.es:60011\/mborrallop01\/wp-json\/wp\/v2\/product\/312","targetHints":{"allow":["GET"]}}],"collection":[{"href":"http:\/\/wp2.iesagora.es:60011\/mborrallop01\/wp-json\/wp\/v2\/product"}],"about":[{"href":"http:\/\/wp2.iesagora.es:60011\/mborrallop01\/wp-json\/wp\/v2\/types\/product"}],"replies":[{"embeddable":true,"href":"http:\/\/wp2.iesagora.es:60011\/mborrallop01\/wp-json\/wp\/v2\/comments?post=312"}],"version-history":[{"count":3,"href":"http:\/\/wp2.iesagora.es:60011\/mborrallop01\/wp-json\/wp\/v2\/product\/312\/revisions"}],"predecessor-version":[{"id":474,"href":"http:\/\/wp2.iesagora.es:60011\/mborrallop01\/wp-json\/wp\/v2\/product\/312\/revisions\/474"}],"wp:featuredmedia":[{"embeddable":true,"href":"http:\/\/wp2.iesagora.es:60011\/mborrallop01\/wp-json\/wp\/v2\/media\/313"}],"wp:attachment":[{"href":"http:\/\/wp2.iesagora.es:60011\/mborrallop01\/wp-json\/wp\/v2\/media?parent=312"}],"wp:term":[{"taxonomy":"product_brand","embeddable":true,"href":"http:\/\/wp2.iesagora.es:60011\/mborrallop01\/wp-json\/wp\/v2\/product_brand?post=312"},{"taxonomy":"product_cat","embeddable":true,"href":"http:\/\/wp2.iesagora.es:60011\/mborrallop01\/wp-json\/wp\/v2\/product_cat?post=312"},{"taxonomy":"product_tag","embeddable":true,"href":"http:\/\/wp2.iesagora.es:60011\/mborrallop01\/wp-json\/wp\/v2\/product_tag?post=312"}],"curies":[{"name":"wp","href":"https:\/\/api.w.org\/{rel}","templated":true}]}}