{"id":228,"date":"2025-02-10T13:38:44","date_gmt":"2025-02-10T12:38:44","guid":{"rendered":"http:\/\/wp2.iesagora.es:60011\/mborrallop01\/?post_type=product&#038;p=228"},"modified":"2025-03-09T20:36:06","modified_gmt":"2025-03-09T19:36:06","slug":"camiseta-pasadena","status":"publish","type":"product","link":"http:\/\/wp2.iesagora.es:60011\/mborrallop01\/producto\/camiseta-pasadena\/","title":{"rendered":"Camiseta PASADENA"},"content":{"rendered":"<div class=\"css-146c3p1 r-bcqeeo r-1ttztb7 r-qvutc0 r-37j5jr r-a023e6 r-16dba41 r-1adg3ll r-1b5gpbm r-a8ghvy\" dir=\"ltr\"><span class=\"css-1jxf684 r-bcqeeo r-1ttztb7 r-qvutc0 r-poiln3\"><span class=\"css-1jxf684 r-bcqeeo r-1ttztb7 r-qvutc0 r-poiln3 r-b88u0q r-a8ghvy\"><span class=\"css-1jxf684 r-bcqeeo r-1ttztb7 r-qvutc0 r-poiln3 r-a8ghvy\">Camiseta \u00abPASADENA\u00bb de Cool Wave<\/span><\/span><\/span><\/div>\n<div class=\"css-146c3p1 r-bcqeeo r-1ttztb7 r-qvutc0 r-37j5jr r-a023e6 r-16dba41 r-1adg3ll r-1b5gpbm r-a8ghvy\" dir=\"ltr\"><span class=\"css-1jxf684 r-bcqeeo r-1ttztb7 r-qvutc0 r-poiln3\"><span class=\"css-1jxf684 r-bcqeeo r-1ttztb7 r-qvutc0 r-poiln3 r-a8ghvy\">Insp\u00edrate en la vibra retro con la camiseta \u00abPASADENA\u00bb de Cool Wave, una pieza que fusiona el estilo urbano con un toque nost\u00e1lgico. En un elegante negro lavado, esta camiseta oversize captura la esencia del streetwear moderno, ideal para quienes buscan un look aut\u00e9ntico y relajado. Confeccionada en una mezcla de algod\u00f3n y poli\u00e9ster de alta calidad, ofrece una textura suave y c\u00e1lida, perfecta para d\u00edas frescos o para crear outfits con personalidad. Su dise\u00f1o sin capucha, con cuello redondo y detalles en las mangas, a\u00f1ade un giro distintivo que la hace destacar.<\/span><\/span><\/div>\n<div class=\"css-146c3p1 r-bcqeeo r-1ttztb7 r-qvutc0 r-37j5jr r-a023e6 r-16dba41 r-1adg3ll r-1b5gpbm r-a8ghvy\" dir=\"ltr\"><span class=\"css-1jxf684 r-bcqeeo r-1ttztb7 r-qvutc0 r-poiln3\"><span class=\"css-1jxf684 r-bcqeeo r-1ttztb7 r-qvutc0 r-poiln3 r-a8ghvy\">El estampado frontal presenta un logo estilizado que evoca un ambiente vintage, con \u00abCool Wave\u00bb en una tipograf\u00eda ondulada y detalles en rosa suave que contrastan con el fondo oscuro. Los pu\u00f1os y el dobladillo el\u00e1sticos, junto con las l\u00edneas rosadas en las mangas, aportan un toque de color y dinamismo, haciendo de esta camiseta una pieza \u00fanica.<\/span><\/span><\/div>\n<div class=\"css-146c3p1 r-bcqeeo r-1ttztb7 r-qvutc0 r-37j5jr r-a023e6 r-16dba41 r-1adg3ll r-1b5gpbm r-a8ghvy\" dir=\"ltr\"><span class=\"css-1jxf684 r-bcqeeo r-1ttztb7 r-qvutc0 r-poiln3\"><span class=\"css-1jxf684 r-bcqeeo r-1ttztb7 r-qvutc0 r-poiln3 r-a8ghvy\">Ideal para combinar con jeans o <a href=\"https:\/\/holstone.com.mx\/blogs\/news\/joggers-todo-lo-que-debes-saber#:~:text=permite%20una...-,Un%20jogger%20es%20una%20prenda%20de%20vestir%20que%20se%20caracteriza,correr%20a%20un%20ritmo%20moderado.\">joggers<\/a>, la \u00abPASADENA\u00bb es perfecta para un look urbano con car\u00e1cter. Su corte unisex se adapta a todos los estilos, y su durabilidad asegura que sea una prenda imprescindible en tu guardarropa. Disponible en tallas XS a XL, esta sudadera es una edici\u00f3n especial de Cool Wave que no querr\u00e1s dejar pasar. \u00a1A\u00f1\u00e1dela a tu colecci\u00f3n y vive la esencia del streetwear con un toque retro!<\/span><\/span><\/div>\n<div class=\"css-146c3p1 r-bcqeeo r-1ttztb7 r-qvutc0 r-37j5jr r-a023e6 r-16dba41 r-1adg3ll r-1b5gpbm r-a8ghvy\" dir=\"ltr\"><span class=\"css-1jxf684 r-bcqeeo r-1ttztb7 r-qvutc0 r-poiln3\"><span class=\"css-1jxf684 r-bcqeeo r-1ttztb7 r-qvutc0 r-poiln3 r-b88u0q r-a8ghvy\"><span class=\"css-1jxf684 r-bcqeeo r-1ttztb7 r-qvutc0 r-poiln3 r-a8ghvy\">Caracter\u00edsticas:<\/span><\/span><\/span><\/div>\n<ul dir=\"ltr\">\n<li>\n<div class=\"css-146c3p1 r-bcqeeo r-1ttztb7 r-qvutc0 r-37j5jr r-a023e6 r-rjixqe r-16dba41\" dir=\"ltr\"><span class=\"css-1jxf684 r-bcqeeo r-1ttztb7 r-qvutc0 r-poiln3 r-a8ghvy\"><span class=\"css-1jxf684 r-bcqeeo r-1ttztb7 r-qvutc0 r-poiln3\">Material: 80% algod\u00f3n, 20% poli\u00e9ster<\/span><\/span><\/div>\n<\/li>\n<li>\n<div class=\"css-146c3p1 r-bcqeeo r-1ttztb7 r-qvutc0 r-37j5jr r-a023e6 r-rjixqe r-16dba41\" dir=\"ltr\"><span class=\"css-1jxf684 r-bcqeeo r-1ttztb7 r-qvutc0 r-poiln3 r-a8ghvy\"><span class=\"css-1jxf684 r-bcqeeo r-1ttztb7 r-qvutc0 r-poiln3\">Corte oversize, unisex<\/span><\/span><\/div>\n<\/li>\n<li>\n<div class=\"css-146c3p1 r-bcqeeo r-1ttztb7 r-qvutc0 r-37j5jr r-a023e6 r-rjixqe r-16dba41\" dir=\"ltr\"><span class=\"css-1jxf684 r-bcqeeo r-1ttztb7 r-qvutc0 r-poiln3 r-a8ghvy\"><span class=\"css-1jxf684 r-bcqeeo r-1ttztb7 r-qvutc0 r-poiln3\">Estampado frontal y trasero en rosa<\/span><\/span><\/div>\n<\/li>\n<li>\n<div class=\"css-146c3p1 r-bcqeeo r-1ttztb7 r-qvutc0 r-37j5jr r-a023e6 r-rjixqe r-16dba41\" dir=\"ltr\"><span class=\"css-1jxf684 r-bcqeeo r-1ttztb7 r-qvutc0 r-poiln3 r-a8ghvy\"><span class=\"css-1jxf684 r-bcqeeo r-1ttztb7 r-qvutc0 r-poiln3\">Cuello redondo, detalles en mangas<\/span><\/span><\/div>\n<\/li>\n<li>\n<div class=\"css-146c3p1 r-bcqeeo r-1ttztb7 r-qvutc0 r-37j5jr r-a023e6 r-rjixqe r-16dba41\" dir=\"ltr\"><span class=\"css-1jxf684 r-bcqeeo r-1ttztb7 r-qvutc0 r-poiln3 r-a8ghvy\"><span class=\"css-1jxf684 r-bcqeeo r-1ttztb7 r-qvutc0 r-poiln3\">Lavado a m\u00e1quina, no desti\u00f1e<\/span><\/span><\/div>\n<\/li>\n<\/ul>\n<div class=\"css-146c3p1 r-bcqeeo r-1ttztb7 r-qvutc0 r-37j5jr r-a023e6 r-16dba41 r-1adg3ll r-a8ghvy r-p1pxzi\" dir=\"ltr\"><\/div>\n<p>&nbsp;<\/p>\n","protected":false},"excerpt":{"rendered":"<p>Camiseta Pasadena manga larga<\/p>\n","protected":false},"featured_media":229,"comment_status":"open","ping_status":"closed","template":"","meta":{"site-sidebar-layout":"default","site-content-layout":"","ast-site-content-layout":"default","site-content-style":"default","site-sidebar-style":"default","ast-global-header-display":"","ast-banner-title-visibility":"","ast-main-header-display":"","ast-hfb-above-header-display":"","ast-hfb-below-header-display":"","ast-hfb-mobile-header-display":"","site-post-title":"","ast-breadcrumbs-content":"","ast-featured-img":"","footer-sml-layout":"","theme-transparent-header-meta":"default","adv-header-id-meta":"","stick-header-meta":"","header-above-stick-meta":"","header-main-stick-meta":"","header-below-stick-meta":"","astra-migrate-meta-layouts":"set","ast-page-background-enabled":"default","ast-page-background-meta":{"desktop":{"background-color":"var(--ast-global-color-5)","background-image":"","background-repeat":"repeat","background-position":"center center","background-size":"auto","background-attachment":"scroll","background-type":"","background-media":"","overlay-type":"","overlay-color":"","overlay-opacity":"","overlay-gradient":""},"tablet":{"background-color":"","background-image":"","background-repeat":"repeat","background-position":"center center","background-size":"auto","background-attachment":"scroll","background-type":"","background-media":"","overlay-type":"","overlay-color":"","overlay-opacity":"","overlay-gradient":""},"mobile":{"background-color":"","background-image":"","background-repeat":"repeat","background-position":"center center","background-size":"auto","background-attachment":"scroll","background-type":"","background-media":"","overlay-type":"","overlay-color":"","overlay-opacity":"","overlay-gradient":""}},"ast-content-background-meta":{"desktop":{"background-color":"var(--ast-global-color-4)","background-image":"","background-repeat":"repeat","background-position":"center center","background-size":"auto","background-attachment":"scroll","background-type":"","background-media":"","overlay-type":"","overlay-color":"","overlay-opacity":"","overlay-gradient":""},"tablet":{"background-color":"var(--ast-global-color-4)","background-image":"","background-repeat":"repeat","background-position":"center center","background-size":"auto","background-attachment":"scroll","background-type":"","background-media":"","overlay-type":"","overlay-color":"","overlay-opacity":"","overlay-gradient":""},"mobile":{"background-color":"var(--ast-global-color-4)","background-image":"","background-repeat":"repeat","background-position":"center center","background-size":"auto","background-attachment":"scroll","background-type":"","background-media":"","overlay-type":"","overlay-color":"","overlay-opacity":"","overlay-gradient":""}}},"product_brand":[],"product_cat":[20,21],"product_tag":[],"class_list":{"0":"post-228","1":"product","2":"type-product","3":"status-publish","4":"has-post-thumbnail","6":"product_cat-camisetas","7":"product_cat-manga-larga","8":"desktop-align-left","9":"tablet-align-left","10":"mobile-align-left","12":"first","13":"instock","14":"taxable","15":"shipping-taxable","16":"purchasable","17":"product-type-simple"},"yoast_head":"<!-- This site is optimized with the Yoast SEO plugin v26.8 - https:\/\/yoast.com\/product\/yoast-seo-wordpress\/ -->\n<title>Camiseta PASADENA - Cool Wave<\/title>\n<meta name=\"description\" content=\"Camiseta &quot;Pasadena&quot; efecto lavado, estilo vintage con gr\u00e1ficos inspirados en USA. Perfecta para un look streetwear aut\u00e9ntico y urbano.\" \/>\n<meta name=\"robots\" content=\"index, follow, max-snippet:-1, max-image-preview:large, max-video-preview:-1\" \/>\n<link rel=\"canonical\" href=\"http:\/\/wp2.iesagora.es:60011\/mborrallop01\/producto\/camiseta-pasadena\/\" \/>\n<meta property=\"og:locale\" content=\"es_ES\" \/>\n<meta property=\"og:type\" content=\"article\" \/>\n<meta property=\"og:title\" content=\"Camiseta PASADENA - Cool Wave\" \/>\n<meta property=\"og:description\" content=\"Camiseta &quot;Pasadena&quot; efecto lavado, estilo vintage con gr\u00e1ficos inspirados en USA. Perfecta para un look streetwear aut\u00e9ntico y urbano.\" \/>\n<meta property=\"og:url\" content=\"http:\/\/wp2.iesagora.es:60011\/mborrallop01\/producto\/camiseta-pasadena\/\" \/>\n<meta property=\"og:site_name\" content=\"Cool Wave\" \/>\n<meta property=\"article:modified_time\" content=\"2025-03-09T19:36:06+00:00\" \/>\n<meta property=\"og:image\" content=\"http:\/\/wp2.iesagora.es:60011\/mborrallop01\/wp-content\/uploads\/sites\/122\/2025\/02\/Diseno-sin-titulo-4.png\" \/>\n\t<meta property=\"og:image:width\" content=\"1920\" \/>\n\t<meta property=\"og:image:height\" content=\"1080\" \/>\n\t<meta property=\"og:image:type\" content=\"image\/png\" \/>\n<meta name=\"twitter:card\" content=\"summary_large_image\" \/>\n<meta name=\"twitter:label1\" content=\"Tiempo de lectura\" \/>\n\t<meta name=\"twitter:data1\" content=\"2 minutos\" \/>\n<script type=\"application\/ld+json\" class=\"yoast-schema-graph\">{\"@context\":\"https:\/\/schema.org\",\"@graph\":[{\"@type\":\"WebPage\",\"@id\":\"http:\/\/wp2.iesagora.es:60011\/mborrallop01\/producto\/camiseta-pasadena\/\",\"url\":\"http:\/\/wp2.iesagora.es:60011\/mborrallop01\/producto\/camiseta-pasadena\/\",\"name\":\"Camiseta PASADENA - Cool Wave\",\"isPartOf\":{\"@id\":\"http:\/\/wp2.iesagora.es:60011\/mborrallop01\/#website\"},\"primaryImageOfPage\":{\"@id\":\"http:\/\/wp2.iesagora.es:60011\/mborrallop01\/producto\/camiseta-pasadena\/#primaryimage\"},\"image\":{\"@id\":\"http:\/\/wp2.iesagora.es:60011\/mborrallop01\/producto\/camiseta-pasadena\/#primaryimage\"},\"thumbnailUrl\":\"http:\/\/wp2.iesagora.es:60011\/mborrallop01\/wp-content\/uploads\/sites\/122\/2025\/02\/Diseno-sin-titulo-4.png\",\"datePublished\":\"2025-02-10T12:38:44+00:00\",\"dateModified\":\"2025-03-09T19:36:06+00:00\",\"description\":\"Camiseta \\\"Pasadena\\\" efecto lavado, estilo vintage con gr\u00e1ficos inspirados en USA. Perfecta para un look streetwear aut\u00e9ntico y urbano.\",\"breadcrumb\":{\"@id\":\"http:\/\/wp2.iesagora.es:60011\/mborrallop01\/producto\/camiseta-pasadena\/#breadcrumb\"},\"inLanguage\":\"es\",\"potentialAction\":[{\"@type\":\"ReadAction\",\"target\":[\"http:\/\/wp2.iesagora.es:60011\/mborrallop01\/producto\/camiseta-pasadena\/\"]}]},{\"@type\":\"ImageObject\",\"inLanguage\":\"es\",\"@id\":\"http:\/\/wp2.iesagora.es:60011\/mborrallop01\/producto\/camiseta-pasadena\/#primaryimage\",\"url\":\"http:\/\/wp2.iesagora.es:60011\/mborrallop01\/wp-content\/uploads\/sites\/122\/2025\/02\/Diseno-sin-titulo-4.png\",\"contentUrl\":\"http:\/\/wp2.iesagora.es:60011\/mborrallop01\/wp-content\/uploads\/sites\/122\/2025\/02\/Diseno-sin-titulo-4.png\",\"width\":1920,\"height\":1080,\"caption\":\"Camiseta negra con gr\u00e1ficos rosas estampada vintage\"},{\"@type\":\"BreadcrumbList\",\"@id\":\"http:\/\/wp2.iesagora.es:60011\/mborrallop01\/producto\/camiseta-pasadena\/#breadcrumb\",\"itemListElement\":[{\"@type\":\"ListItem\",\"position\":1,\"name\":\"Portada\",\"item\":\"http:\/\/wp2.iesagora.es:60011\/mborrallop01\/\"},{\"@type\":\"ListItem\",\"position\":2,\"name\":\"Tienda\",\"item\":\"http:\/\/wp2.iesagora.es:60011\/mborrallop01\/tienda\/\"},{\"@type\":\"ListItem\",\"position\":3,\"name\":\"Camiseta PASADENA\"}]},{\"@type\":\"WebSite\",\"@id\":\"http:\/\/wp2.iesagora.es:60011\/mborrallop01\/#website\",\"url\":\"http:\/\/wp2.iesagora.es:60011\/mborrallop01\/\",\"name\":\"Cool Wave\",\"description\":\"\",\"publisher\":{\"@id\":\"http:\/\/wp2.iesagora.es:60011\/mborrallop01\/#organization\"},\"potentialAction\":[{\"@type\":\"SearchAction\",\"target\":{\"@type\":\"EntryPoint\",\"urlTemplate\":\"http:\/\/wp2.iesagora.es:60011\/mborrallop01\/?s={search_term_string}\"},\"query-input\":{\"@type\":\"PropertyValueSpecification\",\"valueRequired\":true,\"valueName\":\"search_term_string\"}}],\"inLanguage\":\"es\"},{\"@type\":\"Organization\",\"@id\":\"http:\/\/wp2.iesagora.es:60011\/mborrallop01\/#organization\",\"name\":\"Cool Wave\",\"url\":\"http:\/\/wp2.iesagora.es:60011\/mborrallop01\/\",\"logo\":{\"@type\":\"ImageObject\",\"inLanguage\":\"es\",\"@id\":\"http:\/\/wp2.iesagora.es:60011\/mborrallop01\/#\/schema\/logo\/image\/\",\"url\":\"http:\/\/wp2.iesagora.es:60011\/mborrallop01\/wp-content\/uploads\/sites\/122\/2025\/01\/Beige-and-Cobalt-Modern-Retro-Logo-1-e1740427977190.png\",\"contentUrl\":\"http:\/\/wp2.iesagora.es:60011\/mborrallop01\/wp-content\/uploads\/sites\/122\/2025\/01\/Beige-and-Cobalt-Modern-Retro-Logo-1-e1740427977190.png\",\"width\":320,\"height\":291,\"caption\":\"Cool Wave\"},\"image\":{\"@id\":\"http:\/\/wp2.iesagora.es:60011\/mborrallop01\/#\/schema\/logo\/image\/\"}}]}<\/script>\n<!-- \/ Yoast SEO plugin. -->","yoast_head_json":{"title":"Camiseta PASADENA - Cool Wave","description":"Camiseta \"Pasadena\" efecto lavado, estilo vintage con gr\u00e1ficos inspirados en USA. Perfecta para un look streetwear aut\u00e9ntico y urbano.","robots":{"index":"index","follow":"follow","max-snippet":"max-snippet:-1","max-image-preview":"max-image-preview:large","max-video-preview":"max-video-preview:-1"},"canonical":"http:\/\/wp2.iesagora.es:60011\/mborrallop01\/producto\/camiseta-pasadena\/","og_locale":"es_ES","og_type":"article","og_title":"Camiseta PASADENA - Cool Wave","og_description":"Camiseta \"Pasadena\" efecto lavado, estilo vintage con gr\u00e1ficos inspirados en USA. Perfecta para un look streetwear aut\u00e9ntico y urbano.","og_url":"http:\/\/wp2.iesagora.es:60011\/mborrallop01\/producto\/camiseta-pasadena\/","og_site_name":"Cool Wave","article_modified_time":"2025-03-09T19:36:06+00:00","og_image":[{"width":1920,"height":1080,"url":"http:\/\/wp2.iesagora.es:60011\/mborrallop01\/wp-content\/uploads\/sites\/122\/2025\/02\/Diseno-sin-titulo-4.png","type":"image\/png"}],"twitter_card":"summary_large_image","twitter_misc":{"Tiempo de lectura":"2 minutos"},"schema":{"@context":"https:\/\/schema.org","@graph":[{"@type":"WebPage","@id":"http:\/\/wp2.iesagora.es:60011\/mborrallop01\/producto\/camiseta-pasadena\/","url":"http:\/\/wp2.iesagora.es:60011\/mborrallop01\/producto\/camiseta-pasadena\/","name":"Camiseta PASADENA - Cool Wave","isPartOf":{"@id":"http:\/\/wp2.iesagora.es:60011\/mborrallop01\/#website"},"primaryImageOfPage":{"@id":"http:\/\/wp2.iesagora.es:60011\/mborrallop01\/producto\/camiseta-pasadena\/#primaryimage"},"image":{"@id":"http:\/\/wp2.iesagora.es:60011\/mborrallop01\/producto\/camiseta-pasadena\/#primaryimage"},"thumbnailUrl":"http:\/\/wp2.iesagora.es:60011\/mborrallop01\/wp-content\/uploads\/sites\/122\/2025\/02\/Diseno-sin-titulo-4.png","datePublished":"2025-02-10T12:38:44+00:00","dateModified":"2025-03-09T19:36:06+00:00","description":"Camiseta \"Pasadena\" efecto lavado, estilo vintage con gr\u00e1ficos inspirados en USA. Perfecta para un look streetwear aut\u00e9ntico y urbano.","breadcrumb":{"@id":"http:\/\/wp2.iesagora.es:60011\/mborrallop01\/producto\/camiseta-pasadena\/#breadcrumb"},"inLanguage":"es","potentialAction":[{"@type":"ReadAction","target":["http:\/\/wp2.iesagora.es:60011\/mborrallop01\/producto\/camiseta-pasadena\/"]}]},{"@type":"ImageObject","inLanguage":"es","@id":"http:\/\/wp2.iesagora.es:60011\/mborrallop01\/producto\/camiseta-pasadena\/#primaryimage","url":"http:\/\/wp2.iesagora.es:60011\/mborrallop01\/wp-content\/uploads\/sites\/122\/2025\/02\/Diseno-sin-titulo-4.png","contentUrl":"http:\/\/wp2.iesagora.es:60011\/mborrallop01\/wp-content\/uploads\/sites\/122\/2025\/02\/Diseno-sin-titulo-4.png","width":1920,"height":1080,"caption":"Camiseta negra con gr\u00e1ficos rosas estampada vintage"},{"@type":"BreadcrumbList","@id":"http:\/\/wp2.iesagora.es:60011\/mborrallop01\/producto\/camiseta-pasadena\/#breadcrumb","itemListElement":[{"@type":"ListItem","position":1,"name":"Portada","item":"http:\/\/wp2.iesagora.es:60011\/mborrallop01\/"},{"@type":"ListItem","position":2,"name":"Tienda","item":"http:\/\/wp2.iesagora.es:60011\/mborrallop01\/tienda\/"},{"@type":"ListItem","position":3,"name":"Camiseta PASADENA"}]},{"@type":"WebSite","@id":"http:\/\/wp2.iesagora.es:60011\/mborrallop01\/#website","url":"http:\/\/wp2.iesagora.es:60011\/mborrallop01\/","name":"Cool Wave","description":"","publisher":{"@id":"http:\/\/wp2.iesagora.es:60011\/mborrallop01\/#organization"},"potentialAction":[{"@type":"SearchAction","target":{"@type":"EntryPoint","urlTemplate":"http:\/\/wp2.iesagora.es:60011\/mborrallop01\/?s={search_term_string}"},"query-input":{"@type":"PropertyValueSpecification","valueRequired":true,"valueName":"search_term_string"}}],"inLanguage":"es"},{"@type":"Organization","@id":"http:\/\/wp2.iesagora.es:60011\/mborrallop01\/#organization","name":"Cool Wave","url":"http:\/\/wp2.iesagora.es:60011\/mborrallop01\/","logo":{"@type":"ImageObject","inLanguage":"es","@id":"http:\/\/wp2.iesagora.es:60011\/mborrallop01\/#\/schema\/logo\/image\/","url":"http:\/\/wp2.iesagora.es:60011\/mborrallop01\/wp-content\/uploads\/sites\/122\/2025\/01\/Beige-and-Cobalt-Modern-Retro-Logo-1-e1740427977190.png","contentUrl":"http:\/\/wp2.iesagora.es:60011\/mborrallop01\/wp-content\/uploads\/sites\/122\/2025\/01\/Beige-and-Cobalt-Modern-Retro-Logo-1-e1740427977190.png","width":320,"height":291,"caption":"Cool Wave"},"image":{"@id":"http:\/\/wp2.iesagora.es:60011\/mborrallop01\/#\/schema\/logo\/image\/"}}]}},"_links":{"self":[{"href":"http:\/\/wp2.iesagora.es:60011\/mborrallop01\/wp-json\/wp\/v2\/product\/228","targetHints":{"allow":["GET"]}}],"collection":[{"href":"http:\/\/wp2.iesagora.es:60011\/mborrallop01\/wp-json\/wp\/v2\/product"}],"about":[{"href":"http:\/\/wp2.iesagora.es:60011\/mborrallop01\/wp-json\/wp\/v2\/types\/product"}],"replies":[{"embeddable":true,"href":"http:\/\/wp2.iesagora.es:60011\/mborrallop01\/wp-json\/wp\/v2\/comments?post=228"}],"version-history":[{"count":4,"href":"http:\/\/wp2.iesagora.es:60011\/mborrallop01\/wp-json\/wp\/v2\/product\/228\/revisions"}],"predecessor-version":[{"id":476,"href":"http:\/\/wp2.iesagora.es:60011\/mborrallop01\/wp-json\/wp\/v2\/product\/228\/revisions\/476"}],"wp:featuredmedia":[{"embeddable":true,"href":"http:\/\/wp2.iesagora.es:60011\/mborrallop01\/wp-json\/wp\/v2\/media\/229"}],"wp:attachment":[{"href":"http:\/\/wp2.iesagora.es:60011\/mborrallop01\/wp-json\/wp\/v2\/media?parent=228"}],"wp:term":[{"taxonomy":"product_brand","embeddable":true,"href":"http:\/\/wp2.iesagora.es:60011\/mborrallop01\/wp-json\/wp\/v2\/product_brand?post=228"},{"taxonomy":"product_cat","embeddable":true,"href":"http:\/\/wp2.iesagora.es:60011\/mborrallop01\/wp-json\/wp\/v2\/product_cat?post=228"},{"taxonomy":"product_tag","embeddable":true,"href":"http:\/\/wp2.iesagora.es:60011\/mborrallop01\/wp-json\/wp\/v2\/product_tag?post=228"}],"curies":[{"name":"wp","href":"https:\/\/api.w.org\/{rel}","templated":true}]}}