{"id":401,"date":"2025-03-07T13:18:31","date_gmt":"2025-03-07T12:18:31","guid":{"rendered":"http:\/\/wp2.iesagora.es:60011\/mborrallop01\/?page_id=401"},"modified":"2025-03-07T18:01:33","modified_gmt":"2025-03-07T17:01:33","slug":"blog","status":"publish","type":"page","link":"http:\/\/wp2.iesagora.es:60011\/mborrallop01\/blog\/","title":{"rendered":"BLOG"},"content":{"rendered":"\t\t<div data-elementor-type=\"wp-page\" data-elementor-id=\"401\" class=\"elementor elementor-401\" data-elementor-post-type=\"page\">\n\t\t\t\t<div class=\"elementor-element elementor-element-1112eb0 e-flex e-con-boxed e-con e-parent\" data-id=\"1112eb0\" data-element_type=\"container\">\n\t\t\t\t\t<div class=\"e-con-inner\">\n\t\t\t\t<div class=\"elementor-element elementor-element-f5e3f56 elementor-widget elementor-widget-posts\" data-id=\"f5e3f56\" data-element_type=\"widget\" data-settings=\"{&quot;full_content_row_gap&quot;:{&quot;unit&quot;:&quot;px&quot;,&quot;size&quot;:&quot;38&quot;,&quot;sizes&quot;:[]}}\" data-widget_type=\"posts.full_content\">\n\t\t\t\t<div class=\"elementor-widget-container\">\n\t\t\t\t\t\t\t<div class=\"elementor-posts-container elementor-posts elementor-posts--skin-full_content elementor-grid\">\n\t\t\t\t<article class=\"elementor-post elementor-grid-item post-450 post type-post status-publish format-standard hentry category-sin-categoria\">\n\t\t\t\t<div class=\"elementor-post__text\">\n\t\t\t\t<h3 class=\"elementor-post__title\">\n\t\t\t<a href=\"http:\/\/wp2.iesagora.es:60011\/mborrallop01\/2025\/03\/08\/nuestra-inspiracion\/\" >\n\t\t\t\tNuestra inspiraci\u00f3n\t\t\t<\/a>\n\t\t<\/h3>\n\t\t\t\t<div class=\"elementor-post__meta-data\">\n\t\t\t\t\t<span class=\"elementor-post-date\">\n\t\t\t8 de marzo de 2025\t\t<\/span>\n\t\t\t\t<span class=\"elementor-post-avatar\">\n\t\t\tNo hay comentarios\t\t<\/span>\n\t\t\t\t<\/div>\n\t\t<div class=\"elementor-post__content\"><style>.elementor-450 .elementor-element.elementor-element-277a746{--display:flex;--flex-direction:column;--container-widget-width:100%;--container-widget-height:initial;--container-widget-flex-grow:0;--container-widget-align-self:initial;--flex-wrap-mobile:wrap;--margin-top:6px;--margin-bottom:0px;--margin-left:0px;--margin-right:0px;}.elementor-450 .elementor-element.elementor-element-ccc476a{--display:flex;--margin-top:14px;--margin-bottom:0px;--margin-left:0px;--margin-right:0px;}.elementor-450 .elementor-element.elementor-element-465c108{--display:flex;--flex-direction:column;--container-widget-width:100%;--container-widget-height:initial;--container-widget-flex-grow:0;--container-widget-align-self:initial;--flex-wrap-mobile:wrap;}.elementor-450 .elementor-element.elementor-element-38c825c{font-family:\"Abhaya Libre\", Sans-serif;}<\/style>\t\t<div data-elementor-type=\"wp-post\" data-elementor-id=\"450\" class=\"elementor elementor-450\" data-elementor-post-type=\"post\">\n\t\t\t\t<div class=\"elementor-element elementor-element-277a746 e-flex e-con-boxed e-con e-parent\" data-id=\"277a746\" data-element_type=\"container\">\n\t\t\t\t\t<div class=\"e-con-inner\">\n\t\t\t\t<div class=\"elementor-element elementor-element-adf99b2 elementor-invisible elementor-widget elementor-widget-heading\" data-id=\"adf99b2\" data-element_type=\"widget\" data-settings=\"{&quot;_animation&quot;:&quot;fadeInRight&quot;}\" data-widget_type=\"heading.default\">\n\t\t\t\t<div class=\"elementor-widget-container\">\n\t\t\t\t\t<h2 class=\"elementor-heading-title elementor-size-default\">Outfits inspiraci\u00f3n<\/h2>\t\t\t\t<\/div>\n\t\t\t\t<\/div>\n\t\t\t\t\t<\/div>\n\t\t\t\t<\/div>\n\t\t<div class=\"elementor-element elementor-element-ccc476a e-flex e-con-boxed e-con e-parent\" data-id=\"ccc476a\" data-element_type=\"container\">\n\t\t\t\t\t<div class=\"e-con-inner\">\n\t\t\t\t<div class=\"elementor-element elementor-element-ca35fdf elementor-widget elementor-widget-image\" data-id=\"ca35fdf\" data-element_type=\"widget\" data-widget_type=\"image.default\">\n\t\t\t\t<div class=\"elementor-widget-container\">\n\t\t\t\t\t\t\t\t\t\t\t\t\t\t\t<img fetchpriority=\"high\" fetchpriority=\"high\" decoding=\"async\" width=\"819\" height=\"1024\" src=\"http:\/\/wp2.iesagora.es:60011\/mborrallop01\/wp-content\/uploads\/sites\/122\/2025\/03\/collage-outfits-819x1024.png\" class=\"attachment-large size-large wp-image-452\" alt=\"\" srcset=\"http:\/\/wp2.iesagora.es:60011\/mborrallop01\/wp-content\/uploads\/sites\/122\/2025\/03\/collage-outfits-819x1024.png 819w, http:\/\/wp2.iesagora.es:60011\/mborrallop01\/wp-content\/uploads\/sites\/122\/2025\/03\/collage-outfits-240x300.png 240w, http:\/\/wp2.iesagora.es:60011\/mborrallop01\/wp-content\/uploads\/sites\/122\/2025\/03\/collage-outfits-768x960.png 768w, http:\/\/wp2.iesagora.es:60011\/mborrallop01\/wp-content\/uploads\/sites\/122\/2025\/03\/collage-outfits-600x750.png 600w, http:\/\/wp2.iesagora.es:60011\/mborrallop01\/wp-content\/uploads\/sites\/122\/2025\/03\/collage-outfits.png 1080w\" sizes=\"(max-width: 819px) 100vw, 819px\" \/>\t\t\t\t\t\t\t\t\t\t\t\t\t\t\t<\/div>\n\t\t\t\t<\/div>\n\t\t\t\t\t<\/div>\n\t\t\t\t<\/div>\n\t\t<div class=\"elementor-element elementor-element-465c108 e-flex e-con-boxed e-con e-parent\" data-id=\"465c108\" data-element_type=\"container\">\n\t\t\t\t\t<div class=\"e-con-inner\">\n\t\t\t\t<div class=\"elementor-element elementor-element-38c825c elementor-widget elementor-widget-text-editor\" data-id=\"38c825c\" data-element_type=\"widget\" data-widget_type=\"text-editor.default\">\n\t\t\t\t<div class=\"elementor-widget-container\">\n\t\t\t\t\t\t\t\t\t<p>Aqu\u00ed os dejamos con un collage con muchos de los outfits que nos sirven de inspiraci\u00f3n para crear nuestras prendas.<\/p><p>Esperemos que os guste!!<\/p>\t\t\t\t\t\t\t\t<\/div>\n\t\t\t\t<\/div>\n\t\t\t\t\t<\/div>\n\t\t\t\t<\/div>\n\t\t\t\t<\/div>\n\t\t<\/div>\t\t<\/div>\n\t\t\t\t<\/article>\n\t\t\t\t<article class=\"elementor-post elementor-grid-item post-403 post type-post status-publish format-standard hentry category-sin-categoria\">\n\t\t\t\t<div class=\"elementor-post__text\">\n\t\t\t\t<h3 class=\"elementor-post__title\">\n\t\t\t<a href=\"http:\/\/wp2.iesagora.es:60011\/mborrallop01\/2025\/03\/07\/nueva-coleccion\/\" >\n\t\t\t\tNueva colecci\u00f3n\t\t\t<\/a>\n\t\t<\/h3>\n\t\t\t\t<div class=\"elementor-post__meta-data\">\n\t\t\t\t\t<span class=\"elementor-post-date\">\n\t\t\t7 de marzo de 2025\t\t<\/span>\n\t\t\t\t<span class=\"elementor-post-avatar\">\n\t\t\tNo hay comentarios\t\t<\/span>\n\t\t\t\t<\/div>\n\t\t<div class=\"elementor-post__content\"><style>.elementor-403 .elementor-element.elementor-element-0a90ded{--display:flex;--min-height:186px;--flex-direction:column;--container-widget-width:100%;--container-widget-height:initial;--container-widget-flex-grow:0;--container-widget-align-self:initial;--flex-wrap-mobile:wrap;}.elementor-403 .elementor-element.elementor-element-cb86489{width:var( --container-widget-width, 113.115% );max-width:113.115%;--container-widget-width:113.115%;--container-widget-flex-grow:0;}.elementor-403 .elementor-element.elementor-element-cb86489.elementor-element{--flex-grow:0;--flex-shrink:0;}.elementor-403 .elementor-element.elementor-element-c3a75e1{--display:flex;--flex-direction:column;--container-widget-width:100%;--container-widget-height:initial;--container-widget-flex-grow:0;--container-widget-align-self:initial;--flex-wrap-mobile:wrap;}.elementor-403 .elementor-element.elementor-element-ddfdd7a > .elementor-widget-container{margin:-39px 0px 0px 0px;}.elementor-403 .elementor-element.elementor-element-ef7d46c{--display:flex;--flex-direction:column;--container-widget-width:100%;--container-widget-height:initial;--container-widget-flex-grow:0;--container-widget-align-self:initial;--flex-wrap-mobile:wrap;}.elementor-403 .elementor-element.elementor-element-d520934{text-align:justify;font-family:\"Abhaya Libre\", Sans-serif;}@media(min-width:768px){.elementor-403 .elementor-element.elementor-element-0a90ded{--content-width:1038px;}}<\/style>\t\t<div data-elementor-type=\"wp-post\" data-elementor-id=\"403\" class=\"elementor elementor-403\" data-elementor-post-type=\"post\">\n\t\t\t\t<div class=\"elementor-element elementor-element-0a90ded e-flex e-con-boxed e-con e-parent\" data-id=\"0a90ded\" data-element_type=\"container\">\n\t\t\t\t\t<div class=\"e-con-inner\">\n\t\t\t\t<div class=\"elementor-element elementor-element-cb86489 elementor-widget__width-initial elementor-invisible elementor-widget elementor-widget-heading\" data-id=\"cb86489\" data-element_type=\"widget\" data-settings=\"{&quot;_animation&quot;:&quot;fadeInRight&quot;}\" data-widget_type=\"heading.default\">\n\t\t\t\t<div class=\"elementor-widget-container\">\n\t\t\t\t\t<h2 class=\"elementor-heading-title elementor-size-default\">COOL WAVE SS25: COLECCI\u00d3N STREETWEAR <\/h2>\t\t\t\t<\/div>\n\t\t\t\t<\/div>\n\t\t\t\t\t<\/div>\n\t\t\t\t<\/div>\n\t\t<div class=\"elementor-element elementor-element-c3a75e1 e-flex e-con-boxed e-con e-parent\" data-id=\"c3a75e1\" data-element_type=\"container\">\n\t\t\t\t\t<div class=\"e-con-inner\">\n\t\t\t\t<div class=\"elementor-element elementor-element-ddfdd7a animated-slow elementor-invisible elementor-widget elementor-widget-image\" data-id=\"ddfdd7a\" data-element_type=\"widget\" data-settings=\"{&quot;_animation&quot;:&quot;fadeIn&quot;}\" data-widget_type=\"image.default\">\n\t\t\t\t<div class=\"elementor-widget-container\">\n\t\t\t\t\t\t\t\t\t\t\t\t\t\t\t<img decoding=\"async\" width=\"1024\" height=\"1024\" src=\"http:\/\/wp2.iesagora.es:60011\/mborrallop01\/wp-content\/uploads\/sites\/122\/2025\/03\/nueva-coleccion-cool-wave-1024x1024.png\" class=\"attachment-large size-large wp-image-404\" alt=\"\" srcset=\"http:\/\/wp2.iesagora.es:60011\/mborrallop01\/wp-content\/uploads\/sites\/122\/2025\/03\/nueva-coleccion-cool-wave-1024x1024.png 1024w, http:\/\/wp2.iesagora.es:60011\/mborrallop01\/wp-content\/uploads\/sites\/122\/2025\/03\/nueva-coleccion-cool-wave-300x300.png 300w, http:\/\/wp2.iesagora.es:60011\/mborrallop01\/wp-content\/uploads\/sites\/122\/2025\/03\/nueva-coleccion-cool-wave-150x150.png 150w, http:\/\/wp2.iesagora.es:60011\/mborrallop01\/wp-content\/uploads\/sites\/122\/2025\/03\/nueva-coleccion-cool-wave-768x768.png 768w, http:\/\/wp2.iesagora.es:60011\/mborrallop01\/wp-content\/uploads\/sites\/122\/2025\/03\/nueva-coleccion-cool-wave-600x600.png 600w, http:\/\/wp2.iesagora.es:60011\/mborrallop01\/wp-content\/uploads\/sites\/122\/2025\/03\/nueva-coleccion-cool-wave-100x100.png 100w, http:\/\/wp2.iesagora.es:60011\/mborrallop01\/wp-content\/uploads\/sites\/122\/2025\/03\/nueva-coleccion-cool-wave.png 1080w\" sizes=\"(max-width: 1024px) 100vw, 1024px\" \/>\t\t\t\t\t\t\t\t\t\t\t\t\t\t\t<\/div>\n\t\t\t\t<\/div>\n\t\t\t\t\t<\/div>\n\t\t\t\t<\/div>\n\t\t<div class=\"elementor-element elementor-element-ef7d46c e-flex e-con-boxed e-con e-parent\" data-id=\"ef7d46c\" data-element_type=\"container\">\n\t\t\t\t\t<div class=\"e-con-inner\">\n\t\t\t\t<div class=\"elementor-element elementor-element-d520934 elementor-widget elementor-widget-text-editor\" data-id=\"d520934\" data-element_type=\"widget\" data-widget_type=\"text-editor.default\">\n\t\t\t\t<div class=\"elementor-widget-container\">\n\t\t\t\t\t\t\t\t\t<p data-start=\"59\" data-end=\"297\">La nueva colecci\u00f3n <strong data-start=\"78\" data-end=\"99\">SS25 de Cool Wave<\/strong> ha llegado para redefinir el estilo urbano. Inspirada en la cultura streetwear y en la energ\u00eda de las calles, esta temporada fusiona comodidad, actitud y dise\u00f1o en piezas que hablan por s\u00ed solas.<\/p><p data-start=\"299\" data-end=\"729\"><strong data-start=\"302\" data-end=\"333\">Destacados de la colecci\u00f3n:<\/strong><br data-start=\"333\" data-end=\"336\" \/><strong data-start=\"339\" data-end=\"358\">Sudadera \u00abL\u00eda\u00bb<\/strong> \u2013 Un dise\u00f1o imponente con detalles gr\u00e1ficos que reflejan autenticidad.<br data-start=\"429\" data-end=\"432\" \/><strong data-start=\"435\" data-end=\"458\" data-is-only-node=\"\">Sudadera \u00abEstrella\u00bb<\/strong> \u2013 Minimalismo con impacto, perfecta para un look effortless pero llamativo.<br data-start=\"534\" data-end=\"537\" \/><strong data-start=\"540\" data-end=\"560\">Sudadera \u00abMocca\u00bb<\/strong> \u2013 Un cl\u00e1sico renovado con el ic\u00f3nico logo de Cool Wave.<br data-start=\"616\" data-end=\"619\" \/><strong data-start=\"622\" data-end=\"638\">Jersey \u00abMael\u00bb<\/strong> \u2013 Una pieza que equilibra lo vintage con lo contempor\u00e1neo, ideal para cualquier ocasi\u00f3n.<\/p><p data-start=\"731\" data-end=\"919\">Cada prenda est\u00e1 dise\u00f1ada para quienes llevan el streetwear en su ADN. Materiales de calidad, cortes modernos y una esencia \u00fanica que representa la cultura urbana en su m\u00e1xima expresi\u00f3n.<\/p><p data-start=\"921\" data-end=\"1013\">\u00bfListo para elevar tu estilo? <strong data-start=\"951\" data-end=\"1006\">Explora la colecci\u00f3n SS25 y marca tu propio camino.<\/strong>\u00a0<\/p><p data-start=\"921\" data-end=\"1013\">Disponible pronto en www.coolwave.com<\/p>\t\t\t\t\t\t\t\t<\/div>\n\t\t\t\t<\/div>\n\t\t\t\t\t<\/div>\n\t\t\t\t<\/div>\n\t\t\t\t<\/div>\n\t\t<\/div>\t\t<\/div>\n\t\t\t\t<\/article>\n\t\t\t\t<\/div>\n\t\t\n\t\t\t\t\t\t<\/div>\n\t\t\t\t<\/div>\n\t\t\t\t\t<\/div>\n\t\t\t\t<\/div>\n\t\t\t\t<\/div>\n\t\t","protected":false},"excerpt":{"rendered":"","protected":false},"author":54,"featured_media":0,"parent":0,"menu_order":0,"comment_status":"closed","ping_status":"closed","template":"","meta":{"site-sidebar-layout":"no-sidebar","site-content-layout":"","ast-site-content-layout":"full-width-container","site-content-style":"default","site-sidebar-style":"default","ast-global-header-display":"","ast-banner-title-visibility":"","ast-main-header-display":"","ast-hfb-above-header-display":"","ast-hfb-below-header-display":"","ast-hfb-mobile-header-display":"","site-post-title":"disabled","ast-breadcrumbs-content":"","ast-featured-img":"disabled","footer-sml-layout":"","theme-transparent-header-meta":"","adv-header-id-meta":"","stick-header-meta":"","header-above-stick-meta":"","header-main-stick-meta":"","header-below-stick-meta":"","astra-migrate-meta-layouts":"default","ast-page-background-enabled":"default","ast-page-background-meta":{"desktop":{"background-color":"var(--ast-global-color-5)","background-image":"","background-repeat":"repeat","background-position":"center center","background-size":"auto","background-attachment":"scroll","background-type":"","background-media":"","overlay-type":"","overlay-color":"","overlay-opacity":"","overlay-gradient":""},"tablet":{"background-color":"","background-image":"","background-repeat":"repeat","background-position":"center center","background-size":"auto","background-attachment":"scroll","background-type":"","background-media":"","overlay-type":"","overlay-color":"","overlay-opacity":"","overlay-gradient":""},"mobile":{"background-color":"","background-image":"","background-repeat":"repeat","background-position":"center center","background-size":"auto","background-attachment":"scroll","background-type":"","background-media":"","overlay-type":"","overlay-color":"","overlay-opacity":"","overlay-gradient":""}},"ast-content-background-meta":{"desktop":{"background-color":"var(--ast-global-color-4)","background-image":"","background-repeat":"repeat","background-position":"center center","background-size":"auto","background-attachment":"scroll","background-type":"","background-media":"","overlay-type":"","overlay-color":"","overlay-opacity":"","overlay-gradient":""},"tablet":{"background-color":"var(--ast-global-color-4)","background-image":"","background-repeat":"repeat","background-position":"center center","background-size":"auto","background-attachment":"scroll","background-type":"","background-media":"","overlay-type":"","overlay-color":"","overlay-opacity":"","overlay-gradient":""},"mobile":{"background-color":"var(--ast-global-color-4)","background-image":"","background-repeat":"repeat","background-position":"center center","background-size":"auto","background-attachment":"scroll","background-type":"","background-media":"","overlay-type":"","overlay-color":"","overlay-opacity":"","overlay-gradient":""}},"footnotes":""},"class_list":["post-401","page","type-page","status-publish","hentry"],"yoast_head":"<!-- This site is optimized with the Yoast SEO plugin v26.8 - https:\/\/yoast.com\/product\/yoast-seo-wordpress\/ -->\n<title>BLOG - Cool Wave<\/title>\n<meta name=\"robots\" content=\"index, follow, max-snippet:-1, max-image-preview:large, max-video-preview:-1\" \/>\n<link rel=\"canonical\" href=\"http:\/\/wp2.iesagora.es:60011\/mborrallop01\/blog\/\" \/>\n<meta property=\"og:locale\" content=\"es_ES\" \/>\n<meta property=\"og:type\" content=\"article\" \/>\n<meta property=\"og:title\" content=\"BLOG - Cool Wave\" \/>\n<meta property=\"og:url\" content=\"http:\/\/wp2.iesagora.es:60011\/mborrallop01\/blog\/\" \/>\n<meta property=\"og:site_name\" content=\"Cool Wave\" \/>\n<meta property=\"article:modified_time\" content=\"2025-03-07T17:01:33+00:00\" \/>\n<meta name=\"twitter:card\" content=\"summary_large_image\" \/>\n<meta name=\"twitter:label1\" content=\"Tiempo de lectura\" \/>\n\t<meta name=\"twitter:data1\" content=\"2 minutos\" \/>\n<script type=\"application\/ld+json\" class=\"yoast-schema-graph\">{\"@context\":\"https:\/\/schema.org\",\"@graph\":[{\"@type\":\"WebPage\",\"@id\":\"http:\/\/wp2.iesagora.es:60011\/mborrallop01\/blog\/\",\"url\":\"http:\/\/wp2.iesagora.es:60011\/mborrallop01\/blog\/\",\"name\":\"BLOG - Cool Wave\",\"isPartOf\":{\"@id\":\"http:\/\/wp2.iesagora.es:60011\/mborrallop01\/#website\"},\"datePublished\":\"2025-03-07T12:18:31+00:00\",\"dateModified\":\"2025-03-07T17:01:33+00:00\",\"breadcrumb\":{\"@id\":\"http:\/\/wp2.iesagora.es:60011\/mborrallop01\/blog\/#breadcrumb\"},\"inLanguage\":\"es\",\"potentialAction\":[{\"@type\":\"ReadAction\",\"target\":[\"http:\/\/wp2.iesagora.es:60011\/mborrallop01\/blog\/\"]}]},{\"@type\":\"BreadcrumbList\",\"@id\":\"http:\/\/wp2.iesagora.es:60011\/mborrallop01\/blog\/#breadcrumb\",\"itemListElement\":[{\"@type\":\"ListItem\",\"position\":1,\"name\":\"Portada\",\"item\":\"http:\/\/wp2.iesagora.es:60011\/mborrallop01\/\"},{\"@type\":\"ListItem\",\"position\":2,\"name\":\"BLOG\"}]},{\"@type\":\"WebSite\",\"@id\":\"http:\/\/wp2.iesagora.es:60011\/mborrallop01\/#website\",\"url\":\"http:\/\/wp2.iesagora.es:60011\/mborrallop01\/\",\"name\":\"Cool Wave\",\"description\":\"\",\"publisher\":{\"@id\":\"http:\/\/wp2.iesagora.es:60011\/mborrallop01\/#organization\"},\"potentialAction\":[{\"@type\":\"SearchAction\",\"target\":{\"@type\":\"EntryPoint\",\"urlTemplate\":\"http:\/\/wp2.iesagora.es:60011\/mborrallop01\/?s={search_term_string}\"},\"query-input\":{\"@type\":\"PropertyValueSpecification\",\"valueRequired\":true,\"valueName\":\"search_term_string\"}}],\"inLanguage\":\"es\"},{\"@type\":\"Organization\",\"@id\":\"http:\/\/wp2.iesagora.es:60011\/mborrallop01\/#organization\",\"name\":\"Cool Wave\",\"url\":\"http:\/\/wp2.iesagora.es:60011\/mborrallop01\/\",\"logo\":{\"@type\":\"ImageObject\",\"inLanguage\":\"es\",\"@id\":\"http:\/\/wp2.iesagora.es:60011\/mborrallop01\/#\/schema\/logo\/image\/\",\"url\":\"http:\/\/wp2.iesagora.es:60011\/mborrallop01\/wp-content\/uploads\/sites\/122\/2025\/01\/Beige-and-Cobalt-Modern-Retro-Logo-1-e1740427977190.png\",\"contentUrl\":\"http:\/\/wp2.iesagora.es:60011\/mborrallop01\/wp-content\/uploads\/sites\/122\/2025\/01\/Beige-and-Cobalt-Modern-Retro-Logo-1-e1740427977190.png\",\"width\":320,\"height\":291,\"caption\":\"Cool Wave\"},\"image\":{\"@id\":\"http:\/\/wp2.iesagora.es:60011\/mborrallop01\/#\/schema\/logo\/image\/\"}}]}<\/script>\n<!-- \/ Yoast SEO plugin. -->","yoast_head_json":{"title":"BLOG - Cool Wave","robots":{"index":"index","follow":"follow","max-snippet":"max-snippet:-1","max-image-preview":"max-image-preview:large","max-video-preview":"max-video-preview:-1"},"canonical":"http:\/\/wp2.iesagora.es:60011\/mborrallop01\/blog\/","og_locale":"es_ES","og_type":"article","og_title":"BLOG - Cool Wave","og_url":"http:\/\/wp2.iesagora.es:60011\/mborrallop01\/blog\/","og_site_name":"Cool Wave","article_modified_time":"2025-03-07T17:01:33+00:00","twitter_card":"summary_large_image","twitter_misc":{"Tiempo de lectura":"2 minutos"},"schema":{"@context":"https:\/\/schema.org","@graph":[{"@type":"WebPage","@id":"http:\/\/wp2.iesagora.es:60011\/mborrallop01\/blog\/","url":"http:\/\/wp2.iesagora.es:60011\/mborrallop01\/blog\/","name":"BLOG - Cool Wave","isPartOf":{"@id":"http:\/\/wp2.iesagora.es:60011\/mborrallop01\/#website"},"datePublished":"2025-03-07T12:18:31+00:00","dateModified":"2025-03-07T17:01:33+00:00","breadcrumb":{"@id":"http:\/\/wp2.iesagora.es:60011\/mborrallop01\/blog\/#breadcrumb"},"inLanguage":"es","potentialAction":[{"@type":"ReadAction","target":["http:\/\/wp2.iesagora.es:60011\/mborrallop01\/blog\/"]}]},{"@type":"BreadcrumbList","@id":"http:\/\/wp2.iesagora.es:60011\/mborrallop01\/blog\/#breadcrumb","itemListElement":[{"@type":"ListItem","position":1,"name":"Portada","item":"http:\/\/wp2.iesagora.es:60011\/mborrallop01\/"},{"@type":"ListItem","position":2,"name":"BLOG"}]},{"@type":"WebSite","@id":"http:\/\/wp2.iesagora.es:60011\/mborrallop01\/#website","url":"http:\/\/wp2.iesagora.es:60011\/mborrallop01\/","name":"Cool Wave","description":"","publisher":{"@id":"http:\/\/wp2.iesagora.es:60011\/mborrallop01\/#organization"},"potentialAction":[{"@type":"SearchAction","target":{"@type":"EntryPoint","urlTemplate":"http:\/\/wp2.iesagora.es:60011\/mborrallop01\/?s={search_term_string}"},"query-input":{"@type":"PropertyValueSpecification","valueRequired":true,"valueName":"search_term_string"}}],"inLanguage":"es"},{"@type":"Organization","@id":"http:\/\/wp2.iesagora.es:60011\/mborrallop01\/#organization","name":"Cool Wave","url":"http:\/\/wp2.iesagora.es:60011\/mborrallop01\/","logo":{"@type":"ImageObject","inLanguage":"es","@id":"http:\/\/wp2.iesagora.es:60011\/mborrallop01\/#\/schema\/logo\/image\/","url":"http:\/\/wp2.iesagora.es:60011\/mborrallop01\/wp-content\/uploads\/sites\/122\/2025\/01\/Beige-and-Cobalt-Modern-Retro-Logo-1-e1740427977190.png","contentUrl":"http:\/\/wp2.iesagora.es:60011\/mborrallop01\/wp-content\/uploads\/sites\/122\/2025\/01\/Beige-and-Cobalt-Modern-Retro-Logo-1-e1740427977190.png","width":320,"height":291,"caption":"Cool Wave"},"image":{"@id":"http:\/\/wp2.iesagora.es:60011\/mborrallop01\/#\/schema\/logo\/image\/"}}]}},"_links":{"self":[{"href":"http:\/\/wp2.iesagora.es:60011\/mborrallop01\/wp-json\/wp\/v2\/pages\/401","targetHints":{"allow":["GET"]}}],"collection":[{"href":"http:\/\/wp2.iesagora.es:60011\/mborrallop01\/wp-json\/wp\/v2\/pages"}],"about":[{"href":"http:\/\/wp2.iesagora.es:60011\/mborrallop01\/wp-json\/wp\/v2\/types\/page"}],"author":[{"embeddable":true,"href":"http:\/\/wp2.iesagora.es:60011\/mborrallop01\/wp-json\/wp\/v2\/users\/54"}],"replies":[{"embeddable":true,"href":"http:\/\/wp2.iesagora.es:60011\/mborrallop01\/wp-json\/wp\/v2\/comments?post=401"}],"version-history":[{"count":10,"href":"http:\/\/wp2.iesagora.es:60011\/mborrallop01\/wp-json\/wp\/v2\/pages\/401\/revisions"}],"predecessor-version":[{"id":426,"href":"http:\/\/wp2.iesagora.es:60011\/mborrallop01\/wp-json\/wp\/v2\/pages\/401\/revisions\/426"}],"wp:attachment":[{"href":"http:\/\/wp2.iesagora.es:60011\/mborrallop01\/wp-json\/wp\/v2\/media?parent=401"}],"curies":[{"name":"wp","href":"https:\/\/api.w.org\/{rel}","templated":true}]}}