{"id":2,"date":"2025-01-13T18:45:12","date_gmt":"2025-01-13T17:45:12","guid":{"rendered":"http:\/\/wp2.iesagora.es:60011\/mborrallop01\/?page_id=2"},"modified":"2025-02-25T13:19:18","modified_gmt":"2025-02-25T12:19:18","slug":"sobre-nosotros","status":"publish","type":"page","link":"http:\/\/wp2.iesagora.es:60011\/mborrallop01\/sobre-nosotros\/","title":{"rendered":"Sobre nosotros"},"content":{"rendered":"\t\t<div data-elementor-type=\"wp-page\" data-elementor-id=\"2\" class=\"elementor elementor-2\" data-elementor-post-type=\"page\">\n\t\t\t\t<div class=\"elementor-element elementor-element-321dbeb e-flex e-con-boxed e-con e-parent\" data-id=\"321dbeb\" data-element_type=\"container\">\n\t\t\t\t\t<div class=\"e-con-inner\">\n\t\t<div class=\"elementor-element elementor-element-41e5b05 e-con-full e-flex e-con e-child\" data-id=\"41e5b05\" data-element_type=\"container\">\n\t\t\t\t<div class=\"elementor-element elementor-element-7739429 elementor-widget elementor-widget-image\" data-id=\"7739429\" data-element_type=\"widget\" data-widget_type=\"image.default\">\n\t\t\t\t<div class=\"elementor-widget-container\">\n\t\t\t\t\t\t\t\t\t\t\t\t\t\t\t<img fetchpriority=\"high\" decoding=\"async\" width=\"736\" height=\"919\" src=\"http:\/\/wp2.iesagora.es:60011\/mborrallop01\/wp-content\/uploads\/sites\/122\/2025\/02\/sobre-nosotros.jpg\" class=\"attachment-large size-large wp-image-258\" alt=\"\" srcset=\"http:\/\/wp2.iesagora.es:60011\/mborrallop01\/wp-content\/uploads\/sites\/122\/2025\/02\/sobre-nosotros.jpg 736w, http:\/\/wp2.iesagora.es:60011\/mborrallop01\/wp-content\/uploads\/sites\/122\/2025\/02\/sobre-nosotros-240x300.jpg 240w, http:\/\/wp2.iesagora.es:60011\/mborrallop01\/wp-content\/uploads\/sites\/122\/2025\/02\/sobre-nosotros-600x749.jpg 600w\" sizes=\"(max-width: 736px) 100vw, 736px\" \/>\t\t\t\t\t\t\t\t\t\t\t\t\t\t\t<\/div>\n\t\t\t\t<\/div>\n\t\t\t\t<\/div>\n\t\t<div class=\"elementor-element elementor-element-d9bd135 e-con-full e-flex e-con e-child\" data-id=\"d9bd135\" data-element_type=\"container\">\n\t\t\t\t<div class=\"elementor-element elementor-element-d26b4f0 elementor-widget elementor-widget-text-editor\" data-id=\"d26b4f0\" data-element_type=\"widget\" data-widget_type=\"text-editor.default\">\n\t\t\t\t<div class=\"elementor-widget-container\">\n\t\t\t\t\t\t\t\t\t<p><span style=\"font-weight: 400\">Cool Wave est\u00e1 liderada por Luis Vicente S\u00e1nchez de 21 a\u00f1os y graduado en grado medio de Gesti\u00f3n Administrativa y grado superior en Administraci\u00f3n y Finanzas, llevando a\u00f1os siguiendo el mundo de la moda gracias a internet y a los influencers que hoy en d\u00eda son un factor clave para las marcas de ropa para los m\u00e1s j\u00f3venes.\u00a0<\/span><\/p>\n<p><span style=\"font-weight: 400\">M\u00f3nica Borrallo Pino de 19 a\u00f1os, graduada en grado de Marketing y Publicidad y ser\u00e1 la encargada de comunicaci\u00f3n, es decir, por ejemplo se encargar\u00e1 de ponerse en contacto con influencers y negociar con ellos para que promocionen la marca en sus redes sociales.<\/span><\/p>\n<p><span style=\"font-weight: 400\">Magdalena Pedrero Cordero de 21 a\u00f1os, graduada en Marketing y Publicidad, entusiasta de la moda, sigui\u00e9ndola en redes sociales, p\u00e1ginas de\u00a0 internet y a los influencers y expertos en la materia, que hoy en d\u00eda es un factor clave para estar al d\u00eda de las tendencias.\u00a0<\/span><\/p>\t\t\t\t\t\t\t\t<\/div>\n\t\t\t\t<\/div>\n\t\t\t\t<\/div>\n\t\t\t\t\t<\/div>\n\t\t\t\t<\/div>\n\t\t\t\t<\/div>\n\t\t","protected":false},"excerpt":{"rendered":"<p>Cool Wave est\u00e1 liderada por Luis Vicente S\u00e1nchez de 21 a\u00f1os y graduado en grado medio de Gesti\u00f3n Administrativa y [&hellip;]<\/p>\n","protected":false},"author":54,"featured_media":0,"parent":0,"menu_order":0,"comment_status":"closed","ping_status":"closed","template":"","meta":{"site-sidebar-layout":"default","site-content-layout":"","ast-site-content-layout":"default","site-content-style":"default","site-sidebar-style":"default","ast-global-header-display":"","ast-banner-title-visibility":"","ast-main-header-display":"","ast-hfb-above-header-display":"","ast-hfb-below-header-display":"","ast-hfb-mobile-header-display":"","site-post-title":"","ast-breadcrumbs-content":"","ast-featured-img":"","footer-sml-layout":"","theme-transparent-header-meta":"","adv-header-id-meta":"","stick-header-meta":"","header-above-stick-meta":"","header-main-stick-meta":"","header-below-stick-meta":"","astra-migrate-meta-layouts":"default","ast-page-background-enabled":"default","ast-page-background-meta":{"desktop":{"background-color":"var(--ast-global-color-5)","background-image":"","background-repeat":"repeat","background-position":"center center","background-size":"auto","background-attachment":"scroll","background-type":"","background-media":"","overlay-type":"","overlay-color":"","overlay-opacity":"","overlay-gradient":""},"tablet":{"background-color":"","background-image":"","background-repeat":"repeat","background-position":"center center","background-size":"auto","background-attachment":"scroll","background-type":"","background-media":"","overlay-type":"","overlay-color":"","overlay-opacity":"","overlay-gradient":""},"mobile":{"background-color":"","background-image":"","background-repeat":"repeat","background-position":"center center","background-size":"auto","background-attachment":"scroll","background-type":"","background-media":"","overlay-type":"","overlay-color":"","overlay-opacity":"","overlay-gradient":""}},"ast-content-background-meta":{"desktop":{"background-color":"var(--ast-global-color-4)","background-image":"","background-repeat":"repeat","background-position":"center center","background-size":"auto","background-attachment":"scroll","background-type":"","background-media":"","overlay-type":"","overlay-color":"","overlay-opacity":"","overlay-gradient":""},"tablet":{"background-color":"var(--ast-global-color-4)","background-image":"","background-repeat":"repeat","background-position":"center center","background-size":"auto","background-attachment":"scroll","background-type":"","background-media":"","overlay-type":"","overlay-color":"","overlay-opacity":"","overlay-gradient":""},"mobile":{"background-color":"var(--ast-global-color-4)","background-image":"","background-repeat":"repeat","background-position":"center center","background-size":"auto","background-attachment":"scroll","background-type":"","background-media":"","overlay-type":"","overlay-color":"","overlay-opacity":"","overlay-gradient":""}},"footnotes":""},"class_list":["post-2","page","type-page","status-publish","hentry"],"yoast_head":"<!-- This site is optimized with the Yoast SEO plugin v26.8 - https:\/\/yoast.com\/product\/yoast-seo-wordpress\/ -->\n<title>Sobre nosotros - Cool Wave<\/title>\n<meta name=\"robots\" content=\"index, follow, max-snippet:-1, max-image-preview:large, max-video-preview:-1\" \/>\n<link rel=\"canonical\" href=\"http:\/\/wp2.iesagora.es:60011\/mborrallop01\/sobre-nosotros\/\" \/>\n<meta property=\"og:locale\" content=\"es_ES\" \/>\n<meta property=\"og:type\" content=\"article\" \/>\n<meta property=\"og:title\" content=\"Sobre nosotros - Cool Wave\" \/>\n<meta property=\"og:description\" content=\"Cool Wave est\u00e1 liderada por Luis Vicente S\u00e1nchez de 21 a\u00f1os y graduado en grado medio de Gesti\u00f3n Administrativa y [&hellip;]\" \/>\n<meta property=\"og:url\" content=\"http:\/\/wp2.iesagora.es:60011\/mborrallop01\/sobre-nosotros\/\" \/>\n<meta property=\"og:site_name\" content=\"Cool Wave\" \/>\n<meta property=\"article:modified_time\" content=\"2025-02-25T12:19:18+00:00\" \/>\n<meta property=\"og:image\" content=\"http:\/\/wp2.iesagora.es:60011\/mborrallop01\/wp-content\/uploads\/sites\/122\/2025\/02\/sobre-nosotros.jpg\" \/>\n\t<meta property=\"og:image:width\" content=\"736\" \/>\n\t<meta property=\"og:image:height\" content=\"919\" \/>\n\t<meta property=\"og:image:type\" content=\"image\/jpeg\" \/>\n<meta name=\"twitter:card\" content=\"summary_large_image\" \/>\n<meta name=\"twitter:label1\" content=\"Tiempo de lectura\" \/>\n\t<meta name=\"twitter:data1\" content=\"1 minuto\" \/>\n<script type=\"application\/ld+json\" class=\"yoast-schema-graph\">{\"@context\":\"https:\/\/schema.org\",\"@graph\":[{\"@type\":\"WebPage\",\"@id\":\"http:\/\/wp2.iesagora.es:60011\/mborrallop01\/sobre-nosotros\/\",\"url\":\"http:\/\/wp2.iesagora.es:60011\/mborrallop01\/sobre-nosotros\/\",\"name\":\"Sobre nosotros - Cool Wave\",\"isPartOf\":{\"@id\":\"http:\/\/wp2.iesagora.es:60011\/mborrallop01\/#website\"},\"primaryImageOfPage\":{\"@id\":\"http:\/\/wp2.iesagora.es:60011\/mborrallop01\/sobre-nosotros\/#primaryimage\"},\"image\":{\"@id\":\"http:\/\/wp2.iesagora.es:60011\/mborrallop01\/sobre-nosotros\/#primaryimage\"},\"thumbnailUrl\":\"http:\/\/wp2.iesagora.es:60011\/mborrallop01\/wp-content\/uploads\/sites\/122\/2025\/02\/sobre-nosotros.jpg\",\"datePublished\":\"2025-01-13T17:45:12+00:00\",\"dateModified\":\"2025-02-25T12:19:18+00:00\",\"breadcrumb\":{\"@id\":\"http:\/\/wp2.iesagora.es:60011\/mborrallop01\/sobre-nosotros\/#breadcrumb\"},\"inLanguage\":\"es\",\"potentialAction\":[{\"@type\":\"ReadAction\",\"target\":[\"http:\/\/wp2.iesagora.es:60011\/mborrallop01\/sobre-nosotros\/\"]}]},{\"@type\":\"ImageObject\",\"inLanguage\":\"es\",\"@id\":\"http:\/\/wp2.iesagora.es:60011\/mborrallop01\/sobre-nosotros\/#primaryimage\",\"url\":\"http:\/\/wp2.iesagora.es:60011\/mborrallop01\/wp-content\/uploads\/sites\/122\/2025\/02\/sobre-nosotros.jpg\",\"contentUrl\":\"http:\/\/wp2.iesagora.es:60011\/mborrallop01\/wp-content\/uploads\/sites\/122\/2025\/02\/sobre-nosotros.jpg\",\"width\":736,\"height\":919},{\"@type\":\"BreadcrumbList\",\"@id\":\"http:\/\/wp2.iesagora.es:60011\/mborrallop01\/sobre-nosotros\/#breadcrumb\",\"itemListElement\":[{\"@type\":\"ListItem\",\"position\":1,\"name\":\"Portada\",\"item\":\"http:\/\/wp2.iesagora.es:60011\/mborrallop01\/\"},{\"@type\":\"ListItem\",\"position\":2,\"name\":\"Sobre nosotros\"}]},{\"@type\":\"WebSite\",\"@id\":\"http:\/\/wp2.iesagora.es:60011\/mborrallop01\/#website\",\"url\":\"http:\/\/wp2.iesagora.es:60011\/mborrallop01\/\",\"name\":\"Cool Wave\",\"description\":\"\",\"publisher\":{\"@id\":\"http:\/\/wp2.iesagora.es:60011\/mborrallop01\/#organization\"},\"potentialAction\":[{\"@type\":\"SearchAction\",\"target\":{\"@type\":\"EntryPoint\",\"urlTemplate\":\"http:\/\/wp2.iesagora.es:60011\/mborrallop01\/?s={search_term_string}\"},\"query-input\":{\"@type\":\"PropertyValueSpecification\",\"valueRequired\":true,\"valueName\":\"search_term_string\"}}],\"inLanguage\":\"es\"},{\"@type\":\"Organization\",\"@id\":\"http:\/\/wp2.iesagora.es:60011\/mborrallop01\/#organization\",\"name\":\"Cool Wave\",\"url\":\"http:\/\/wp2.iesagora.es:60011\/mborrallop01\/\",\"logo\":{\"@type\":\"ImageObject\",\"inLanguage\":\"es\",\"@id\":\"http:\/\/wp2.iesagora.es:60011\/mborrallop01\/#\/schema\/logo\/image\/\",\"url\":\"http:\/\/wp2.iesagora.es:60011\/mborrallop01\/wp-content\/uploads\/sites\/122\/2025\/01\/Beige-and-Cobalt-Modern-Retro-Logo-1-e1740427977190.png\",\"contentUrl\":\"http:\/\/wp2.iesagora.es:60011\/mborrallop01\/wp-content\/uploads\/sites\/122\/2025\/01\/Beige-and-Cobalt-Modern-Retro-Logo-1-e1740427977190.png\",\"width\":320,\"height\":291,\"caption\":\"Cool Wave\"},\"image\":{\"@id\":\"http:\/\/wp2.iesagora.es:60011\/mborrallop01\/#\/schema\/logo\/image\/\"}}]}<\/script>\n<!-- \/ Yoast SEO plugin. -->","yoast_head_json":{"title":"Sobre nosotros - Cool Wave","robots":{"index":"index","follow":"follow","max-snippet":"max-snippet:-1","max-image-preview":"max-image-preview:large","max-video-preview":"max-video-preview:-1"},"canonical":"http:\/\/wp2.iesagora.es:60011\/mborrallop01\/sobre-nosotros\/","og_locale":"es_ES","og_type":"article","og_title":"Sobre nosotros - Cool Wave","og_description":"Cool Wave est\u00e1 liderada por Luis Vicente S\u00e1nchez de 21 a\u00f1os y graduado en grado medio de Gesti\u00f3n Administrativa y [&hellip;]","og_url":"http:\/\/wp2.iesagora.es:60011\/mborrallop01\/sobre-nosotros\/","og_site_name":"Cool Wave","article_modified_time":"2025-02-25T12:19:18+00:00","og_image":[{"width":736,"height":919,"url":"http:\/\/wp2.iesagora.es:60011\/mborrallop01\/wp-content\/uploads\/sites\/122\/2025\/02\/sobre-nosotros.jpg","type":"image\/jpeg"}],"twitter_card":"summary_large_image","twitter_misc":{"Tiempo de lectura":"1 minuto"},"schema":{"@context":"https:\/\/schema.org","@graph":[{"@type":"WebPage","@id":"http:\/\/wp2.iesagora.es:60011\/mborrallop01\/sobre-nosotros\/","url":"http:\/\/wp2.iesagora.es:60011\/mborrallop01\/sobre-nosotros\/","name":"Sobre nosotros - Cool Wave","isPartOf":{"@id":"http:\/\/wp2.iesagora.es:60011\/mborrallop01\/#website"},"primaryImageOfPage":{"@id":"http:\/\/wp2.iesagora.es:60011\/mborrallop01\/sobre-nosotros\/#primaryimage"},"image":{"@id":"http:\/\/wp2.iesagora.es:60011\/mborrallop01\/sobre-nosotros\/#primaryimage"},"thumbnailUrl":"http:\/\/wp2.iesagora.es:60011\/mborrallop01\/wp-content\/uploads\/sites\/122\/2025\/02\/sobre-nosotros.jpg","datePublished":"2025-01-13T17:45:12+00:00","dateModified":"2025-02-25T12:19:18+00:00","breadcrumb":{"@id":"http:\/\/wp2.iesagora.es:60011\/mborrallop01\/sobre-nosotros\/#breadcrumb"},"inLanguage":"es","potentialAction":[{"@type":"ReadAction","target":["http:\/\/wp2.iesagora.es:60011\/mborrallop01\/sobre-nosotros\/"]}]},{"@type":"ImageObject","inLanguage":"es","@id":"http:\/\/wp2.iesagora.es:60011\/mborrallop01\/sobre-nosotros\/#primaryimage","url":"http:\/\/wp2.iesagora.es:60011\/mborrallop01\/wp-content\/uploads\/sites\/122\/2025\/02\/sobre-nosotros.jpg","contentUrl":"http:\/\/wp2.iesagora.es:60011\/mborrallop01\/wp-content\/uploads\/sites\/122\/2025\/02\/sobre-nosotros.jpg","width":736,"height":919},{"@type":"BreadcrumbList","@id":"http:\/\/wp2.iesagora.es:60011\/mborrallop01\/sobre-nosotros\/#breadcrumb","itemListElement":[{"@type":"ListItem","position":1,"name":"Portada","item":"http:\/\/wp2.iesagora.es:60011\/mborrallop01\/"},{"@type":"ListItem","position":2,"name":"Sobre nosotros"}]},{"@type":"WebSite","@id":"http:\/\/wp2.iesagora.es:60011\/mborrallop01\/#website","url":"http:\/\/wp2.iesagora.es:60011\/mborrallop01\/","name":"Cool Wave","description":"","publisher":{"@id":"http:\/\/wp2.iesagora.es:60011\/mborrallop01\/#organization"},"potentialAction":[{"@type":"SearchAction","target":{"@type":"EntryPoint","urlTemplate":"http:\/\/wp2.iesagora.es:60011\/mborrallop01\/?s={search_term_string}"},"query-input":{"@type":"PropertyValueSpecification","valueRequired":true,"valueName":"search_term_string"}}],"inLanguage":"es"},{"@type":"Organization","@id":"http:\/\/wp2.iesagora.es:60011\/mborrallop01\/#organization","name":"Cool Wave","url":"http:\/\/wp2.iesagora.es:60011\/mborrallop01\/","logo":{"@type":"ImageObject","inLanguage":"es","@id":"http:\/\/wp2.iesagora.es:60011\/mborrallop01\/#\/schema\/logo\/image\/","url":"http:\/\/wp2.iesagora.es:60011\/mborrallop01\/wp-content\/uploads\/sites\/122\/2025\/01\/Beige-and-Cobalt-Modern-Retro-Logo-1-e1740427977190.png","contentUrl":"http:\/\/wp2.iesagora.es:60011\/mborrallop01\/wp-content\/uploads\/sites\/122\/2025\/01\/Beige-and-Cobalt-Modern-Retro-Logo-1-e1740427977190.png","width":320,"height":291,"caption":"Cool Wave"},"image":{"@id":"http:\/\/wp2.iesagora.es:60011\/mborrallop01\/#\/schema\/logo\/image\/"}}]}},"_links":{"self":[{"href":"http:\/\/wp2.iesagora.es:60011\/mborrallop01\/wp-json\/wp\/v2\/pages\/2","targetHints":{"allow":["GET"]}}],"collection":[{"href":"http:\/\/wp2.iesagora.es:60011\/mborrallop01\/wp-json\/wp\/v2\/pages"}],"about":[{"href":"http:\/\/wp2.iesagora.es:60011\/mborrallop01\/wp-json\/wp\/v2\/types\/page"}],"author":[{"embeddable":true,"href":"http:\/\/wp2.iesagora.es:60011\/mborrallop01\/wp-json\/wp\/v2\/users\/54"}],"replies":[{"embeddable":true,"href":"http:\/\/wp2.iesagora.es:60011\/mborrallop01\/wp-json\/wp\/v2\/comments?post=2"}],"version-history":[{"count":4,"href":"http:\/\/wp2.iesagora.es:60011\/mborrallop01\/wp-json\/wp\/v2\/pages\/2\/revisions"}],"predecessor-version":[{"id":261,"href":"http:\/\/wp2.iesagora.es:60011\/mborrallop01\/wp-json\/wp\/v2\/pages\/2\/revisions\/261"}],"wp:attachment":[{"href":"http:\/\/wp2.iesagora.es:60011\/mborrallop01\/wp-json\/wp\/v2\/media?parent=2"}],"curies":[{"name":"wp","href":"https:\/\/api.w.org\/{rel}","templated":true}]}}