{"id":135,"date":"2026-03-23T10:43:51","date_gmt":"2026-03-23T09:43:51","guid":{"rendered":"http:\/\/wp2.iesagora.es:60011\/dehesia\/?post_type=product&#038;p=135"},"modified":"2026-03-23T18:13:52","modified_gmt":"2026-03-23T17:13:52","slug":"serum-facial-piel-radiante-bio-regenerador-piel-seca","status":"publish","type":"product","link":"http:\/\/wp2.iesagora.es:60011\/dehesia\/tienda\/cosmetica-facial\/serum-facial-piel-radiante-bio-regenerador-piel-seca\/","title":{"rendered":"S\u00e9rum Facial Piel Radiante BIO Regenerador | Piel seca"},"content":{"rendered":"<p>Este\u00a0<strong>s\u00e9rum facial<\/strong>\u00a0es un\u00a0<strong>excelente tratamiento anti-edad<\/strong>\u00a0concentrado en\u00a0<strong>antioxidantes y activos regeneradores<\/strong>\u00a0que con su textura semi-oleosa,\u00a0<strong>nutre profundamente, regenera y revitaliza\u00a0<\/strong>la piel de forma inmediata. Combina la potente acci\u00f3n nutritiva y antioxidante de los aceites de granada, higo chumbo y almendras dulces con el efecto ultra-hidratante del \u00e1cido hialur\u00f3nico vegetal.<\/p>\n<ul>\n<li>Ideal si tienes la<strong>\u00a0piel seca, tirante o apagada.\u00a0<\/strong><\/li>\n<li><strong>Hidrata y nutre\u00a0<\/strong>de forma inmediata.<\/li>\n<li>Su efecto antioxidante<strong>\u00a0previene y reduce las manchas solares.<\/strong><\/li>\n<li><strong>Retrasa el efecto del envejecimiento cut\u00e1neo.<\/strong><\/li>\n<li><strong>Reduce las inflamaciones\u00a0<\/strong>y las rojeces.<\/li>\n<li><strong>Calma la piel irritada\u00a0<\/strong>y protege de picores y descamaci\u00f3n.<\/li>\n<li><strong>Aporta vitaminas y jugosidad a la piel.<\/strong><\/li>\n<li>Deja la\u00a0<strong>piel el\u00e1stica y suave.<\/strong><\/li>\n<li>Revitaliza y aporta\u00a0<strong>frescura y firmeza.<\/strong><\/li>\n<\/ul>\n<p>30ml | Vegan | BIO | Envase de vidrio con dosificador<br \/>\n99% ingredientes de origen natural | 74,84% ingredientes ecol\u00f3gicos certificados<\/p>\n<h2>ELIXIR ANTIOXIDANTE PARA UNA PIEL RENOVADA<\/h2>\n<p>Nuestro\u00a0<strong>Serum Facial Natural<\/strong>\u00a0Piel Radiante BIO Multi-Reparador es una potente fuente de hidrataci\u00f3n y nutrici\u00f3n para pieles secas, mixtas o desnutridas. Este\u00a0<b>s\u00e9rum facial bio<\/b>\u00a0elimina la necesidad de m\u00faltiples cremas, proporcionando una soluci\u00f3n completa para el cuidado facial con ingredientes naturales.<\/p>\n<hr \/>\n<h2>ABSORCI\u00d3N R\u00c1PIDA Y GRAN PODER ANTIOXIDANTE<\/h2>\n<p>La textura semioleosa de nuestro\u00a0<b>serum facial natural<\/b>\u00a0Piel Radiante se absorbe r\u00e1pidamente, dejando tu piel fresca y revitalizada. Repleto de\u00a0<b>aceites antioxidantes<\/b>\u00a0y remineralizantes, tambi\u00e9n funciona como un\u00a0<b>serum antioxidante<\/b>\u00a0y\u00a0<b>s\u00e9rum antiarrugas<\/b>, brindando una hidrataci\u00f3n profunda gracias al \u00e1cido hialur\u00f3nico vegetal, que atrae la humedad y regenera el col\u00e1geno de la piel.<\/p>\n<hr \/>\n<h2>INGREDIENTES NATURALES PARA UNA PIEL RADIANTE<\/h2>\n<p>En su f\u00f3rmula de\u00a0<b>cosm\u00e9tica natural<\/b>, destacan ingredientes como el aceite de almendras dulces, que aporta calma y nutrici\u00f3n; el aceite de semilla de granada, rico en antioxidantes, ideal para prevenir manchas y arrugas; el aceite de higo chumbo, conocido como el \u201cb\u00f3tox\u201d natural por su capacidad para rellenar arrugas; y la manteca de karit\u00e9, que protege contra irritaciones, picores y grietas en la piel. Este\u00a0<b>serum ecol\u00f3gico<\/b>\u00a0se convierte en un aliado perfecto para quienes buscan un\u00a0<b>s\u00e9rum regenerador<\/b>\u00a0y\u00a0<b>antiedad<\/b>.<\/p>\n<hr \/>\n<h2>UN S\u00c9RUM ADAPTADO A TU PIEL<\/h2>\n<p>Una sola gota de nuestro\u00a0<b>serum facial bio<\/b>\u00a0Piel Radiante, aplicado despu\u00e9s de la limpieza diaria, proporciona hidrataci\u00f3n y nutrici\u00f3n instant\u00e1neas, calmando tu piel al instante. Ya sea que tengas\u00a0<b>piel seca<\/b>, tirante, apagada o incluso problemas de picor o descamaci\u00f3n, este\u00a0<b>aceite facial<\/b>\u00a0multi-reparador es un excelente\u00a0<b>s\u00e9rum antiage<\/b>, ayud\u00e1ndote a recuperar el brillo que tu piel se merece, brindando elasticidad, suavidad y firmeza.<\/p>\n<hr \/>\n<h2>UN AROMA QUE ELEVA LOS SENTIDOS<\/h2>\n<p>Adem\u00e1s de su textura maravillosa, este\u00a0<b>serum para la noche<\/b>\u00a0ofrece un aroma inolvidable. La sinergia de aceites esenciales de geranio y romero equilibra la producci\u00f3n de sebo, calma las pieles sensibles y revitaliza las pieles apagadas, activando su sistema inmunol\u00f3gico. Este aroma suave y natural, junto con sus beneficios como\u00a0<b>s\u00e9rum antimanchas<\/b>\u00a0y\u00a0<b>s\u00e9rum piel seca<\/b>, crea una experiencia completa que armoniza, calma la mente y genera una sensaci\u00f3n de bienestar total.<\/p>\n","protected":false},"excerpt":{"rendered":"<p>Este\u00a0s\u00e9rum facial\u00a0es un\u00a0excelente tratamiento anti-edad\u00a0concentrado en\u00a0antioxidantes y activos regeneradores\u00a0que con su textura semi-oleosa,\u00a0nutre profundamente, regenera y revitaliza\u00a0la piel de forma [&hellip;]<\/p>\n","protected":false},"featured_media":137,"comment_status":"open","ping_status":"closed","template":"","meta":{"site-sidebar-layout":"default","site-content-layout":"","ast-site-content-layout":"default","site-content-style":"default","site-sidebar-style":"default","ast-global-header-display":"","ast-banner-title-visibility":"","ast-main-header-display":"","ast-hfb-above-header-display":"","ast-hfb-below-header-display":"","ast-hfb-mobile-header-display":"","site-post-title":"","ast-breadcrumbs-content":"","ast-featured-img":"","footer-sml-layout":"","theme-transparent-header-meta":"default","adv-header-id-meta":"","stick-header-meta":"","header-above-stick-meta":"","header-main-stick-meta":"","header-below-stick-meta":"","astra-migrate-meta-layouts":"set","ast-page-background-enabled":"default","ast-page-background-meta":{"desktop":{"background-color":"var(--ast-global-color-5)","background-image":"","background-repeat":"repeat","background-position":"center center","background-size":"auto","background-attachment":"scroll","background-type":"","background-media":"","overlay-type":"","overlay-color":"","overlay-opacity":"","overlay-gradient":""},"tablet":{"background-color":"","background-image":"","background-repeat":"repeat","background-position":"center center","background-size":"auto","background-attachment":"scroll","background-type":"","background-media":"","overlay-type":"","overlay-color":"","overlay-opacity":"","overlay-gradient":""},"mobile":{"background-color":"","background-image":"","background-repeat":"repeat","background-position":"center center","background-size":"auto","background-attachment":"scroll","background-type":"","background-media":"","overlay-type":"","overlay-color":"","overlay-opacity":"","overlay-gradient":""}},"ast-content-background-meta":{"desktop":{"background-color":"var(--ast-global-color-4)","background-image":"","background-repeat":"repeat","background-position":"center center","background-size":"auto","background-attachment":"scroll","background-type":"","background-media":"","overlay-type":"","overlay-color":"","overlay-opacity":"","overlay-gradient":""},"tablet":{"background-color":"var(--ast-global-color-4)","background-image":"","background-repeat":"repeat","background-position":"center center","background-size":"auto","background-attachment":"scroll","background-type":"","background-media":"","overlay-type":"","overlay-color":"","overlay-opacity":"","overlay-gradient":""},"mobile":{"background-color":"var(--ast-global-color-4)","background-image":"","background-repeat":"repeat","background-position":"center center","background-size":"auto","background-attachment":"scroll","background-type":"","background-media":"","overlay-type":"","overlay-color":"","overlay-opacity":"","overlay-gradient":""}}},"product_brand":[],"product_cat":[21],"product_tag":[],"class_list":{"0":"post-135","1":"product","2":"type-product","3":"status-publish","4":"has-post-thumbnail","6":"product_cat-cosmetica-facial","7":"desktop-align-left","8":"tablet-align-left","9":"mobile-align-left","11":"first","12":"instock","13":"taxable","14":"shipping-taxable","15":"product-type-simple"},"yoast_head":"<!-- This site is optimized with the Yoast SEO plugin v26.8 - https:\/\/yoast.com\/product\/yoast-seo-wordpress\/ -->\n<title>S\u00e9rum Facial Piel Radiante BIO Regenerador | Piel seca - Dehesia<\/title>\n<meta name=\"description\" content=\"Excelente tratamiento anti-edad concentrado en antioxidantes y activos regeneradores que nutre, regenera y revitaliza la piel de forma inmediata.\" \/>\n<meta name=\"robots\" content=\"index, follow, max-snippet:-1, max-image-preview:large, max-video-preview:-1\" \/>\n<link rel=\"canonical\" href=\"http:\/\/wp2.iesagora.es:60011\/dehesia\/tienda\/cosmetica-facial\/serum-facial-piel-radiante-bio-regenerador-piel-seca\/\" \/>\n<meta property=\"og:locale\" content=\"es_ES\" \/>\n<meta property=\"og:type\" content=\"article\" \/>\n<meta property=\"og:title\" content=\"S\u00e9rum Facial Piel Radiante BIO Regenerador | Piel seca - Dehesia\" \/>\n<meta property=\"og:description\" content=\"Excelente tratamiento anti-edad concentrado en antioxidantes y activos regeneradores que nutre, regenera y revitaliza la piel de forma inmediata.\" \/>\n<meta property=\"og:url\" content=\"http:\/\/wp2.iesagora.es:60011\/dehesia\/tienda\/cosmetica-facial\/serum-facial-piel-radiante-bio-regenerador-piel-seca\/\" \/>\n<meta property=\"og:site_name\" content=\"Dehesia\" \/>\n<meta property=\"article:modified_time\" content=\"2026-03-23T17:13:52+00:00\" \/>\n<meta property=\"og:image\" content=\"http:\/\/wp2.iesagora.es:60011\/dehesia\/wp-content\/uploads\/sites\/141\/2026\/03\/serum-facial-natural-regenerador-piel-radiante-bio-dehesia.webp\" \/>\n\t<meta property=\"og:image:width\" content=\"1200\" \/>\n\t<meta property=\"og:image:height\" content=\"1200\" \/>\n\t<meta property=\"og:image:type\" content=\"image\/webp\" \/>\n<meta name=\"twitter:card\" content=\"summary_large_image\" \/>\n<meta name=\"twitter:label1\" content=\"Tiempo de lectura\" \/>\n\t<meta name=\"twitter:data1\" content=\"3 minutos\" \/>\n<script type=\"application\/ld+json\" class=\"yoast-schema-graph\">{\"@context\":\"https:\/\/schema.org\",\"@graph\":[{\"@type\":\"WebPage\",\"@id\":\"http:\/\/wp2.iesagora.es:60011\/dehesia\/tienda\/cosmetica-facial\/serum-facial-piel-radiante-bio-regenerador-piel-seca\/\",\"url\":\"http:\/\/wp2.iesagora.es:60011\/dehesia\/tienda\/cosmetica-facial\/serum-facial-piel-radiante-bio-regenerador-piel-seca\/\",\"name\":\"S\u00e9rum Facial Piel Radiante BIO Regenerador | Piel seca - Dehesia\",\"isPartOf\":{\"@id\":\"http:\/\/wp2.iesagora.es:60011\/dehesia\/#website\"},\"primaryImageOfPage\":{\"@id\":\"http:\/\/wp2.iesagora.es:60011\/dehesia\/tienda\/cosmetica-facial\/serum-facial-piel-radiante-bio-regenerador-piel-seca\/#primaryimage\"},\"image\":{\"@id\":\"http:\/\/wp2.iesagora.es:60011\/dehesia\/tienda\/cosmetica-facial\/serum-facial-piel-radiante-bio-regenerador-piel-seca\/#primaryimage\"},\"thumbnailUrl\":\"http:\/\/wp2.iesagora.es:60011\/dehesia\/wp-content\/uploads\/sites\/141\/2026\/03\/serum-facial-natural-regenerador-piel-radiante-bio-dehesia.webp\",\"datePublished\":\"2026-03-23T09:43:51+00:00\",\"dateModified\":\"2026-03-23T17:13:52+00:00\",\"description\":\"Excelente tratamiento anti-edad concentrado en antioxidantes y activos regeneradores que nutre, regenera y revitaliza la piel de forma inmediata.\",\"breadcrumb\":{\"@id\":\"http:\/\/wp2.iesagora.es:60011\/dehesia\/tienda\/cosmetica-facial\/serum-facial-piel-radiante-bio-regenerador-piel-seca\/#breadcrumb\"},\"inLanguage\":\"es\",\"potentialAction\":[{\"@type\":\"ReadAction\",\"target\":[\"http:\/\/wp2.iesagora.es:60011\/dehesia\/tienda\/cosmetica-facial\/serum-facial-piel-radiante-bio-regenerador-piel-seca\/\"]}]},{\"@type\":\"ImageObject\",\"inLanguage\":\"es\",\"@id\":\"http:\/\/wp2.iesagora.es:60011\/dehesia\/tienda\/cosmetica-facial\/serum-facial-piel-radiante-bio-regenerador-piel-seca\/#primaryimage\",\"url\":\"http:\/\/wp2.iesagora.es:60011\/dehesia\/wp-content\/uploads\/sites\/141\/2026\/03\/serum-facial-natural-regenerador-piel-radiante-bio-dehesia.webp\",\"contentUrl\":\"http:\/\/wp2.iesagora.es:60011\/dehesia\/wp-content\/uploads\/sites\/141\/2026\/03\/serum-facial-natural-regenerador-piel-radiante-bio-dehesia.webp\",\"width\":1200,\"height\":1200},{\"@type\":\"BreadcrumbList\",\"@id\":\"http:\/\/wp2.iesagora.es:60011\/dehesia\/tienda\/cosmetica-facial\/serum-facial-piel-radiante-bio-regenerador-piel-seca\/#breadcrumb\",\"itemListElement\":[{\"@type\":\"ListItem\",\"position\":1,\"name\":\"Portada\",\"item\":\"http:\/\/wp2.iesagora.es:60011\/dehesia\/\"},{\"@type\":\"ListItem\",\"position\":2,\"name\":\"Tienda\",\"item\":\"http:\/\/wp2.iesagora.es:60011\/dehesia\/tienda\/\"},{\"@type\":\"ListItem\",\"position\":3,\"name\":\"S\u00e9rum Facial Piel Radiante BIO Regenerador | Piel seca\"}]},{\"@type\":\"WebSite\",\"@id\":\"http:\/\/wp2.iesagora.es:60011\/dehesia\/#website\",\"url\":\"http:\/\/wp2.iesagora.es:60011\/dehesia\/\",\"name\":\"Dehesia\",\"description\":\"Cosm\u00e9tica natural y ecol\u00f3gica\",\"publisher\":{\"@id\":\"http:\/\/wp2.iesagora.es:60011\/dehesia\/#organization\"},\"potentialAction\":[{\"@type\":\"SearchAction\",\"target\":{\"@type\":\"EntryPoint\",\"urlTemplate\":\"http:\/\/wp2.iesagora.es:60011\/dehesia\/?s={search_term_string}\"},\"query-input\":{\"@type\":\"PropertyValueSpecification\",\"valueRequired\":true,\"valueName\":\"search_term_string\"}}],\"inLanguage\":\"es\"},{\"@type\":\"Organization\",\"@id\":\"http:\/\/wp2.iesagora.es:60011\/dehesia\/#organization\",\"name\":\"Dehesia\",\"url\":\"http:\/\/wp2.iesagora.es:60011\/dehesia\/\",\"logo\":{\"@type\":\"ImageObject\",\"inLanguage\":\"es\",\"@id\":\"http:\/\/wp2.iesagora.es:60011\/dehesia\/#\/schema\/logo\/image\/\",\"url\":\"http:\/\/wp2.iesagora.es:60011\/dehesia\/wp-content\/uploads\/sites\/141\/2026\/03\/cropped-cropped-LOGO-DEHESIA-1.webp\",\"contentUrl\":\"http:\/\/wp2.iesagora.es:60011\/dehesia\/wp-content\/uploads\/sites\/141\/2026\/03\/cropped-cropped-LOGO-DEHESIA-1.webp\",\"width\":500,\"height\":166,\"caption\":\"Dehesia\"},\"image\":{\"@id\":\"http:\/\/wp2.iesagora.es:60011\/dehesia\/#\/schema\/logo\/image\/\"}}]}<\/script>\n<!-- \/ Yoast SEO plugin. -->","yoast_head_json":{"title":"S\u00e9rum Facial Piel Radiante BIO Regenerador | Piel seca - Dehesia","description":"Excelente tratamiento anti-edad concentrado en antioxidantes y activos regeneradores que nutre, regenera y revitaliza la piel de forma inmediata.","robots":{"index":"index","follow":"follow","max-snippet":"max-snippet:-1","max-image-preview":"max-image-preview:large","max-video-preview":"max-video-preview:-1"},"canonical":"http:\/\/wp2.iesagora.es:60011\/dehesia\/tienda\/cosmetica-facial\/serum-facial-piel-radiante-bio-regenerador-piel-seca\/","og_locale":"es_ES","og_type":"article","og_title":"S\u00e9rum Facial Piel Radiante BIO Regenerador | Piel seca - Dehesia","og_description":"Excelente tratamiento anti-edad concentrado en antioxidantes y activos regeneradores que nutre, regenera y revitaliza la piel de forma inmediata.","og_url":"http:\/\/wp2.iesagora.es:60011\/dehesia\/tienda\/cosmetica-facial\/serum-facial-piel-radiante-bio-regenerador-piel-seca\/","og_site_name":"Dehesia","article_modified_time":"2026-03-23T17:13:52+00:00","og_image":[{"width":1200,"height":1200,"url":"http:\/\/wp2.iesagora.es:60011\/dehesia\/wp-content\/uploads\/sites\/141\/2026\/03\/serum-facial-natural-regenerador-piel-radiante-bio-dehesia.webp","type":"image\/webp"}],"twitter_card":"summary_large_image","twitter_misc":{"Tiempo de lectura":"3 minutos"},"schema":{"@context":"https:\/\/schema.org","@graph":[{"@type":"WebPage","@id":"http:\/\/wp2.iesagora.es:60011\/dehesia\/tienda\/cosmetica-facial\/serum-facial-piel-radiante-bio-regenerador-piel-seca\/","url":"http:\/\/wp2.iesagora.es:60011\/dehesia\/tienda\/cosmetica-facial\/serum-facial-piel-radiante-bio-regenerador-piel-seca\/","name":"S\u00e9rum Facial Piel Radiante BIO Regenerador | Piel seca - Dehesia","isPartOf":{"@id":"http:\/\/wp2.iesagora.es:60011\/dehesia\/#website"},"primaryImageOfPage":{"@id":"http:\/\/wp2.iesagora.es:60011\/dehesia\/tienda\/cosmetica-facial\/serum-facial-piel-radiante-bio-regenerador-piel-seca\/#primaryimage"},"image":{"@id":"http:\/\/wp2.iesagora.es:60011\/dehesia\/tienda\/cosmetica-facial\/serum-facial-piel-radiante-bio-regenerador-piel-seca\/#primaryimage"},"thumbnailUrl":"http:\/\/wp2.iesagora.es:60011\/dehesia\/wp-content\/uploads\/sites\/141\/2026\/03\/serum-facial-natural-regenerador-piel-radiante-bio-dehesia.webp","datePublished":"2026-03-23T09:43:51+00:00","dateModified":"2026-03-23T17:13:52+00:00","description":"Excelente tratamiento anti-edad concentrado en antioxidantes y activos regeneradores que nutre, regenera y revitaliza la piel de forma inmediata.","breadcrumb":{"@id":"http:\/\/wp2.iesagora.es:60011\/dehesia\/tienda\/cosmetica-facial\/serum-facial-piel-radiante-bio-regenerador-piel-seca\/#breadcrumb"},"inLanguage":"es","potentialAction":[{"@type":"ReadAction","target":["http:\/\/wp2.iesagora.es:60011\/dehesia\/tienda\/cosmetica-facial\/serum-facial-piel-radiante-bio-regenerador-piel-seca\/"]}]},{"@type":"ImageObject","inLanguage":"es","@id":"http:\/\/wp2.iesagora.es:60011\/dehesia\/tienda\/cosmetica-facial\/serum-facial-piel-radiante-bio-regenerador-piel-seca\/#primaryimage","url":"http:\/\/wp2.iesagora.es:60011\/dehesia\/wp-content\/uploads\/sites\/141\/2026\/03\/serum-facial-natural-regenerador-piel-radiante-bio-dehesia.webp","contentUrl":"http:\/\/wp2.iesagora.es:60011\/dehesia\/wp-content\/uploads\/sites\/141\/2026\/03\/serum-facial-natural-regenerador-piel-radiante-bio-dehesia.webp","width":1200,"height":1200},{"@type":"BreadcrumbList","@id":"http:\/\/wp2.iesagora.es:60011\/dehesia\/tienda\/cosmetica-facial\/serum-facial-piel-radiante-bio-regenerador-piel-seca\/#breadcrumb","itemListElement":[{"@type":"ListItem","position":1,"name":"Portada","item":"http:\/\/wp2.iesagora.es:60011\/dehesia\/"},{"@type":"ListItem","position":2,"name":"Tienda","item":"http:\/\/wp2.iesagora.es:60011\/dehesia\/tienda\/"},{"@type":"ListItem","position":3,"name":"S\u00e9rum Facial Piel Radiante BIO Regenerador | Piel seca"}]},{"@type":"WebSite","@id":"http:\/\/wp2.iesagora.es:60011\/dehesia\/#website","url":"http:\/\/wp2.iesagora.es:60011\/dehesia\/","name":"Dehesia","description":"Cosm\u00e9tica natural y ecol\u00f3gica","publisher":{"@id":"http:\/\/wp2.iesagora.es:60011\/dehesia\/#organization"},"potentialAction":[{"@type":"SearchAction","target":{"@type":"EntryPoint","urlTemplate":"http:\/\/wp2.iesagora.es:60011\/dehesia\/?s={search_term_string}"},"query-input":{"@type":"PropertyValueSpecification","valueRequired":true,"valueName":"search_term_string"}}],"inLanguage":"es"},{"@type":"Organization","@id":"http:\/\/wp2.iesagora.es:60011\/dehesia\/#organization","name":"Dehesia","url":"http:\/\/wp2.iesagora.es:60011\/dehesia\/","logo":{"@type":"ImageObject","inLanguage":"es","@id":"http:\/\/wp2.iesagora.es:60011\/dehesia\/#\/schema\/logo\/image\/","url":"http:\/\/wp2.iesagora.es:60011\/dehesia\/wp-content\/uploads\/sites\/141\/2026\/03\/cropped-cropped-LOGO-DEHESIA-1.webp","contentUrl":"http:\/\/wp2.iesagora.es:60011\/dehesia\/wp-content\/uploads\/sites\/141\/2026\/03\/cropped-cropped-LOGO-DEHESIA-1.webp","width":500,"height":166,"caption":"Dehesia"},"image":{"@id":"http:\/\/wp2.iesagora.es:60011\/dehesia\/#\/schema\/logo\/image\/"}}]}},"_links":{"self":[{"href":"http:\/\/wp2.iesagora.es:60011\/dehesia\/wp-json\/wp\/v2\/product\/135","targetHints":{"allow":["GET"]}}],"collection":[{"href":"http:\/\/wp2.iesagora.es:60011\/dehesia\/wp-json\/wp\/v2\/product"}],"about":[{"href":"http:\/\/wp2.iesagora.es:60011\/dehesia\/wp-json\/wp\/v2\/types\/product"}],"replies":[{"embeddable":true,"href":"http:\/\/wp2.iesagora.es:60011\/dehesia\/wp-json\/wp\/v2\/comments?post=135"}],"wp:featuredmedia":[{"embeddable":true,"href":"http:\/\/wp2.iesagora.es:60011\/dehesia\/wp-json\/wp\/v2\/media\/137"}],"wp:attachment":[{"href":"http:\/\/wp2.iesagora.es:60011\/dehesia\/wp-json\/wp\/v2\/media?parent=135"}],"wp:term":[{"taxonomy":"product_brand","embeddable":true,"href":"http:\/\/wp2.iesagora.es:60011\/dehesia\/wp-json\/wp\/v2\/product_brand?post=135"},{"taxonomy":"product_cat","embeddable":true,"href":"http:\/\/wp2.iesagora.es:60011\/dehesia\/wp-json\/wp\/v2\/product_cat?post=135"},{"taxonomy":"product_tag","embeddable":true,"href":"http:\/\/wp2.iesagora.es:60011\/dehesia\/wp-json\/wp\/v2\/product_tag?post=135"}],"curies":[{"name":"wp","href":"https:\/\/api.w.org\/{rel}","templated":true}]}}