{"id":22,"date":"2025-12-15T20:03:58","date_gmt":"2025-12-15T19:03:58","guid":{"rendered":"http:\/\/wp2.iesagora.es:60011\/dehesia\/?page_id=22"},"modified":"2026-03-23T13:41:55","modified_gmt":"2026-03-23T12:41:55","slug":"blog","status":"publish","type":"page","link":"http:\/\/wp2.iesagora.es:60011\/dehesia\/blog\/","title":{"rendered":"Blog"},"content":{"rendered":"\t\t<div data-elementor-type=\"wp-page\" data-elementor-id=\"22\" class=\"elementor elementor-22\" data-elementor-post-type=\"page\">\n\t\t\t\t<div class=\"elementor-element elementor-element-8a0b5f5 e-con-full e-flex e-con e-parent\" data-id=\"8a0b5f5\" data-element_type=\"container\" data-settings=\"{&quot;background_background&quot;:&quot;classic&quot;}\">\n\t\t<div class=\"elementor-element elementor-element-f5d8382 e-con-full e-flex e-con e-child\" data-id=\"f5d8382\" data-element_type=\"container\">\n\t\t\t\t<\/div>\n\t\t<div class=\"elementor-element elementor-element-644c9ea e-con-full e-flex e-con e-child\" data-id=\"644c9ea\" data-element_type=\"container\">\n\t\t\t\t<div class=\"elementor-element elementor-element-71274ff elementor-widget elementor-widget-heading\" data-id=\"71274ff\" data-element_type=\"widget\" data-widget_type=\"heading.default\">\n\t\t\t\t\t<h2 class=\"elementor-heading-title elementor-size-default\">BLOG DEHESIA<\/h2>\t\t\t\t<\/div>\n\t\t\t\t<div class=\"elementor-element elementor-element-383ba70 elementor-widget elementor-widget-text-editor\" data-id=\"383ba70\" data-element_type=\"widget\" data-widget_type=\"text-editor.default\">\n\t\t\t\t\t\t\t\t\t<p><span style=\"font-style: inherit;font-weight: inherit\">Bienvenid@ al blog de Dehesia. \u00bfQuieres conocer todas las novedades, consejos y trucos de cosm\u00e9tica natural?<\/span><\/p><p><span style=\"font-style: inherit;font-weight: inherit\">En Dehesia hemos creado este blog de cosm\u00e9tica natural para que aprendas todo acerca de los cuidados faciales, corporales y capilares. Aqu\u00ed te ense\u00f1aremos a cuidarte de la forma m\u00e1s saludable con productos sostenibles, ecol\u00f3gicos y realmente naturales que ayudar\u00e1n a que tu piel luzca sana y radiante mientras cuidas de la naturaleza que nos rodea. \u00a1A disfrutarlo!<\/span><\/p>\t\t\t\t\t\t\t\t<\/div>\n\t\t\t\t<\/div>\n\t\t<div class=\"elementor-element elementor-element-4b1af86 e-con-full e-flex e-con e-child\" data-id=\"4b1af86\" data-element_type=\"container\" data-settings=\"{&quot;background_background&quot;:&quot;classic&quot;,&quot;shape_divider_top&quot;:&quot;triangle-asymmetrical&quot;}\">\n\t\t\t\t<div class=\"elementor-shape elementor-shape-top\" aria-hidden=\"true\" data-negative=\"false\">\n\t\t\t<svg xmlns=\"http:\/\/www.w3.org\/2000\/svg\" viewBox=\"0 0 1000 100\" preserveAspectRatio=\"none\">\n\t<path class=\"elementor-shape-fill\" d=\"M738,99l262-93V0H0v5.6L738,99z\"\/>\n<\/svg>\t\t<\/div>\n\t\t\t\t<\/div>\n\t\t\t\t<\/div>\n\t\t<div class=\"elementor-element elementor-element-e87a53f e-flex e-con-boxed e-con e-parent\" data-id=\"e87a53f\" data-element_type=\"container\">\n\t\t\t\t\t<div class=\"e-con-inner\">\n\t\t<div class=\"elementor-element elementor-element-9c6530a e-con-full e-flex e-con e-child\" data-id=\"9c6530a\" data-element_type=\"container\">\n\t\t\t\t<div class=\"elementor-element elementor-element-da4aada elementor-widget elementor-widget-button\" data-id=\"da4aada\" data-element_type=\"widget\" data-widget_type=\"button.default\">\n\t\t\t\t\t\t\t\t\t\t<a class=\"elementor-button elementor-button-link elementor-size-sm\" href=\"#\">\n\t\t\t\t\t\t<span class=\"elementor-button-content-wrapper\">\n\t\t\t\t\t\t\t\t\t<span class=\"elementor-button-text\">M\u00f3dulos<\/span>\n\t\t\t\t\t<\/span>\n\t\t\t\t\t<\/a>\n\t\t\t\t\t\t\t\t<\/div>\n\t\t\t\t<\/div>\n\t\t<div class=\"elementor-element elementor-element-580cba5 e-con-full e-flex e-con e-child\" data-id=\"580cba5\" data-element_type=\"container\">\n\t\t\t\t<div class=\"elementor-element elementor-element-ccaf17d elementor-widget elementor-widget-button\" data-id=\"ccaf17d\" data-element_type=\"widget\" data-widget_type=\"button.default\">\n\t\t\t\t\t\t\t\t\t\t<a class=\"elementor-button elementor-button-link elementor-size-sm\" href=\"#\">\n\t\t\t\t\t\t<span class=\"elementor-button-content-wrapper\">\n\t\t\t\t\t\t\t\t\t<span class=\"elementor-button-text\">Haz clic aqu\u00ed<\/span>\n\t\t\t\t\t<\/span>\n\t\t\t\t\t<\/a>\n\t\t\t\t\t\t\t\t<\/div>\n\t\t\t\t<\/div>\n\t\t\t\t\t<\/div>\n\t\t\t\t<\/div>\n\t\t<div class=\"elementor-element elementor-element-397f79d e-flex e-con-boxed e-con e-parent\" data-id=\"397f79d\" data-element_type=\"container\">\n\t\t\t\t\t<div class=\"e-con-inner\">\n\t\t\t\t<div class=\"elementor-element elementor-element-5e51526 elementor-grid-2 elementor-grid-tablet-2 elementor-grid-mobile-1 elementor-posts--thumbnail-top elementor-card-shadow-yes elementor-posts__hover-gradient elementor-widget elementor-widget-posts\" data-id=\"5e51526\" data-element_type=\"widget\" data-settings=\"{&quot;cards_columns&quot;:&quot;2&quot;,&quot;cards_columns_tablet&quot;:&quot;2&quot;,&quot;cards_columns_mobile&quot;:&quot;1&quot;,&quot;cards_row_gap&quot;:{&quot;unit&quot;:&quot;px&quot;,&quot;size&quot;:35,&quot;sizes&quot;:[]},&quot;cards_row_gap_tablet&quot;:{&quot;unit&quot;:&quot;px&quot;,&quot;size&quot;:&quot;&quot;,&quot;sizes&quot;:[]},&quot;cards_row_gap_mobile&quot;:{&quot;unit&quot;:&quot;px&quot;,&quot;size&quot;:&quot;&quot;,&quot;sizes&quot;:[]}}\" data-widget_type=\"posts.cards\">\n\t\t\t\t<div class=\"elementor-widget-container\">\n\t\t\t\t\t\t\t<div class=\"elementor-posts-container elementor-posts elementor-posts--skin-cards elementor-grid\">\n\t\t\t\t<article class=\"elementor-post elementor-grid-item post-79 post type-post status-publish format-standard has-post-thumbnail hentry category-plantas-de-la-dehesa\">\n\t\t\t<div class=\"elementor-post__card\">\n\t\t\t\t<a class=\"elementor-post__thumbnail__link\" href=\"http:\/\/wp2.iesagora.es:60011\/dehesia\/que-propiedades-tiene-el-aceite-higo-chumbo\/\" tabindex=\"-1\" ><div class=\"elementor-post__thumbnail\"><img fetchpriority=\"high\" decoding=\"async\" width=\"300\" height=\"200\" src=\"http:\/\/wp2.iesagora.es:60011\/dehesia\/wp-content\/uploads\/sites\/141\/2026\/03\/opuntia-ficus-indica-prickly-pear-plant-300x200.webp\" class=\"attachment-medium size-medium wp-image-118\" alt=\"aceite higo chumbo propiedades\" srcset=\"http:\/\/wp2.iesagora.es:60011\/dehesia\/wp-content\/uploads\/sites\/141\/2026\/03\/opuntia-ficus-indica-prickly-pear-plant-300x200.webp 300w, http:\/\/wp2.iesagora.es:60011\/dehesia\/wp-content\/uploads\/sites\/141\/2026\/03\/opuntia-ficus-indica-prickly-pear-plant-1024x683.webp 1024w, http:\/\/wp2.iesagora.es:60011\/dehesia\/wp-content\/uploads\/sites\/141\/2026\/03\/opuntia-ficus-indica-prickly-pear-plant-768x512.webp 768w, http:\/\/wp2.iesagora.es:60011\/dehesia\/wp-content\/uploads\/sites\/141\/2026\/03\/opuntia-ficus-indica-prickly-pear-plant-1536x1024.webp 1536w, http:\/\/wp2.iesagora.es:60011\/dehesia\/wp-content\/uploads\/sites\/141\/2026\/03\/opuntia-ficus-indica-prickly-pear-plant-2048x1365.webp 2048w, http:\/\/wp2.iesagora.es:60011\/dehesia\/wp-content\/uploads\/sites\/141\/2026\/03\/opuntia-ficus-indica-prickly-pear-plant-600x400.webp 600w\" sizes=\"(max-width: 300px) 100vw, 300px\" \/><\/div><\/a>\n\t\t\t\t<div class=\"elementor-post__badge\">Plantas de la dehesa<\/div>\n\t\t\t\t<div class=\"elementor-post__text\">\n\t\t\t\t<h3 class=\"elementor-post__title\">\n\t\t\t<a href=\"http:\/\/wp2.iesagora.es:60011\/dehesia\/que-propiedades-tiene-el-aceite-higo-chumbo\/\" >\n\t\t\t\t\u00bfQu\u00e9 propiedades tiene el aceite higo chumbo?\t\t\t<\/a>\n\t\t<\/h3>\n\t\t\t\t<div class=\"elementor-post__excerpt\">\n\t\t\t<p>Descubre las propiedades del aceite higo chumbo, el b\u00f3tox natural. Conoce sus beneficios, usos y opiniones para lucir una piel radiante y joven.<\/p>\n\t\t<\/div>\n\t\t\n\t\t<a class=\"elementor-post__read-more\" href=\"http:\/\/wp2.iesagora.es:60011\/dehesia\/que-propiedades-tiene-el-aceite-higo-chumbo\/\" aria-label=\"Read more about \u00bfQu\u00e9 propiedades tiene el aceite higo chumbo?\" tabindex=\"-1\" >\n\t\t\tRead More \u00bb\t\t<\/a>\n\n\t\t\t\t<\/div>\n\t\t\t\t<div class=\"elementor-post__meta-data\">\n\t\t\t\t\t<span class=\"elementor-post-date\">\n\t\t\t20 de marzo de 2026\t\t<\/span>\n\t\t\t\t<span class=\"elementor-post-avatar\">\n\t\t\tNo hay comentarios\t\t<\/span>\n\t\t\t\t<\/div>\n\t\t\t\t\t<\/div>\n\t\t<\/article>\n\t\t\t\t<article class=\"elementor-post elementor-grid-item post-1 post type-post status-publish format-standard hentry category-sin-categoria\">\n\t\t\t<div class=\"elementor-post__card\">\n\t\t\t\t<div class=\"elementor-post__text\">\n\t\t\t\t<h3 class=\"elementor-post__title\">\n\t\t\t<a href=\"http:\/\/wp2.iesagora.es:60011\/dehesia\/hola-mundo\/\" >\n\t\t\t\t\u00a1Hola, mundo!\t\t\t<\/a>\n\t\t<\/h3>\n\t\t\t\t<div class=\"elementor-post__excerpt\">\n\t\t\t<p>Welcome to Multisite WordPress del IES \u00c1gora (LAB). This is your first post. Edit or delete it, then start writing!<\/p>\n\t\t<\/div>\n\t\t\n\t\t<a class=\"elementor-post__read-more\" href=\"http:\/\/wp2.iesagora.es:60011\/dehesia\/hola-mundo\/\" aria-label=\"Read more about \u00a1Hola, mundo!\" tabindex=\"-1\" >\n\t\t\tRead More \u00bb\t\t<\/a>\n\n\t\t\t\t<\/div>\n\t\t\t\t<div class=\"elementor-post__meta-data\">\n\t\t\t\t\t<span class=\"elementor-post-date\">\n\t\t\t3 de diciembre de 2025\t\t<\/span>\n\t\t\t\t<span class=\"elementor-post-avatar\">\n\t\t\t1 comentario\t\t<\/span>\n\t\t\t\t<\/div>\n\t\t\t\t\t<\/div>\n\t\t<\/article>\n\t\t\t\t<\/div>\n\t\t\n\t\t\t\t\t\t<\/div>\n\t\t\t\t<\/div>\n\t\t\t\t\t<\/div>\n\t\t\t\t<\/div>\n\t\t\t\t<\/div>\n\t\t","protected":false},"excerpt":{"rendered":"<p>BLOG DEHESIA Bienvenid@ al blog de Dehesia. \u00bfQuieres conocer todas las novedades, consejos y trucos de cosm\u00e9tica natural? En Dehesia [&hellip;]<\/p>\n","protected":false},"author":19,"featured_media":0,"parent":0,"menu_order":0,"comment_status":"closed","ping_status":"closed","template":"elementor_header_footer","meta":{"site-sidebar-layout":"no-sidebar","site-content-layout":"","ast-site-content-layout":"full-width-container","site-content-style":"default","site-sidebar-style":"default","ast-global-header-display":"","ast-banner-title-visibility":"","ast-main-header-display":"","ast-hfb-above-header-display":"","ast-hfb-below-header-display":"","ast-hfb-mobile-header-display":"","site-post-title":"disabled","ast-breadcrumbs-content":"","ast-featured-img":"disabled","footer-sml-layout":"","theme-transparent-header-meta":"","adv-header-id-meta":"","stick-header-meta":"","header-above-stick-meta":"","header-main-stick-meta":"","header-below-stick-meta":"","astra-migrate-meta-layouts":"default","ast-page-background-enabled":"default","ast-page-background-meta":{"desktop":{"background-color":"var(--ast-global-color-5)","background-image":"","background-repeat":"repeat","background-position":"center center","background-size":"auto","background-attachment":"scroll","background-type":"","background-media":"","overlay-type":"","overlay-color":"","overlay-opacity":"","overlay-gradient":""},"tablet":{"background-color":"","background-image":"","background-repeat":"repeat","background-position":"center center","background-size":"auto","background-attachment":"scroll","background-type":"","background-media":"","overlay-type":"","overlay-color":"","overlay-opacity":"","overlay-gradient":""},"mobile":{"background-color":"","background-image":"","background-repeat":"repeat","background-position":"center center","background-size":"auto","background-attachment":"scroll","background-type":"","background-media":"","overlay-type":"","overlay-color":"","overlay-opacity":"","overlay-gradient":""}},"ast-content-background-meta":{"desktop":{"background-color":"var(--ast-global-color-4)","background-image":"","background-repeat":"repeat","background-position":"center center","background-size":"auto","background-attachment":"scroll","background-type":"","background-media":"","overlay-type":"","overlay-color":"","overlay-opacity":"","overlay-gradient":""},"tablet":{"background-color":"var(--ast-global-color-4)","background-image":"","background-repeat":"repeat","background-position":"center center","background-size":"auto","background-attachment":"scroll","background-type":"","background-media":"","overlay-type":"","overlay-color":"","overlay-opacity":"","overlay-gradient":""},"mobile":{"background-color":"var(--ast-global-color-4)","background-image":"","background-repeat":"repeat","background-position":"center center","background-size":"auto","background-attachment":"scroll","background-type":"","background-media":"","overlay-type":"","overlay-color":"","overlay-opacity":"","overlay-gradient":""}},"footnotes":""},"class_list":["post-22","page","type-page","status-publish","hentry"],"yoast_head":"<!-- This site is optimized with the Yoast SEO plugin v26.8 - https:\/\/yoast.com\/product\/yoast-seo-wordpress\/ -->\n<title>Blog de cosm\u00e9tica natural y ecol\u00f3gica | Dehesia<\/title>\n<meta name=\"description\" content=\"Descubre nuestro blog sobre cosm\u00e9tica natural y ecol\u00f3gica. Aprende consejos sobre cuidados faciales y productos sostenibles.\" \/>\n<meta name=\"robots\" content=\"index, follow, max-snippet:-1, max-image-preview:large, max-video-preview:-1\" \/>\n<link rel=\"canonical\" href=\"http:\/\/wp2.iesagora.es:60011\/dehesia\/blog\/\" \/>\n<meta property=\"og:locale\" content=\"es_ES\" \/>\n<meta property=\"og:type\" content=\"article\" \/>\n<meta property=\"og:title\" content=\"Blog de cosm\u00e9tica natural y ecol\u00f3gica | Dehesia\" \/>\n<meta property=\"og:description\" content=\"Descubre nuestro blog sobre cosm\u00e9tica natural y ecol\u00f3gica. Aprende consejos sobre cuidados faciales y productos sostenibles.\" \/>\n<meta property=\"og:url\" content=\"http:\/\/wp2.iesagora.es:60011\/dehesia\/blog\/\" \/>\n<meta property=\"og:site_name\" content=\"Dehesia\" \/>\n<meta property=\"article:modified_time\" content=\"2026-03-23T12:41:55+00:00\" \/>\n<meta name=\"twitter:card\" content=\"summary_large_image\" \/>\n<meta name=\"twitter:label1\" content=\"Tiempo de lectura\" \/>\n\t<meta name=\"twitter:data1\" content=\"1 minuto\" \/>\n<script type=\"application\/ld+json\" class=\"yoast-schema-graph\">{\"@context\":\"https:\/\/schema.org\",\"@graph\":[{\"@type\":\"WebPage\",\"@id\":\"http:\/\/wp2.iesagora.es:60011\/dehesia\/blog\/\",\"url\":\"http:\/\/wp2.iesagora.es:60011\/dehesia\/blog\/\",\"name\":\"Blog de cosm\u00e9tica natural y ecol\u00f3gica | Dehesia\",\"isPartOf\":{\"@id\":\"http:\/\/wp2.iesagora.es:60011\/dehesia\/#website\"},\"datePublished\":\"2025-12-15T19:03:58+00:00\",\"dateModified\":\"2026-03-23T12:41:55+00:00\",\"description\":\"Descubre nuestro blog sobre cosm\u00e9tica natural y ecol\u00f3gica. Aprende consejos sobre cuidados faciales y productos sostenibles.\",\"breadcrumb\":{\"@id\":\"http:\/\/wp2.iesagora.es:60011\/dehesia\/blog\/#breadcrumb\"},\"inLanguage\":\"es\",\"potentialAction\":[{\"@type\":\"ReadAction\",\"target\":[\"http:\/\/wp2.iesagora.es:60011\/dehesia\/blog\/\"]}]},{\"@type\":\"BreadcrumbList\",\"@id\":\"http:\/\/wp2.iesagora.es:60011\/dehesia\/blog\/#breadcrumb\",\"itemListElement\":[{\"@type\":\"ListItem\",\"position\":1,\"name\":\"Portada\",\"item\":\"http:\/\/wp2.iesagora.es:60011\/dehesia\/\"},{\"@type\":\"ListItem\",\"position\":2,\"name\":\"Blog\"}]},{\"@type\":\"WebSite\",\"@id\":\"http:\/\/wp2.iesagora.es:60011\/dehesia\/#website\",\"url\":\"http:\/\/wp2.iesagora.es:60011\/dehesia\/\",\"name\":\"Dehesia\",\"description\":\"Cosm\u00e9tica natural y ecol\u00f3gica\",\"publisher\":{\"@id\":\"http:\/\/wp2.iesagora.es:60011\/dehesia\/#organization\"},\"potentialAction\":[{\"@type\":\"SearchAction\",\"target\":{\"@type\":\"EntryPoint\",\"urlTemplate\":\"http:\/\/wp2.iesagora.es:60011\/dehesia\/?s={search_term_string}\"},\"query-input\":{\"@type\":\"PropertyValueSpecification\",\"valueRequired\":true,\"valueName\":\"search_term_string\"}}],\"inLanguage\":\"es\"},{\"@type\":\"Organization\",\"@id\":\"http:\/\/wp2.iesagora.es:60011\/dehesia\/#organization\",\"name\":\"Dehesia\",\"url\":\"http:\/\/wp2.iesagora.es:60011\/dehesia\/\",\"logo\":{\"@type\":\"ImageObject\",\"inLanguage\":\"es\",\"@id\":\"http:\/\/wp2.iesagora.es:60011\/dehesia\/#\/schema\/logo\/image\/\",\"url\":\"http:\/\/wp2.iesagora.es:60011\/dehesia\/wp-content\/uploads\/sites\/141\/2026\/03\/cropped-cropped-LOGO-DEHESIA-1.webp\",\"contentUrl\":\"http:\/\/wp2.iesagora.es:60011\/dehesia\/wp-content\/uploads\/sites\/141\/2026\/03\/cropped-cropped-LOGO-DEHESIA-1.webp\",\"width\":500,\"height\":166,\"caption\":\"Dehesia\"},\"image\":{\"@id\":\"http:\/\/wp2.iesagora.es:60011\/dehesia\/#\/schema\/logo\/image\/\"}}]}<\/script>\n<!-- \/ Yoast SEO plugin. -->","yoast_head_json":{"title":"Blog de cosm\u00e9tica natural y ecol\u00f3gica | Dehesia","description":"Descubre nuestro blog sobre cosm\u00e9tica natural y ecol\u00f3gica. Aprende consejos sobre cuidados faciales y productos sostenibles.","robots":{"index":"index","follow":"follow","max-snippet":"max-snippet:-1","max-image-preview":"max-image-preview:large","max-video-preview":"max-video-preview:-1"},"canonical":"http:\/\/wp2.iesagora.es:60011\/dehesia\/blog\/","og_locale":"es_ES","og_type":"article","og_title":"Blog de cosm\u00e9tica natural y ecol\u00f3gica | Dehesia","og_description":"Descubre nuestro blog sobre cosm\u00e9tica natural y ecol\u00f3gica. Aprende consejos sobre cuidados faciales y productos sostenibles.","og_url":"http:\/\/wp2.iesagora.es:60011\/dehesia\/blog\/","og_site_name":"Dehesia","article_modified_time":"2026-03-23T12:41:55+00:00","twitter_card":"summary_large_image","twitter_misc":{"Tiempo de lectura":"1 minuto"},"schema":{"@context":"https:\/\/schema.org","@graph":[{"@type":"WebPage","@id":"http:\/\/wp2.iesagora.es:60011\/dehesia\/blog\/","url":"http:\/\/wp2.iesagora.es:60011\/dehesia\/blog\/","name":"Blog de cosm\u00e9tica natural y ecol\u00f3gica | Dehesia","isPartOf":{"@id":"http:\/\/wp2.iesagora.es:60011\/dehesia\/#website"},"datePublished":"2025-12-15T19:03:58+00:00","dateModified":"2026-03-23T12:41:55+00:00","description":"Descubre nuestro blog sobre cosm\u00e9tica natural y ecol\u00f3gica. Aprende consejos sobre cuidados faciales y productos sostenibles.","breadcrumb":{"@id":"http:\/\/wp2.iesagora.es:60011\/dehesia\/blog\/#breadcrumb"},"inLanguage":"es","potentialAction":[{"@type":"ReadAction","target":["http:\/\/wp2.iesagora.es:60011\/dehesia\/blog\/"]}]},{"@type":"BreadcrumbList","@id":"http:\/\/wp2.iesagora.es:60011\/dehesia\/blog\/#breadcrumb","itemListElement":[{"@type":"ListItem","position":1,"name":"Portada","item":"http:\/\/wp2.iesagora.es:60011\/dehesia\/"},{"@type":"ListItem","position":2,"name":"Blog"}]},{"@type":"WebSite","@id":"http:\/\/wp2.iesagora.es:60011\/dehesia\/#website","url":"http:\/\/wp2.iesagora.es:60011\/dehesia\/","name":"Dehesia","description":"Cosm\u00e9tica natural y ecol\u00f3gica","publisher":{"@id":"http:\/\/wp2.iesagora.es:60011\/dehesia\/#organization"},"potentialAction":[{"@type":"SearchAction","target":{"@type":"EntryPoint","urlTemplate":"http:\/\/wp2.iesagora.es:60011\/dehesia\/?s={search_term_string}"},"query-input":{"@type":"PropertyValueSpecification","valueRequired":true,"valueName":"search_term_string"}}],"inLanguage":"es"},{"@type":"Organization","@id":"http:\/\/wp2.iesagora.es:60011\/dehesia\/#organization","name":"Dehesia","url":"http:\/\/wp2.iesagora.es:60011\/dehesia\/","logo":{"@type":"ImageObject","inLanguage":"es","@id":"http:\/\/wp2.iesagora.es:60011\/dehesia\/#\/schema\/logo\/image\/","url":"http:\/\/wp2.iesagora.es:60011\/dehesia\/wp-content\/uploads\/sites\/141\/2026\/03\/cropped-cropped-LOGO-DEHESIA-1.webp","contentUrl":"http:\/\/wp2.iesagora.es:60011\/dehesia\/wp-content\/uploads\/sites\/141\/2026\/03\/cropped-cropped-LOGO-DEHESIA-1.webp","width":500,"height":166,"caption":"Dehesia"},"image":{"@id":"http:\/\/wp2.iesagora.es:60011\/dehesia\/#\/schema\/logo\/image\/"}}]}},"_links":{"self":[{"href":"http:\/\/wp2.iesagora.es:60011\/dehesia\/wp-json\/wp\/v2\/pages\/22","targetHints":{"allow":["GET"]}}],"collection":[{"href":"http:\/\/wp2.iesagora.es:60011\/dehesia\/wp-json\/wp\/v2\/pages"}],"about":[{"href":"http:\/\/wp2.iesagora.es:60011\/dehesia\/wp-json\/wp\/v2\/types\/page"}],"author":[{"embeddable":true,"href":"http:\/\/wp2.iesagora.es:60011\/dehesia\/wp-json\/wp\/v2\/users\/19"}],"replies":[{"embeddable":true,"href":"http:\/\/wp2.iesagora.es:60011\/dehesia\/wp-json\/wp\/v2\/comments?post=22"}],"version-history":[{"count":53,"href":"http:\/\/wp2.iesagora.es:60011\/dehesia\/wp-json\/wp\/v2\/pages\/22\/revisions"}],"predecessor-version":[{"id":178,"href":"http:\/\/wp2.iesagora.es:60011\/dehesia\/wp-json\/wp\/v2\/pages\/22\/revisions\/178"}],"wp:attachment":[{"href":"http:\/\/wp2.iesagora.es:60011\/dehesia\/wp-json\/wp\/v2\/media?parent=22"}],"curies":[{"name":"wp","href":"https:\/\/api.w.org\/{rel}","templated":true}]}}