{"id":30,"date":"2026-01-12T20:55:23","date_gmt":"2026-01-12T19:55:23","guid":{"rendered":"http:\/\/wp2.iesagora.es:60011\/cafeteriazeris\/?page_id=30"},"modified":"2026-01-12T20:56:35","modified_gmt":"2026-01-12T19:56:35","slug":"elementor-30","status":"publish","type":"page","link":"http:\/\/wp2.iesagora.es:60011\/cafeteriazeris\/elementor-30\/","title":{"rendered":"Elementor #30"},"content":{"rendered":"\t\t<div data-elementor-type=\"wp-page\" data-elementor-id=\"30\" class=\"elementor elementor-30\" data-elementor-post-type=\"page\">\n\t\t\t\t<div class=\"elementor-element elementor-element-0d48265 e-con-full e-flex e-con e-parent\" data-id=\"0d48265\" data-element_type=\"container\" data-settings=\"{&quot;background_background&quot;:&quot;classic&quot;}\">\n\t\t\t\t<\/div>\n\t\t<div class=\"elementor-element elementor-element-93b907f e-flex e-con-boxed e-con e-parent\" data-id=\"93b907f\" data-element_type=\"container\">\n\t\t\t\t\t<div class=\"e-con-inner\">\n\t\t\t\t<div class=\"elementor-element elementor-element-f9b5ed7 elementor-grid-2 elementor-grid-tablet-2 elementor-grid-mobile-1 elementor-posts--thumbnail-top elementor-posts--show-avatar elementor-card-shadow-yes elementor-posts__hover-gradient elementor-widget elementor-widget-posts\" data-id=\"f9b5ed7\" data-element_type=\"widget\" data-settings=\"{&quot;cards_columns&quot;:&quot;2&quot;,&quot;cards_columns_tablet&quot;:&quot;2&quot;,&quot;cards_columns_mobile&quot;:&quot;1&quot;,&quot;cards_row_gap&quot;:{&quot;unit&quot;:&quot;px&quot;,&quot;size&quot;:35,&quot;sizes&quot;:[]},&quot;cards_row_gap_tablet&quot;:{&quot;unit&quot;:&quot;px&quot;,&quot;size&quot;:&quot;&quot;,&quot;sizes&quot;:[]},&quot;cards_row_gap_mobile&quot;:{&quot;unit&quot;:&quot;px&quot;,&quot;size&quot;:&quot;&quot;,&quot;sizes&quot;:[]}}\" data-widget_type=\"posts.cards\">\n\t\t\t\t<div class=\"elementor-widget-container\">\n\t\t\t\t\t\t\t<div class=\"elementor-posts-container elementor-posts elementor-posts--skin-cards elementor-grid\">\n\t\t\t\t<article class=\"elementor-post elementor-grid-item post-33 post type-post status-publish format-standard has-post-thumbnail hentry category-sin-categoria\">\n\t\t\t<div class=\"elementor-post__card\">\n\t\t\t\t<a class=\"elementor-post__thumbnail__link\" href=\"http:\/\/wp2.iesagora.es:60011\/cafeteriazeris\/cafe-de-especialidad-descafeinado-descubre-el-sabor-sin-cafeina\/\" tabindex=\"-1\" ><div class=\"elementor-post__thumbnail\"><img fetchpriority=\"high\" decoding=\"async\" width=\"300\" height=\"203\" src=\"http:\/\/wp2.iesagora.es:60011\/cafeteriazeris\/wp-content\/uploads\/sites\/142\/2026\/01\/pexels-elletakesphotos-2101150-300x203.webp\" class=\"attachment-medium size-medium wp-image-51\" alt=\"\" srcset=\"http:\/\/wp2.iesagora.es:60011\/cafeteriazeris\/wp-content\/uploads\/sites\/142\/2026\/01\/pexels-elletakesphotos-2101150-300x203.webp 300w, http:\/\/wp2.iesagora.es:60011\/cafeteriazeris\/wp-content\/uploads\/sites\/142\/2026\/01\/pexels-elletakesphotos-2101150-1024x692.webp 1024w, http:\/\/wp2.iesagora.es:60011\/cafeteriazeris\/wp-content\/uploads\/sites\/142\/2026\/01\/pexels-elletakesphotos-2101150-768x519.webp 768w, http:\/\/wp2.iesagora.es:60011\/cafeteriazeris\/wp-content\/uploads\/sites\/142\/2026\/01\/pexels-elletakesphotos-2101150-1536x1038.webp 1536w, http:\/\/wp2.iesagora.es:60011\/cafeteriazeris\/wp-content\/uploads\/sites\/142\/2026\/01\/pexels-elletakesphotos-2101150-2048x1384.webp 2048w, http:\/\/wp2.iesagora.es:60011\/cafeteriazeris\/wp-content\/uploads\/sites\/142\/2026\/01\/pexels-elletakesphotos-2101150-600x406.webp 600w\" sizes=\"(max-width: 300px) 100vw, 300px\" \/><\/div><\/a>\n\t\t\t\t<div class=\"elementor-post__badge\">Sin categor\u00eda<\/div>\n\t\t\t\t<div class=\"elementor-post__avatar\">\n\t\t\t<img alt='ammateosd01' src='https:\/\/secure.gravatar.com\/avatar\/768d862ea0204f716c1563812674704b94e4cbab261ed0fc3b79373214ca7253?s=128&#038;d=mm&#038;r=g' srcset='https:\/\/secure.gravatar.com\/avatar\/768d862ea0204f716c1563812674704b94e4cbab261ed0fc3b79373214ca7253?s=256&#038;d=mm&#038;r=g 2x' class='avatar avatar-128 photo' height='128' width='128' \/>\t\t<\/div>\n\t\t\t\t<div class=\"elementor-post__text\">\n\t\t\t\t<h3 class=\"elementor-post__title\">\n\t\t\t<a href=\"http:\/\/wp2.iesagora.es:60011\/cafeteriazeris\/cafe-de-especialidad-descafeinado-descubre-el-sabor-sin-cafeina\/\" >\n\t\t\t\tCaf\u00e9 de especialidad descafeinado: descubre el sabor sin cafe\u00edna.\t\t\t<\/a>\n\t\t<\/h3>\n\t\t\t\t<div class=\"elementor-post__excerpt\">\n\t\t\t<p>Caf\u00e9 de especialidad descafeinado: descubre el sabor sin cafe\u00edna El caf\u00e9 de especialidad descafeinado ha dejado atr\u00e1s la mala fama<\/p>\n\t\t<\/div>\n\t\t\n\t\t<a class=\"elementor-post__read-more\" href=\"http:\/\/wp2.iesagora.es:60011\/cafeteriazeris\/cafe-de-especialidad-descafeinado-descubre-el-sabor-sin-cafeina\/\" aria-label=\"Read more about Caf\u00e9 de especialidad descafeinado: descubre el sabor sin cafe\u00edna.\" tabindex=\"-1\" >\n\t\t\tRead More \u00bb\t\t<\/a>\n\n\t\t\t\t<\/div>\n\t\t\t\t<div class=\"elementor-post__meta-data\">\n\t\t\t\t\t<span class=\"elementor-post-date\">\n\t\t\t12 de enero de 2026\t\t<\/span>\n\t\t\t\t<span class=\"elementor-post-avatar\">\n\t\t\tNo hay comentarios\t\t<\/span>\n\t\t\t\t<\/div>\n\t\t\t\t\t<\/div>\n\t\t<\/article>\n\t\t\t\t<article class=\"elementor-post elementor-grid-item post-1 post type-post status-publish format-standard hentry category-sin-categoria\">\n\t\t\t<div class=\"elementor-post__card\">\n\t\t\t\t<div class=\"elementor-post__text\">\n\t\t\t\t<h3 class=\"elementor-post__title\">\n\t\t\t<a href=\"http:\/\/wp2.iesagora.es:60011\/cafeteriazeris\/hola-mundo\/\" >\n\t\t\t\t\u00a1Hola, mundo!\t\t\t<\/a>\n\t\t<\/h3>\n\t\t\t\t<div class=\"elementor-post__excerpt\">\n\t\t\t<p>Welcome to Multisite WordPress del IES \u00c1gora (LAB). This is your first post. Edit or delete it, then start writing!<\/p>\n\t\t<\/div>\n\t\t\n\t\t<a class=\"elementor-post__read-more\" href=\"http:\/\/wp2.iesagora.es:60011\/cafeteriazeris\/hola-mundo\/\" aria-label=\"Read more about \u00a1Hola, mundo!\" tabindex=\"-1\" >\n\t\t\tRead More \u00bb\t\t<\/a>\n\n\t\t\t\t<\/div>\n\t\t\t\t<div class=\"elementor-post__meta-data\">\n\t\t\t\t\t<span class=\"elementor-post-date\">\n\t\t\t3 de diciembre de 2025\t\t<\/span>\n\t\t\t\t<span class=\"elementor-post-avatar\">\n\t\t\t1 comentario\t\t<\/span>\n\t\t\t\t<\/div>\n\t\t\t\t\t<\/div>\n\t\t<\/article>\n\t\t\t\t<\/div>\n\t\t\n\t\t\t\t\t\t<\/div>\n\t\t\t\t<\/div>\n\t\t\t\t\t<\/div>\n\t\t\t\t<\/div>\n\t\t\t\t<\/div>\n\t\t","protected":false},"excerpt":{"rendered":"","protected":false},"author":69,"featured_media":0,"parent":0,"menu_order":0,"comment_status":"closed","ping_status":"closed","template":"","meta":{"site-sidebar-layout":"no-sidebar","site-content-layout":"","ast-site-content-layout":"full-width-container","site-content-style":"default","site-sidebar-style":"default","ast-global-header-display":"","ast-banner-title-visibility":"","ast-main-header-display":"","ast-hfb-above-header-display":"","ast-hfb-below-header-display":"","ast-hfb-mobile-header-display":"","site-post-title":"","ast-breadcrumbs-content":"","ast-featured-img":"disabled","footer-sml-layout":"","theme-transparent-header-meta":"","adv-header-id-meta":"","stick-header-meta":"","header-above-stick-meta":"","header-main-stick-meta":"","header-below-stick-meta":"","astra-migrate-meta-layouts":"default","ast-page-background-enabled":"default","ast-page-background-meta":{"desktop":{"background-color":"var(--ast-global-color-5)","background-image":"","background-repeat":"repeat","background-position":"center center","background-size":"auto","background-attachment":"scroll","background-type":"","background-media":"","overlay-type":"","overlay-color":"","overlay-opacity":"","overlay-gradient":""},"tablet":{"background-color":"","background-image":"","background-repeat":"repeat","background-position":"center center","background-size":"auto","background-attachment":"scroll","background-type":"","background-media":"","overlay-type":"","overlay-color":"","overlay-opacity":"","overlay-gradient":""},"mobile":{"background-color":"","background-image":"","background-repeat":"repeat","background-position":"center center","background-size":"auto","background-attachment":"scroll","background-type":"","background-media":"","overlay-type":"","overlay-color":"","overlay-opacity":"","overlay-gradient":""}},"ast-content-background-meta":{"desktop":{"background-color":"var(--ast-global-color-4)","background-image":"","background-repeat":"repeat","background-position":"center center","background-size":"auto","background-attachment":"scroll","background-type":"","background-media":"","overlay-type":"","overlay-color":"","overlay-opacity":"","overlay-gradient":""},"tablet":{"background-color":"var(--ast-global-color-4)","background-image":"","background-repeat":"repeat","background-position":"center center","background-size":"auto","background-attachment":"scroll","background-type":"","background-media":"","overlay-type":"","overlay-color":"","overlay-opacity":"","overlay-gradient":""},"mobile":{"background-color":"var(--ast-global-color-4)","background-image":"","background-repeat":"repeat","background-position":"center center","background-size":"auto","background-attachment":"scroll","background-type":"","background-media":"","overlay-type":"","overlay-color":"","overlay-opacity":"","overlay-gradient":""}},"footnotes":""},"class_list":["post-30","page","type-page","status-publish","hentry"],"yoast_head":"<!-- This site is optimized with the Yoast SEO plugin v26.8 - https:\/\/yoast.com\/product\/yoast-seo-wordpress\/ -->\n<title>Elementor #30 - ZERI\u00b4S COFFEE ROASTER<\/title>\n<meta name=\"robots\" content=\"index, follow, max-snippet:-1, max-image-preview:large, max-video-preview:-1\" \/>\n<link rel=\"canonical\" href=\"http:\/\/wp2.iesagora.es:60011\/cafeteriazeris\/elementor-30\/\" \/>\n<meta property=\"og:locale\" content=\"es_ES\" \/>\n<meta property=\"og:type\" content=\"article\" \/>\n<meta property=\"og:title\" content=\"Elementor #30 - ZERI\u00b4S COFFEE ROASTER\" \/>\n<meta property=\"og:url\" content=\"http:\/\/wp2.iesagora.es:60011\/cafeteriazeris\/elementor-30\/\" \/>\n<meta property=\"og:site_name\" content=\"ZERI\u00b4S COFFEE ROASTER\" \/>\n<meta property=\"article:modified_time\" content=\"2026-01-12T19:56:35+00:00\" \/>\n<meta name=\"twitter:card\" content=\"summary_large_image\" \/>\n<meta name=\"twitter:label1\" content=\"Tiempo de lectura\" \/>\n\t<meta name=\"twitter:data1\" content=\"2 minutos\" \/>\n<script type=\"application\/ld+json\" class=\"yoast-schema-graph\">{\"@context\":\"https:\/\/schema.org\",\"@graph\":[{\"@type\":\"WebPage\",\"@id\":\"http:\/\/wp2.iesagora.es:60011\/cafeteriazeris\/elementor-30\/\",\"url\":\"http:\/\/wp2.iesagora.es:60011\/cafeteriazeris\/elementor-30\/\",\"name\":\"Elementor #30 - ZERI\u00b4S COFFEE ROASTER\",\"isPartOf\":{\"@id\":\"http:\/\/wp2.iesagora.es:60011\/cafeteriazeris\/#website\"},\"datePublished\":\"2026-01-12T19:55:23+00:00\",\"dateModified\":\"2026-01-12T19:56:35+00:00\",\"breadcrumb\":{\"@id\":\"http:\/\/wp2.iesagora.es:60011\/cafeteriazeris\/elementor-30\/#breadcrumb\"},\"inLanguage\":\"es\",\"potentialAction\":[{\"@type\":\"ReadAction\",\"target\":[\"http:\/\/wp2.iesagora.es:60011\/cafeteriazeris\/elementor-30\/\"]}]},{\"@type\":\"BreadcrumbList\",\"@id\":\"http:\/\/wp2.iesagora.es:60011\/cafeteriazeris\/elementor-30\/#breadcrumb\",\"itemListElement\":[{\"@type\":\"ListItem\",\"position\":1,\"name\":\"Portada\",\"item\":\"http:\/\/wp2.iesagora.es:60011\/cafeteriazeris\/\"},{\"@type\":\"ListItem\",\"position\":2,\"name\":\"Elementor #30\"}]},{\"@type\":\"WebSite\",\"@id\":\"http:\/\/wp2.iesagora.es:60011\/cafeteriazeris\/#website\",\"url\":\"http:\/\/wp2.iesagora.es:60011\/cafeteriazeris\/\",\"name\":\"ZERI\u00b4S COFFEE ROASTER\",\"description\":\"Te ayudamos a elegir\",\"publisher\":{\"@id\":\"http:\/\/wp2.iesagora.es:60011\/cafeteriazeris\/#organization\"},\"potentialAction\":[{\"@type\":\"SearchAction\",\"target\":{\"@type\":\"EntryPoint\",\"urlTemplate\":\"http:\/\/wp2.iesagora.es:60011\/cafeteriazeris\/?s={search_term_string}\"},\"query-input\":{\"@type\":\"PropertyValueSpecification\",\"valueRequired\":true,\"valueName\":\"search_term_string\"}}],\"inLanguage\":\"es\"},{\"@type\":\"Organization\",\"@id\":\"http:\/\/wp2.iesagora.es:60011\/cafeteriazeris\/#organization\",\"name\":\"ZERI\u00b4S COFFEE ROASTER\",\"url\":\"http:\/\/wp2.iesagora.es:60011\/cafeteriazeris\/\",\"logo\":{\"@type\":\"ImageObject\",\"inLanguage\":\"es\",\"@id\":\"http:\/\/wp2.iesagora.es:60011\/cafeteriazeris\/#\/schema\/logo\/image\/\",\"url\":\"http:\/\/wp2.iesagora.es:60011\/cafeteriazeris\/wp-content\/uploads\/sites\/142\/2026\/01\/cropped-Logo-cafeteria-Zeri_s-photoaidcom-invert-removebg-preview-1.webp\",\"contentUrl\":\"http:\/\/wp2.iesagora.es:60011\/cafeteriazeris\/wp-content\/uploads\/sites\/142\/2026\/01\/cropped-Logo-cafeteria-Zeri_s-photoaidcom-invert-removebg-preview-1.webp\",\"width\":225,\"height\":225,\"caption\":\"ZERI\u00b4S COFFEE ROASTER\"},\"image\":{\"@id\":\"http:\/\/wp2.iesagora.es:60011\/cafeteriazeris\/#\/schema\/logo\/image\/\"}}]}<\/script>\n<!-- \/ Yoast SEO plugin. -->","yoast_head_json":{"title":"Elementor #30 - ZERI\u00b4S COFFEE ROASTER","robots":{"index":"index","follow":"follow","max-snippet":"max-snippet:-1","max-image-preview":"max-image-preview:large","max-video-preview":"max-video-preview:-1"},"canonical":"http:\/\/wp2.iesagora.es:60011\/cafeteriazeris\/elementor-30\/","og_locale":"es_ES","og_type":"article","og_title":"Elementor #30 - ZERI\u00b4S COFFEE ROASTER","og_url":"http:\/\/wp2.iesagora.es:60011\/cafeteriazeris\/elementor-30\/","og_site_name":"ZERI\u00b4S COFFEE ROASTER","article_modified_time":"2026-01-12T19:56:35+00:00","twitter_card":"summary_large_image","twitter_misc":{"Tiempo de lectura":"2 minutos"},"schema":{"@context":"https:\/\/schema.org","@graph":[{"@type":"WebPage","@id":"http:\/\/wp2.iesagora.es:60011\/cafeteriazeris\/elementor-30\/","url":"http:\/\/wp2.iesagora.es:60011\/cafeteriazeris\/elementor-30\/","name":"Elementor #30 - ZERI\u00b4S COFFEE ROASTER","isPartOf":{"@id":"http:\/\/wp2.iesagora.es:60011\/cafeteriazeris\/#website"},"datePublished":"2026-01-12T19:55:23+00:00","dateModified":"2026-01-12T19:56:35+00:00","breadcrumb":{"@id":"http:\/\/wp2.iesagora.es:60011\/cafeteriazeris\/elementor-30\/#breadcrumb"},"inLanguage":"es","potentialAction":[{"@type":"ReadAction","target":["http:\/\/wp2.iesagora.es:60011\/cafeteriazeris\/elementor-30\/"]}]},{"@type":"BreadcrumbList","@id":"http:\/\/wp2.iesagora.es:60011\/cafeteriazeris\/elementor-30\/#breadcrumb","itemListElement":[{"@type":"ListItem","position":1,"name":"Portada","item":"http:\/\/wp2.iesagora.es:60011\/cafeteriazeris\/"},{"@type":"ListItem","position":2,"name":"Elementor #30"}]},{"@type":"WebSite","@id":"http:\/\/wp2.iesagora.es:60011\/cafeteriazeris\/#website","url":"http:\/\/wp2.iesagora.es:60011\/cafeteriazeris\/","name":"ZERI\u00b4S COFFEE ROASTER","description":"Te ayudamos a elegir","publisher":{"@id":"http:\/\/wp2.iesagora.es:60011\/cafeteriazeris\/#organization"},"potentialAction":[{"@type":"SearchAction","target":{"@type":"EntryPoint","urlTemplate":"http:\/\/wp2.iesagora.es:60011\/cafeteriazeris\/?s={search_term_string}"},"query-input":{"@type":"PropertyValueSpecification","valueRequired":true,"valueName":"search_term_string"}}],"inLanguage":"es"},{"@type":"Organization","@id":"http:\/\/wp2.iesagora.es:60011\/cafeteriazeris\/#organization","name":"ZERI\u00b4S COFFEE ROASTER","url":"http:\/\/wp2.iesagora.es:60011\/cafeteriazeris\/","logo":{"@type":"ImageObject","inLanguage":"es","@id":"http:\/\/wp2.iesagora.es:60011\/cafeteriazeris\/#\/schema\/logo\/image\/","url":"http:\/\/wp2.iesagora.es:60011\/cafeteriazeris\/wp-content\/uploads\/sites\/142\/2026\/01\/cropped-Logo-cafeteria-Zeri_s-photoaidcom-invert-removebg-preview-1.webp","contentUrl":"http:\/\/wp2.iesagora.es:60011\/cafeteriazeris\/wp-content\/uploads\/sites\/142\/2026\/01\/cropped-Logo-cafeteria-Zeri_s-photoaidcom-invert-removebg-preview-1.webp","width":225,"height":225,"caption":"ZERI\u00b4S COFFEE ROASTER"},"image":{"@id":"http:\/\/wp2.iesagora.es:60011\/cafeteriazeris\/#\/schema\/logo\/image\/"}}]}},"_links":{"self":[{"href":"http:\/\/wp2.iesagora.es:60011\/cafeteriazeris\/wp-json\/wp\/v2\/pages\/30","targetHints":{"allow":["GET"]}}],"collection":[{"href":"http:\/\/wp2.iesagora.es:60011\/cafeteriazeris\/wp-json\/wp\/v2\/pages"}],"about":[{"href":"http:\/\/wp2.iesagora.es:60011\/cafeteriazeris\/wp-json\/wp\/v2\/types\/page"}],"author":[{"embeddable":true,"href":"http:\/\/wp2.iesagora.es:60011\/cafeteriazeris\/wp-json\/wp\/v2\/users\/69"}],"replies":[{"embeddable":true,"href":"http:\/\/wp2.iesagora.es:60011\/cafeteriazeris\/wp-json\/wp\/v2\/comments?post=30"}],"version-history":[{"count":4,"href":"http:\/\/wp2.iesagora.es:60011\/cafeteriazeris\/wp-json\/wp\/v2\/pages\/30\/revisions"}],"predecessor-version":[{"id":56,"href":"http:\/\/wp2.iesagora.es:60011\/cafeteriazeris\/wp-json\/wp\/v2\/pages\/30\/revisions\/56"}],"wp:attachment":[{"href":"http:\/\/wp2.iesagora.es:60011\/cafeteriazeris\/wp-json\/wp\/v2\/media?parent=30"}],"curies":[{"name":"wp","href":"https:\/\/api.w.org\/{rel}","templated":true}]}}