{"id":6,"date":"2024-02-19T18:37:24","date_gmt":"2024-02-19T17:37:24","guid":{"rendered":"http:\/\/wp2.iesagora.es:60010\/ahernandezc46\/?page_id=6"},"modified":"2024-02-20T21:05:13","modified_gmt":"2024-02-20T20:05:13","slug":"home","status":"publish","type":"page","link":"http:\/\/wp2.iesagora.es:60011\/ahernandezc46\/","title":{"rendered":"Home"},"content":{"rendered":"\n<div class=\"wp-block-uagb-advanced-heading uagb-block-752cd0f4\"><h1 class=\"uagb-heading-text\">P\u00e1gina oficial<\/h1><\/div>\n\n\n\n<div class=\"wp-block-uagb-container uagb-block-3ff4988d alignfull uagb-is-root-container\"><div class=\"uagb-container-inner-blocks-wrap\">\n<div class=\"wp-block-uagb-advanced-heading uagb-block-3127a383\"><h2 class=\"uagb-heading-text\">Tu atractivo encabezado<\/h2><\/div>\n\n\n\n<div class=\"wp-block-uagb-buttons uagb-buttons__outer-wrap uagb-btn__default-btn uagb-btn-tablet__default-btn uagb-btn-mobile__default-btn uagb-block-87b9e5b5\"><div class=\"uagb-buttons__wrap uagb-buttons-layout-wrap\">\n<div class=\"wp-block-uagb-buttons-child uagb-buttons__outer-wrap uagb-block-e3560f2a wp-block-button\"><div class=\"uagb-button__wrapper\"><a class=\"uagb-buttons-repeater wp-block-button__link\" href=\"#\" rel=\"follow noopener\" target=\"_self\"><div class=\"uagb-button__link\">Click Here<\/div><\/a><\/div><\/div>\n<\/div><\/div>\n<\/div><\/div>\n\n\n\n<div class=\"wp-block-uagb-container uagb-block-19c144dd alignfull uagb-is-root-container\"><div class=\"uagb-container-inner-blocks-wrap\">\n<div class=\"wp-block-uagb-team uagb-team__image-position-left uagb-team__align-left uagb-team__stack-tablet uagb-block-d50ce2e3\"><img decoding=\"async\" class=\"uagb-team__image-crop-circle\" src=\"http:\/\/wp2.iesagora.es:60010\/ahernandezc46\/wp-content\/uploads\/sites\/79\/2024\/02\/69062913-icono-de-entrega-de-camiones-transporte-de-camiones-icono-de-transporte-de-carga-ilustracion-150x150.jpg\" alt=\"\" height=\"100\" width=\"100\" loading=\"lazy\" \/><div class=\"uagb-team__content\"><h3 class=\"uagb-team__title\">Entrega 24H<\/h3><span class=\"uagb-team__prefix\"><\/span><p class=\"uagb-team__desc\">Click here to change this text. Lorem ipsum dolor sit amet, consectetur adipiscing elit.<\/p><\/div><\/div>\n\n\n\n<div class=\"wp-block-uagb-team uagb-team__image-position-left uagb-team__align-left uagb-team__stack-tablet uagb-block-33354328\"><img decoding=\"async\" class=\"uagb-team__image-crop-circle\" src=\"http:\/\/wp2.iesagora.es:60010\/ahernandezc46\/wp-content\/uploads\/sites\/79\/2024\/02\/descarga-150x150.png\" alt=\"\" height=\"100\" width=\"100\" loading=\"lazy\" \/><div class=\"uagb-team__content\"><h3 class=\"uagb-team__title\">En toda la Pen\u00ednsula<\/h3><span class=\"uagb-team__prefix\"><\/span><p class=\"uagb-team__desc\">Click here to change this text. Lorem ipsum dolor sit amet, consectetur adipiscing elit.<\/p><\/div><\/div>\n\n\n\n<div class=\"wp-block-uagb-team uagb-team__image-position-left uagb-team__align-left uagb-team__stack-tablet uagb-block-fc4bcafe\"><img decoding=\"async\" class=\"uagb-team__image-crop-circle\" src=\"http:\/\/wp2.iesagora.es:60010\/ahernandezc46\/wp-content\/uploads\/sites\/79\/2024\/02\/descarga-1-150x150.png\" alt=\"\" height=\"100\" width=\"100\" loading=\"lazy\" \/><div class=\"uagb-team__content\"><h3 class=\"uagb-team__title\">Ayuda<\/h3><span class=\"uagb-team__prefix\"><\/span><p class=\"uagb-team__desc\">Click here to change this text. Lorem ipsum dolor sit amet, consectetur adipiscing elit.<\/p><\/div><\/div>\n<\/div><\/div>\n\n\n\n<div class=\"wp-block-uagb-container uagb-block-8582f382 alignfull uagb-is-root-container\"><div class=\"uagb-container-inner-blocks-wrap\">\n<div class=\"wp-block-uagb-container uagb-block-86f631fe\">\n<div class=\"wp-block-uagb-team uagb-team__image-position-left uagb-team__align-left uagb-team__stack-tablet uagb-block-b0e8c4da\"><img decoding=\"async\" class=\"uagb-team__image-crop-circle\" src=\"http:\/\/wp2.iesagora.es:60010\/ahernandezc46\/wp-content\/uploads\/sites\/79\/2024\/02\/f070a042fc29aff4636151fa0e4bdd2a-150x150.jpg\" alt=\"\" height=\"100\" width=\"100\" loading=\"lazy\" \/><div class=\"uagb-team__content\"><h3 class=\"uagb-team__title\">Luc\u00eda<\/h3><span class=\"uagb-team__prefix\"><\/span><p class=\"uagb-team__desc\">Click here to change this text. Lorem ipsum dolor sit amet, consectetur adipiscing elit.<\/p><\/div><\/div>\n<\/div>\n\n\n\n<div class=\"wp-block-uagb-container uagb-block-355f770a\">\n<div class=\"wp-block-uagb-team uagb-team__image-position-left uagb-team__align-left uagb-team__stack-tablet uagb-block-f206462f\"><img decoding=\"async\" class=\"uagb-team__image-crop-circle\" src=\"http:\/\/wp2.iesagora.es:60010\/ahernandezc46\/wp-content\/uploads\/sites\/79\/2024\/02\/gratis-png-emoticon-de-smiley-smiley-triste-150x150.png\" alt=\"\" height=\"100\" width=\"100\" loading=\"lazy\" \/><div class=\"uagb-team__content\"><h3 class=\"uagb-team__title\">Luna<\/h3><span class=\"uagb-team__prefix\"><\/span><p class=\"uagb-team__desc\">Click here to change this text. Lorem ipsum dolor sit amet, consectetur adipiscing elit. <\/p><\/div><\/div>\n\n\n\n<div class=\"wp-block-uagb-team uagb-team__image-position-left uagb-team__align-left uagb-team__stack-tablet uagb-block-4c1bbc8a\"><img decoding=\"async\" class=\"uagb-team__image-crop-circle\" src=\"http:\/\/wp2.iesagora.es:60010\/ahernandezc46\/wp-content\/uploads\/sites\/79\/2024\/02\/image_processing20200508-28456-17xr2rq-150x150.png\" alt=\"\" height=\"100\" width=\"100\" loading=\"lazy\" \/><div class=\"uagb-team__content\"><h3 class=\"uagb-team__title\">Eva<\/h3><span class=\"uagb-team__prefix\"><\/span><p class=\"uagb-team__desc\">Click here to change this text. Lorem ipsum dolor sit amet, consectetur adipiscing elit.<\/p><\/div><\/div>\n<\/div>\n<\/div><\/div>\n\n\n\n<div class=\"wp-block-uagb-counter uagb-block-7b92703a wp-block-uagb-counter--number\"><span class=\"wp-block-uagb-counter__icon\"><\/span><div class=\"wp-block-uagb-counter__number\"><span class=\"uagb-counter-block-number\" data-duration=\"1.5\" data-to-value=\"80\" data-from-value=\"0\" data-delimiter=\",\"><\/span><span class=\"uagb-counter-block-suffix\">%<\/span><\/div><div class=\"wp-block-uagb-counter__title\">A\u00f1ade aqu\u00ed tu t\u00edtulo\u2026<\/div><\/div>\n\n\n\t\t\t<div \n\t\t\tclass=\"wp-block-uagb-google-map uagb-google-map__wrap uagb-block-e914e62a     \"\n\t\t\tstyle=\"\" >\n\t\t\t\t<embed\n\t\t\t\t\tclass=\"uagb-google-map__iframe\"\n\t\t\t\t\ttitle=\"Mapa de Google de\"\n\t\t\t\t\tsrc=\"https:\/\/maps.google.com\/maps?q=Brainstorm%20Force&#038;z=12&#038;hl=en&#038;t=m&#038;output=embed&#038;iwloc=near\"\n\t\t\t\t\twidth=\"640\"\n\t\t\t\t\theight=\"300\"\n\t\t\t\t\tloading=\"lazy\"\n\t\t\t\t><\/embed>\n\t\t\t<\/div>\n\t\t\t\n\n\n<div class=\"wp-block-uagb-countdown uagb-block-af7d1f64\"><div class=\"wp-block-uagb-countdown__box wp-block-uagb-countdown__box-days\"><div class=\"wp-block-uagb-countdown__time wp-block-uagb-countdown__time-days\">&#8211;<\/div><div class=\"wp-block-uagb-countdown__label\">DAYS<\/div><\/div><div class=\"wp-block-uagb-countdown__box wp-block-uagb-countdown__box-hours\"><div class=\"wp-block-uagb-countdown__time wp-block-uagb-countdown__time-hours\">&#8211;<\/div><div class=\"wp-block-uagb-countdown__label\">HOURS<\/div><\/div><div class=\"wp-block-uagb-countdown__box wp-block-uagb-countdown__box-minutes\"><div class=\"wp-block-uagb-countdown__time wp-block-uagb-countdown__time-minutes\">&#8211;<\/div><div class=\"wp-block-uagb-countdown__label\">MINUTES<\/div><\/div><div class=\"wp-block-uagb-countdown__box wp-block-uagb-countdown__box-seconds\"><div class=\"wp-block-uagb-countdown__time wp-block-uagb-countdown__time-seconds\">&#8211;<\/div><div class=\"wp-block-uagb-countdown__label\">SECONDS<\/div><\/div><\/div>\n","protected":false},"excerpt":{"rendered":"<p>P\u00e1gina oficial Tu atractivo encabezado<\/p>\n","protected":false},"author":17,"featured_media":0,"parent":0,"menu_order":0,"comment_status":"closed","ping_status":"closed","template":"","meta":{"_uag_custom_page_level_css":"","site-sidebar-layout":"default","site-content-layout":"","ast-site-content-layout":"default","site-content-style":"default","site-sidebar-style":"default","ast-global-header-display":"","ast-banner-title-visibility":"","ast-main-header-display":"","ast-hfb-above-header-display":"","ast-hfb-below-header-display":"","ast-hfb-mobile-header-display":"","site-post-title":"disabled","ast-breadcrumbs-content":"","ast-featured-img":"","footer-sml-layout":"","theme-transparent-header-meta":"","adv-header-id-meta":"","stick-header-meta":"","header-above-stick-meta":"","header-main-stick-meta":"","header-below-stick-meta":"","astra-migrate-meta-layouts":"default","ast-page-background-enabled":"default","ast-page-background-meta":{"desktop":{"background-color":"var(--ast-global-color-4)","background-image":"","background-repeat":"repeat","background-position":"center center","background-size":"auto","background-attachment":"scroll","background-type":"","background-media":"","overlay-type":"","overlay-color":"","overlay-opacity":"","overlay-gradient":""},"tablet":{"background-color":"","background-image":"","background-repeat":"repeat","background-position":"center center","background-size":"auto","background-attachment":"scroll","background-type":"","background-media":"","overlay-type":"","overlay-color":"","overlay-opacity":"","overlay-gradient":""},"mobile":{"background-color":"","background-image":"","background-repeat":"repeat","background-position":"center center","background-size":"auto","background-attachment":"scroll","background-type":"","background-media":"","overlay-type":"","overlay-color":"","overlay-opacity":"","overlay-gradient":""}},"ast-content-background-meta":{"desktop":{"background-color":"var(--ast-global-color-5)","background-image":"","background-repeat":"repeat","background-position":"center center","background-size":"auto","background-attachment":"scroll","background-type":"","background-media":"","overlay-type":"","overlay-color":"","overlay-opacity":"","overlay-gradient":""},"tablet":{"background-color":"var(--ast-global-color-5)","background-image":"","background-repeat":"repeat","background-position":"center center","background-size":"auto","background-attachment":"scroll","background-type":"","background-media":"","overlay-type":"","overlay-color":"","overlay-opacity":"","overlay-gradient":""},"mobile":{"background-color":"var(--ast-global-color-5)","background-image":"","background-repeat":"repeat","background-position":"center center","background-size":"auto","background-attachment":"scroll","background-type":"","background-media":"","overlay-type":"","overlay-color":"","overlay-opacity":"","overlay-gradient":""}},"footnotes":""},"class_list":["post-6","page","type-page","status-publish","hentry"],"yoast_head":"<!-- This site is optimized with the Yoast SEO plugin v26.8 - https:\/\/yoast.com\/product\/yoast-seo-wordpress\/ -->\n<title>Home - Zapatucos<\/title>\n<meta name=\"robots\" content=\"index, follow, max-snippet:-1, max-image-preview:large, max-video-preview:-1\" \/>\n<link rel=\"canonical\" href=\"http:\/\/wp2.iesagora.es:60011\/ahernandezc46\/\" \/>\n<meta property=\"og:locale\" content=\"es_ES\" \/>\n<meta property=\"og:type\" content=\"article\" \/>\n<meta property=\"og:title\" content=\"Home - Zapatucos\" \/>\n<meta property=\"og:description\" content=\"P\u00e1gina oficial Tu atractivo encabezado\" \/>\n<meta property=\"og:url\" content=\"http:\/\/wp2.iesagora.es:60011\/ahernandezc46\/\" \/>\n<meta property=\"og:site_name\" content=\"Zapatucos\" \/>\n<meta property=\"article:modified_time\" content=\"2024-02-20T20:05:13+00:00\" \/>\n<meta property=\"og:image\" content=\"http:\/\/wp2.iesagora.es:60010\/ahernandezc46\/wp-content\/uploads\/sites\/79\/2024\/02\/69062913-icono-de-entrega-de-camiones-transporte-de-camiones-icono-de-transporte-de-carga-ilustracion-150x150.jpg\" \/>\n<meta name=\"twitter:card\" content=\"summary_large_image\" \/>\n<meta name=\"twitter:label1\" content=\"Tiempo de lectura\" \/>\n\t<meta name=\"twitter:data1\" content=\"1 minuto\" \/>\n<script type=\"application\/ld+json\" class=\"yoast-schema-graph\">{\"@context\":\"https:\/\/schema.org\",\"@graph\":[{\"@type\":\"WebPage\",\"@id\":\"http:\/\/wp2.iesagora.es:60011\/ahernandezc46\/\",\"url\":\"http:\/\/wp2.iesagora.es:60011\/ahernandezc46\/\",\"name\":\"Home - Zapatucos\",\"isPartOf\":{\"@id\":\"http:\/\/wp2.iesagora.es:60011\/ahernandezc46\/#website\"},\"primaryImageOfPage\":{\"@id\":\"http:\/\/wp2.iesagora.es:60011\/ahernandezc46\/#primaryimage\"},\"image\":{\"@id\":\"http:\/\/wp2.iesagora.es:60011\/ahernandezc46\/#primaryimage\"},\"thumbnailUrl\":\"http:\/\/wp2.iesagora.es:60010\/ahernandezc46\/wp-content\/uploads\/sites\/79\/2024\/02\/69062913-icono-de-entrega-de-camiones-transporte-de-camiones-icono-de-transporte-de-carga-ilustracion-150x150.jpg\",\"datePublished\":\"2024-02-19T17:37:24+00:00\",\"dateModified\":\"2024-02-20T20:05:13+00:00\",\"breadcrumb\":{\"@id\":\"http:\/\/wp2.iesagora.es:60011\/ahernandezc46\/#breadcrumb\"},\"inLanguage\":\"es\",\"potentialAction\":[{\"@type\":\"ReadAction\",\"target\":[\"http:\/\/wp2.iesagora.es:60011\/ahernandezc46\/\"]}]},{\"@type\":\"ImageObject\",\"inLanguage\":\"es\",\"@id\":\"http:\/\/wp2.iesagora.es:60011\/ahernandezc46\/#primaryimage\",\"url\":\"http:\/\/wp2.iesagora.es:60010\/ahernandezc46\/wp-content\/uploads\/sites\/79\/2024\/02\/69062913-icono-de-entrega-de-camiones-transporte-de-camiones-icono-de-transporte-de-carga-ilustracion-150x150.jpg\",\"contentUrl\":\"http:\/\/wp2.iesagora.es:60010\/ahernandezc46\/wp-content\/uploads\/sites\/79\/2024\/02\/69062913-icono-de-entrega-de-camiones-transporte-de-camiones-icono-de-transporte-de-carga-ilustracion-150x150.jpg\"},{\"@type\":\"BreadcrumbList\",\"@id\":\"http:\/\/wp2.iesagora.es:60011\/ahernandezc46\/#breadcrumb\",\"itemListElement\":[{\"@type\":\"ListItem\",\"position\":1,\"name\":\"Portada\",\"item\":\"http:\/\/wp2.iesagora.es:60011\/ahernandezc46\/\"},{\"@type\":\"ListItem\",\"position\":2,\"name\":\"Home\"}]},{\"@type\":\"WebSite\",\"@id\":\"http:\/\/wp2.iesagora.es:60011\/ahernandezc46\/#website\",\"url\":\"http:\/\/wp2.iesagora.es:60011\/ahernandezc46\/\",\"name\":\"Zapatucos\",\"description\":\"Tienda de zapatos multimarca\",\"publisher\":{\"@id\":\"http:\/\/wp2.iesagora.es:60011\/ahernandezc46\/#organization\"},\"potentialAction\":[{\"@type\":\"SearchAction\",\"target\":{\"@type\":\"EntryPoint\",\"urlTemplate\":\"http:\/\/wp2.iesagora.es:60011\/ahernandezc46\/?s={search_term_string}\"},\"query-input\":{\"@type\":\"PropertyValueSpecification\",\"valueRequired\":true,\"valueName\":\"search_term_string\"}}],\"inLanguage\":\"es\"},{\"@type\":\"Organization\",\"@id\":\"http:\/\/wp2.iesagora.es:60011\/ahernandezc46\/#organization\",\"name\":\"Zapatucos\",\"url\":\"http:\/\/wp2.iesagora.es:60011\/ahernandezc46\/\",\"logo\":{\"@type\":\"ImageObject\",\"inLanguage\":\"es\",\"@id\":\"http:\/\/wp2.iesagora.es:60011\/ahernandezc46\/#\/schema\/logo\/image\/\",\"url\":\"http:\/\/wp2.iesagora.es:60011\/ahernandezc46\/wp-content\/uploads\/sites\/79\/2024\/02\/zapatos-de-nina-moda-11716259.png\",\"contentUrl\":\"http:\/\/wp2.iesagora.es:60011\/ahernandezc46\/wp-content\/uploads\/sites\/79\/2024\/02\/zapatos-de-nina-moda-11716259.png\",\"width\":600,\"height\":470,\"caption\":\"Zapatucos\"},\"image\":{\"@id\":\"http:\/\/wp2.iesagora.es:60011\/ahernandezc46\/#\/schema\/logo\/image\/\"}}]}<\/script>\n<!-- \/ Yoast SEO plugin. -->","yoast_head_json":{"title":"Home - Zapatucos","robots":{"index":"index","follow":"follow","max-snippet":"max-snippet:-1","max-image-preview":"max-image-preview:large","max-video-preview":"max-video-preview:-1"},"canonical":"http:\/\/wp2.iesagora.es:60011\/ahernandezc46\/","og_locale":"es_ES","og_type":"article","og_title":"Home - Zapatucos","og_description":"P\u00e1gina oficial Tu atractivo encabezado","og_url":"http:\/\/wp2.iesagora.es:60011\/ahernandezc46\/","og_site_name":"Zapatucos","article_modified_time":"2024-02-20T20:05:13+00:00","og_image":[{"url":"http:\/\/wp2.iesagora.es:60010\/ahernandezc46\/wp-content\/uploads\/sites\/79\/2024\/02\/69062913-icono-de-entrega-de-camiones-transporte-de-camiones-icono-de-transporte-de-carga-ilustracion-150x150.jpg","type":"","width":"","height":""}],"twitter_card":"summary_large_image","twitter_misc":{"Tiempo de lectura":"1 minuto"},"schema":{"@context":"https:\/\/schema.org","@graph":[{"@type":"WebPage","@id":"http:\/\/wp2.iesagora.es:60011\/ahernandezc46\/","url":"http:\/\/wp2.iesagora.es:60011\/ahernandezc46\/","name":"Home - Zapatucos","isPartOf":{"@id":"http:\/\/wp2.iesagora.es:60011\/ahernandezc46\/#website"},"primaryImageOfPage":{"@id":"http:\/\/wp2.iesagora.es:60011\/ahernandezc46\/#primaryimage"},"image":{"@id":"http:\/\/wp2.iesagora.es:60011\/ahernandezc46\/#primaryimage"},"thumbnailUrl":"http:\/\/wp2.iesagora.es:60010\/ahernandezc46\/wp-content\/uploads\/sites\/79\/2024\/02\/69062913-icono-de-entrega-de-camiones-transporte-de-camiones-icono-de-transporte-de-carga-ilustracion-150x150.jpg","datePublished":"2024-02-19T17:37:24+00:00","dateModified":"2024-02-20T20:05:13+00:00","breadcrumb":{"@id":"http:\/\/wp2.iesagora.es:60011\/ahernandezc46\/#breadcrumb"},"inLanguage":"es","potentialAction":[{"@type":"ReadAction","target":["http:\/\/wp2.iesagora.es:60011\/ahernandezc46\/"]}]},{"@type":"ImageObject","inLanguage":"es","@id":"http:\/\/wp2.iesagora.es:60011\/ahernandezc46\/#primaryimage","url":"http:\/\/wp2.iesagora.es:60010\/ahernandezc46\/wp-content\/uploads\/sites\/79\/2024\/02\/69062913-icono-de-entrega-de-camiones-transporte-de-camiones-icono-de-transporte-de-carga-ilustracion-150x150.jpg","contentUrl":"http:\/\/wp2.iesagora.es:60010\/ahernandezc46\/wp-content\/uploads\/sites\/79\/2024\/02\/69062913-icono-de-entrega-de-camiones-transporte-de-camiones-icono-de-transporte-de-carga-ilustracion-150x150.jpg"},{"@type":"BreadcrumbList","@id":"http:\/\/wp2.iesagora.es:60011\/ahernandezc46\/#breadcrumb","itemListElement":[{"@type":"ListItem","position":1,"name":"Portada","item":"http:\/\/wp2.iesagora.es:60011\/ahernandezc46\/"},{"@type":"ListItem","position":2,"name":"Home"}]},{"@type":"WebSite","@id":"http:\/\/wp2.iesagora.es:60011\/ahernandezc46\/#website","url":"http:\/\/wp2.iesagora.es:60011\/ahernandezc46\/","name":"Zapatucos","description":"Tienda de zapatos multimarca","publisher":{"@id":"http:\/\/wp2.iesagora.es:60011\/ahernandezc46\/#organization"},"potentialAction":[{"@type":"SearchAction","target":{"@type":"EntryPoint","urlTemplate":"http:\/\/wp2.iesagora.es:60011\/ahernandezc46\/?s={search_term_string}"},"query-input":{"@type":"PropertyValueSpecification","valueRequired":true,"valueName":"search_term_string"}}],"inLanguage":"es"},{"@type":"Organization","@id":"http:\/\/wp2.iesagora.es:60011\/ahernandezc46\/#organization","name":"Zapatucos","url":"http:\/\/wp2.iesagora.es:60011\/ahernandezc46\/","logo":{"@type":"ImageObject","inLanguage":"es","@id":"http:\/\/wp2.iesagora.es:60011\/ahernandezc46\/#\/schema\/logo\/image\/","url":"http:\/\/wp2.iesagora.es:60011\/ahernandezc46\/wp-content\/uploads\/sites\/79\/2024\/02\/zapatos-de-nina-moda-11716259.png","contentUrl":"http:\/\/wp2.iesagora.es:60011\/ahernandezc46\/wp-content\/uploads\/sites\/79\/2024\/02\/zapatos-de-nina-moda-11716259.png","width":600,"height":470,"caption":"Zapatucos"},"image":{"@id":"http:\/\/wp2.iesagora.es:60011\/ahernandezc46\/#\/schema\/logo\/image\/"}}]}},"uagb_featured_image_src":{"full":false,"thumbnail":false,"medium":false,"medium_large":false,"large":false,"1536x1536":false,"2048x2048":false,"woocommerce_thumbnail":false,"woocommerce_single":false,"woocommerce_gallery_thumbnail":false},"uagb_author_info":{"display_name":"ahernandezc46","author_link":"http:\/\/wp2.iesagora.es:60011\/ahernandezc46\/author\/ahernandezc46\/"},"uagb_comment_info":0,"uagb_excerpt":"P\u00e1gina oficial Tu atractivo encabezado","_links":{"self":[{"href":"http:\/\/wp2.iesagora.es:60011\/ahernandezc46\/wp-json\/wp\/v2\/pages\/6","targetHints":{"allow":["GET"]}}],"collection":[{"href":"http:\/\/wp2.iesagora.es:60011\/ahernandezc46\/wp-json\/wp\/v2\/pages"}],"about":[{"href":"http:\/\/wp2.iesagora.es:60011\/ahernandezc46\/wp-json\/wp\/v2\/types\/page"}],"author":[{"embeddable":true,"href":"http:\/\/wp2.iesagora.es:60011\/ahernandezc46\/wp-json\/wp\/v2\/users\/17"}],"replies":[{"embeddable":true,"href":"http:\/\/wp2.iesagora.es:60011\/ahernandezc46\/wp-json\/wp\/v2\/comments?post=6"}],"version-history":[{"count":17,"href":"http:\/\/wp2.iesagora.es:60011\/ahernandezc46\/wp-json\/wp\/v2\/pages\/6\/revisions"}],"predecessor-version":[{"id":108,"href":"http:\/\/wp2.iesagora.es:60011\/ahernandezc46\/wp-json\/wp\/v2\/pages\/6\/revisions\/108"}],"wp:attachment":[{"href":"http:\/\/wp2.iesagora.es:60011\/ahernandezc46\/wp-json\/wp\/v2\/media?parent=6"}],"curies":[{"name":"wp","href":"https:\/\/api.w.org\/{rel}","templated":true}]}}