{"id":245,"date":"2025-01-30T14:24:10","date_gmt":"2025-01-30T13:24:10","guid":{"rendered":"http:\/\/wp2.iesagora.es:60011\/ahermosoq01\/?post_type=product&#038;p=245"},"modified":"2025-03-07T00:38:03","modified_gmt":"2025-03-06T23:38:03","slug":"roscas-caseras-4-unidades","status":"publish","type":"product","link":"http:\/\/wp2.iesagora.es:60011\/ahermosoq01\/producto\/roscas-caseras-4-unidades\/","title":{"rendered":"Roscas CASERAS (4 Unidades)"},"content":{"rendered":"<p data-start=\"272\" data-end=\"584\">Sum\u00e9rgete en el sabor de la tradici\u00f3n con nuestras <strong data-start=\"323\" data-end=\"352\">Roscas Extreme\u00f1as Caseras<\/strong>. Hechas con una receta artesanal, estas roscas combinan una textura crujiente por fuera con un interior tierno y esponjoso. Ideales para disfrutar en el desayuno, la merienda o cualquier momento del d\u00eda junto a un buen caf\u00e9 o t\u00e9.<\/p>\n<p data-start=\"586\" data-end=\"773\">Cada pack incluye <strong data-start=\"604\" data-end=\"618\">4 unidades<\/strong>, elaboradas con ingredientes de calidad para ofrecerte el aut\u00e9ntico sabor extreme\u00f1o en cada bocado. \u00a1D\u00e9jate conquistar por su irresistible dulzura! \ud83c\udf69\ud83d\udc9b<\/p>\n<p data-start=\"775\" data-end=\"842\">\ud83d\udccd <strong data-start=\"778\" data-end=\"840\">Disponibles en Dulce Patita \u2013 Paseo de C\u00e1novas 17, C\u00e1ceres<\/strong><\/p>\n","protected":false},"excerpt":{"rendered":"<p>Disfruta del aut\u00e9ntico sabor tradicional con nuestras <strong data-start=\"83\" data-end=\"112\">Roscas Extreme\u00f1as Caseras<\/strong>. Crujientes por fuera, tiernas por dentro y elaboradas con ingredientes de calidad. \u00a1Perfectas para acompa\u00f1ar tu caf\u00e9 o t\u00e9! \u2615\u2728<\/p>\n","protected":false},"featured_media":246,"comment_status":"open","ping_status":"closed","template":"","meta":{"site-sidebar-layout":"default","site-content-layout":"","ast-site-content-layout":"default","site-content-style":"default","site-sidebar-style":"default","ast-global-header-display":"","ast-banner-title-visibility":"","ast-main-header-display":"","ast-hfb-above-header-display":"","ast-hfb-below-header-display":"","ast-hfb-mobile-header-display":"","site-post-title":"","ast-breadcrumbs-content":"","ast-featured-img":"","footer-sml-layout":"","theme-transparent-header-meta":"default","adv-header-id-meta":"","stick-header-meta":"","header-above-stick-meta":"","header-main-stick-meta":"","header-below-stick-meta":"","astra-migrate-meta-layouts":"set","ast-page-background-enabled":"default","ast-page-background-meta":{"desktop":{"background-color":"var(--ast-global-color-5)","background-image":"","background-repeat":"repeat","background-position":"center center","background-size":"auto","background-attachment":"scroll","background-type":"","background-media":"","overlay-type":"","overlay-color":"","overlay-opacity":"","overlay-gradient":""},"tablet":{"background-color":"","background-image":"","background-repeat":"repeat","background-position":"center center","background-size":"auto","background-attachment":"scroll","background-type":"","background-media":"","overlay-type":"","overlay-color":"","overlay-opacity":"","overlay-gradient":""},"mobile":{"background-color":"","background-image":"","background-repeat":"repeat","background-position":"center center","background-size":"auto","background-attachment":"scroll","background-type":"","background-media":"","overlay-type":"","overlay-color":"","overlay-opacity":"","overlay-gradient":""}},"ast-content-background-meta":{"desktop":{"background-color":"var(--ast-global-color-4)","background-image":"","background-repeat":"repeat","background-position":"center center","background-size":"auto","background-attachment":"scroll","background-type":"","background-media":"","overlay-type":"","overlay-color":"","overlay-opacity":"","overlay-gradient":""},"tablet":{"background-color":"var(--ast-global-color-4)","background-image":"","background-repeat":"repeat","background-position":"center center","background-size":"auto","background-attachment":"scroll","background-type":"","background-media":"","overlay-type":"","overlay-color":"","overlay-opacity":"","overlay-gradient":""},"mobile":{"background-color":"var(--ast-global-color-4)","background-image":"","background-repeat":"repeat","background-position":"center center","background-size":"auto","background-attachment":"scroll","background-type":"","background-media":"","overlay-type":"","overlay-color":"","overlay-opacity":"","overlay-gradient":""}}},"product_brand":[],"product_cat":[36,37],"product_tag":[],"class_list":{"0":"post-245","1":"product","2":"type-product","3":"status-publish","4":"has-post-thumbnail","6":"product_cat-pasteleria","7":"product_cat-roscas","8":"desktop-align-left","9":"tablet-align-left","10":"mobile-align-left","12":"first","13":"instock","14":"taxable","15":"shipping-taxable","16":"purchasable","17":"product-type-variable"},"yoast_head":"<!-- This site is optimized with the Yoast SEO plugin v26.8 - https:\/\/yoast.com\/product\/yoast-seo-wordpress\/ -->\n<title>Roscas CASERAS (4 Unidades) -<\/title>\n<meta name=\"description\" content=\"Roscas Extreme\u00f1as Caseras (4 uds), crujientes y esponjosas. El sabor tradicional perfecto para acompa\u00f1ar tu caf\u00e9 o t\u00e9. \u2615\u2728\" \/>\n<meta name=\"robots\" content=\"index, follow, max-snippet:-1, max-image-preview:large, max-video-preview:-1\" \/>\n<link rel=\"canonical\" href=\"http:\/\/wp2.iesagora.es:60011\/ahermosoq01\/producto\/roscas-caseras-4-unidades\/\" \/>\n<meta property=\"og:locale\" content=\"es_ES\" \/>\n<meta property=\"og:type\" content=\"article\" \/>\n<meta property=\"og:title\" content=\"Roscas CASERAS (4 Unidades) -\" \/>\n<meta property=\"og:description\" content=\"Roscas Extreme\u00f1as Caseras (4 uds), crujientes y esponjosas. El sabor tradicional perfecto para acompa\u00f1ar tu caf\u00e9 o t\u00e9. \u2615\u2728\" \/>\n<meta property=\"og:url\" content=\"http:\/\/wp2.iesagora.es:60011\/ahermosoq01\/producto\/roscas-caseras-4-unidades\/\" \/>\n<meta property=\"article:modified_time\" content=\"2025-03-06T23:38:03+00:00\" \/>\n<meta property=\"og:image\" content=\"http:\/\/wp2.iesagora.es:60011\/ahermosoq01\/wp-content\/uploads\/sites\/118\/2025\/01\/Roscas-Photoroom.png\" \/>\n\t<meta property=\"og:image:width\" content=\"600\" \/>\n\t<meta property=\"og:image:height\" content=\"400\" \/>\n\t<meta property=\"og:image:type\" content=\"image\/png\" \/>\n<meta name=\"twitter:card\" content=\"summary_large_image\" \/>\n<meta name=\"twitter:label1\" content=\"Tiempo de lectura\" \/>\n\t<meta name=\"twitter:data1\" content=\"1 minuto\" \/>\n<script type=\"application\/ld+json\" class=\"yoast-schema-graph\">{\"@context\":\"https:\/\/schema.org\",\"@graph\":[{\"@type\":\"WebPage\",\"@id\":\"http:\/\/wp2.iesagora.es:60011\/ahermosoq01\/producto\/roscas-caseras-4-unidades\/\",\"url\":\"http:\/\/wp2.iesagora.es:60011\/ahermosoq01\/producto\/roscas-caseras-4-unidades\/\",\"name\":\"Roscas CASERAS (4 Unidades) -\",\"isPartOf\":{\"@id\":\"http:\/\/wp2.iesagora.es:60011\/ahermosoq01\/#website\"},\"primaryImageOfPage\":{\"@id\":\"http:\/\/wp2.iesagora.es:60011\/ahermosoq01\/producto\/roscas-caseras-4-unidades\/#primaryimage\"},\"image\":{\"@id\":\"http:\/\/wp2.iesagora.es:60011\/ahermosoq01\/producto\/roscas-caseras-4-unidades\/#primaryimage\"},\"thumbnailUrl\":\"http:\/\/wp2.iesagora.es:60011\/ahermosoq01\/wp-content\/uploads\/sites\/118\/2025\/01\/Roscas-Photoroom.png\",\"datePublished\":\"2025-01-30T13:24:10+00:00\",\"dateModified\":\"2025-03-06T23:38:03+00:00\",\"description\":\"Roscas Extreme\u00f1as Caseras (4 uds), crujientes y esponjosas. El sabor tradicional perfecto para acompa\u00f1ar tu caf\u00e9 o t\u00e9. \u2615\u2728\",\"breadcrumb\":{\"@id\":\"http:\/\/wp2.iesagora.es:60011\/ahermosoq01\/producto\/roscas-caseras-4-unidades\/#breadcrumb\"},\"inLanguage\":\"es\",\"potentialAction\":[{\"@type\":\"ReadAction\",\"target\":[\"http:\/\/wp2.iesagora.es:60011\/ahermosoq01\/producto\/roscas-caseras-4-unidades\/\"]}]},{\"@type\":\"ImageObject\",\"inLanguage\":\"es\",\"@id\":\"http:\/\/wp2.iesagora.es:60011\/ahermosoq01\/producto\/roscas-caseras-4-unidades\/#primaryimage\",\"url\":\"http:\/\/wp2.iesagora.es:60011\/ahermosoq01\/wp-content\/uploads\/sites\/118\/2025\/01\/Roscas-Photoroom.png\",\"contentUrl\":\"http:\/\/wp2.iesagora.es:60011\/ahermosoq01\/wp-content\/uploads\/sites\/118\/2025\/01\/Roscas-Photoroom.png\",\"width\":600,\"height\":400,\"caption\":\"Roscas caseras (4 unidades)\"},{\"@type\":\"BreadcrumbList\",\"@id\":\"http:\/\/wp2.iesagora.es:60011\/ahermosoq01\/producto\/roscas-caseras-4-unidades\/#breadcrumb\",\"itemListElement\":[{\"@type\":\"ListItem\",\"position\":1,\"name\":\"Portada\",\"item\":\"http:\/\/wp2.iesagora.es:60011\/ahermosoq01\/\"},{\"@type\":\"ListItem\",\"position\":2,\"name\":\"Tienda\",\"item\":\"http:\/\/wp2.iesagora.es:60011\/ahermosoq01\/tienda\/\"},{\"@type\":\"ListItem\",\"position\":3,\"name\":\"Roscas CASERAS (4 Unidades)\"}]},{\"@type\":\"WebSite\",\"@id\":\"http:\/\/wp2.iesagora.es:60011\/ahermosoq01\/#website\",\"url\":\"http:\/\/wp2.iesagora.es:60011\/ahermosoq01\/\",\"name\":\"Dulce Patita\",\"description\":\"\",\"publisher\":{\"@id\":\"http:\/\/wp2.iesagora.es:60011\/ahermosoq01\/#organization\"},\"potentialAction\":[{\"@type\":\"SearchAction\",\"target\":{\"@type\":\"EntryPoint\",\"urlTemplate\":\"http:\/\/wp2.iesagora.es:60011\/ahermosoq01\/?s={search_term_string}\"},\"query-input\":{\"@type\":\"PropertyValueSpecification\",\"valueRequired\":true,\"valueName\":\"search_term_string\"}}],\"inLanguage\":\"es\"},{\"@type\":\"Organization\",\"@id\":\"http:\/\/wp2.iesagora.es:60011\/ahermosoq01\/#organization\",\"name\":\"Dulce Patita\",\"url\":\"http:\/\/wp2.iesagora.es:60011\/ahermosoq01\/\",\"logo\":{\"@type\":\"ImageObject\",\"inLanguage\":\"es\",\"@id\":\"http:\/\/wp2.iesagora.es:60011\/ahermosoq01\/#\/schema\/logo\/image\/\",\"url\":\"http:\/\/wp2.iesagora.es:60011\/ahermosoq01\/wp-content\/uploads\/sites\/118\/2025\/01\/cropped-Logo-Dulce-Patita-PAGINA-WEB-500x500-1-4-1.png\",\"contentUrl\":\"http:\/\/wp2.iesagora.es:60011\/ahermosoq01\/wp-content\/uploads\/sites\/118\/2025\/01\/cropped-Logo-Dulce-Patita-PAGINA-WEB-500x500-1-4-1.png\",\"width\":500,\"height\":500,\"caption\":\"Dulce Patita\"},\"image\":{\"@id\":\"http:\/\/wp2.iesagora.es:60011\/ahermosoq01\/#\/schema\/logo\/image\/\"}}]}<\/script>\n<!-- \/ Yoast SEO plugin. -->","yoast_head_json":{"title":"Roscas CASERAS (4 Unidades) -","description":"Roscas Extreme\u00f1as Caseras (4 uds), crujientes y esponjosas. El sabor tradicional perfecto para acompa\u00f1ar tu caf\u00e9 o t\u00e9. \u2615\u2728","robots":{"index":"index","follow":"follow","max-snippet":"max-snippet:-1","max-image-preview":"max-image-preview:large","max-video-preview":"max-video-preview:-1"},"canonical":"http:\/\/wp2.iesagora.es:60011\/ahermosoq01\/producto\/roscas-caseras-4-unidades\/","og_locale":"es_ES","og_type":"article","og_title":"Roscas CASERAS (4 Unidades) -","og_description":"Roscas Extreme\u00f1as Caseras (4 uds), crujientes y esponjosas. El sabor tradicional perfecto para acompa\u00f1ar tu caf\u00e9 o t\u00e9. \u2615\u2728","og_url":"http:\/\/wp2.iesagora.es:60011\/ahermosoq01\/producto\/roscas-caseras-4-unidades\/","article_modified_time":"2025-03-06T23:38:03+00:00","og_image":[{"width":600,"height":400,"url":"http:\/\/wp2.iesagora.es:60011\/ahermosoq01\/wp-content\/uploads\/sites\/118\/2025\/01\/Roscas-Photoroom.png","type":"image\/png"}],"twitter_card":"summary_large_image","twitter_misc":{"Tiempo de lectura":"1 minuto"},"schema":{"@context":"https:\/\/schema.org","@graph":[{"@type":"WebPage","@id":"http:\/\/wp2.iesagora.es:60011\/ahermosoq01\/producto\/roscas-caseras-4-unidades\/","url":"http:\/\/wp2.iesagora.es:60011\/ahermosoq01\/producto\/roscas-caseras-4-unidades\/","name":"Roscas CASERAS (4 Unidades) -","isPartOf":{"@id":"http:\/\/wp2.iesagora.es:60011\/ahermosoq01\/#website"},"primaryImageOfPage":{"@id":"http:\/\/wp2.iesagora.es:60011\/ahermosoq01\/producto\/roscas-caseras-4-unidades\/#primaryimage"},"image":{"@id":"http:\/\/wp2.iesagora.es:60011\/ahermosoq01\/producto\/roscas-caseras-4-unidades\/#primaryimage"},"thumbnailUrl":"http:\/\/wp2.iesagora.es:60011\/ahermosoq01\/wp-content\/uploads\/sites\/118\/2025\/01\/Roscas-Photoroom.png","datePublished":"2025-01-30T13:24:10+00:00","dateModified":"2025-03-06T23:38:03+00:00","description":"Roscas Extreme\u00f1as Caseras (4 uds), crujientes y esponjosas. El sabor tradicional perfecto para acompa\u00f1ar tu caf\u00e9 o t\u00e9. \u2615\u2728","breadcrumb":{"@id":"http:\/\/wp2.iesagora.es:60011\/ahermosoq01\/producto\/roscas-caseras-4-unidades\/#breadcrumb"},"inLanguage":"es","potentialAction":[{"@type":"ReadAction","target":["http:\/\/wp2.iesagora.es:60011\/ahermosoq01\/producto\/roscas-caseras-4-unidades\/"]}]},{"@type":"ImageObject","inLanguage":"es","@id":"http:\/\/wp2.iesagora.es:60011\/ahermosoq01\/producto\/roscas-caseras-4-unidades\/#primaryimage","url":"http:\/\/wp2.iesagora.es:60011\/ahermosoq01\/wp-content\/uploads\/sites\/118\/2025\/01\/Roscas-Photoroom.png","contentUrl":"http:\/\/wp2.iesagora.es:60011\/ahermosoq01\/wp-content\/uploads\/sites\/118\/2025\/01\/Roscas-Photoroom.png","width":600,"height":400,"caption":"Roscas caseras (4 unidades)"},{"@type":"BreadcrumbList","@id":"http:\/\/wp2.iesagora.es:60011\/ahermosoq01\/producto\/roscas-caseras-4-unidades\/#breadcrumb","itemListElement":[{"@type":"ListItem","position":1,"name":"Portada","item":"http:\/\/wp2.iesagora.es:60011\/ahermosoq01\/"},{"@type":"ListItem","position":2,"name":"Tienda","item":"http:\/\/wp2.iesagora.es:60011\/ahermosoq01\/tienda\/"},{"@type":"ListItem","position":3,"name":"Roscas CASERAS (4 Unidades)"}]},{"@type":"WebSite","@id":"http:\/\/wp2.iesagora.es:60011\/ahermosoq01\/#website","url":"http:\/\/wp2.iesagora.es:60011\/ahermosoq01\/","name":"Dulce Patita","description":"","publisher":{"@id":"http:\/\/wp2.iesagora.es:60011\/ahermosoq01\/#organization"},"potentialAction":[{"@type":"SearchAction","target":{"@type":"EntryPoint","urlTemplate":"http:\/\/wp2.iesagora.es:60011\/ahermosoq01\/?s={search_term_string}"},"query-input":{"@type":"PropertyValueSpecification","valueRequired":true,"valueName":"search_term_string"}}],"inLanguage":"es"},{"@type":"Organization","@id":"http:\/\/wp2.iesagora.es:60011\/ahermosoq01\/#organization","name":"Dulce Patita","url":"http:\/\/wp2.iesagora.es:60011\/ahermosoq01\/","logo":{"@type":"ImageObject","inLanguage":"es","@id":"http:\/\/wp2.iesagora.es:60011\/ahermosoq01\/#\/schema\/logo\/image\/","url":"http:\/\/wp2.iesagora.es:60011\/ahermosoq01\/wp-content\/uploads\/sites\/118\/2025\/01\/cropped-Logo-Dulce-Patita-PAGINA-WEB-500x500-1-4-1.png","contentUrl":"http:\/\/wp2.iesagora.es:60011\/ahermosoq01\/wp-content\/uploads\/sites\/118\/2025\/01\/cropped-Logo-Dulce-Patita-PAGINA-WEB-500x500-1-4-1.png","width":500,"height":500,"caption":"Dulce Patita"},"image":{"@id":"http:\/\/wp2.iesagora.es:60011\/ahermosoq01\/#\/schema\/logo\/image\/"}}]}},"_links":{"self":[{"href":"http:\/\/wp2.iesagora.es:60011\/ahermosoq01\/wp-json\/wp\/v2\/product\/245","targetHints":{"allow":["GET"]}}],"collection":[{"href":"http:\/\/wp2.iesagora.es:60011\/ahermosoq01\/wp-json\/wp\/v2\/product"}],"about":[{"href":"http:\/\/wp2.iesagora.es:60011\/ahermosoq01\/wp-json\/wp\/v2\/types\/product"}],"replies":[{"embeddable":true,"href":"http:\/\/wp2.iesagora.es:60011\/ahermosoq01\/wp-json\/wp\/v2\/comments?post=245"}],"version-history":[{"count":3,"href":"http:\/\/wp2.iesagora.es:60011\/ahermosoq01\/wp-json\/wp\/v2\/product\/245\/revisions"}],"predecessor-version":[{"id":894,"href":"http:\/\/wp2.iesagora.es:60011\/ahermosoq01\/wp-json\/wp\/v2\/product\/245\/revisions\/894"}],"wp:featuredmedia":[{"embeddable":true,"href":"http:\/\/wp2.iesagora.es:60011\/ahermosoq01\/wp-json\/wp\/v2\/media\/246"}],"wp:attachment":[{"href":"http:\/\/wp2.iesagora.es:60011\/ahermosoq01\/wp-json\/wp\/v2\/media?parent=245"}],"wp:term":[{"taxonomy":"product_brand","embeddable":true,"href":"http:\/\/wp2.iesagora.es:60011\/ahermosoq01\/wp-json\/wp\/v2\/product_brand?post=245"},{"taxonomy":"product_cat","embeddable":true,"href":"http:\/\/wp2.iesagora.es:60011\/ahermosoq01\/wp-json\/wp\/v2\/product_cat?post=245"},{"taxonomy":"product_tag","embeddable":true,"href":"http:\/\/wp2.iesagora.es:60011\/ahermosoq01\/wp-json\/wp\/v2\/product_tag?post=245"}],"curies":[{"name":"wp","href":"https:\/\/api.w.org\/{rel}","templated":true}]}}