{"id":198,"date":"2025-01-29T19:48:27","date_gmt":"2025-01-29T18:48:27","guid":{"rendered":"http:\/\/wp2.iesagora.es:60011\/ahermosoq01\/?page_id=198"},"modified":"2025-02-17T00:03:47","modified_gmt":"2025-02-16T23:03:47","slug":"politica-de-cookies","status":"publish","type":"page","link":"http:\/\/wp2.iesagora.es:60011\/ahermosoq01\/politica-de-cookies\/","title":{"rendered":"Pol\u00edtica de cookies"},"content":{"rendered":"\t\t<div data-elementor-type=\"wp-page\" data-elementor-id=\"198\" class=\"elementor elementor-198\" data-elementor-post-type=\"page\">\n\t\t\t\t<div class=\"elementor-element elementor-element-a76dd5f e-flex e-con-boxed e-con e-parent\" data-id=\"a76dd5f\" data-element_type=\"container\">\n\t\t\t\t\t<div class=\"e-con-inner\">\n\t\t\t\t<div class=\"elementor-element elementor-element-c12bd42 elementor-toc--minimized-on-tablet elementor-widget elementor-widget-table-of-contents\" data-id=\"c12bd42\" data-element_type=\"widget\" data-settings=\"{&quot;exclude_headings_by_selector&quot;:[],&quot;no_headings_message&quot;:&quot;No headings were found on this page.&quot;,&quot;headings_by_tags&quot;:[&quot;h2&quot;,&quot;h3&quot;,&quot;h4&quot;,&quot;h5&quot;,&quot;h6&quot;],&quot;marker_view&quot;:&quot;numbers&quot;,&quot;minimize_box&quot;:&quot;yes&quot;,&quot;minimized_on&quot;:&quot;tablet&quot;,&quot;hierarchical_view&quot;:&quot;yes&quot;,&quot;min_height&quot;:{&quot;unit&quot;:&quot;px&quot;,&quot;size&quot;:&quot;&quot;,&quot;sizes&quot;:[]},&quot;min_height_tablet&quot;:{&quot;unit&quot;:&quot;px&quot;,&quot;size&quot;:&quot;&quot;,&quot;sizes&quot;:[]},&quot;min_height_mobile&quot;:{&quot;unit&quot;:&quot;px&quot;,&quot;size&quot;:&quot;&quot;,&quot;sizes&quot;:[]}}\" data-widget_type=\"table-of-contents.default\">\n\t\t\t\t\t\t\t<div class=\"elementor-toc__header\">\n\t\t\t<h4 class=\"elementor-toc__header-title\">\n\t\t\t\tTable of Contents\t\t\t<\/h4>\n\t\t\t\t\t\t\t<div class=\"elementor-toc__toggle-button elementor-toc__toggle-button--expand\" role=\"button\" tabindex=\"0\" aria-controls=\"elementor-toc__c12bd42\" aria-expanded=\"true\" aria-label=\"Open table of contents\"><svg aria-hidden=\"true\" class=\"e-font-icon-svg e-fas-chevron-down\" viewBox=\"0 0 448 512\" xmlns=\"http:\/\/www.w3.org\/2000\/svg\"><path d=\"M207.029 381.476L12.686 187.132c-9.373-9.373-9.373-24.569 0-33.941l22.667-22.667c9.357-9.357 24.522-9.375 33.901-.04L224 284.505l154.745-154.021c9.379-9.335 24.544-9.317 33.901.04l22.667 22.667c9.373 9.373 9.373 24.569 0 33.941L240.971 381.476c-9.373 9.372-24.569 9.372-33.942 0z\"><\/path><\/svg><\/div>\n\t\t\t\t<div class=\"elementor-toc__toggle-button elementor-toc__toggle-button--collapse\" role=\"button\" tabindex=\"0\" aria-controls=\"elementor-toc__c12bd42\" aria-expanded=\"true\" aria-label=\"Close table of contents\"><svg aria-hidden=\"true\" class=\"e-font-icon-svg e-fas-chevron-up\" viewBox=\"0 0 448 512\" xmlns=\"http:\/\/www.w3.org\/2000\/svg\"><path d=\"M240.971 130.524l194.343 194.343c9.373 9.373 9.373 24.569 0 33.941l-22.667 22.667c-9.357 9.357-24.522 9.375-33.901.04L224 227.495 69.255 381.516c-9.379 9.335-24.544 9.317-33.901-.04l-22.667-22.667c-9.373-9.373-9.373-24.569 0-33.941L207.03 130.525c9.372-9.373 24.568-9.373 33.941-.001z\"><\/path><\/svg><\/div>\n\t\t\t\t\t<\/div>\n\t\t<div id=\"elementor-toc__c12bd42\" class=\"elementor-toc__body\">\n\t\t\t<div class=\"elementor-toc__spinner-container\">\n\t\t\t\t<svg class=\"elementor-toc__spinner eicon-animation-spin e-font-icon-svg e-eicon-loading\" aria-hidden=\"true\" viewBox=\"0 0 1000 1000\" xmlns=\"http:\/\/www.w3.org\/2000\/svg\"><path d=\"M500 975V858C696 858 858 696 858 500S696 142 500 142 142 304 142 500H25C25 237 238 25 500 25S975 237 975 500 763 975 500 975Z\"><\/path><\/svg>\t\t\t<\/div>\n\t\t<\/div>\n\t\t\t\t\t\t<\/div>\n\t\t\t\t\t<\/div>\n\t\t\t\t<\/div>\n\t\t<div class=\"elementor-element elementor-element-e763f2f e-flex e-con-boxed e-con e-parent\" data-id=\"e763f2f\" data-element_type=\"container\">\n\t\t\t\t\t<div class=\"e-con-inner\">\n\t\t\t\t<div class=\"elementor-element elementor-element-95f9c38 elementor-widget elementor-widget-spacer\" data-id=\"95f9c38\" data-element_type=\"widget\" data-widget_type=\"spacer.default\">\n\t\t\t\t\t\t\t<div class=\"elementor-spacer\">\n\t\t\t<div class=\"elementor-spacer-inner\"><\/div>\n\t\t<\/div>\n\t\t\t\t\t\t<\/div>\n\t\t\t\t\t<\/div>\n\t\t\t\t<\/div>\n\t\t<div class=\"elementor-element elementor-element-5590d40 e-flex e-con-boxed e-con e-parent\" data-id=\"5590d40\" data-element_type=\"container\">\n\t\t\t\t\t<div class=\"e-con-inner\">\n\t\t\t\t<div class=\"elementor-element elementor-element-707ae4a elementor-widget elementor-widget-text-editor\" data-id=\"707ae4a\" data-element_type=\"widget\" data-widget_type=\"text-editor.default\">\n\t\t\t\t\t\t\t\t\t<h3><strong>POL\u00cdTICA DE COOKIES<\/strong><\/h3><h5><strong>1. \u00bfQu\u00e9 son las cookies?<\/strong><\/h5><p>Las cookies son peque\u00f1os archivos de datos que se almacenan en el dispositivo del usuario cuando visita nuestro sitio web. Permiten mejorar la experiencia de navegaci\u00f3n y recopilar informaci\u00f3n sobre el uso del sitio.<\/p><h5><strong>2. Tipos de Cookies Utilizadas<\/strong><\/h5><ul><li>Cookies t\u00e9cnicas: Necesarias para el funcionamiento del sitio web.<\/li><li>Cookies anal\u00edticas: Nos ayudan a mejorar el sitio mediante datos an\u00f3nimos.<\/li><li>Cookies de personalizaci\u00f3n: Permiten adaptar la web a las preferencias del usuario.<\/li><li>Cookies publicitarias: Gestionan la publicidad en base a los h\u00e1bitos de navegaci\u00f3n.<\/li><\/ul><h5><strong>3. Configuraci\u00f3n y Rechazo de Cookies<\/strong><\/h5><p>El usuario puede configurar o rechazar el uso de cookies a trav\u00e9s de la configuraci\u00f3n del navegador o mediante nuestro panel de gesti\u00f3n de cookies.<\/p><h5><strong>4. Eliminaci\u00f3n de Cookies<\/strong><\/h5><p>El usuario puede eliminar las cookies almacenadas en su dispositivo en cualquier momento desde la configuraci\u00f3n de su navegador.<\/p>\t\t\t\t\t\t\t\t<\/div>\n\t\t\t\t\t<\/div>\n\t\t\t\t<\/div>\n\t\t<div class=\"elementor-element elementor-element-9afb1db e-flex e-con-boxed e-con e-parent\" data-id=\"9afb1db\" data-element_type=\"container\">\n\t\t\t\t\t<div class=\"e-con-inner\">\n\t\t\t\t<div class=\"elementor-element elementor-element-5e96c12 elementor-widget-divider--view-line elementor-widget elementor-widget-divider\" data-id=\"5e96c12\" data-element_type=\"widget\" data-widget_type=\"divider.default\">\n\t\t\t\t\t\t\t<div class=\"elementor-divider\">\n\t\t\t<span class=\"elementor-divider-separator\">\n\t\t\t\t\t\t<\/span>\n\t\t<\/div>\n\t\t\t\t\t\t<\/div>\n\t\t\t\t\t<\/div>\n\t\t\t\t<\/div>\n\t\t<div class=\"elementor-element elementor-element-7a63f6e e-flex e-con-boxed e-con e-parent\" data-id=\"7a63f6e\" data-element_type=\"container\">\n\t\t\t\t\t<div class=\"e-con-inner\">\n\t\t\t\t<div class=\"elementor-element elementor-element-32ad2b8 elementor-widget elementor-widget-text-editor\" data-id=\"32ad2b8\" data-element_type=\"widget\" data-widget_type=\"text-editor.default\">\n\t\t\t\t\t\t\t\t\t<p>Para cualquier duda o consulta, puedes contactar con nosotros en dulcepatitacatcafe@gmail.com o bien llamarnos al 927 712 444.<\/p>\n<p>\u00a1Gracias por visitar nuestro Cat Caf\u00e9!\ud83d\udc3e<\/p>\t\t\t\t\t\t\t\t<\/div>\n\t\t\t\t\t<\/div>\n\t\t\t\t<\/div>\n\t\t<div class=\"elementor-element elementor-element-c62cb2d e-flex e-con-boxed e-con e-parent\" data-id=\"c62cb2d\" data-element_type=\"container\">\n\t\t\t\t\t<div class=\"e-con-inner\">\n\t\t\t\t<div class=\"elementor-element elementor-element-1618e66 elementor-widget elementor-widget-spacer\" data-id=\"1618e66\" data-element_type=\"widget\" data-widget_type=\"spacer.default\">\n\t\t\t\t\t\t\t<div class=\"elementor-spacer\">\n\t\t\t<div class=\"elementor-spacer-inner\"><\/div>\n\t\t<\/div>\n\t\t\t\t\t\t<\/div>\n\t\t\t\t\t<\/div>\n\t\t\t\t<\/div>\n\t\t<div class=\"elementor-element elementor-element-6dd778b e-flex e-con-boxed e-con e-parent\" data-id=\"6dd778b\" data-element_type=\"container\" data-settings=\"{&quot;shape_divider_bottom&quot;:&quot;waves&quot;}\">\n\t\t\t\t\t<div class=\"e-con-inner\">\n\t\t\t\t<div class=\"elementor-shape elementor-shape-bottom\" aria-hidden=\"true\" data-negative=\"false\">\n\t\t\t<svg xmlns=\"http:\/\/www.w3.org\/2000\/svg\" viewBox=\"0 0 1000 100\" preserveAspectRatio=\"none\">\n\t<path class=\"elementor-shape-fill\" d=\"M421.9,6.5c22.6-2.5,51.5,0.4,75.5,5.3c23.6,4.9,70.9,23.5,100.5,35.7c75.8,32.2,133.7,44.5,192.6,49.7\n\tc23.6,2.1,48.7,3.5,103.4-2.5c54.7-6,106.2-25.6,106.2-25.6V0H0v30.3c0,0,72,32.6,158.4,30.5c39.2-0.7,92.8-6.7,134-22.4\n\tc21.2-8.1,52.2-18.2,79.7-24.2C399.3,7.9,411.6,7.5,421.9,6.5z\"\/>\n<\/svg>\t\t<\/div>\n\t\t\t\t\t<\/div>\n\t\t\t\t<\/div>\n\t\t\t\t<\/div>\n\t\t","protected":false},"excerpt":{"rendered":"<p>Table of Contents POL\u00cdTICA DE COOKIES 1. \u00bfQu\u00e9 son las cookies? Las cookies son peque\u00f1os archivos de datos que se [&hellip;]<\/p>\n","protected":false},"author":50,"featured_media":0,"parent":0,"menu_order":0,"comment_status":"closed","ping_status":"closed","template":"","meta":{"site-sidebar-layout":"no-sidebar","site-content-layout":"","ast-site-content-layout":"full-width-container","site-content-style":"default","site-sidebar-style":"default","ast-global-header-display":"","ast-banner-title-visibility":"","ast-main-header-display":"","ast-hfb-above-header-display":"","ast-hfb-below-header-display":"","ast-hfb-mobile-header-display":"","site-post-title":"disabled","ast-breadcrumbs-content":"","ast-featured-img":"disabled","footer-sml-layout":"","theme-transparent-header-meta":"","adv-header-id-meta":"","stick-header-meta":"","header-above-stick-meta":"","header-main-stick-meta":"","header-below-stick-meta":"","astra-migrate-meta-layouts":"default","ast-page-background-enabled":"default","ast-page-background-meta":{"desktop":{"background-color":"var(--ast-global-color-5)","background-image":"","background-repeat":"repeat","background-position":"center center","background-size":"auto","background-attachment":"scroll","background-type":"","background-media":"","overlay-type":"","overlay-color":"","overlay-opacity":"","overlay-gradient":""},"tablet":{"background-color":"","background-image":"","background-repeat":"repeat","background-position":"center center","background-size":"auto","background-attachment":"scroll","background-type":"","background-media":"","overlay-type":"","overlay-color":"","overlay-opacity":"","overlay-gradient":""},"mobile":{"background-color":"","background-image":"","background-repeat":"repeat","background-position":"center center","background-size":"auto","background-attachment":"scroll","background-type":"","background-media":"","overlay-type":"","overlay-color":"","overlay-opacity":"","overlay-gradient":""}},"ast-content-background-meta":{"desktop":{"background-color":"var(--ast-global-color-4)","background-image":"","background-repeat":"repeat","background-position":"center center","background-size":"auto","background-attachment":"scroll","background-type":"","background-media":"","overlay-type":"","overlay-color":"","overlay-opacity":"","overlay-gradient":""},"tablet":{"background-color":"var(--ast-global-color-4)","background-image":"","background-repeat":"repeat","background-position":"center center","background-size":"auto","background-attachment":"scroll","background-type":"","background-media":"","overlay-type":"","overlay-color":"","overlay-opacity":"","overlay-gradient":""},"mobile":{"background-color":"var(--ast-global-color-4)","background-image":"","background-repeat":"repeat","background-position":"center center","background-size":"auto","background-attachment":"scroll","background-type":"","background-media":"","overlay-type":"","overlay-color":"","overlay-opacity":"","overlay-gradient":""}},"footnotes":""},"class_list":["post-198","page","type-page","status-publish","hentry"],"yoast_head":"<!-- This site is optimized with the Yoast SEO plugin v26.8 - https:\/\/yoast.com\/product\/yoast-seo-wordpress\/ -->\n<title>Pol\u00edtica de cookies -<\/title>\n<meta name=\"robots\" content=\"index, follow, max-snippet:-1, max-image-preview:large, max-video-preview:-1\" \/>\n<link rel=\"canonical\" href=\"http:\/\/wp2.iesagora.es:60011\/ahermosoq01\/politica-de-cookies\/\" \/>\n<meta property=\"og:locale\" content=\"es_ES\" \/>\n<meta property=\"og:type\" content=\"article\" \/>\n<meta property=\"og:title\" content=\"Pol\u00edtica de cookies -\" \/>\n<meta property=\"og:description\" content=\"Table of Contents POL\u00cdTICA DE COOKIES 1. \u00bfQu\u00e9 son las cookies? Las cookies son peque\u00f1os archivos de datos que se [&hellip;]\" \/>\n<meta property=\"og:url\" content=\"http:\/\/wp2.iesagora.es:60011\/ahermosoq01\/politica-de-cookies\/\" \/>\n<meta property=\"article:modified_time\" content=\"2025-02-16T23:03:47+00:00\" \/>\n<meta name=\"twitter:card\" content=\"summary_large_image\" \/>\n<script type=\"application\/ld+json\" class=\"yoast-schema-graph\">{\"@context\":\"https:\/\/schema.org\",\"@graph\":[{\"@type\":\"WebPage\",\"@id\":\"http:\/\/wp2.iesagora.es:60011\/ahermosoq01\/politica-de-cookies\/\",\"url\":\"http:\/\/wp2.iesagora.es:60011\/ahermosoq01\/politica-de-cookies\/\",\"name\":\"Pol\u00edtica de cookies -\",\"isPartOf\":{\"@id\":\"http:\/\/wp2.iesagora.es:60011\/ahermosoq01\/#website\"},\"datePublished\":\"2025-01-29T18:48:27+00:00\",\"dateModified\":\"2025-02-16T23:03:47+00:00\",\"breadcrumb\":{\"@id\":\"http:\/\/wp2.iesagora.es:60011\/ahermosoq01\/politica-de-cookies\/#breadcrumb\"},\"inLanguage\":\"es\",\"potentialAction\":[{\"@type\":\"ReadAction\",\"target\":[\"http:\/\/wp2.iesagora.es:60011\/ahermosoq01\/politica-de-cookies\/\"]}]},{\"@type\":\"BreadcrumbList\",\"@id\":\"http:\/\/wp2.iesagora.es:60011\/ahermosoq01\/politica-de-cookies\/#breadcrumb\",\"itemListElement\":[{\"@type\":\"ListItem\",\"position\":1,\"name\":\"Portada\",\"item\":\"http:\/\/wp2.iesagora.es:60011\/ahermosoq01\/\"},{\"@type\":\"ListItem\",\"position\":2,\"name\":\"Pol\u00edtica de cookies\"}]},{\"@type\":\"WebSite\",\"@id\":\"http:\/\/wp2.iesagora.es:60011\/ahermosoq01\/#website\",\"url\":\"http:\/\/wp2.iesagora.es:60011\/ahermosoq01\/\",\"name\":\"Dulce Patita\",\"description\":\"\",\"publisher\":{\"@id\":\"http:\/\/wp2.iesagora.es:60011\/ahermosoq01\/#organization\"},\"potentialAction\":[{\"@type\":\"SearchAction\",\"target\":{\"@type\":\"EntryPoint\",\"urlTemplate\":\"http:\/\/wp2.iesagora.es:60011\/ahermosoq01\/?s={search_term_string}\"},\"query-input\":{\"@type\":\"PropertyValueSpecification\",\"valueRequired\":true,\"valueName\":\"search_term_string\"}}],\"inLanguage\":\"es\"},{\"@type\":\"Organization\",\"@id\":\"http:\/\/wp2.iesagora.es:60011\/ahermosoq01\/#organization\",\"name\":\"Dulce Patita\",\"url\":\"http:\/\/wp2.iesagora.es:60011\/ahermosoq01\/\",\"logo\":{\"@type\":\"ImageObject\",\"inLanguage\":\"es\",\"@id\":\"http:\/\/wp2.iesagora.es:60011\/ahermosoq01\/#\/schema\/logo\/image\/\",\"url\":\"http:\/\/wp2.iesagora.es:60011\/ahermosoq01\/wp-content\/uploads\/sites\/118\/2025\/01\/cropped-Logo-Dulce-Patita-PAGINA-WEB-500x500-1-4-1.png\",\"contentUrl\":\"http:\/\/wp2.iesagora.es:60011\/ahermosoq01\/wp-content\/uploads\/sites\/118\/2025\/01\/cropped-Logo-Dulce-Patita-PAGINA-WEB-500x500-1-4-1.png\",\"width\":500,\"height\":500,\"caption\":\"Dulce Patita\"},\"image\":{\"@id\":\"http:\/\/wp2.iesagora.es:60011\/ahermosoq01\/#\/schema\/logo\/image\/\"}}]}<\/script>\n<!-- \/ Yoast SEO plugin. -->","yoast_head_json":{"title":"Pol\u00edtica de cookies -","robots":{"index":"index","follow":"follow","max-snippet":"max-snippet:-1","max-image-preview":"max-image-preview:large","max-video-preview":"max-video-preview:-1"},"canonical":"http:\/\/wp2.iesagora.es:60011\/ahermosoq01\/politica-de-cookies\/","og_locale":"es_ES","og_type":"article","og_title":"Pol\u00edtica de cookies -","og_description":"Table of Contents POL\u00cdTICA DE COOKIES 1. \u00bfQu\u00e9 son las cookies? Las cookies son peque\u00f1os archivos de datos que se [&hellip;]","og_url":"http:\/\/wp2.iesagora.es:60011\/ahermosoq01\/politica-de-cookies\/","article_modified_time":"2025-02-16T23:03:47+00:00","twitter_card":"summary_large_image","schema":{"@context":"https:\/\/schema.org","@graph":[{"@type":"WebPage","@id":"http:\/\/wp2.iesagora.es:60011\/ahermosoq01\/politica-de-cookies\/","url":"http:\/\/wp2.iesagora.es:60011\/ahermosoq01\/politica-de-cookies\/","name":"Pol\u00edtica de cookies -","isPartOf":{"@id":"http:\/\/wp2.iesagora.es:60011\/ahermosoq01\/#website"},"datePublished":"2025-01-29T18:48:27+00:00","dateModified":"2025-02-16T23:03:47+00:00","breadcrumb":{"@id":"http:\/\/wp2.iesagora.es:60011\/ahermosoq01\/politica-de-cookies\/#breadcrumb"},"inLanguage":"es","potentialAction":[{"@type":"ReadAction","target":["http:\/\/wp2.iesagora.es:60011\/ahermosoq01\/politica-de-cookies\/"]}]},{"@type":"BreadcrumbList","@id":"http:\/\/wp2.iesagora.es:60011\/ahermosoq01\/politica-de-cookies\/#breadcrumb","itemListElement":[{"@type":"ListItem","position":1,"name":"Portada","item":"http:\/\/wp2.iesagora.es:60011\/ahermosoq01\/"},{"@type":"ListItem","position":2,"name":"Pol\u00edtica de cookies"}]},{"@type":"WebSite","@id":"http:\/\/wp2.iesagora.es:60011\/ahermosoq01\/#website","url":"http:\/\/wp2.iesagora.es:60011\/ahermosoq01\/","name":"Dulce Patita","description":"","publisher":{"@id":"http:\/\/wp2.iesagora.es:60011\/ahermosoq01\/#organization"},"potentialAction":[{"@type":"SearchAction","target":{"@type":"EntryPoint","urlTemplate":"http:\/\/wp2.iesagora.es:60011\/ahermosoq01\/?s={search_term_string}"},"query-input":{"@type":"PropertyValueSpecification","valueRequired":true,"valueName":"search_term_string"}}],"inLanguage":"es"},{"@type":"Organization","@id":"http:\/\/wp2.iesagora.es:60011\/ahermosoq01\/#organization","name":"Dulce Patita","url":"http:\/\/wp2.iesagora.es:60011\/ahermosoq01\/","logo":{"@type":"ImageObject","inLanguage":"es","@id":"http:\/\/wp2.iesagora.es:60011\/ahermosoq01\/#\/schema\/logo\/image\/","url":"http:\/\/wp2.iesagora.es:60011\/ahermosoq01\/wp-content\/uploads\/sites\/118\/2025\/01\/cropped-Logo-Dulce-Patita-PAGINA-WEB-500x500-1-4-1.png","contentUrl":"http:\/\/wp2.iesagora.es:60011\/ahermosoq01\/wp-content\/uploads\/sites\/118\/2025\/01\/cropped-Logo-Dulce-Patita-PAGINA-WEB-500x500-1-4-1.png","width":500,"height":500,"caption":"Dulce Patita"},"image":{"@id":"http:\/\/wp2.iesagora.es:60011\/ahermosoq01\/#\/schema\/logo\/image\/"}}]}},"_links":{"self":[{"href":"http:\/\/wp2.iesagora.es:60011\/ahermosoq01\/wp-json\/wp\/v2\/pages\/198","targetHints":{"allow":["GET"]}}],"collection":[{"href":"http:\/\/wp2.iesagora.es:60011\/ahermosoq01\/wp-json\/wp\/v2\/pages"}],"about":[{"href":"http:\/\/wp2.iesagora.es:60011\/ahermosoq01\/wp-json\/wp\/v2\/types\/page"}],"author":[{"embeddable":true,"href":"http:\/\/wp2.iesagora.es:60011\/ahermosoq01\/wp-json\/wp\/v2\/users\/50"}],"replies":[{"embeddable":true,"href":"http:\/\/wp2.iesagora.es:60011\/ahermosoq01\/wp-json\/wp\/v2\/comments?post=198"}],"version-history":[{"count":17,"href":"http:\/\/wp2.iesagora.es:60011\/ahermosoq01\/wp-json\/wp\/v2\/pages\/198\/revisions"}],"predecessor-version":[{"id":679,"href":"http:\/\/wp2.iesagora.es:60011\/ahermosoq01\/wp-json\/wp\/v2\/pages\/198\/revisions\/679"}],"wp:attachment":[{"href":"http:\/\/wp2.iesagora.es:60011\/ahermosoq01\/wp-json\/wp\/v2\/media?parent=198"}],"curies":[{"name":"wp","href":"https:\/\/api.w.org\/{rel}","templated":true}]}}