{"id":653,"date":"2025-02-27T20:51:07","date_gmt":"2025-02-27T19:51:07","guid":{"rendered":"http:\/\/wp2.iesagora.es:60011\/abravop08\/?post_type=product&#038;p=653"},"modified":"2025-03-15T00:21:01","modified_gmt":"2025-03-14T23:21:01","slug":"gorra-negra-autech-solutions-negro","status":"publish","type":"product","link":"http:\/\/wp2.iesagora.es:60011\/abravop08\/producto\/gorra-negra-autech-solutions-negro\/","title":{"rendered":"Sudadera Autech Solutions"},"content":{"rendered":"<p data-start=\"36\" data-end=\"324\">Eleva tu estilo con la <strong data-start=\"59\" data-end=\"96\">Gorra negra de <a href=\"http:\/\/wp2.iesagora.es:60011\/abravop08\/tienda\/?v=efb03b68f7a0\">Autech Solutions<\/a><\/strong> en color negro. Dise\u00f1ada para quienes valoran la tecnolog\u00eda, la innovaci\u00f3n y el profesionalismo, esta gorra ofrece un look moderno y sofisticado con el logotipo de Autech Solutions bordado en alta calidad en la parte frontal.<\/p>\n<p data-start=\"326\" data-end=\"650\">Fabricada con materiales de primera calidad, su ajuste ergon\u00f3mico y su tejido <a href=\"https:\/\/es.wikipedia.org\/w\/index.php?search=transpirable&amp;title=Especial%3ABuscar&amp;ns0=1&amp;ns100=1&amp;ns104=1\">transpirable<\/a> la convierten en una opci\u00f3n ideal para cualquier ocasi\u00f3n, ya sea en eventos corporativos, reuniones de negocios o simplemente para el d\u00eda a d\u00eda. Su color negro elegante resalta el dise\u00f1o minimalista y vanguardista de nuestra marca.<\/p>\n<p data-start=\"652\" data-end=\"894\">Como referentes en automatizaci\u00f3n, inteligencia artificial y optimizaci\u00f3n de procesos empresariales, en <strong data-start=\"756\" data-end=\"776\">Autech Solutions<\/strong> no solo ofrecemos tecnolog\u00eda de punta, sino tambi\u00e9n productos exclusivos que reflejan nuestra identidad innovadora.<\/p>\n<h3 data-start=\"1091\" data-end=\"1130\"><strong data-start=\"1095\" data-end=\"1128\">Caracter\u00edsticas de la gorra negra:<\/strong><\/h3>\n<ul data-start=\"1131\" data-end=\"1386\">\n<li data-start=\"1131\" data-end=\"1193\">Material: Algod\u00f3n de alta calidad y poli\u00e9ster transpirable<\/li>\n<li data-start=\"1194\" data-end=\"1210\">Color: Negro<\/li>\n<li data-start=\"1211\" data-end=\"1249\">Dise\u00f1o: Ajustable con visera curva<\/li>\n<li data-start=\"1250\" data-end=\"1290\">Logotipo: Bordado en alta definici\u00f3n<\/li>\n<li data-start=\"1291\" data-end=\"1338\">Talla \u00fanica con sistema de ajuste adaptable<\/li>\n<li data-start=\"1339\" data-end=\"1386\">Ideal para uso diario, eventos y networking<\/li>\n<\/ul>\n<p data-start=\"1388\" data-end=\"1552\">Lleva contigo la esencia de <strong data-start=\"1416\" data-end=\"1436\">Autech Solutions<\/strong> y forma parte de la comunidad que est\u00e1 transformando el futuro. \u00a1Consigue la tuya ahora en nuestra tienda online!<\/p>\n","protected":false},"excerpt":{"rendered":"<p>Eleva tu estilo con la Gorra negra de Autech Solutions en color negro. Dise\u00f1ada para quienes valoran la tecnolog\u00eda, la [&hellip;]<\/p>\n","protected":false},"featured_media":123,"comment_status":"open","ping_status":"closed","template":"","meta":{"site-sidebar-layout":"default","site-content-layout":"","ast-site-content-layout":"default","site-content-style":"default","site-sidebar-style":"default","ast-global-header-display":"","ast-banner-title-visibility":"","ast-main-header-display":"","ast-hfb-above-header-display":"","ast-hfb-below-header-display":"","ast-hfb-mobile-header-display":"","site-post-title":"","ast-breadcrumbs-content":"","ast-featured-img":"","footer-sml-layout":"","theme-transparent-header-meta":"default","adv-header-id-meta":"","stick-header-meta":"","header-above-stick-meta":"","header-main-stick-meta":"","header-below-stick-meta":"","astra-migrate-meta-layouts":"set","ast-page-background-enabled":"default","ast-page-background-meta":{"desktop":{"background-color":"var(--ast-global-color-5)","background-image":"","background-repeat":"repeat","background-position":"center center","background-size":"auto","background-attachment":"scroll","background-type":"","background-media":"","overlay-type":"","overlay-color":"","overlay-opacity":"","overlay-gradient":""},"tablet":{"background-color":"","background-image":"","background-repeat":"repeat","background-position":"center center","background-size":"auto","background-attachment":"scroll","background-type":"","background-media":"","overlay-type":"","overlay-color":"","overlay-opacity":"","overlay-gradient":""},"mobile":{"background-color":"","background-image":"","background-repeat":"repeat","background-position":"center center","background-size":"auto","background-attachment":"scroll","background-type":"","background-media":"","overlay-type":"","overlay-color":"","overlay-opacity":"","overlay-gradient":""}},"ast-content-background-meta":{"desktop":{"background-color":"var(--ast-global-color-4)","background-image":"","background-repeat":"repeat","background-position":"center center","background-size":"auto","background-attachment":"scroll","background-type":"","background-media":"","overlay-type":"","overlay-color":"","overlay-opacity":"","overlay-gradient":""},"tablet":{"background-color":"var(--ast-global-color-4)","background-image":"","background-repeat":"repeat","background-position":"center center","background-size":"auto","background-attachment":"scroll","background-type":"","background-media":"","overlay-type":"","overlay-color":"","overlay-opacity":"","overlay-gradient":""},"mobile":{"background-color":"var(--ast-global-color-4)","background-image":"","background-repeat":"repeat","background-position":"center center","background-size":"auto","background-attachment":"scroll","background-type":"","background-media":"","overlay-type":"","overlay-color":"","overlay-opacity":"","overlay-gradient":""}}},"product_brand":[],"product_cat":[38],"product_tag":[],"class_list":{"0":"post-653","1":"product","2":"type-product","3":"status-publish","4":"has-post-thumbnail","6":"product_cat-gorras-autech","7":"pa_color-azul-oscuro","8":"pa_color-blanco","9":"pa_color-negro","10":"desktop-align-left","11":"tablet-align-left","12":"mobile-align-left","14":"first","15":"instock","16":"taxable","17":"shipping-taxable","18":"purchasable","19":"product-type-variable"},"yoast_head":"<!-- This site is optimized with the Yoast SEO plugin v26.8 - https:\/\/yoast.com\/product\/yoast-seo-wordpress\/ -->\n<title>Gorra Negra | Autech Solutions<\/title>\n<meta name=\"description\" content=\"Descubre la Gorra negra de Autech Solutions en color negro. Dise\u00f1o elegante, bordado premium y ajuste c\u00f3modo. \u00a1\u00danete a la innovaci\u00f3n con estilo! \ud83d\ude80\" \/>\n<meta name=\"robots\" content=\"index, follow, max-snippet:-1, max-image-preview:large, max-video-preview:-1\" \/>\n<link rel=\"canonical\" href=\"http:\/\/wp2.iesagora.es:60011\/abravop08\/producto\/gorra-negra-autech-solutions-negro\/\" \/>\n<meta property=\"og:locale\" content=\"es_ES\" \/>\n<meta property=\"og:type\" content=\"article\" \/>\n<meta property=\"og:title\" content=\"Gorra Negra | Autech Solutions\" \/>\n<meta property=\"og:description\" content=\"Descubre la Gorra negra de Autech Solutions en color negro. Dise\u00f1o elegante, bordado premium y ajuste c\u00f3modo. \u00a1\u00danete a la innovaci\u00f3n con estilo! \ud83d\ude80\" \/>\n<meta property=\"og:url\" content=\"http:\/\/wp2.iesagora.es:60011\/abravop08\/producto\/gorra-negra-autech-solutions-negro\/\" \/>\n<meta property=\"article:modified_time\" content=\"2025-03-14T23:21:01+00:00\" \/>\n<meta property=\"og:image\" content=\"http:\/\/wp2.iesagora.es:60011\/abravop08\/wp-content\/uploads\/sites\/115\/2025\/01\/18.png\" \/>\n\t<meta property=\"og:image:width\" content=\"1080\" \/>\n\t<meta property=\"og:image:height\" content=\"1080\" \/>\n\t<meta property=\"og:image:type\" content=\"image\/png\" \/>\n<meta name=\"twitter:card\" content=\"summary_large_image\" \/>\n<meta name=\"twitter:label1\" content=\"Tiempo de lectura\" \/>\n\t<meta name=\"twitter:data1\" content=\"2 minutos\" \/>\n<script type=\"application\/ld+json\" class=\"yoast-schema-graph\">{\"@context\":\"https:\/\/schema.org\",\"@graph\":[{\"@type\":\"WebPage\",\"@id\":\"http:\/\/wp2.iesagora.es:60011\/abravop08\/producto\/gorra-negra-autech-solutions-negro\/\",\"url\":\"http:\/\/wp2.iesagora.es:60011\/abravop08\/producto\/gorra-negra-autech-solutions-negro\/\",\"name\":\"Gorra Negra | Autech Solutions\",\"isPartOf\":{\"@id\":\"http:\/\/wp2.iesagora.es:60011\/abravop08\/#website\"},\"primaryImageOfPage\":{\"@id\":\"http:\/\/wp2.iesagora.es:60011\/abravop08\/producto\/gorra-negra-autech-solutions-negro\/#primaryimage\"},\"image\":{\"@id\":\"http:\/\/wp2.iesagora.es:60011\/abravop08\/producto\/gorra-negra-autech-solutions-negro\/#primaryimage\"},\"thumbnailUrl\":\"http:\/\/wp2.iesagora.es:60011\/abravop08\/wp-content\/uploads\/sites\/115\/2025\/01\/18.png\",\"datePublished\":\"2025-02-27T19:51:07+00:00\",\"dateModified\":\"2025-03-14T23:21:01+00:00\",\"description\":\"Descubre la Gorra negra de Autech Solutions en color negro. Dise\u00f1o elegante, bordado premium y ajuste c\u00f3modo. \u00a1\u00danete a la innovaci\u00f3n con estilo! \ud83d\ude80\",\"breadcrumb\":{\"@id\":\"http:\/\/wp2.iesagora.es:60011\/abravop08\/producto\/gorra-negra-autech-solutions-negro\/#breadcrumb\"},\"inLanguage\":\"es\",\"potentialAction\":[{\"@type\":\"ReadAction\",\"target\":[\"http:\/\/wp2.iesagora.es:60011\/abravop08\/producto\/gorra-negra-autech-solutions-negro\/\"]}]},{\"@type\":\"ImageObject\",\"inLanguage\":\"es\",\"@id\":\"http:\/\/wp2.iesagora.es:60011\/abravop08\/producto\/gorra-negra-autech-solutions-negro\/#primaryimage\",\"url\":\"http:\/\/wp2.iesagora.es:60011\/abravop08\/wp-content\/uploads\/sites\/115\/2025\/01\/18.png\",\"contentUrl\":\"http:\/\/wp2.iesagora.es:60011\/abravop08\/wp-content\/uploads\/sites\/115\/2025\/01\/18.png\",\"width\":1080,\"height\":1080,\"caption\":\"Gorra negra con logo Autech Solutions\"},{\"@type\":\"BreadcrumbList\",\"@id\":\"http:\/\/wp2.iesagora.es:60011\/abravop08\/producto\/gorra-negra-autech-solutions-negro\/#breadcrumb\",\"itemListElement\":[{\"@type\":\"ListItem\",\"position\":1,\"name\":\"Portada\",\"item\":\"http:\/\/wp2.iesagora.es:60011\/abravop08\/\"},{\"@type\":\"ListItem\",\"position\":2,\"name\":\"Tienda\",\"item\":\"http:\/\/wp2.iesagora.es:60011\/abravop08\/tienda\/\"},{\"@type\":\"ListItem\",\"position\":3,\"name\":\"Sudadera Autech Solutions\"}]},{\"@type\":\"WebSite\",\"@id\":\"http:\/\/wp2.iesagora.es:60011\/abravop08\/#website\",\"url\":\"http:\/\/wp2.iesagora.es:60011\/abravop08\/\",\"name\":\"Autechs Solutions\",\"description\":\"\",\"publisher\":{\"@id\":\"http:\/\/wp2.iesagora.es:60011\/abravop08\/#organization\"},\"potentialAction\":[{\"@type\":\"SearchAction\",\"target\":{\"@type\":\"EntryPoint\",\"urlTemplate\":\"http:\/\/wp2.iesagora.es:60011\/abravop08\/?s={search_term_string}\"},\"query-input\":{\"@type\":\"PropertyValueSpecification\",\"valueRequired\":true,\"valueName\":\"search_term_string\"}}],\"inLanguage\":\"es\"},{\"@type\":\"Organization\",\"@id\":\"http:\/\/wp2.iesagora.es:60011\/abravop08\/#organization\",\"name\":\"Autechs Solutions\",\"url\":\"http:\/\/wp2.iesagora.es:60011\/abravop08\/\",\"logo\":{\"@type\":\"ImageObject\",\"inLanguage\":\"es\",\"@id\":\"http:\/\/wp2.iesagora.es:60011\/abravop08\/#\/schema\/logo\/image\/\",\"url\":\"http:\/\/wp2.iesagora.es:60011\/abravop08\/wp-content\/uploads\/sites\/115\/2025\/01\/Icono_de_perfil__512_x_512_px___1_-removebg-preview-BLANCO.png\",\"contentUrl\":\"http:\/\/wp2.iesagora.es:60011\/abravop08\/wp-content\/uploads\/sites\/115\/2025\/01\/Icono_de_perfil__512_x_512_px___1_-removebg-preview-BLANCO.png\",\"width\":500,\"height\":500,\"caption\":\"Autechs Solutions\"},\"image\":{\"@id\":\"http:\/\/wp2.iesagora.es:60011\/abravop08\/#\/schema\/logo\/image\/\"}}]}<\/script>\n<!-- \/ Yoast SEO plugin. -->","yoast_head_json":{"title":"Gorra Negra | Autech Solutions","description":"Descubre la Gorra negra de Autech Solutions en color negro. Dise\u00f1o elegante, bordado premium y ajuste c\u00f3modo. \u00a1\u00danete a la innovaci\u00f3n con estilo! \ud83d\ude80","robots":{"index":"index","follow":"follow","max-snippet":"max-snippet:-1","max-image-preview":"max-image-preview:large","max-video-preview":"max-video-preview:-1"},"canonical":"http:\/\/wp2.iesagora.es:60011\/abravop08\/producto\/gorra-negra-autech-solutions-negro\/","og_locale":"es_ES","og_type":"article","og_title":"Gorra Negra | Autech Solutions","og_description":"Descubre la Gorra negra de Autech Solutions en color negro. Dise\u00f1o elegante, bordado premium y ajuste c\u00f3modo. \u00a1\u00danete a la innovaci\u00f3n con estilo! \ud83d\ude80","og_url":"http:\/\/wp2.iesagora.es:60011\/abravop08\/producto\/gorra-negra-autech-solutions-negro\/","article_modified_time":"2025-03-14T23:21:01+00:00","og_image":[{"width":1080,"height":1080,"url":"http:\/\/wp2.iesagora.es:60011\/abravop08\/wp-content\/uploads\/sites\/115\/2025\/01\/18.png","type":"image\/png"}],"twitter_card":"summary_large_image","twitter_misc":{"Tiempo de lectura":"2 minutos"},"schema":{"@context":"https:\/\/schema.org","@graph":[{"@type":"WebPage","@id":"http:\/\/wp2.iesagora.es:60011\/abravop08\/producto\/gorra-negra-autech-solutions-negro\/","url":"http:\/\/wp2.iesagora.es:60011\/abravop08\/producto\/gorra-negra-autech-solutions-negro\/","name":"Gorra Negra | Autech Solutions","isPartOf":{"@id":"http:\/\/wp2.iesagora.es:60011\/abravop08\/#website"},"primaryImageOfPage":{"@id":"http:\/\/wp2.iesagora.es:60011\/abravop08\/producto\/gorra-negra-autech-solutions-negro\/#primaryimage"},"image":{"@id":"http:\/\/wp2.iesagora.es:60011\/abravop08\/producto\/gorra-negra-autech-solutions-negro\/#primaryimage"},"thumbnailUrl":"http:\/\/wp2.iesagora.es:60011\/abravop08\/wp-content\/uploads\/sites\/115\/2025\/01\/18.png","datePublished":"2025-02-27T19:51:07+00:00","dateModified":"2025-03-14T23:21:01+00:00","description":"Descubre la Gorra negra de Autech Solutions en color negro. Dise\u00f1o elegante, bordado premium y ajuste c\u00f3modo. \u00a1\u00danete a la innovaci\u00f3n con estilo! \ud83d\ude80","breadcrumb":{"@id":"http:\/\/wp2.iesagora.es:60011\/abravop08\/producto\/gorra-negra-autech-solutions-negro\/#breadcrumb"},"inLanguage":"es","potentialAction":[{"@type":"ReadAction","target":["http:\/\/wp2.iesagora.es:60011\/abravop08\/producto\/gorra-negra-autech-solutions-negro\/"]}]},{"@type":"ImageObject","inLanguage":"es","@id":"http:\/\/wp2.iesagora.es:60011\/abravop08\/producto\/gorra-negra-autech-solutions-negro\/#primaryimage","url":"http:\/\/wp2.iesagora.es:60011\/abravop08\/wp-content\/uploads\/sites\/115\/2025\/01\/18.png","contentUrl":"http:\/\/wp2.iesagora.es:60011\/abravop08\/wp-content\/uploads\/sites\/115\/2025\/01\/18.png","width":1080,"height":1080,"caption":"Gorra negra con logo Autech Solutions"},{"@type":"BreadcrumbList","@id":"http:\/\/wp2.iesagora.es:60011\/abravop08\/producto\/gorra-negra-autech-solutions-negro\/#breadcrumb","itemListElement":[{"@type":"ListItem","position":1,"name":"Portada","item":"http:\/\/wp2.iesagora.es:60011\/abravop08\/"},{"@type":"ListItem","position":2,"name":"Tienda","item":"http:\/\/wp2.iesagora.es:60011\/abravop08\/tienda\/"},{"@type":"ListItem","position":3,"name":"Sudadera Autech Solutions"}]},{"@type":"WebSite","@id":"http:\/\/wp2.iesagora.es:60011\/abravop08\/#website","url":"http:\/\/wp2.iesagora.es:60011\/abravop08\/","name":"Autechs Solutions","description":"","publisher":{"@id":"http:\/\/wp2.iesagora.es:60011\/abravop08\/#organization"},"potentialAction":[{"@type":"SearchAction","target":{"@type":"EntryPoint","urlTemplate":"http:\/\/wp2.iesagora.es:60011\/abravop08\/?s={search_term_string}"},"query-input":{"@type":"PropertyValueSpecification","valueRequired":true,"valueName":"search_term_string"}}],"inLanguage":"es"},{"@type":"Organization","@id":"http:\/\/wp2.iesagora.es:60011\/abravop08\/#organization","name":"Autechs Solutions","url":"http:\/\/wp2.iesagora.es:60011\/abravop08\/","logo":{"@type":"ImageObject","inLanguage":"es","@id":"http:\/\/wp2.iesagora.es:60011\/abravop08\/#\/schema\/logo\/image\/","url":"http:\/\/wp2.iesagora.es:60011\/abravop08\/wp-content\/uploads\/sites\/115\/2025\/01\/Icono_de_perfil__512_x_512_px___1_-removebg-preview-BLANCO.png","contentUrl":"http:\/\/wp2.iesagora.es:60011\/abravop08\/wp-content\/uploads\/sites\/115\/2025\/01\/Icono_de_perfil__512_x_512_px___1_-removebg-preview-BLANCO.png","width":500,"height":500,"caption":"Autechs Solutions"},"image":{"@id":"http:\/\/wp2.iesagora.es:60011\/abravop08\/#\/schema\/logo\/image\/"}}]}},"_links":{"self":[{"href":"http:\/\/wp2.iesagora.es:60011\/abravop08\/wp-json\/wp\/v2\/product\/653","targetHints":{"allow":["GET"]}}],"collection":[{"href":"http:\/\/wp2.iesagora.es:60011\/abravop08\/wp-json\/wp\/v2\/product"}],"about":[{"href":"http:\/\/wp2.iesagora.es:60011\/abravop08\/wp-json\/wp\/v2\/types\/product"}],"replies":[{"embeddable":true,"href":"http:\/\/wp2.iesagora.es:60011\/abravop08\/wp-json\/wp\/v2\/comments?post=653"}],"version-history":[{"count":4,"href":"http:\/\/wp2.iesagora.es:60011\/abravop08\/wp-json\/wp\/v2\/product\/653\/revisions"}],"predecessor-version":[{"id":1120,"href":"http:\/\/wp2.iesagora.es:60011\/abravop08\/wp-json\/wp\/v2\/product\/653\/revisions\/1120"}],"wp:featuredmedia":[{"embeddable":true,"href":"http:\/\/wp2.iesagora.es:60011\/abravop08\/wp-json\/wp\/v2\/media\/123"}],"wp:attachment":[{"href":"http:\/\/wp2.iesagora.es:60011\/abravop08\/wp-json\/wp\/v2\/media?parent=653"}],"wp:term":[{"taxonomy":"product_brand","embeddable":true,"href":"http:\/\/wp2.iesagora.es:60011\/abravop08\/wp-json\/wp\/v2\/product_brand?post=653"},{"taxonomy":"product_cat","embeddable":true,"href":"http:\/\/wp2.iesagora.es:60011\/abravop08\/wp-json\/wp\/v2\/product_cat?post=653"},{"taxonomy":"product_tag","embeddable":true,"href":"http:\/\/wp2.iesagora.es:60011\/abravop08\/wp-json\/wp\/v2\/product_tag?post=653"}],"curies":[{"name":"wp","href":"https:\/\/api.w.org\/{rel}","templated":true}]}}