{"id":647,"date":"2025-02-27T20:48:56","date_gmt":"2025-02-27T19:48:56","guid":{"rendered":"http:\/\/wp2.iesagora.es:60011\/abravop08\/?post_type=product&#038;p=647"},"modified":"2025-03-15T00:16:07","modified_gmt":"2025-03-14T23:16:07","slug":"gorra-blanca-autech-solutions-blanco","status":"publish","type":"product","link":"http:\/\/wp2.iesagora.es:60011\/abravop08\/producto\/gorra-blanca-autech-solutions-blanco\/","title":{"rendered":"Gorra Autech Solutions"},"content":{"rendered":"<p data-start=\"36\" data-end=\"309\">Luce con estilo y profesionalismo con la <strong data-start=\"77\" data-end=\"114\">Gorra Blanca Oficial de Autech Solutions<\/strong>. Dise\u00f1ada para los apasionados de la tecnolog\u00eda y la innovaci\u00f3n, esta gorra combina comodidad, resistencia y un dise\u00f1o elegante con el logotipo de Autech Solutions bordado en la parte frontal.<\/p>\n<p data-start=\"311\" data-end=\"611\">Fabricada con materiales de alta calidad, su ajuste c\u00f3modo y transpirable la hace ideal para cualquier ocasi\u00f3n, ya sea en eventos corporativos, reuniones de negocios o uso casual. Su dise\u00f1o en color blanco refleja modernidad y minimalismo, aline\u00e1ndose con la visi\u00f3n vanguardista de nuestra empresa.<\/p>\n<p data-start=\"613\" data-end=\"862\">Como l\u00edderes en automatizaci\u00f3n, inteligencia artificial y optimizaci\u00f3n de procesos empresariales, en <strong data-start=\"714\" data-end=\"734\">Autech Solutions<\/strong> buscamos no solo ofrecer soluciones tecnol\u00f3gicas, sino tambi\u00e9n transmitir nuestra identidad a trav\u00e9s de productos exclusivos.<\/p>\n<p data-start=\"864\" data-end=\"1028\">Perfecta para profesionales, emprendedores y entusiastas del mundo tecnol\u00f3gico, esta gorra es m\u00e1s que un simple accesorio: es un s\u00edmbolo de progreso e innovaci\u00f3n.<\/p>\n<h3 data-start=\"1030\" data-end=\"1069\"><strong data-start=\"1034\" data-end=\"1067\">Caracter\u00edsticas de la gorra blanca:<\/strong><\/h3>\n<ul data-start=\"1070\" data-end=\"1326\">\n<li data-start=\"1070\" data-end=\"1132\">Material: Algod\u00f3n de alta calidad y poli\u00e9ster transpirable<\/li>\n<li data-start=\"1133\" data-end=\"1150\">Color: Blanco<\/li>\n<li data-start=\"1151\" data-end=\"1189\">Dise\u00f1o: Ajustable con visera curva<\/li>\n<li data-start=\"1190\" data-end=\"1230\">Logotipo: Bordado en alta definici\u00f3n<\/li>\n<li data-start=\"1231\" data-end=\"1278\">Talla \u00fanica con sistema de ajuste adaptable<\/li>\n<li data-start=\"1279\" data-end=\"1326\">Ideal para uso diario, eventos y networking<\/li>\n<\/ul>\n<p data-start=\"1328\" data-end=\"1497\">Lleva la esencia de <strong data-start=\"1348\" data-end=\"1368\">Autech Solutions<\/strong> a donde vayas y \u00fanete a la comunidad de innovaci\u00f3n y transformaci\u00f3n digital. \u00a1Consigue la tuya ahora en nuestra tienda online!<\/p>\n","protected":false},"excerpt":{"rendered":"<p>Luce con estilo y profesionalismo con la Gorra Blanca Oficial de Autech Solutions. Dise\u00f1ada para los apasionados de la tecnolog\u00eda [&hellip;]<\/p>\n","protected":false},"featured_media":121,"comment_status":"open","ping_status":"closed","template":"","meta":{"site-sidebar-layout":"default","site-content-layout":"","ast-site-content-layout":"default","site-content-style":"default","site-sidebar-style":"default","ast-global-header-display":"","ast-banner-title-visibility":"","ast-main-header-display":"","ast-hfb-above-header-display":"","ast-hfb-below-header-display":"","ast-hfb-mobile-header-display":"","site-post-title":"","ast-breadcrumbs-content":"","ast-featured-img":"","footer-sml-layout":"","theme-transparent-header-meta":"default","adv-header-id-meta":"","stick-header-meta":"","header-above-stick-meta":"","header-main-stick-meta":"","header-below-stick-meta":"","astra-migrate-meta-layouts":"set","ast-page-background-enabled":"default","ast-page-background-meta":{"desktop":{"background-color":"var(--ast-global-color-5)","background-image":"","background-repeat":"repeat","background-position":"center center","background-size":"auto","background-attachment":"scroll","background-type":"","background-media":"","overlay-type":"","overlay-color":"","overlay-opacity":"","overlay-gradient":""},"tablet":{"background-color":"","background-image":"","background-repeat":"repeat","background-position":"center center","background-size":"auto","background-attachment":"scroll","background-type":"","background-media":"","overlay-type":"","overlay-color":"","overlay-opacity":"","overlay-gradient":""},"mobile":{"background-color":"","background-image":"","background-repeat":"repeat","background-position":"center center","background-size":"auto","background-attachment":"scroll","background-type":"","background-media":"","overlay-type":"","overlay-color":"","overlay-opacity":"","overlay-gradient":""}},"ast-content-background-meta":{"desktop":{"background-color":"var(--ast-global-color-4)","background-image":"","background-repeat":"repeat","background-position":"center center","background-size":"auto","background-attachment":"scroll","background-type":"","background-media":"","overlay-type":"","overlay-color":"","overlay-opacity":"","overlay-gradient":""},"tablet":{"background-color":"var(--ast-global-color-4)","background-image":"","background-repeat":"repeat","background-position":"center center","background-size":"auto","background-attachment":"scroll","background-type":"","background-media":"","overlay-type":"","overlay-color":"","overlay-opacity":"","overlay-gradient":""},"mobile":{"background-color":"var(--ast-global-color-4)","background-image":"","background-repeat":"repeat","background-position":"center center","background-size":"auto","background-attachment":"scroll","background-type":"","background-media":"","overlay-type":"","overlay-color":"","overlay-opacity":"","overlay-gradient":""}}},"product_brand":[],"product_cat":[38],"product_tag":[],"class_list":{"0":"post-647","1":"product","2":"type-product","3":"status-publish","4":"has-post-thumbnail","6":"product_cat-gorras-autech","7":"pa_color-azul-oscuro","8":"pa_color-blanco","9":"pa_color-negro","10":"desktop-align-left","11":"tablet-align-left","12":"mobile-align-left","14":"first","15":"instock","16":"taxable","17":"shipping-taxable","18":"purchasable","19":"product-type-variable"},"yoast_head":"<!-- This site is optimized with the Yoast SEO plugin v26.8 - https:\/\/yoast.com\/product\/yoast-seo-wordpress\/ -->\n<title>Gorra Blanca | Autech Solutions<\/title>\n<meta name=\"description\" content=\"La Gorra Blanca combina estilo y tecnolog\u00eda. Dise\u00f1o en color blanco, bordado premium y ajuste c\u00f3modo. \u00a1Ll\u00e9vala contigo siempre!\" \/>\n<meta name=\"robots\" content=\"index, follow, max-snippet:-1, max-image-preview:large, max-video-preview:-1\" \/>\n<link rel=\"canonical\" href=\"http:\/\/wp2.iesagora.es:60011\/abravop08\/producto\/gorra-blanca-autech-solutions-blanco\/\" \/>\n<meta property=\"og:locale\" content=\"es_ES\" \/>\n<meta property=\"og:type\" content=\"article\" \/>\n<meta property=\"og:title\" content=\"Gorra Blanca | Autech Solutions\" \/>\n<meta property=\"og:description\" content=\"La Gorra Blanca combina estilo y tecnolog\u00eda. Dise\u00f1o en color blanco, bordado premium y ajuste c\u00f3modo. \u00a1Ll\u00e9vala contigo siempre!\" \/>\n<meta property=\"og:url\" content=\"http:\/\/wp2.iesagora.es:60011\/abravop08\/producto\/gorra-blanca-autech-solutions-blanco\/\" \/>\n<meta property=\"article:modified_time\" content=\"2025-03-14T23:16:07+00:00\" \/>\n<meta property=\"og:image\" content=\"http:\/\/wp2.iesagora.es:60011\/abravop08\/wp-content\/uploads\/sites\/115\/2025\/01\/16.png\" \/>\n\t<meta property=\"og:image:width\" content=\"1080\" \/>\n\t<meta property=\"og:image:height\" content=\"1080\" \/>\n\t<meta property=\"og:image:type\" content=\"image\/png\" \/>\n<meta name=\"twitter:card\" content=\"summary_large_image\" \/>\n<meta name=\"twitter:label1\" content=\"Tiempo de lectura\" \/>\n\t<meta name=\"twitter:data1\" content=\"2 minutos\" \/>\n<script type=\"application\/ld+json\" class=\"yoast-schema-graph\">{\"@context\":\"https:\/\/schema.org\",\"@graph\":[{\"@type\":\"WebPage\",\"@id\":\"http:\/\/wp2.iesagora.es:60011\/abravop08\/producto\/gorra-blanca-autech-solutions-blanco\/\",\"url\":\"http:\/\/wp2.iesagora.es:60011\/abravop08\/producto\/gorra-blanca-autech-solutions-blanco\/\",\"name\":\"Gorra Blanca | Autech Solutions\",\"isPartOf\":{\"@id\":\"http:\/\/wp2.iesagora.es:60011\/abravop08\/#website\"},\"primaryImageOfPage\":{\"@id\":\"http:\/\/wp2.iesagora.es:60011\/abravop08\/producto\/gorra-blanca-autech-solutions-blanco\/#primaryimage\"},\"image\":{\"@id\":\"http:\/\/wp2.iesagora.es:60011\/abravop08\/producto\/gorra-blanca-autech-solutions-blanco\/#primaryimage\"},\"thumbnailUrl\":\"http:\/\/wp2.iesagora.es:60011\/abravop08\/wp-content\/uploads\/sites\/115\/2025\/01\/16.png\",\"datePublished\":\"2025-02-27T19:48:56+00:00\",\"dateModified\":\"2025-03-14T23:16:07+00:00\",\"description\":\"La Gorra Blanca combina estilo y tecnolog\u00eda. Dise\u00f1o en color blanco, bordado premium y ajuste c\u00f3modo. \u00a1Ll\u00e9vala contigo siempre!\",\"breadcrumb\":{\"@id\":\"http:\/\/wp2.iesagora.es:60011\/abravop08\/producto\/gorra-blanca-autech-solutions-blanco\/#breadcrumb\"},\"inLanguage\":\"es\",\"potentialAction\":[{\"@type\":\"ReadAction\",\"target\":[\"http:\/\/wp2.iesagora.es:60011\/abravop08\/producto\/gorra-blanca-autech-solutions-blanco\/\"]}]},{\"@type\":\"ImageObject\",\"inLanguage\":\"es\",\"@id\":\"http:\/\/wp2.iesagora.es:60011\/abravop08\/producto\/gorra-blanca-autech-solutions-blanco\/#primaryimage\",\"url\":\"http:\/\/wp2.iesagora.es:60011\/abravop08\/wp-content\/uploads\/sites\/115\/2025\/01\/16.png\",\"contentUrl\":\"http:\/\/wp2.iesagora.es:60011\/abravop08\/wp-content\/uploads\/sites\/115\/2025\/01\/16.png\",\"width\":1080,\"height\":1080,\"caption\":\"Gorra blanca con logo Autech Solutions\"},{\"@type\":\"BreadcrumbList\",\"@id\":\"http:\/\/wp2.iesagora.es:60011\/abravop08\/producto\/gorra-blanca-autech-solutions-blanco\/#breadcrumb\",\"itemListElement\":[{\"@type\":\"ListItem\",\"position\":1,\"name\":\"Portada\",\"item\":\"http:\/\/wp2.iesagora.es:60011\/abravop08\/\"},{\"@type\":\"ListItem\",\"position\":2,\"name\":\"Tienda\",\"item\":\"http:\/\/wp2.iesagora.es:60011\/abravop08\/tienda\/\"},{\"@type\":\"ListItem\",\"position\":3,\"name\":\"Gorra Autech Solutions\"}]},{\"@type\":\"WebSite\",\"@id\":\"http:\/\/wp2.iesagora.es:60011\/abravop08\/#website\",\"url\":\"http:\/\/wp2.iesagora.es:60011\/abravop08\/\",\"name\":\"Autechs Solutions\",\"description\":\"\",\"publisher\":{\"@id\":\"http:\/\/wp2.iesagora.es:60011\/abravop08\/#organization\"},\"potentialAction\":[{\"@type\":\"SearchAction\",\"target\":{\"@type\":\"EntryPoint\",\"urlTemplate\":\"http:\/\/wp2.iesagora.es:60011\/abravop08\/?s={search_term_string}\"},\"query-input\":{\"@type\":\"PropertyValueSpecification\",\"valueRequired\":true,\"valueName\":\"search_term_string\"}}],\"inLanguage\":\"es\"},{\"@type\":\"Organization\",\"@id\":\"http:\/\/wp2.iesagora.es:60011\/abravop08\/#organization\",\"name\":\"Autechs Solutions\",\"url\":\"http:\/\/wp2.iesagora.es:60011\/abravop08\/\",\"logo\":{\"@type\":\"ImageObject\",\"inLanguage\":\"es\",\"@id\":\"http:\/\/wp2.iesagora.es:60011\/abravop08\/#\/schema\/logo\/image\/\",\"url\":\"http:\/\/wp2.iesagora.es:60011\/abravop08\/wp-content\/uploads\/sites\/115\/2025\/01\/Icono_de_perfil__512_x_512_px___1_-removebg-preview-BLANCO.png\",\"contentUrl\":\"http:\/\/wp2.iesagora.es:60011\/abravop08\/wp-content\/uploads\/sites\/115\/2025\/01\/Icono_de_perfil__512_x_512_px___1_-removebg-preview-BLANCO.png\",\"width\":500,\"height\":500,\"caption\":\"Autechs Solutions\"},\"image\":{\"@id\":\"http:\/\/wp2.iesagora.es:60011\/abravop08\/#\/schema\/logo\/image\/\"}}]}<\/script>\n<!-- \/ Yoast SEO plugin. -->","yoast_head_json":{"title":"Gorra Blanca | Autech Solutions","description":"La Gorra Blanca combina estilo y tecnolog\u00eda. Dise\u00f1o en color blanco, bordado premium y ajuste c\u00f3modo. \u00a1Ll\u00e9vala contigo siempre!","robots":{"index":"index","follow":"follow","max-snippet":"max-snippet:-1","max-image-preview":"max-image-preview:large","max-video-preview":"max-video-preview:-1"},"canonical":"http:\/\/wp2.iesagora.es:60011\/abravop08\/producto\/gorra-blanca-autech-solutions-blanco\/","og_locale":"es_ES","og_type":"article","og_title":"Gorra Blanca | Autech Solutions","og_description":"La Gorra Blanca combina estilo y tecnolog\u00eda. Dise\u00f1o en color blanco, bordado premium y ajuste c\u00f3modo. \u00a1Ll\u00e9vala contigo siempre!","og_url":"http:\/\/wp2.iesagora.es:60011\/abravop08\/producto\/gorra-blanca-autech-solutions-blanco\/","article_modified_time":"2025-03-14T23:16:07+00:00","og_image":[{"width":1080,"height":1080,"url":"http:\/\/wp2.iesagora.es:60011\/abravop08\/wp-content\/uploads\/sites\/115\/2025\/01\/16.png","type":"image\/png"}],"twitter_card":"summary_large_image","twitter_misc":{"Tiempo de lectura":"2 minutos"},"schema":{"@context":"https:\/\/schema.org","@graph":[{"@type":"WebPage","@id":"http:\/\/wp2.iesagora.es:60011\/abravop08\/producto\/gorra-blanca-autech-solutions-blanco\/","url":"http:\/\/wp2.iesagora.es:60011\/abravop08\/producto\/gorra-blanca-autech-solutions-blanco\/","name":"Gorra Blanca | Autech Solutions","isPartOf":{"@id":"http:\/\/wp2.iesagora.es:60011\/abravop08\/#website"},"primaryImageOfPage":{"@id":"http:\/\/wp2.iesagora.es:60011\/abravop08\/producto\/gorra-blanca-autech-solutions-blanco\/#primaryimage"},"image":{"@id":"http:\/\/wp2.iesagora.es:60011\/abravop08\/producto\/gorra-blanca-autech-solutions-blanco\/#primaryimage"},"thumbnailUrl":"http:\/\/wp2.iesagora.es:60011\/abravop08\/wp-content\/uploads\/sites\/115\/2025\/01\/16.png","datePublished":"2025-02-27T19:48:56+00:00","dateModified":"2025-03-14T23:16:07+00:00","description":"La Gorra Blanca combina estilo y tecnolog\u00eda. Dise\u00f1o en color blanco, bordado premium y ajuste c\u00f3modo. \u00a1Ll\u00e9vala contigo siempre!","breadcrumb":{"@id":"http:\/\/wp2.iesagora.es:60011\/abravop08\/producto\/gorra-blanca-autech-solutions-blanco\/#breadcrumb"},"inLanguage":"es","potentialAction":[{"@type":"ReadAction","target":["http:\/\/wp2.iesagora.es:60011\/abravop08\/producto\/gorra-blanca-autech-solutions-blanco\/"]}]},{"@type":"ImageObject","inLanguage":"es","@id":"http:\/\/wp2.iesagora.es:60011\/abravop08\/producto\/gorra-blanca-autech-solutions-blanco\/#primaryimage","url":"http:\/\/wp2.iesagora.es:60011\/abravop08\/wp-content\/uploads\/sites\/115\/2025\/01\/16.png","contentUrl":"http:\/\/wp2.iesagora.es:60011\/abravop08\/wp-content\/uploads\/sites\/115\/2025\/01\/16.png","width":1080,"height":1080,"caption":"Gorra blanca con logo Autech Solutions"},{"@type":"BreadcrumbList","@id":"http:\/\/wp2.iesagora.es:60011\/abravop08\/producto\/gorra-blanca-autech-solutions-blanco\/#breadcrumb","itemListElement":[{"@type":"ListItem","position":1,"name":"Portada","item":"http:\/\/wp2.iesagora.es:60011\/abravop08\/"},{"@type":"ListItem","position":2,"name":"Tienda","item":"http:\/\/wp2.iesagora.es:60011\/abravop08\/tienda\/"},{"@type":"ListItem","position":3,"name":"Gorra Autech Solutions"}]},{"@type":"WebSite","@id":"http:\/\/wp2.iesagora.es:60011\/abravop08\/#website","url":"http:\/\/wp2.iesagora.es:60011\/abravop08\/","name":"Autechs Solutions","description":"","publisher":{"@id":"http:\/\/wp2.iesagora.es:60011\/abravop08\/#organization"},"potentialAction":[{"@type":"SearchAction","target":{"@type":"EntryPoint","urlTemplate":"http:\/\/wp2.iesagora.es:60011\/abravop08\/?s={search_term_string}"},"query-input":{"@type":"PropertyValueSpecification","valueRequired":true,"valueName":"search_term_string"}}],"inLanguage":"es"},{"@type":"Organization","@id":"http:\/\/wp2.iesagora.es:60011\/abravop08\/#organization","name":"Autechs Solutions","url":"http:\/\/wp2.iesagora.es:60011\/abravop08\/","logo":{"@type":"ImageObject","inLanguage":"es","@id":"http:\/\/wp2.iesagora.es:60011\/abravop08\/#\/schema\/logo\/image\/","url":"http:\/\/wp2.iesagora.es:60011\/abravop08\/wp-content\/uploads\/sites\/115\/2025\/01\/Icono_de_perfil__512_x_512_px___1_-removebg-preview-BLANCO.png","contentUrl":"http:\/\/wp2.iesagora.es:60011\/abravop08\/wp-content\/uploads\/sites\/115\/2025\/01\/Icono_de_perfil__512_x_512_px___1_-removebg-preview-BLANCO.png","width":500,"height":500,"caption":"Autechs Solutions"},"image":{"@id":"http:\/\/wp2.iesagora.es:60011\/abravop08\/#\/schema\/logo\/image\/"}}]}},"_links":{"self":[{"href":"http:\/\/wp2.iesagora.es:60011\/abravop08\/wp-json\/wp\/v2\/product\/647","targetHints":{"allow":["GET"]}}],"collection":[{"href":"http:\/\/wp2.iesagora.es:60011\/abravop08\/wp-json\/wp\/v2\/product"}],"about":[{"href":"http:\/\/wp2.iesagora.es:60011\/abravop08\/wp-json\/wp\/v2\/types\/product"}],"replies":[{"embeddable":true,"href":"http:\/\/wp2.iesagora.es:60011\/abravop08\/wp-json\/wp\/v2\/comments?post=647"}],"version-history":[{"count":4,"href":"http:\/\/wp2.iesagora.es:60011\/abravop08\/wp-json\/wp\/v2\/product\/647\/revisions"}],"predecessor-version":[{"id":1118,"href":"http:\/\/wp2.iesagora.es:60011\/abravop08\/wp-json\/wp\/v2\/product\/647\/revisions\/1118"}],"wp:featuredmedia":[{"embeddable":true,"href":"http:\/\/wp2.iesagora.es:60011\/abravop08\/wp-json\/wp\/v2\/media\/121"}],"wp:attachment":[{"href":"http:\/\/wp2.iesagora.es:60011\/abravop08\/wp-json\/wp\/v2\/media?parent=647"}],"wp:term":[{"taxonomy":"product_brand","embeddable":true,"href":"http:\/\/wp2.iesagora.es:60011\/abravop08\/wp-json\/wp\/v2\/product_brand?post=647"},{"taxonomy":"product_cat","embeddable":true,"href":"http:\/\/wp2.iesagora.es:60011\/abravop08\/wp-json\/wp\/v2\/product_cat?post=647"},{"taxonomy":"product_tag","embeddable":true,"href":"http:\/\/wp2.iesagora.es:60011\/abravop08\/wp-json\/wp\/v2\/product_tag?post=647"}],"curies":[{"name":"wp","href":"https:\/\/api.w.org\/{rel}","templated":true}]}}