{"id":637,"date":"2025-02-27T20:26:52","date_gmt":"2025-02-27T19:26:52","guid":{"rendered":"http:\/\/wp2.iesagora.es:60011\/abravop08\/?post_type=product&#038;p=637"},"modified":"2025-03-14T19:07:30","modified_gmt":"2025-03-14T18:07:30","slug":"camiseta-autech-solutions-blanca","status":"publish","type":"product","link":"http:\/\/wp2.iesagora.es:60011\/abravop08\/producto\/camiseta-autech-solutions-blanca\/","title":{"rendered":"Camiseta Autech Solutions"},"content":{"rendered":"<h2 data-start=\"61\" data-end=\"139\">Camiseta Blanca Autech Solutions \u2013 Minimalismo y Tecnolog\u00eda en una Prenda<\/h2>\n<p data-start=\"141\" data-end=\"418\">Demuestra tu pasi\u00f3n por la automatizaci\u00f3n y la inteligencia artificial con la <strong data-start=\"219\" data-end=\"258\">Camiseta Blanca de Autech Solutions<\/strong>. Su dise\u00f1o limpio y elegante, junto con el logo bordado de nuestra agencia, la convierte en una prenda vers\u00e1til y atemporal, perfecta para cualquier ocasi\u00f3n.<\/p>\n<h3 data-start=\"420\" data-end=\"461\">\ud83d\udd39 <strong data-start=\"427\" data-end=\"459\">Caracter\u00edsticas principales:<\/strong><\/h3>\n<ul data-start=\"462\" data-end=\"1036\">\n<li data-start=\"462\" data-end=\"595\"><strong data-start=\"464\" data-end=\"487\">Estilo minimalista:<\/strong> Camiseta de color blanco con el logo de Autech Solutions bordado en el pecho en azul, azul marino y gris.<\/li>\n<li data-start=\"596\" data-end=\"729\"><strong data-start=\"598\" data-end=\"627\">Material de alta calidad:<\/strong> Confeccionada en algod\u00f3n suave y transpirable para ofrecer la m\u00e1xima comodidad durante todo el d\u00eda.<\/li>\n<li data-start=\"730\" data-end=\"890\"><strong data-start=\"732\" data-end=\"752\">Ajuste perfecto:<\/strong> Dise\u00f1o unisex con un corte moderno que se adapta a diferentes estilos y contextos, desde entornos casuales hasta eventos de networking.<\/li>\n<li data-start=\"891\" data-end=\"1036\"><strong data-start=\"893\" data-end=\"910\">Versatilidad:<\/strong> Ideal para reuniones informales, d\u00edas de oficina relajados o para representar con orgullo la identidad de Autech Solutions.<\/li>\n<\/ul>\n<h3 data-start=\"1038\" data-end=\"1083\">\ud83c\udf31 <strong data-start=\"1045\" data-end=\"1081\">Compromiso con la sostenibilidad<\/strong><\/h3>\n<p data-start=\"1084\" data-end=\"1239\">Nuestra camiseta est\u00e1 fabricada bajo procesos responsables con el medioambiente, reduciendo el impacto ecol\u00f3gico y promoviendo un consumo m\u00e1s consciente.<\/p>\n<h3 data-start=\"1241\" data-end=\"1272\">\ud83d\udccc <strong data-start=\"1248\" data-end=\"1270\">\u00bfPor qu\u00e9 elegirla?<\/strong><\/h3>\n<p data-start=\"1273\" data-end=\"1476\">Si formas parte del equipo Autech Solutions, eres un entusiasta de la tecnolog\u00eda o simplemente buscas una camiseta de calidad con un dise\u00f1o sofisticado, esta es una prenda imprescindible en tu armario.<\/p>\n<p data-start=\"1478\" data-end=\"1553\">\ud83d\udd17 <strong data-start=\"1481\" data-end=\"1551\">Stock limitado. \u00a1Adquiere la tuya y luce la innovaci\u00f3n con estilo!<\/strong><\/p>\n<p data-start=\"1555\" data-end=\"1795\">\ud83d\udccc Para conocer m\u00e1s sobre nuestro trabajo, visita nuestro <a href=\"http:\/\/wp2.iesagora.es:60011\/abravop08\/\" target=\"_new\" rel=\"noopener\" data-start=\"1613\" data-end=\"1665\">sitio web<\/a>.<br data-start=\"1666\" data-end=\"1669\" \/>\ud83c\udf0d \u00bfInteresado en tendencias de moda tecnol\u00f3gica? Explora <a href=\"https:\/\/www.highsnobiety.com\/\" target=\"_new\" rel=\"noopener\" data-start=\"1727\" data-end=\"1771\">esta p\u00e1gina<\/a> para m\u00e1s inspiraci\u00f3n.<\/p>\n","protected":false},"excerpt":{"rendered":"<p>Camiseta Blanca Autech Solutions \u2013 Minimalismo y Tecnolog\u00eda en una Prenda Demuestra tu pasi\u00f3n por la automatizaci\u00f3n y la inteligencia [&hellip;]<\/p>\n","protected":false},"featured_media":118,"comment_status":"open","ping_status":"closed","template":"","meta":{"site-sidebar-layout":"default","site-content-layout":"","ast-site-content-layout":"default","site-content-style":"default","site-sidebar-style":"default","ast-global-header-display":"","ast-banner-title-visibility":"","ast-main-header-display":"","ast-hfb-above-header-display":"","ast-hfb-below-header-display":"","ast-hfb-mobile-header-display":"","site-post-title":"","ast-breadcrumbs-content":"","ast-featured-img":"","footer-sml-layout":"","theme-transparent-header-meta":"default","adv-header-id-meta":"","stick-header-meta":"","header-above-stick-meta":"","header-main-stick-meta":"","header-below-stick-meta":"","astra-migrate-meta-layouts":"set","ast-page-background-enabled":"default","ast-page-background-meta":{"desktop":{"background-color":"var(--ast-global-color-5)","background-image":"","background-repeat":"repeat","background-position":"center center","background-size":"auto","background-attachment":"scroll","background-type":"","background-media":"","overlay-type":"","overlay-color":"","overlay-opacity":"","overlay-gradient":""},"tablet":{"background-color":"","background-image":"","background-repeat":"repeat","background-position":"center center","background-size":"auto","background-attachment":"scroll","background-type":"","background-media":"","overlay-type":"","overlay-color":"","overlay-opacity":"","overlay-gradient":""},"mobile":{"background-color":"","background-image":"","background-repeat":"repeat","background-position":"center center","background-size":"auto","background-attachment":"scroll","background-type":"","background-media":"","overlay-type":"","overlay-color":"","overlay-opacity":"","overlay-gradient":""}},"ast-content-background-meta":{"desktop":{"background-color":"var(--ast-global-color-4)","background-image":"","background-repeat":"repeat","background-position":"center center","background-size":"auto","background-attachment":"scroll","background-type":"","background-media":"","overlay-type":"","overlay-color":"","overlay-opacity":"","overlay-gradient":""},"tablet":{"background-color":"var(--ast-global-color-4)","background-image":"","background-repeat":"repeat","background-position":"center center","background-size":"auto","background-attachment":"scroll","background-type":"","background-media":"","overlay-type":"","overlay-color":"","overlay-opacity":"","overlay-gradient":""},"mobile":{"background-color":"var(--ast-global-color-4)","background-image":"","background-repeat":"repeat","background-position":"center center","background-size":"auto","background-attachment":"scroll","background-type":"","background-media":"","overlay-type":"","overlay-color":"","overlay-opacity":"","overlay-gradient":""}}},"product_brand":[],"product_cat":[37],"product_tag":[],"class_list":{"0":"post-637","1":"product","2":"type-product","3":"status-publish","4":"has-post-thumbnail","6":"product_cat-camisetas-autech","7":"pa_color-azul-oscuro","8":"pa_color-blanco","9":"desktop-align-left","10":"tablet-align-left","11":"mobile-align-left","13":"first","14":"instock","15":"taxable","16":"shipping-taxable","17":"purchasable","18":"product-type-variable","19":"has-default-attributes"},"yoast_head":"<!-- This site is optimized with the Yoast SEO plugin v26.8 - https:\/\/yoast.com\/product\/yoast-seo-wordpress\/ -->\n<title>Camiseta Blanca | Autech Solutions<\/title>\n<meta name=\"description\" content=\"Descubre la camiseta blanca de Autech Solutions: dise\u00f1o minimalista, algod\u00f3n premium y logo bordado. \u00a1Cons\u00edguela ya!\" \/>\n<meta name=\"robots\" content=\"index, follow, max-snippet:-1, max-image-preview:large, max-video-preview:-1\" \/>\n<link rel=\"canonical\" href=\"http:\/\/wp2.iesagora.es:60011\/abravop08\/producto\/camiseta-autech-solutions-blanca\/\" \/>\n<meta property=\"og:locale\" content=\"es_ES\" \/>\n<meta property=\"og:type\" content=\"article\" \/>\n<meta property=\"og:title\" content=\"Camiseta Blanca | Autech Solutions\" \/>\n<meta property=\"og:description\" content=\"Descubre la camiseta blanca de Autech Solutions: dise\u00f1o minimalista, algod\u00f3n premium y logo bordado. \u00a1Cons\u00edguela ya!\" \/>\n<meta property=\"og:url\" content=\"http:\/\/wp2.iesagora.es:60011\/abravop08\/producto\/camiseta-autech-solutions-blanca\/\" \/>\n<meta property=\"article:modified_time\" content=\"2025-03-14T18:07:30+00:00\" \/>\n<meta property=\"og:image\" content=\"http:\/\/wp2.iesagora.es:60011\/abravop08\/wp-content\/uploads\/sites\/115\/2025\/01\/13.png\" \/>\n\t<meta property=\"og:image:width\" content=\"1080\" \/>\n\t<meta property=\"og:image:height\" content=\"1080\" \/>\n\t<meta property=\"og:image:type\" content=\"image\/png\" \/>\n<meta name=\"twitter:card\" content=\"summary_large_image\" \/>\n<meta name=\"twitter:label1\" content=\"Tiempo de lectura\" \/>\n\t<meta name=\"twitter:data1\" content=\"2 minutos\" \/>\n<script type=\"application\/ld+json\" class=\"yoast-schema-graph\">{\"@context\":\"https:\/\/schema.org\",\"@graph\":[{\"@type\":\"WebPage\",\"@id\":\"http:\/\/wp2.iesagora.es:60011\/abravop08\/producto\/camiseta-autech-solutions-blanca\/\",\"url\":\"http:\/\/wp2.iesagora.es:60011\/abravop08\/producto\/camiseta-autech-solutions-blanca\/\",\"name\":\"Camiseta Blanca | Autech Solutions\",\"isPartOf\":{\"@id\":\"http:\/\/wp2.iesagora.es:60011\/abravop08\/#website\"},\"primaryImageOfPage\":{\"@id\":\"http:\/\/wp2.iesagora.es:60011\/abravop08\/producto\/camiseta-autech-solutions-blanca\/#primaryimage\"},\"image\":{\"@id\":\"http:\/\/wp2.iesagora.es:60011\/abravop08\/producto\/camiseta-autech-solutions-blanca\/#primaryimage\"},\"thumbnailUrl\":\"http:\/\/wp2.iesagora.es:60011\/abravop08\/wp-content\/uploads\/sites\/115\/2025\/01\/13.png\",\"datePublished\":\"2025-02-27T19:26:52+00:00\",\"dateModified\":\"2025-03-14T18:07:30+00:00\",\"description\":\"Descubre la camiseta blanca de Autech Solutions: dise\u00f1o minimalista, algod\u00f3n premium y logo bordado. \u00a1Cons\u00edguela ya!\",\"breadcrumb\":{\"@id\":\"http:\/\/wp2.iesagora.es:60011\/abravop08\/producto\/camiseta-autech-solutions-blanca\/#breadcrumb\"},\"inLanguage\":\"es\",\"potentialAction\":[{\"@type\":\"ReadAction\",\"target\":[\"http:\/\/wp2.iesagora.es:60011\/abravop08\/producto\/camiseta-autech-solutions-blanca\/\"]}]},{\"@type\":\"ImageObject\",\"inLanguage\":\"es\",\"@id\":\"http:\/\/wp2.iesagora.es:60011\/abravop08\/producto\/camiseta-autech-solutions-blanca\/#primaryimage\",\"url\":\"http:\/\/wp2.iesagora.es:60011\/abravop08\/wp-content\/uploads\/sites\/115\/2025\/01\/13.png\",\"contentUrl\":\"http:\/\/wp2.iesagora.es:60011\/abravop08\/wp-content\/uploads\/sites\/115\/2025\/01\/13.png\",\"width\":1080,\"height\":1080,\"caption\":\"Camiseta Blanca Autech Solutions\"},{\"@type\":\"BreadcrumbList\",\"@id\":\"http:\/\/wp2.iesagora.es:60011\/abravop08\/producto\/camiseta-autech-solutions-blanca\/#breadcrumb\",\"itemListElement\":[{\"@type\":\"ListItem\",\"position\":1,\"name\":\"Portada\",\"item\":\"http:\/\/wp2.iesagora.es:60011\/abravop08\/\"},{\"@type\":\"ListItem\",\"position\":2,\"name\":\"Tienda\",\"item\":\"http:\/\/wp2.iesagora.es:60011\/abravop08\/tienda\/\"},{\"@type\":\"ListItem\",\"position\":3,\"name\":\"Camiseta Autech Solutions\"}]},{\"@type\":\"WebSite\",\"@id\":\"http:\/\/wp2.iesagora.es:60011\/abravop08\/#website\",\"url\":\"http:\/\/wp2.iesagora.es:60011\/abravop08\/\",\"name\":\"Autechs Solutions\",\"description\":\"\",\"publisher\":{\"@id\":\"http:\/\/wp2.iesagora.es:60011\/abravop08\/#organization\"},\"potentialAction\":[{\"@type\":\"SearchAction\",\"target\":{\"@type\":\"EntryPoint\",\"urlTemplate\":\"http:\/\/wp2.iesagora.es:60011\/abravop08\/?s={search_term_string}\"},\"query-input\":{\"@type\":\"PropertyValueSpecification\",\"valueRequired\":true,\"valueName\":\"search_term_string\"}}],\"inLanguage\":\"es\"},{\"@type\":\"Organization\",\"@id\":\"http:\/\/wp2.iesagora.es:60011\/abravop08\/#organization\",\"name\":\"Autechs Solutions\",\"url\":\"http:\/\/wp2.iesagora.es:60011\/abravop08\/\",\"logo\":{\"@type\":\"ImageObject\",\"inLanguage\":\"es\",\"@id\":\"http:\/\/wp2.iesagora.es:60011\/abravop08\/#\/schema\/logo\/image\/\",\"url\":\"http:\/\/wp2.iesagora.es:60011\/abravop08\/wp-content\/uploads\/sites\/115\/2025\/01\/Icono_de_perfil__512_x_512_px___1_-removebg-preview-BLANCO.png\",\"contentUrl\":\"http:\/\/wp2.iesagora.es:60011\/abravop08\/wp-content\/uploads\/sites\/115\/2025\/01\/Icono_de_perfil__512_x_512_px___1_-removebg-preview-BLANCO.png\",\"width\":500,\"height\":500,\"caption\":\"Autechs Solutions\"},\"image\":{\"@id\":\"http:\/\/wp2.iesagora.es:60011\/abravop08\/#\/schema\/logo\/image\/\"}}]}<\/script>\n<!-- \/ Yoast SEO plugin. -->","yoast_head_json":{"title":"Camiseta Blanca | Autech Solutions","description":"Descubre la camiseta blanca de Autech Solutions: dise\u00f1o minimalista, algod\u00f3n premium y logo bordado. \u00a1Cons\u00edguela ya!","robots":{"index":"index","follow":"follow","max-snippet":"max-snippet:-1","max-image-preview":"max-image-preview:large","max-video-preview":"max-video-preview:-1"},"canonical":"http:\/\/wp2.iesagora.es:60011\/abravop08\/producto\/camiseta-autech-solutions-blanca\/","og_locale":"es_ES","og_type":"article","og_title":"Camiseta Blanca | Autech Solutions","og_description":"Descubre la camiseta blanca de Autech Solutions: dise\u00f1o minimalista, algod\u00f3n premium y logo bordado. \u00a1Cons\u00edguela ya!","og_url":"http:\/\/wp2.iesagora.es:60011\/abravop08\/producto\/camiseta-autech-solutions-blanca\/","article_modified_time":"2025-03-14T18:07:30+00:00","og_image":[{"width":1080,"height":1080,"url":"http:\/\/wp2.iesagora.es:60011\/abravop08\/wp-content\/uploads\/sites\/115\/2025\/01\/13.png","type":"image\/png"}],"twitter_card":"summary_large_image","twitter_misc":{"Tiempo de lectura":"2 minutos"},"schema":{"@context":"https:\/\/schema.org","@graph":[{"@type":"WebPage","@id":"http:\/\/wp2.iesagora.es:60011\/abravop08\/producto\/camiseta-autech-solutions-blanca\/","url":"http:\/\/wp2.iesagora.es:60011\/abravop08\/producto\/camiseta-autech-solutions-blanca\/","name":"Camiseta Blanca | Autech Solutions","isPartOf":{"@id":"http:\/\/wp2.iesagora.es:60011\/abravop08\/#website"},"primaryImageOfPage":{"@id":"http:\/\/wp2.iesagora.es:60011\/abravop08\/producto\/camiseta-autech-solutions-blanca\/#primaryimage"},"image":{"@id":"http:\/\/wp2.iesagora.es:60011\/abravop08\/producto\/camiseta-autech-solutions-blanca\/#primaryimage"},"thumbnailUrl":"http:\/\/wp2.iesagora.es:60011\/abravop08\/wp-content\/uploads\/sites\/115\/2025\/01\/13.png","datePublished":"2025-02-27T19:26:52+00:00","dateModified":"2025-03-14T18:07:30+00:00","description":"Descubre la camiseta blanca de Autech Solutions: dise\u00f1o minimalista, algod\u00f3n premium y logo bordado. \u00a1Cons\u00edguela ya!","breadcrumb":{"@id":"http:\/\/wp2.iesagora.es:60011\/abravop08\/producto\/camiseta-autech-solutions-blanca\/#breadcrumb"},"inLanguage":"es","potentialAction":[{"@type":"ReadAction","target":["http:\/\/wp2.iesagora.es:60011\/abravop08\/producto\/camiseta-autech-solutions-blanca\/"]}]},{"@type":"ImageObject","inLanguage":"es","@id":"http:\/\/wp2.iesagora.es:60011\/abravop08\/producto\/camiseta-autech-solutions-blanca\/#primaryimage","url":"http:\/\/wp2.iesagora.es:60011\/abravop08\/wp-content\/uploads\/sites\/115\/2025\/01\/13.png","contentUrl":"http:\/\/wp2.iesagora.es:60011\/abravop08\/wp-content\/uploads\/sites\/115\/2025\/01\/13.png","width":1080,"height":1080,"caption":"Camiseta Blanca Autech Solutions"},{"@type":"BreadcrumbList","@id":"http:\/\/wp2.iesagora.es:60011\/abravop08\/producto\/camiseta-autech-solutions-blanca\/#breadcrumb","itemListElement":[{"@type":"ListItem","position":1,"name":"Portada","item":"http:\/\/wp2.iesagora.es:60011\/abravop08\/"},{"@type":"ListItem","position":2,"name":"Tienda","item":"http:\/\/wp2.iesagora.es:60011\/abravop08\/tienda\/"},{"@type":"ListItem","position":3,"name":"Camiseta Autech Solutions"}]},{"@type":"WebSite","@id":"http:\/\/wp2.iesagora.es:60011\/abravop08\/#website","url":"http:\/\/wp2.iesagora.es:60011\/abravop08\/","name":"Autechs Solutions","description":"","publisher":{"@id":"http:\/\/wp2.iesagora.es:60011\/abravop08\/#organization"},"potentialAction":[{"@type":"SearchAction","target":{"@type":"EntryPoint","urlTemplate":"http:\/\/wp2.iesagora.es:60011\/abravop08\/?s={search_term_string}"},"query-input":{"@type":"PropertyValueSpecification","valueRequired":true,"valueName":"search_term_string"}}],"inLanguage":"es"},{"@type":"Organization","@id":"http:\/\/wp2.iesagora.es:60011\/abravop08\/#organization","name":"Autechs Solutions","url":"http:\/\/wp2.iesagora.es:60011\/abravop08\/","logo":{"@type":"ImageObject","inLanguage":"es","@id":"http:\/\/wp2.iesagora.es:60011\/abravop08\/#\/schema\/logo\/image\/","url":"http:\/\/wp2.iesagora.es:60011\/abravop08\/wp-content\/uploads\/sites\/115\/2025\/01\/Icono_de_perfil__512_x_512_px___1_-removebg-preview-BLANCO.png","contentUrl":"http:\/\/wp2.iesagora.es:60011\/abravop08\/wp-content\/uploads\/sites\/115\/2025\/01\/Icono_de_perfil__512_x_512_px___1_-removebg-preview-BLANCO.png","width":500,"height":500,"caption":"Autechs Solutions"},"image":{"@id":"http:\/\/wp2.iesagora.es:60011\/abravop08\/#\/schema\/logo\/image\/"}}]}},"_links":{"self":[{"href":"http:\/\/wp2.iesagora.es:60011\/abravop08\/wp-json\/wp\/v2\/product\/637","targetHints":{"allow":["GET"]}}],"collection":[{"href":"http:\/\/wp2.iesagora.es:60011\/abravop08\/wp-json\/wp\/v2\/product"}],"about":[{"href":"http:\/\/wp2.iesagora.es:60011\/abravop08\/wp-json\/wp\/v2\/types\/product"}],"replies":[{"embeddable":true,"href":"http:\/\/wp2.iesagora.es:60011\/abravop08\/wp-json\/wp\/v2\/comments?post=637"}],"version-history":[{"count":5,"href":"http:\/\/wp2.iesagora.es:60011\/abravop08\/wp-json\/wp\/v2\/product\/637\/revisions"}],"predecessor-version":[{"id":1106,"href":"http:\/\/wp2.iesagora.es:60011\/abravop08\/wp-json\/wp\/v2\/product\/637\/revisions\/1106"}],"wp:featuredmedia":[{"embeddable":true,"href":"http:\/\/wp2.iesagora.es:60011\/abravop08\/wp-json\/wp\/v2\/media\/118"}],"wp:attachment":[{"href":"http:\/\/wp2.iesagora.es:60011\/abravop08\/wp-json\/wp\/v2\/media?parent=637"}],"wp:term":[{"taxonomy":"product_brand","embeddable":true,"href":"http:\/\/wp2.iesagora.es:60011\/abravop08\/wp-json\/wp\/v2\/product_brand?post=637"},{"taxonomy":"product_cat","embeddable":true,"href":"http:\/\/wp2.iesagora.es:60011\/abravop08\/wp-json\/wp\/v2\/product_cat?post=637"},{"taxonomy":"product_tag","embeddable":true,"href":"http:\/\/wp2.iesagora.es:60011\/abravop08\/wp-json\/wp\/v2\/product_tag?post=637"}],"curies":[{"name":"wp","href":"https:\/\/api.w.org\/{rel}","templated":true}]}}