{"id":589,"date":"2025-02-27T12:50:01","date_gmt":"2025-02-27T11:50:01","guid":{"rendered":"http:\/\/wp2.iesagora.es:60011\/abravop08\/?post_type=product&#038;p=589"},"modified":"2025-03-14T19:01:20","modified_gmt":"2025-03-14T18:01:20","slug":"sudadera-autech-solutions-2","status":"publish","type":"product","link":"http:\/\/wp2.iesagora.es:60011\/abravop08\/producto\/sudadera-autech-solutions-2\/","title":{"rendered":"Sudadera Autech Solutions"},"content":{"rendered":"<h2 data-start=\"97\" data-end=\"166\">Sudadera Gris Autech Solutions \u2013 Comodidad y Estilo Profesional<\/h2>\n<p data-start=\"168\" data-end=\"429\">Lleva el esp\u00edritu de la innovaci\u00f3n y la tecnolog\u00eda contigo con la <strong data-start=\"234\" data-end=\"272\">Sudadera Gris de <a href=\"http:\/\/wp2.iesagora.es:60011\/abravop08\/categoria-producto\/sudaderas-autech\/?v=efb03b68f7a0\">Autech Solutions<\/a>.<\/strong>\u00a0Dise\u00f1ada para quienes buscan comodidad sin renunciar a la profesionalidad, esta prenda combina un dise\u00f1o minimalista con la identidad de nuestra agencia.<\/p>\n<h3 data-start=\"431\" data-end=\"472\">\ud83d\udd39 <strong data-start=\"438\" data-end=\"470\">Caracter\u00edsticas principales:<\/strong><\/h3>\n<ul data-start=\"473\" data-end=\"1023\">\n<li data-start=\"473\" data-end=\"615\"><strong data-start=\"475\" data-end=\"496\">Dise\u00f1o exclusivo:<\/strong> Sudadera en color gris con el logo de Autech Solutions bordado en el pecho, resaltando en azul, azul marino y gris.<\/li>\n<li data-start=\"616\" data-end=\"749\"><strong data-start=\"618\" data-end=\"639\">Material premium:<\/strong> Fabricada con algod\u00f3n de alta calidad y poli\u00e9ster para garantizar suavidad, transpirabilidad y durabilidad.<\/li>\n<li data-start=\"750\" data-end=\"871\"><strong data-start=\"752\" data-end=\"772\">Ajuste perfecto:<\/strong> Corte unisex con capucha ajustable y bolsillo tipo canguro para mayor funcionalidad y comodidad.<\/li>\n<li data-start=\"872\" data-end=\"1023\"><strong data-start=\"874\" data-end=\"891\">Versatilidad:<\/strong> Ideal para el d\u00eda a d\u00eda, reuniones informales, eventos tecnol\u00f3gicos o simplemente para representar a Autech Solutions con estilo.<\/li>\n<\/ul>\n<h3 data-start=\"1025\" data-end=\"1070\">\ud83c\udf0d <strong data-start=\"1032\" data-end=\"1068\">Compromiso con la sostenibilidad<\/strong><\/h3>\n<p data-start=\"1071\" data-end=\"1268\">En Autech Solutions apostamos por productos de calidad y responsables con el medioambiente. Esta sudadera est\u00e1 fabricada bajo est\u00e1ndares de producci\u00f3n sostenible, reduciendo el impacto ecol\u00f3gico.<\/p>\n<h3 data-start=\"1270\" data-end=\"1301\">\ud83d\udccc <strong data-start=\"1277\" data-end=\"1299\">\u00bfPor qu\u00e9 elegirla?<\/strong><\/h3>\n<p data-start=\"1302\" data-end=\"1554\">Ya seas parte del equipo de Autech Solutions, un entusiasta de la tecnolog\u00eda o simplemente alguien que busca una sudadera moderna y c\u00f3moda, esta es la elecci\u00f3n perfecta. Viste con orgullo los colores de la automatizaci\u00f3n y la <a href=\"https:\/\/dle.rae.es\/inteligencia?m=form#2DxmhCT\">inteligencia artificial<\/a>.<\/p>\n<p data-start=\"1556\" data-end=\"1671\">\ud83d\udd17 <strong data-start=\"1559\" data-end=\"1669\">Disponibilidad limitada. \u00a1Consigue la tuya ahora y \u00fanete a la revoluci\u00f3n tecnol\u00f3gica con Autech Solutions!<\/strong><\/p>\n","protected":false},"excerpt":{"rendered":"<p>Sudadera Gris Autech Solutions \u2013 Comodidad y Estilo Profesional Lleva el esp\u00edritu de la innovaci\u00f3n y la tecnolog\u00eda contigo con [&hellip;]<\/p>\n","protected":false},"featured_media":112,"comment_status":"open","ping_status":"closed","template":"","meta":{"site-sidebar-layout":"default","site-content-layout":"","ast-site-content-layout":"default","site-content-style":"default","site-sidebar-style":"default","ast-global-header-display":"","ast-banner-title-visibility":"","ast-main-header-display":"","ast-hfb-above-header-display":"","ast-hfb-below-header-display":"","ast-hfb-mobile-header-display":"","site-post-title":"","ast-breadcrumbs-content":"","ast-featured-img":"","footer-sml-layout":"","theme-transparent-header-meta":"default","adv-header-id-meta":"","stick-header-meta":"","header-above-stick-meta":"","header-main-stick-meta":"","header-below-stick-meta":"","astra-migrate-meta-layouts":"set","ast-page-background-enabled":"default","ast-page-background-meta":{"desktop":{"background-color":"var(--ast-global-color-5)","background-image":"","background-repeat":"repeat","background-position":"center center","background-size":"auto","background-attachment":"scroll","background-type":"","background-media":"","overlay-type":"","overlay-color":"","overlay-opacity":"","overlay-gradient":""},"tablet":{"background-color":"","background-image":"","background-repeat":"repeat","background-position":"center center","background-size":"auto","background-attachment":"scroll","background-type":"","background-media":"","overlay-type":"","overlay-color":"","overlay-opacity":"","overlay-gradient":""},"mobile":{"background-color":"","background-image":"","background-repeat":"repeat","background-position":"center center","background-size":"auto","background-attachment":"scroll","background-type":"","background-media":"","overlay-type":"","overlay-color":"","overlay-opacity":"","overlay-gradient":""}},"ast-content-background-meta":{"desktop":{"background-color":"var(--ast-global-color-4)","background-image":"","background-repeat":"repeat","background-position":"center center","background-size":"auto","background-attachment":"scroll","background-type":"","background-media":"","overlay-type":"","overlay-color":"","overlay-opacity":"","overlay-gradient":""},"tablet":{"background-color":"var(--ast-global-color-4)","background-image":"","background-repeat":"repeat","background-position":"center center","background-size":"auto","background-attachment":"scroll","background-type":"","background-media":"","overlay-type":"","overlay-color":"","overlay-opacity":"","overlay-gradient":""},"mobile":{"background-color":"var(--ast-global-color-4)","background-image":"","background-repeat":"repeat","background-position":"center center","background-size":"auto","background-attachment":"scroll","background-type":"","background-media":"","overlay-type":"","overlay-color":"","overlay-opacity":"","overlay-gradient":""}}},"product_brand":[],"product_cat":[36],"product_tag":[],"class_list":{"0":"post-589","1":"product","2":"type-product","3":"status-publish","4":"has-post-thumbnail","6":"product_cat-sudaderas-autech","7":"pa_color-blanco","8":"pa_color-gris","9":"pa_color-negro","10":"desktop-align-left","11":"tablet-align-left","12":"mobile-align-left","14":"first","15":"instock","16":"taxable","17":"shipping-taxable","18":"purchasable","19":"product-type-variable","20":"has-default-attributes"},"yoast_head":"<!-- This site is optimized with the Yoast SEO plugin v26.8 - https:\/\/yoast.com\/product\/yoast-seo-wordpress\/ -->\n<title>Sudadera gris \/Autech Solutions<\/title>\n<meta name=\"description\" content=\"Descubre la sudadera gris de Autech Solutions: dise\u00f1o minimalista, comodidad premium y el logo bordado de nuestra agencia de automatizaci\u00f3n e IA.\" \/>\n<meta name=\"robots\" content=\"index, follow, max-snippet:-1, max-image-preview:large, max-video-preview:-1\" \/>\n<link rel=\"canonical\" href=\"http:\/\/wp2.iesagora.es:60011\/abravop08\/producto\/sudadera-autech-solutions-2\/\" \/>\n<meta property=\"og:locale\" content=\"es_ES\" \/>\n<meta property=\"og:type\" content=\"article\" \/>\n<meta property=\"og:title\" content=\"Sudadera gris \/Autech Solutions\" \/>\n<meta property=\"og:description\" content=\"Descubre la sudadera gris de Autech Solutions: dise\u00f1o minimalista, comodidad premium y el logo bordado de nuestra agencia de automatizaci\u00f3n e IA.\" \/>\n<meta property=\"og:url\" content=\"http:\/\/wp2.iesagora.es:60011\/abravop08\/producto\/sudadera-autech-solutions-2\/\" \/>\n<meta property=\"article:modified_time\" content=\"2025-03-14T18:01:20+00:00\" \/>\n<meta property=\"og:image\" content=\"http:\/\/wp2.iesagora.es:60011\/abravop08\/wp-content\/uploads\/sites\/115\/2025\/01\/7.png\" \/>\n\t<meta property=\"og:image:width\" content=\"1080\" \/>\n\t<meta property=\"og:image:height\" content=\"1080\" \/>\n\t<meta property=\"og:image:type\" content=\"image\/png\" \/>\n<meta name=\"twitter:card\" content=\"summary_large_image\" \/>\n<meta name=\"twitter:label1\" content=\"Tiempo de lectura\" \/>\n\t<meta name=\"twitter:data1\" content=\"2 minutos\" \/>\n<script type=\"application\/ld+json\" class=\"yoast-schema-graph\">{\"@context\":\"https:\/\/schema.org\",\"@graph\":[{\"@type\":\"WebPage\",\"@id\":\"http:\/\/wp2.iesagora.es:60011\/abravop08\/producto\/sudadera-autech-solutions-2\/\",\"url\":\"http:\/\/wp2.iesagora.es:60011\/abravop08\/producto\/sudadera-autech-solutions-2\/\",\"name\":\"Sudadera gris \/Autech Solutions\",\"isPartOf\":{\"@id\":\"http:\/\/wp2.iesagora.es:60011\/abravop08\/#website\"},\"primaryImageOfPage\":{\"@id\":\"http:\/\/wp2.iesagora.es:60011\/abravop08\/producto\/sudadera-autech-solutions-2\/#primaryimage\"},\"image\":{\"@id\":\"http:\/\/wp2.iesagora.es:60011\/abravop08\/producto\/sudadera-autech-solutions-2\/#primaryimage\"},\"thumbnailUrl\":\"http:\/\/wp2.iesagora.es:60011\/abravop08\/wp-content\/uploads\/sites\/115\/2025\/01\/7.png\",\"datePublished\":\"2025-02-27T11:50:01+00:00\",\"dateModified\":\"2025-03-14T18:01:20+00:00\",\"description\":\"Descubre la sudadera gris de Autech Solutions: dise\u00f1o minimalista, comodidad premium y el logo bordado de nuestra agencia de automatizaci\u00f3n e IA.\",\"breadcrumb\":{\"@id\":\"http:\/\/wp2.iesagora.es:60011\/abravop08\/producto\/sudadera-autech-solutions-2\/#breadcrumb\"},\"inLanguage\":\"es\",\"potentialAction\":[{\"@type\":\"ReadAction\",\"target\":[\"http:\/\/wp2.iesagora.es:60011\/abravop08\/producto\/sudadera-autech-solutions-2\/\"]}]},{\"@type\":\"ImageObject\",\"inLanguage\":\"es\",\"@id\":\"http:\/\/wp2.iesagora.es:60011\/abravop08\/producto\/sudadera-autech-solutions-2\/#primaryimage\",\"url\":\"http:\/\/wp2.iesagora.es:60011\/abravop08\/wp-content\/uploads\/sites\/115\/2025\/01\/7.png\",\"contentUrl\":\"http:\/\/wp2.iesagora.es:60011\/abravop08\/wp-content\/uploads\/sites\/115\/2025\/01\/7.png\",\"width\":1080,\"height\":1080},{\"@type\":\"BreadcrumbList\",\"@id\":\"http:\/\/wp2.iesagora.es:60011\/abravop08\/producto\/sudadera-autech-solutions-2\/#breadcrumb\",\"itemListElement\":[{\"@type\":\"ListItem\",\"position\":1,\"name\":\"Portada\",\"item\":\"http:\/\/wp2.iesagora.es:60011\/abravop08\/\"},{\"@type\":\"ListItem\",\"position\":2,\"name\":\"Tienda\",\"item\":\"http:\/\/wp2.iesagora.es:60011\/abravop08\/tienda\/\"},{\"@type\":\"ListItem\",\"position\":3,\"name\":\"Sudadera Autech Solutions\"}]},{\"@type\":\"WebSite\",\"@id\":\"http:\/\/wp2.iesagora.es:60011\/abravop08\/#website\",\"url\":\"http:\/\/wp2.iesagora.es:60011\/abravop08\/\",\"name\":\"Autechs Solutions\",\"description\":\"\",\"publisher\":{\"@id\":\"http:\/\/wp2.iesagora.es:60011\/abravop08\/#organization\"},\"potentialAction\":[{\"@type\":\"SearchAction\",\"target\":{\"@type\":\"EntryPoint\",\"urlTemplate\":\"http:\/\/wp2.iesagora.es:60011\/abravop08\/?s={search_term_string}\"},\"query-input\":{\"@type\":\"PropertyValueSpecification\",\"valueRequired\":true,\"valueName\":\"search_term_string\"}}],\"inLanguage\":\"es\"},{\"@type\":\"Organization\",\"@id\":\"http:\/\/wp2.iesagora.es:60011\/abravop08\/#organization\",\"name\":\"Autechs Solutions\",\"url\":\"http:\/\/wp2.iesagora.es:60011\/abravop08\/\",\"logo\":{\"@type\":\"ImageObject\",\"inLanguage\":\"es\",\"@id\":\"http:\/\/wp2.iesagora.es:60011\/abravop08\/#\/schema\/logo\/image\/\",\"url\":\"http:\/\/wp2.iesagora.es:60011\/abravop08\/wp-content\/uploads\/sites\/115\/2025\/01\/Icono_de_perfil__512_x_512_px___1_-removebg-preview-BLANCO.png\",\"contentUrl\":\"http:\/\/wp2.iesagora.es:60011\/abravop08\/wp-content\/uploads\/sites\/115\/2025\/01\/Icono_de_perfil__512_x_512_px___1_-removebg-preview-BLANCO.png\",\"width\":500,\"height\":500,\"caption\":\"Autechs Solutions\"},\"image\":{\"@id\":\"http:\/\/wp2.iesagora.es:60011\/abravop08\/#\/schema\/logo\/image\/\"}}]}<\/script>\n<!-- \/ Yoast SEO plugin. -->","yoast_head_json":{"title":"Sudadera gris \/Autech Solutions","description":"Descubre la sudadera gris de Autech Solutions: dise\u00f1o minimalista, comodidad premium y el logo bordado de nuestra agencia de automatizaci\u00f3n e IA.","robots":{"index":"index","follow":"follow","max-snippet":"max-snippet:-1","max-image-preview":"max-image-preview:large","max-video-preview":"max-video-preview:-1"},"canonical":"http:\/\/wp2.iesagora.es:60011\/abravop08\/producto\/sudadera-autech-solutions-2\/","og_locale":"es_ES","og_type":"article","og_title":"Sudadera gris \/Autech Solutions","og_description":"Descubre la sudadera gris de Autech Solutions: dise\u00f1o minimalista, comodidad premium y el logo bordado de nuestra agencia de automatizaci\u00f3n e IA.","og_url":"http:\/\/wp2.iesagora.es:60011\/abravop08\/producto\/sudadera-autech-solutions-2\/","article_modified_time":"2025-03-14T18:01:20+00:00","og_image":[{"width":1080,"height":1080,"url":"http:\/\/wp2.iesagora.es:60011\/abravop08\/wp-content\/uploads\/sites\/115\/2025\/01\/7.png","type":"image\/png"}],"twitter_card":"summary_large_image","twitter_misc":{"Tiempo de lectura":"2 minutos"},"schema":{"@context":"https:\/\/schema.org","@graph":[{"@type":"WebPage","@id":"http:\/\/wp2.iesagora.es:60011\/abravop08\/producto\/sudadera-autech-solutions-2\/","url":"http:\/\/wp2.iesagora.es:60011\/abravop08\/producto\/sudadera-autech-solutions-2\/","name":"Sudadera gris \/Autech Solutions","isPartOf":{"@id":"http:\/\/wp2.iesagora.es:60011\/abravop08\/#website"},"primaryImageOfPage":{"@id":"http:\/\/wp2.iesagora.es:60011\/abravop08\/producto\/sudadera-autech-solutions-2\/#primaryimage"},"image":{"@id":"http:\/\/wp2.iesagora.es:60011\/abravop08\/producto\/sudadera-autech-solutions-2\/#primaryimage"},"thumbnailUrl":"http:\/\/wp2.iesagora.es:60011\/abravop08\/wp-content\/uploads\/sites\/115\/2025\/01\/7.png","datePublished":"2025-02-27T11:50:01+00:00","dateModified":"2025-03-14T18:01:20+00:00","description":"Descubre la sudadera gris de Autech Solutions: dise\u00f1o minimalista, comodidad premium y el logo bordado de nuestra agencia de automatizaci\u00f3n e IA.","breadcrumb":{"@id":"http:\/\/wp2.iesagora.es:60011\/abravop08\/producto\/sudadera-autech-solutions-2\/#breadcrumb"},"inLanguage":"es","potentialAction":[{"@type":"ReadAction","target":["http:\/\/wp2.iesagora.es:60011\/abravop08\/producto\/sudadera-autech-solutions-2\/"]}]},{"@type":"ImageObject","inLanguage":"es","@id":"http:\/\/wp2.iesagora.es:60011\/abravop08\/producto\/sudadera-autech-solutions-2\/#primaryimage","url":"http:\/\/wp2.iesagora.es:60011\/abravop08\/wp-content\/uploads\/sites\/115\/2025\/01\/7.png","contentUrl":"http:\/\/wp2.iesagora.es:60011\/abravop08\/wp-content\/uploads\/sites\/115\/2025\/01\/7.png","width":1080,"height":1080},{"@type":"BreadcrumbList","@id":"http:\/\/wp2.iesagora.es:60011\/abravop08\/producto\/sudadera-autech-solutions-2\/#breadcrumb","itemListElement":[{"@type":"ListItem","position":1,"name":"Portada","item":"http:\/\/wp2.iesagora.es:60011\/abravop08\/"},{"@type":"ListItem","position":2,"name":"Tienda","item":"http:\/\/wp2.iesagora.es:60011\/abravop08\/tienda\/"},{"@type":"ListItem","position":3,"name":"Sudadera Autech Solutions"}]},{"@type":"WebSite","@id":"http:\/\/wp2.iesagora.es:60011\/abravop08\/#website","url":"http:\/\/wp2.iesagora.es:60011\/abravop08\/","name":"Autechs Solutions","description":"","publisher":{"@id":"http:\/\/wp2.iesagora.es:60011\/abravop08\/#organization"},"potentialAction":[{"@type":"SearchAction","target":{"@type":"EntryPoint","urlTemplate":"http:\/\/wp2.iesagora.es:60011\/abravop08\/?s={search_term_string}"},"query-input":{"@type":"PropertyValueSpecification","valueRequired":true,"valueName":"search_term_string"}}],"inLanguage":"es"},{"@type":"Organization","@id":"http:\/\/wp2.iesagora.es:60011\/abravop08\/#organization","name":"Autechs Solutions","url":"http:\/\/wp2.iesagora.es:60011\/abravop08\/","logo":{"@type":"ImageObject","inLanguage":"es","@id":"http:\/\/wp2.iesagora.es:60011\/abravop08\/#\/schema\/logo\/image\/","url":"http:\/\/wp2.iesagora.es:60011\/abravop08\/wp-content\/uploads\/sites\/115\/2025\/01\/Icono_de_perfil__512_x_512_px___1_-removebg-preview-BLANCO.png","contentUrl":"http:\/\/wp2.iesagora.es:60011\/abravop08\/wp-content\/uploads\/sites\/115\/2025\/01\/Icono_de_perfil__512_x_512_px___1_-removebg-preview-BLANCO.png","width":500,"height":500,"caption":"Autechs Solutions"},"image":{"@id":"http:\/\/wp2.iesagora.es:60011\/abravop08\/#\/schema\/logo\/image\/"}}]}},"_links":{"self":[{"href":"http:\/\/wp2.iesagora.es:60011\/abravop08\/wp-json\/wp\/v2\/product\/589","targetHints":{"allow":["GET"]}}],"collection":[{"href":"http:\/\/wp2.iesagora.es:60011\/abravop08\/wp-json\/wp\/v2\/product"}],"about":[{"href":"http:\/\/wp2.iesagora.es:60011\/abravop08\/wp-json\/wp\/v2\/types\/product"}],"replies":[{"embeddable":true,"href":"http:\/\/wp2.iesagora.es:60011\/abravop08\/wp-json\/wp\/v2\/comments?post=589"}],"version-history":[{"count":4,"href":"http:\/\/wp2.iesagora.es:60011\/abravop08\/wp-json\/wp\/v2\/product\/589\/revisions"}],"predecessor-version":[{"id":1105,"href":"http:\/\/wp2.iesagora.es:60011\/abravop08\/wp-json\/wp\/v2\/product\/589\/revisions\/1105"}],"wp:featuredmedia":[{"embeddable":true,"href":"http:\/\/wp2.iesagora.es:60011\/abravop08\/wp-json\/wp\/v2\/media\/112"}],"wp:attachment":[{"href":"http:\/\/wp2.iesagora.es:60011\/abravop08\/wp-json\/wp\/v2\/media?parent=589"}],"wp:term":[{"taxonomy":"product_brand","embeddable":true,"href":"http:\/\/wp2.iesagora.es:60011\/abravop08\/wp-json\/wp\/v2\/product_brand?post=589"},{"taxonomy":"product_cat","embeddable":true,"href":"http:\/\/wp2.iesagora.es:60011\/abravop08\/wp-json\/wp\/v2\/product_cat?post=589"},{"taxonomy":"product_tag","embeddable":true,"href":"http:\/\/wp2.iesagora.es:60011\/abravop08\/wp-json\/wp\/v2\/product_tag?post=589"}],"curies":[{"name":"wp","href":"https:\/\/api.w.org\/{rel}","templated":true}]}}