{"id":187,"date":"2025-01-30T18:56:29","date_gmt":"2025-01-30T17:56:29","guid":{"rendered":"http:\/\/wp2.iesagora.es:60011\/abravop08\/?page_id=187"},"modified":"2025-03-14T14:09:04","modified_gmt":"2025-03-14T13:09:04","slug":"nosotros","status":"publish","type":"page","link":"http:\/\/wp2.iesagora.es:60011\/abravop08\/nosotros\/","title":{"rendered":"Nosotros"},"content":{"rendered":"\t\t<div data-elementor-type=\"wp-page\" data-elementor-id=\"187\" class=\"elementor elementor-187\" data-elementor-post-type=\"page\">\n\t\t\t\t<div class=\"elementor-element elementor-element-ac1a795 e-flex e-con-boxed e-con e-parent\" data-id=\"ac1a795\" data-element_type=\"container\">\n\t\t\t\t\t<div class=\"e-con-inner\">\n\t\t\t\t<div class=\"elementor-element elementor-element-30bd9b5 elementor-widget elementor-widget-heading\" data-id=\"30bd9b5\" data-element_type=\"widget\" data-widget_type=\"heading.default\">\n\t\t\t\t<div class=\"elementor-widget-container\">\n\t\t\t\t\t<h2 class=\"elementor-heading-title elementor-size-default\">Sobre nosotros<\/h2>\t\t\t\t<\/div>\n\t\t\t\t<\/div>\n\t\t<div class=\"elementor-element elementor-element-2474814 e-grid e-con-full e-con e-child\" data-id=\"2474814\" data-element_type=\"container\">\n\t\t\t\t<div class=\"elementor-element elementor-element-1715dcd elementor-widget elementor-widget-text-editor\" data-id=\"1715dcd\" data-element_type=\"widget\" data-widget_type=\"text-editor.default\">\n\t\t\t\t<div class=\"elementor-widget-container\">\n\t\t\t\t\t\t\t\t\t<p>Autech Solutions fue fundada por tres profesionales con una pasi\u00f3n com\u00fan por la tecnolog\u00eda: Aar\u00f3n Bravo, \u00d3scar G\u00f3mez y Almudena B\u00e1ez. Cada uno aportaba una experiencia \u00fanica en \u00e1reas como la automatizaci\u00f3n, inteligencia artificial y la mejora de procesos empresariales. Tras a\u00f1os de trabajar en diversas industrias, decidieron unir fuerzas para crear una agencia que ayudara a las empresas medianas y grandes a optimizar sus operaciones con soluciones tecnol\u00f3gicas de vanguardia. Su misi\u00f3n era simplificar procesos, fomentar la innovaci\u00f3n y empoderar a las empresas con herramientas tecnol\u00f3gicas efectivas.<\/p>\t\t\t\t\t\t\t\t<\/div>\n\t\t\t\t<\/div>\n\t\t\t\t<div class=\"elementor-element elementor-element-52a872c elementor-widget elementor-widget-image\" data-id=\"52a872c\" data-element_type=\"widget\" data-widget_type=\"image.default\">\n\t\t\t\t<div class=\"elementor-widget-container\">\n\t\t\t\t\t\t\t\t\t\t\t\t\t\t\t<img fetchpriority=\"high\" decoding=\"async\" width=\"338\" height=\"294\" src=\"http:\/\/wp2.iesagora.es:60011\/abravop08\/wp-content\/uploads\/sites\/115\/2025\/02\/imagen_2025-02-09_152240097.png\" class=\"attachment-large size-large wp-image-435\" alt=\"\" srcset=\"http:\/\/wp2.iesagora.es:60011\/abravop08\/wp-content\/uploads\/sites\/115\/2025\/02\/imagen_2025-02-09_152240097.png 338w, http:\/\/wp2.iesagora.es:60011\/abravop08\/wp-content\/uploads\/sites\/115\/2025\/02\/imagen_2025-02-09_152240097-300x261.png 300w\" sizes=\"(max-width: 338px) 100vw, 338px\" \/>\t\t\t\t\t\t\t\t\t\t\t\t\t\t\t<\/div>\n\t\t\t\t<\/div>\n\t\t\t\t<\/div>\n\t\t\t\t\t<\/div>\n\t\t\t\t<\/div>\n\t\t<div class=\"elementor-element elementor-element-8cfe3e9 e-flex e-con-boxed e-con e-parent\" data-id=\"8cfe3e9\" data-element_type=\"container\" data-settings=\"{&quot;background_background&quot;:&quot;video&quot;,&quot;background_video_link&quot;:&quot;https:\\\/\\\/www.youtube.com\\\/watch?v=99sIKzKkwHw&quot;}\">\n\t\t\t\t\t<div class=\"e-con-inner\">\n\t\t<div class=\"elementor-background-video-container elementor-hidden-mobile\" aria-hidden=\"true\">\n\t\t\t\t\t\t\t<div class=\"elementor-background-video-embed\"><\/div>\n\t\t\t\t\t\t<\/div>\t\t<div class=\"elementor-element elementor-element-9d36a15 elementor-headline--style-highlight elementor-widget elementor-widget-animated-headline\" data-id=\"9d36a15\" data-element_type=\"widget\" data-settings=\"{&quot;marker&quot;:&quot;double_underline&quot;,&quot;highlighted_text&quot;:&quot;Pincha abajo&quot;,&quot;headline_style&quot;:&quot;highlight&quot;,&quot;loop&quot;:&quot;yes&quot;,&quot;highlight_animation_duration&quot;:1200,&quot;highlight_iteration_delay&quot;:8000}\" data-widget_type=\"animated-headline.default\">\n\t\t\t\t<div class=\"elementor-widget-container\">\n\t\t\t\t\t\t\t<h3 class=\"elementor-headline\">\n\t\t\t\t\t<span class=\"elementor-headline-plain-text elementor-headline-text-wrapper\">Si quieres saber m\u00e1s<\/span>\n\t\t\t\t<span class=\"elementor-headline-dynamic-wrapper elementor-headline-text-wrapper\">\n\t\t\t\t\t<span class=\"elementor-headline-dynamic-text elementor-headline-text-active\">Pincha abajo<\/span>\n\t\t\t\t<\/span>\n\t\t\t\t<\/h3>\n\t\t\t\t\t\t<\/div>\n\t\t\t\t<\/div>\n\t\t\t\t<div class=\"elementor-element elementor-element-4bd76a2 elementor-align-center elementor-widget elementor-widget-button\" data-id=\"4bd76a2\" data-element_type=\"widget\" data-widget_type=\"button.default\">\n\t\t\t\t<div class=\"elementor-widget-container\">\n\t\t\t\t\t\t\t\t\t<div class=\"elementor-button-wrapper\">\n\t\t\t\t\t<a class=\"elementor-button elementor-button-link elementor-size-sm\" href=\"#\">\n\t\t\t\t\t\t<span class=\"elementor-button-content-wrapper\">\n\t\t\t\t\t\t\t\t\t<span class=\"elementor-button-text\">Saber m\u00e1s<\/span>\n\t\t\t\t\t<\/span>\n\t\t\t\t\t<\/a>\n\t\t\t\t<\/div>\n\t\t\t\t\t\t\t\t<\/div>\n\t\t\t\t<\/div>\n\t\t\t\t\t<\/div>\n\t\t\t\t<\/div>\n\t\t\t\t<\/div>\n\t\t","protected":false},"excerpt":{"rendered":"<p>Sobre nosotros Autech Solutions fue fundada por tres profesionales con una pasi\u00f3n com\u00fan por la tecnolog\u00eda: Aar\u00f3n Bravo, \u00d3scar G\u00f3mez [&hellip;]<\/p>\n","protected":false},"author":46,"featured_media":0,"parent":0,"menu_order":0,"comment_status":"closed","ping_status":"closed","template":"","meta":{"site-sidebar-layout":"no-sidebar","site-content-layout":"","ast-site-content-layout":"full-width-container","site-content-style":"default","site-sidebar-style":"default","ast-global-header-display":"","ast-banner-title-visibility":"","ast-main-header-display":"","ast-hfb-above-header-display":"","ast-hfb-below-header-display":"","ast-hfb-mobile-header-display":"","site-post-title":"disabled","ast-breadcrumbs-content":"","ast-featured-img":"disabled","footer-sml-layout":"","theme-transparent-header-meta":"","adv-header-id-meta":"","stick-header-meta":"","header-above-stick-meta":"","header-main-stick-meta":"","header-below-stick-meta":"","astra-migrate-meta-layouts":"default","ast-page-background-enabled":"default","ast-page-background-meta":{"desktop":{"background-color":"var(--ast-global-color-5)","background-image":"","background-repeat":"repeat","background-position":"center center","background-size":"auto","background-attachment":"scroll","background-type":"","background-media":"","overlay-type":"","overlay-color":"","overlay-opacity":"","overlay-gradient":""},"tablet":{"background-color":"","background-image":"","background-repeat":"repeat","background-position":"center center","background-size":"auto","background-attachment":"scroll","background-type":"","background-media":"","overlay-type":"","overlay-color":"","overlay-opacity":"","overlay-gradient":""},"mobile":{"background-color":"","background-image":"","background-repeat":"repeat","background-position":"center center","background-size":"auto","background-attachment":"scroll","background-type":"","background-media":"","overlay-type":"","overlay-color":"","overlay-opacity":"","overlay-gradient":""}},"ast-content-background-meta":{"desktop":{"background-color":"var(--ast-global-color-4)","background-image":"","background-repeat":"repeat","background-position":"center center","background-size":"auto","background-attachment":"scroll","background-type":"","background-media":"","overlay-type":"","overlay-color":"","overlay-opacity":"","overlay-gradient":""},"tablet":{"background-color":"var(--ast-global-color-4)","background-image":"","background-repeat":"repeat","background-position":"center center","background-size":"auto","background-attachment":"scroll","background-type":"","background-media":"","overlay-type":"","overlay-color":"","overlay-opacity":"","overlay-gradient":""},"mobile":{"background-color":"var(--ast-global-color-4)","background-image":"","background-repeat":"repeat","background-position":"center center","background-size":"auto","background-attachment":"scroll","background-type":"","background-media":"","overlay-type":"","overlay-color":"","overlay-opacity":"","overlay-gradient":""}},"footnotes":""},"class_list":["post-187","page","type-page","status-publish","hentry"],"yoast_head":"<!-- This site is optimized with the Yoast SEO plugin v26.8 - https:\/\/yoast.com\/product\/yoast-seo-wordpress\/ -->\n<title>Nosotros -<\/title>\n<meta name=\"robots\" content=\"index, follow, max-snippet:-1, max-image-preview:large, max-video-preview:-1\" \/>\n<link rel=\"canonical\" href=\"http:\/\/wp2.iesagora.es:60011\/abravop08\/nosotros\/\" \/>\n<meta property=\"og:locale\" content=\"es_ES\" \/>\n<meta property=\"og:type\" content=\"article\" \/>\n<meta property=\"og:title\" content=\"Nosotros -\" \/>\n<meta property=\"og:description\" content=\"Sobre nosotros Autech Solutions fue fundada por tres profesionales con una pasi\u00f3n com\u00fan por la tecnolog\u00eda: Aar\u00f3n Bravo, \u00d3scar G\u00f3mez [&hellip;]\" \/>\n<meta property=\"og:url\" content=\"http:\/\/wp2.iesagora.es:60011\/abravop08\/nosotros\/\" \/>\n<meta property=\"article:modified_time\" content=\"2025-03-14T13:09:04+00:00\" \/>\n<meta property=\"og:image\" content=\"http:\/\/wp2.iesagora.es:60011\/abravop08\/wp-content\/uploads\/sites\/115\/2025\/02\/imagen_2025-02-09_152240097.png\" \/>\n\t<meta property=\"og:image:width\" content=\"338\" \/>\n\t<meta property=\"og:image:height\" content=\"294\" \/>\n\t<meta property=\"og:image:type\" content=\"image\/png\" \/>\n<meta name=\"twitter:card\" content=\"summary_large_image\" \/>\n<meta name=\"twitter:label1\" content=\"Tiempo de lectura\" \/>\n\t<meta name=\"twitter:data1\" content=\"1 minuto\" \/>\n<script type=\"application\/ld+json\" class=\"yoast-schema-graph\">{\"@context\":\"https:\/\/schema.org\",\"@graph\":[{\"@type\":\"WebPage\",\"@id\":\"http:\/\/wp2.iesagora.es:60011\/abravop08\/nosotros\/\",\"url\":\"http:\/\/wp2.iesagora.es:60011\/abravop08\/nosotros\/\",\"name\":\"Nosotros -\",\"isPartOf\":{\"@id\":\"http:\/\/wp2.iesagora.es:60011\/abravop08\/#website\"},\"primaryImageOfPage\":{\"@id\":\"http:\/\/wp2.iesagora.es:60011\/abravop08\/nosotros\/#primaryimage\"},\"image\":{\"@id\":\"http:\/\/wp2.iesagora.es:60011\/abravop08\/nosotros\/#primaryimage\"},\"thumbnailUrl\":\"http:\/\/wp2.iesagora.es:60011\/abravop08\/wp-content\/uploads\/sites\/115\/2025\/02\/imagen_2025-02-09_152240097.png\",\"datePublished\":\"2025-01-30T17:56:29+00:00\",\"dateModified\":\"2025-03-14T13:09:04+00:00\",\"breadcrumb\":{\"@id\":\"http:\/\/wp2.iesagora.es:60011\/abravop08\/nosotros\/#breadcrumb\"},\"inLanguage\":\"es\",\"potentialAction\":[{\"@type\":\"ReadAction\",\"target\":[\"http:\/\/wp2.iesagora.es:60011\/abravop08\/nosotros\/\"]}]},{\"@type\":\"ImageObject\",\"inLanguage\":\"es\",\"@id\":\"http:\/\/wp2.iesagora.es:60011\/abravop08\/nosotros\/#primaryimage\",\"url\":\"http:\/\/wp2.iesagora.es:60011\/abravop08\/wp-content\/uploads\/sites\/115\/2025\/02\/imagen_2025-02-09_152240097.png\",\"contentUrl\":\"http:\/\/wp2.iesagora.es:60011\/abravop08\/wp-content\/uploads\/sites\/115\/2025\/02\/imagen_2025-02-09_152240097.png\",\"width\":338,\"height\":294},{\"@type\":\"BreadcrumbList\",\"@id\":\"http:\/\/wp2.iesagora.es:60011\/abravop08\/nosotros\/#breadcrumb\",\"itemListElement\":[{\"@type\":\"ListItem\",\"position\":1,\"name\":\"Portada\",\"item\":\"http:\/\/wp2.iesagora.es:60011\/abravop08\/\"},{\"@type\":\"ListItem\",\"position\":2,\"name\":\"Nosotros\"}]},{\"@type\":\"WebSite\",\"@id\":\"http:\/\/wp2.iesagora.es:60011\/abravop08\/#website\",\"url\":\"http:\/\/wp2.iesagora.es:60011\/abravop08\/\",\"name\":\"Autechs Solutions\",\"description\":\"\",\"publisher\":{\"@id\":\"http:\/\/wp2.iesagora.es:60011\/abravop08\/#organization\"},\"potentialAction\":[{\"@type\":\"SearchAction\",\"target\":{\"@type\":\"EntryPoint\",\"urlTemplate\":\"http:\/\/wp2.iesagora.es:60011\/abravop08\/?s={search_term_string}\"},\"query-input\":{\"@type\":\"PropertyValueSpecification\",\"valueRequired\":true,\"valueName\":\"search_term_string\"}}],\"inLanguage\":\"es\"},{\"@type\":\"Organization\",\"@id\":\"http:\/\/wp2.iesagora.es:60011\/abravop08\/#organization\",\"name\":\"Autechs Solutions\",\"url\":\"http:\/\/wp2.iesagora.es:60011\/abravop08\/\",\"logo\":{\"@type\":\"ImageObject\",\"inLanguage\":\"es\",\"@id\":\"http:\/\/wp2.iesagora.es:60011\/abravop08\/#\/schema\/logo\/image\/\",\"url\":\"http:\/\/wp2.iesagora.es:60011\/abravop08\/wp-content\/uploads\/sites\/115\/2025\/01\/Icono_de_perfil__512_x_512_px___1_-removebg-preview-BLANCO.png\",\"contentUrl\":\"http:\/\/wp2.iesagora.es:60011\/abravop08\/wp-content\/uploads\/sites\/115\/2025\/01\/Icono_de_perfil__512_x_512_px___1_-removebg-preview-BLANCO.png\",\"width\":500,\"height\":500,\"caption\":\"Autechs Solutions\"},\"image\":{\"@id\":\"http:\/\/wp2.iesagora.es:60011\/abravop08\/#\/schema\/logo\/image\/\"}}]}<\/script>\n<!-- \/ Yoast SEO plugin. -->","yoast_head_json":{"title":"Nosotros -","robots":{"index":"index","follow":"follow","max-snippet":"max-snippet:-1","max-image-preview":"max-image-preview:large","max-video-preview":"max-video-preview:-1"},"canonical":"http:\/\/wp2.iesagora.es:60011\/abravop08\/nosotros\/","og_locale":"es_ES","og_type":"article","og_title":"Nosotros -","og_description":"Sobre nosotros Autech Solutions fue fundada por tres profesionales con una pasi\u00f3n com\u00fan por la tecnolog\u00eda: Aar\u00f3n Bravo, \u00d3scar G\u00f3mez [&hellip;]","og_url":"http:\/\/wp2.iesagora.es:60011\/abravop08\/nosotros\/","article_modified_time":"2025-03-14T13:09:04+00:00","og_image":[{"width":338,"height":294,"url":"http:\/\/wp2.iesagora.es:60011\/abravop08\/wp-content\/uploads\/sites\/115\/2025\/02\/imagen_2025-02-09_152240097.png","type":"image\/png"}],"twitter_card":"summary_large_image","twitter_misc":{"Tiempo de lectura":"1 minuto"},"schema":{"@context":"https:\/\/schema.org","@graph":[{"@type":"WebPage","@id":"http:\/\/wp2.iesagora.es:60011\/abravop08\/nosotros\/","url":"http:\/\/wp2.iesagora.es:60011\/abravop08\/nosotros\/","name":"Nosotros -","isPartOf":{"@id":"http:\/\/wp2.iesagora.es:60011\/abravop08\/#website"},"primaryImageOfPage":{"@id":"http:\/\/wp2.iesagora.es:60011\/abravop08\/nosotros\/#primaryimage"},"image":{"@id":"http:\/\/wp2.iesagora.es:60011\/abravop08\/nosotros\/#primaryimage"},"thumbnailUrl":"http:\/\/wp2.iesagora.es:60011\/abravop08\/wp-content\/uploads\/sites\/115\/2025\/02\/imagen_2025-02-09_152240097.png","datePublished":"2025-01-30T17:56:29+00:00","dateModified":"2025-03-14T13:09:04+00:00","breadcrumb":{"@id":"http:\/\/wp2.iesagora.es:60011\/abravop08\/nosotros\/#breadcrumb"},"inLanguage":"es","potentialAction":[{"@type":"ReadAction","target":["http:\/\/wp2.iesagora.es:60011\/abravop08\/nosotros\/"]}]},{"@type":"ImageObject","inLanguage":"es","@id":"http:\/\/wp2.iesagora.es:60011\/abravop08\/nosotros\/#primaryimage","url":"http:\/\/wp2.iesagora.es:60011\/abravop08\/wp-content\/uploads\/sites\/115\/2025\/02\/imagen_2025-02-09_152240097.png","contentUrl":"http:\/\/wp2.iesagora.es:60011\/abravop08\/wp-content\/uploads\/sites\/115\/2025\/02\/imagen_2025-02-09_152240097.png","width":338,"height":294},{"@type":"BreadcrumbList","@id":"http:\/\/wp2.iesagora.es:60011\/abravop08\/nosotros\/#breadcrumb","itemListElement":[{"@type":"ListItem","position":1,"name":"Portada","item":"http:\/\/wp2.iesagora.es:60011\/abravop08\/"},{"@type":"ListItem","position":2,"name":"Nosotros"}]},{"@type":"WebSite","@id":"http:\/\/wp2.iesagora.es:60011\/abravop08\/#website","url":"http:\/\/wp2.iesagora.es:60011\/abravop08\/","name":"Autechs Solutions","description":"","publisher":{"@id":"http:\/\/wp2.iesagora.es:60011\/abravop08\/#organization"},"potentialAction":[{"@type":"SearchAction","target":{"@type":"EntryPoint","urlTemplate":"http:\/\/wp2.iesagora.es:60011\/abravop08\/?s={search_term_string}"},"query-input":{"@type":"PropertyValueSpecification","valueRequired":true,"valueName":"search_term_string"}}],"inLanguage":"es"},{"@type":"Organization","@id":"http:\/\/wp2.iesagora.es:60011\/abravop08\/#organization","name":"Autechs Solutions","url":"http:\/\/wp2.iesagora.es:60011\/abravop08\/","logo":{"@type":"ImageObject","inLanguage":"es","@id":"http:\/\/wp2.iesagora.es:60011\/abravop08\/#\/schema\/logo\/image\/","url":"http:\/\/wp2.iesagora.es:60011\/abravop08\/wp-content\/uploads\/sites\/115\/2025\/01\/Icono_de_perfil__512_x_512_px___1_-removebg-preview-BLANCO.png","contentUrl":"http:\/\/wp2.iesagora.es:60011\/abravop08\/wp-content\/uploads\/sites\/115\/2025\/01\/Icono_de_perfil__512_x_512_px___1_-removebg-preview-BLANCO.png","width":500,"height":500,"caption":"Autechs Solutions"},"image":{"@id":"http:\/\/wp2.iesagora.es:60011\/abravop08\/#\/schema\/logo\/image\/"}}]}},"_links":{"self":[{"href":"http:\/\/wp2.iesagora.es:60011\/abravop08\/wp-json\/wp\/v2\/pages\/187","targetHints":{"allow":["GET"]}}],"collection":[{"href":"http:\/\/wp2.iesagora.es:60011\/abravop08\/wp-json\/wp\/v2\/pages"}],"about":[{"href":"http:\/\/wp2.iesagora.es:60011\/abravop08\/wp-json\/wp\/v2\/types\/page"}],"author":[{"embeddable":true,"href":"http:\/\/wp2.iesagora.es:60011\/abravop08\/wp-json\/wp\/v2\/users\/46"}],"replies":[{"embeddable":true,"href":"http:\/\/wp2.iesagora.es:60011\/abravop08\/wp-json\/wp\/v2\/comments?post=187"}],"version-history":[{"count":7,"href":"http:\/\/wp2.iesagora.es:60011\/abravop08\/wp-json\/wp\/v2\/pages\/187\/revisions"}],"predecessor-version":[{"id":1089,"href":"http:\/\/wp2.iesagora.es:60011\/abravop08\/wp-json\/wp\/v2\/pages\/187\/revisions\/1089"}],"wp:attachment":[{"href":"http:\/\/wp2.iesagora.es:60011\/abravop08\/wp-json\/wp\/v2\/media?parent=187"}],"curies":[{"name":"wp","href":"https:\/\/api.w.org\/{rel}","templated":true}]}}