{"id":163,"date":"2025-01-29T19:50:31","date_gmt":"2025-01-29T18:50:31","guid":{"rendered":"http:\/\/wp2.iesagora.es:60011\/abravop08\/?page_id=163"},"modified":"2025-02-28T18:13:21","modified_gmt":"2025-02-28T17:13:21","slug":"cookie","status":"publish","type":"page","link":"http:\/\/wp2.iesagora.es:60011\/abravop08\/cookie\/","title":{"rendered":"Cookie"},"content":{"rendered":"\t\t<div data-elementor-type=\"wp-page\" data-elementor-id=\"163\" class=\"elementor elementor-163\" data-elementor-post-type=\"page\">\n\t\t\t\t<div class=\"elementor-element elementor-element-2f1bea9 e-flex e-con-boxed e-con e-parent\" data-id=\"2f1bea9\" data-element_type=\"container\">\n\t\t\t\t\t<div class=\"e-con-inner\">\n\t\t\t\t<div class=\"elementor-element elementor-element-01c68b9 elementor-widget elementor-widget-heading\" data-id=\"01c68b9\" data-element_type=\"widget\" data-widget_type=\"heading.default\">\n\t\t\t\t<div class=\"elementor-widget-container\">\n\t\t\t\t\t<h2 class=\"elementor-heading-title elementor-size-default\">Pol\u00edtica de Cookies de Autech Solutions<\/h2>\t\t\t\t<\/div>\n\t\t\t\t<\/div>\n\t\t\t\t\t<\/div>\n\t\t\t\t<\/div>\n\t\t<div class=\"elementor-element elementor-element-2f928e0 e-flex e-con-boxed e-con e-parent\" data-id=\"2f928e0\" data-element_type=\"container\">\n\t\t\t\t\t<div class=\"e-con-inner\">\n\t\t\t\t<div class=\"elementor-element elementor-element-dd89e98 elementor-widget elementor-widget-text-editor\" data-id=\"dd89e98\" data-element_type=\"widget\" data-widget_type=\"text-editor.default\">\n\t\t\t\t<div class=\"elementor-widget-container\">\n\t\t\t\t\t\t\t\t\t<p data-pm-slice=\"1 1 []\"><strong>\u00a71. Introducci\u00f3n<\/strong><\/p><p>En Autech Solutions, utilizamos cookies y tecnolog\u00edas similares para mejorar la experiencia del usuario en nuestro sitio web. Esta Pol\u00edtica de Cookies explica qu\u00e9 son las cookies, c\u00f3mo las utilizamos y c\u00f3mo puede gestionarlas.<\/p><p><strong>\u00a72. \u00bfQu\u00e9 son las cookies?<\/strong><\/p><p>Las cookies son peque\u00f1os archivos de texto que los sitios web colocan en su dispositivo cuando los visita. Estas cookies pueden ser propias (establecidas por nuestro sitio web) o de terceros (establecidas por servicios externos).<\/p><p><strong>\u00a73. Tipos de cookies que utilizamos<\/strong><\/p><ul data-spread=\"false\"><li><p><strong>Cookies esenciales:<\/strong> Necesarias para el funcionamiento del sitio web y no pueden ser desactivadas.<\/p><\/li><li><p><strong>Cookies de an\u00e1lisis:<\/strong> Nos ayudan a comprender c\u00f3mo los usuarios interact\u00faan con nuestro sitio web.<\/p><\/li><li><p><strong>Cookies de funcionalidad:<\/strong> Permiten recordar sus preferencias y mejorar su experiencia.<\/p><\/li><li><p><strong>Cookies de publicidad:<\/strong> Utilizadas para mostrar anuncios relevantes.<\/p><\/li><\/ul><p><strong>\u00a74. Gesti\u00f3n de cookies<\/strong><\/p><p>Puede configurar su navegador para bloquear o eliminar las cookies. Sin embargo, esto puede afectar la funcionalidad del sitio web.<\/p><p><strong>\u00a75. Cambios en la pol\u00edtica de cookies<\/strong><\/p><p>Nos reservamos el derecho de modificar esta pol\u00edtica en cualquier momento. Se recomienda revisar esta p\u00e1gina peri\u00f3dicamente.<\/p><p><strong>\u00a76. Contacto<\/strong><\/p><p>Si tiene preguntas sobre nuestra Pol\u00edtica de Cookies, puede contactarnos a trav\u00e9s de nuestro sitio web <a href=\"http:\/\/wp2.iesagora.es:60011\/abravop08\/\">Autech Solutions<\/a>.<\/p>\t\t\t\t\t\t\t\t<\/div>\n\t\t\t\t<\/div>\n\t\t\t\t\t<\/div>\n\t\t\t\t<\/div>\n\t\t\t\t<\/div>\n\t\t","protected":false},"excerpt":{"rendered":"<p>Pol\u00edtica de Cookies de Autech Solutions \u00a71. Introducci\u00f3n En Autech Solutions, utilizamos cookies y tecnolog\u00edas similares para mejorar la experiencia [&hellip;]<\/p>\n","protected":false},"author":46,"featured_media":0,"parent":0,"menu_order":0,"comment_status":"closed","ping_status":"closed","template":"","meta":{"site-sidebar-layout":"no-sidebar","site-content-layout":"","ast-site-content-layout":"full-width-container","site-content-style":"default","site-sidebar-style":"default","ast-global-header-display":"","ast-banner-title-visibility":"","ast-main-header-display":"","ast-hfb-above-header-display":"","ast-hfb-below-header-display":"","ast-hfb-mobile-header-display":"","site-post-title":"disabled","ast-breadcrumbs-content":"","ast-featured-img":"disabled","footer-sml-layout":"","theme-transparent-header-meta":"","adv-header-id-meta":"","stick-header-meta":"","header-above-stick-meta":"","header-main-stick-meta":"","header-below-stick-meta":"","astra-migrate-meta-layouts":"default","ast-page-background-enabled":"default","ast-page-background-meta":{"desktop":{"background-color":"var(--ast-global-color-5)","background-image":"","background-repeat":"repeat","background-position":"center center","background-size":"auto","background-attachment":"scroll","background-type":"","background-media":"","overlay-type":"","overlay-color":"","overlay-opacity":"","overlay-gradient":""},"tablet":{"background-color":"","background-image":"","background-repeat":"repeat","background-position":"center center","background-size":"auto","background-attachment":"scroll","background-type":"","background-media":"","overlay-type":"","overlay-color":"","overlay-opacity":"","overlay-gradient":""},"mobile":{"background-color":"","background-image":"","background-repeat":"repeat","background-position":"center center","background-size":"auto","background-attachment":"scroll","background-type":"","background-media":"","overlay-type":"","overlay-color":"","overlay-opacity":"","overlay-gradient":""}},"ast-content-background-meta":{"desktop":{"background-color":"var(--ast-global-color-4)","background-image":"","background-repeat":"repeat","background-position":"center center","background-size":"auto","background-attachment":"scroll","background-type":"","background-media":"","overlay-type":"","overlay-color":"","overlay-opacity":"","overlay-gradient":""},"tablet":{"background-color":"var(--ast-global-color-4)","background-image":"","background-repeat":"repeat","background-position":"center center","background-size":"auto","background-attachment":"scroll","background-type":"","background-media":"","overlay-type":"","overlay-color":"","overlay-opacity":"","overlay-gradient":""},"mobile":{"background-color":"var(--ast-global-color-4)","background-image":"","background-repeat":"repeat","background-position":"center center","background-size":"auto","background-attachment":"scroll","background-type":"","background-media":"","overlay-type":"","overlay-color":"","overlay-opacity":"","overlay-gradient":""}},"footnotes":""},"class_list":["post-163","page","type-page","status-publish","hentry"],"yoast_head":"<!-- This site is optimized with the Yoast SEO plugin v26.8 - https:\/\/yoast.com\/product\/yoast-seo-wordpress\/ -->\n<title>Cookie -<\/title>\n<meta name=\"robots\" content=\"index, follow, max-snippet:-1, max-image-preview:large, max-video-preview:-1\" \/>\n<link rel=\"canonical\" href=\"http:\/\/wp2.iesagora.es:60011\/abravop08\/cookie\/\" \/>\n<meta property=\"og:locale\" content=\"es_ES\" \/>\n<meta property=\"og:type\" content=\"article\" \/>\n<meta property=\"og:title\" content=\"Cookie -\" \/>\n<meta property=\"og:description\" content=\"Pol\u00edtica de Cookies de Autech Solutions \u00a71. Introducci\u00f3n En Autech Solutions, utilizamos cookies y tecnolog\u00edas similares para mejorar la experiencia [&hellip;]\" \/>\n<meta property=\"og:url\" content=\"http:\/\/wp2.iesagora.es:60011\/abravop08\/cookie\/\" \/>\n<meta property=\"article:modified_time\" content=\"2025-02-28T17:13:21+00:00\" \/>\n<meta name=\"twitter:card\" content=\"summary_large_image\" \/>\n<meta name=\"twitter:label1\" content=\"Tiempo de lectura\" \/>\n\t<meta name=\"twitter:data1\" content=\"1 minuto\" \/>\n<script type=\"application\/ld+json\" class=\"yoast-schema-graph\">{\"@context\":\"https:\/\/schema.org\",\"@graph\":[{\"@type\":\"WebPage\",\"@id\":\"http:\/\/wp2.iesagora.es:60011\/abravop08\/cookie\/\",\"url\":\"http:\/\/wp2.iesagora.es:60011\/abravop08\/cookie\/\",\"name\":\"Cookie -\",\"isPartOf\":{\"@id\":\"http:\/\/wp2.iesagora.es:60011\/abravop08\/#website\"},\"datePublished\":\"2025-01-29T18:50:31+00:00\",\"dateModified\":\"2025-02-28T17:13:21+00:00\",\"breadcrumb\":{\"@id\":\"http:\/\/wp2.iesagora.es:60011\/abravop08\/cookie\/#breadcrumb\"},\"inLanguage\":\"es\",\"potentialAction\":[{\"@type\":\"ReadAction\",\"target\":[\"http:\/\/wp2.iesagora.es:60011\/abravop08\/cookie\/\"]}]},{\"@type\":\"BreadcrumbList\",\"@id\":\"http:\/\/wp2.iesagora.es:60011\/abravop08\/cookie\/#breadcrumb\",\"itemListElement\":[{\"@type\":\"ListItem\",\"position\":1,\"name\":\"Portada\",\"item\":\"http:\/\/wp2.iesagora.es:60011\/abravop08\/\"},{\"@type\":\"ListItem\",\"position\":2,\"name\":\"Cookie\"}]},{\"@type\":\"WebSite\",\"@id\":\"http:\/\/wp2.iesagora.es:60011\/abravop08\/#website\",\"url\":\"http:\/\/wp2.iesagora.es:60011\/abravop08\/\",\"name\":\"Autechs Solutions\",\"description\":\"\",\"publisher\":{\"@id\":\"http:\/\/wp2.iesagora.es:60011\/abravop08\/#organization\"},\"potentialAction\":[{\"@type\":\"SearchAction\",\"target\":{\"@type\":\"EntryPoint\",\"urlTemplate\":\"http:\/\/wp2.iesagora.es:60011\/abravop08\/?s={search_term_string}\"},\"query-input\":{\"@type\":\"PropertyValueSpecification\",\"valueRequired\":true,\"valueName\":\"search_term_string\"}}],\"inLanguage\":\"es\"},{\"@type\":\"Organization\",\"@id\":\"http:\/\/wp2.iesagora.es:60011\/abravop08\/#organization\",\"name\":\"Autechs Solutions\",\"url\":\"http:\/\/wp2.iesagora.es:60011\/abravop08\/\",\"logo\":{\"@type\":\"ImageObject\",\"inLanguage\":\"es\",\"@id\":\"http:\/\/wp2.iesagora.es:60011\/abravop08\/#\/schema\/logo\/image\/\",\"url\":\"http:\/\/wp2.iesagora.es:60011\/abravop08\/wp-content\/uploads\/sites\/115\/2025\/01\/Icono_de_perfil__512_x_512_px___1_-removebg-preview-BLANCO.png\",\"contentUrl\":\"http:\/\/wp2.iesagora.es:60011\/abravop08\/wp-content\/uploads\/sites\/115\/2025\/01\/Icono_de_perfil__512_x_512_px___1_-removebg-preview-BLANCO.png\",\"width\":500,\"height\":500,\"caption\":\"Autechs Solutions\"},\"image\":{\"@id\":\"http:\/\/wp2.iesagora.es:60011\/abravop08\/#\/schema\/logo\/image\/\"}}]}<\/script>\n<!-- \/ Yoast SEO plugin. -->","yoast_head_json":{"title":"Cookie -","robots":{"index":"index","follow":"follow","max-snippet":"max-snippet:-1","max-image-preview":"max-image-preview:large","max-video-preview":"max-video-preview:-1"},"canonical":"http:\/\/wp2.iesagora.es:60011\/abravop08\/cookie\/","og_locale":"es_ES","og_type":"article","og_title":"Cookie -","og_description":"Pol\u00edtica de Cookies de Autech Solutions \u00a71. Introducci\u00f3n En Autech Solutions, utilizamos cookies y tecnolog\u00edas similares para mejorar la experiencia [&hellip;]","og_url":"http:\/\/wp2.iesagora.es:60011\/abravop08\/cookie\/","article_modified_time":"2025-02-28T17:13:21+00:00","twitter_card":"summary_large_image","twitter_misc":{"Tiempo de lectura":"1 minuto"},"schema":{"@context":"https:\/\/schema.org","@graph":[{"@type":"WebPage","@id":"http:\/\/wp2.iesagora.es:60011\/abravop08\/cookie\/","url":"http:\/\/wp2.iesagora.es:60011\/abravop08\/cookie\/","name":"Cookie -","isPartOf":{"@id":"http:\/\/wp2.iesagora.es:60011\/abravop08\/#website"},"datePublished":"2025-01-29T18:50:31+00:00","dateModified":"2025-02-28T17:13:21+00:00","breadcrumb":{"@id":"http:\/\/wp2.iesagora.es:60011\/abravop08\/cookie\/#breadcrumb"},"inLanguage":"es","potentialAction":[{"@type":"ReadAction","target":["http:\/\/wp2.iesagora.es:60011\/abravop08\/cookie\/"]}]},{"@type":"BreadcrumbList","@id":"http:\/\/wp2.iesagora.es:60011\/abravop08\/cookie\/#breadcrumb","itemListElement":[{"@type":"ListItem","position":1,"name":"Portada","item":"http:\/\/wp2.iesagora.es:60011\/abravop08\/"},{"@type":"ListItem","position":2,"name":"Cookie"}]},{"@type":"WebSite","@id":"http:\/\/wp2.iesagora.es:60011\/abravop08\/#website","url":"http:\/\/wp2.iesagora.es:60011\/abravop08\/","name":"Autechs Solutions","description":"","publisher":{"@id":"http:\/\/wp2.iesagora.es:60011\/abravop08\/#organization"},"potentialAction":[{"@type":"SearchAction","target":{"@type":"EntryPoint","urlTemplate":"http:\/\/wp2.iesagora.es:60011\/abravop08\/?s={search_term_string}"},"query-input":{"@type":"PropertyValueSpecification","valueRequired":true,"valueName":"search_term_string"}}],"inLanguage":"es"},{"@type":"Organization","@id":"http:\/\/wp2.iesagora.es:60011\/abravop08\/#organization","name":"Autechs Solutions","url":"http:\/\/wp2.iesagora.es:60011\/abravop08\/","logo":{"@type":"ImageObject","inLanguage":"es","@id":"http:\/\/wp2.iesagora.es:60011\/abravop08\/#\/schema\/logo\/image\/","url":"http:\/\/wp2.iesagora.es:60011\/abravop08\/wp-content\/uploads\/sites\/115\/2025\/01\/Icono_de_perfil__512_x_512_px___1_-removebg-preview-BLANCO.png","contentUrl":"http:\/\/wp2.iesagora.es:60011\/abravop08\/wp-content\/uploads\/sites\/115\/2025\/01\/Icono_de_perfil__512_x_512_px___1_-removebg-preview-BLANCO.png","width":500,"height":500,"caption":"Autechs Solutions"},"image":{"@id":"http:\/\/wp2.iesagora.es:60011\/abravop08\/#\/schema\/logo\/image\/"}}]}},"_links":{"self":[{"href":"http:\/\/wp2.iesagora.es:60011\/abravop08\/wp-json\/wp\/v2\/pages\/163","targetHints":{"allow":["GET"]}}],"collection":[{"href":"http:\/\/wp2.iesagora.es:60011\/abravop08\/wp-json\/wp\/v2\/pages"}],"about":[{"href":"http:\/\/wp2.iesagora.es:60011\/abravop08\/wp-json\/wp\/v2\/types\/page"}],"author":[{"embeddable":true,"href":"http:\/\/wp2.iesagora.es:60011\/abravop08\/wp-json\/wp\/v2\/users\/46"}],"replies":[{"embeddable":true,"href":"http:\/\/wp2.iesagora.es:60011\/abravop08\/wp-json\/wp\/v2\/comments?post=163"}],"version-history":[{"count":4,"href":"http:\/\/wp2.iesagora.es:60011\/abravop08\/wp-json\/wp\/v2\/pages\/163\/revisions"}],"predecessor-version":[{"id":753,"href":"http:\/\/wp2.iesagora.es:60011\/abravop08\/wp-json\/wp\/v2\/pages\/163\/revisions\/753"}],"wp:attachment":[{"href":"http:\/\/wp2.iesagora.es:60011\/abravop08\/wp-json\/wp\/v2\/media?parent=163"}],"curies":[{"name":"wp","href":"https:\/\/api.w.org\/{rel}","templated":true}]}}